{"id":9651,"date":"2025-05-13T15:13:09","date_gmt":"2025-05-13T08:13:09","guid":{"rendered":"https:\/\/vuletech.com\/product\/mx-100\/"},"modified":"2025-05-13T15:13:31","modified_gmt":"2025-05-13T08:13:31","slug":"mx-100","status":"publish","type":"product","link":"https:\/\/vuletech.com\/en\/product\/mx-100\/","title":{"rendered":"MX- 100"},"content":{"rendered":"<div class=\"wpb-content-wrapper\"><p>[vc_row][vc_column width=&#8221;1\/2&#8243;][vc_custom_heading text=&#8221;T\u00ednh n\u0103ng c\u1ee7a MX-100&#8243; use_theme_fonts=&#8221;yes&#8221;][vc_column_text]<\/p>\n<p style=\"background: white;\"><span style=\"color: black;\">C\u00e1c doanh nghi\u1ec7p \u0111ang t\u00ecm ra c\u00e1c c\u00e1ch \u0111\u1ec3 c\u1ea3i thi\u1ec7n quy tr\u00ecnh x\u1eed l\u00fd c\u00f4ng vi\u1ec7c v\u1edbi c\u00e1c \u1ee9ng d\u1ee5ng \u0111i\u1ec7n tho\u1ea1i th\u00f4ng minh h\u1ed7 tr\u1ee3 \u0111\u1ecdc m\u00e3 v\u1ea1ch. Tuy nhi\u00ean, m\u1ed9t m\u00ecnh c\u00e1c \u1ee9ng d\u1ee5ng \u0111i\u1ec7n tho\u1ea1i th\u00f4ng minh kh\u00f4ng th\u1ec3 cung c\u1ea5p m\u1ee5c ti\u00eau, \u00e1nh s\u00e1ng v\u00e0 d\u1ec5 s\u1eed d\u1ee5ng c\u1ea7n thi\u1ebft \u0111\u1ec3 gi\u1ea3i m\u00e3 m\u00e3 v\u1ea1ch nhanh v\u00e0 ch\u00ednh x\u00e1c. V\u1edbi m\u1ee5c ti\u00eau s\u00e1ng t\u1ea1o bao g\u1ed3m \u00e1nh s\u00e1ng v\u00e0 quang h\u1ecdc , \u0111\u1ea7u \u0111\u1ecdc m\u00e3 v\u1ea1ch di \u0111\u1ed9ng MX-100 Series l\u00e0 ph\u1ee5 ki\u1ec7n thi\u1ebft b\u1ecb di \u0111\u1ed9ng g\u1eafn v\u1edbi <\/span><a href=\"https:\/\/www.otterbox.com\/en-us\/universe-case-system\" target=\"_blank\" rel=\"noopener noreferrer\"><span style=\"color: #337ab7;\">Otterbox\u00ae uniVERSE Case System\u00ae<\/span><\/a><span style=\"color: black;\">\u00a0v\u00e0 bi\u1ebfn \u0111i\u1ec7n tho\u1ea1i th\u00f4ng minh th\u00e0nh \u0111\u1ea7u \u0111\u1ecdc m\u00e3 v\u1ea1ch t\u1ed1t h\u01a1n.<\/span><\/p>\n<p>[\/vc_column_text][\/vc_column][vc_column width=&#8221;1\/2&#8243;][vc_single_image image=&#8221;1129&#8243; img_size=&#8221;full&#8221; alignment=&#8221;center&#8221;][\/vc_column][\/vc_row][vc_row][vc_column width=&#8221;1\/2&#8243;][vc_single_image image=&#8221;1126&#8243; img_size=&#8221;full&#8221; alignment=&#8221;center&#8221;][\/vc_column][vc_column width=&#8221;1\/2&#8243;][vc_custom_heading text=&#8221;X\u00e1c \u0111\u1ecbnh l\u1ea1i hi\u1ec7u su\u1ea5t qu\u00e9t \u0111i\u1ec7n tho\u1ea1i th\u00f4ng minh&#8221; use_theme_fonts=&#8221;yes&#8221;][vc_column_text]<\/p>\n<p style=\"background: white;\"><span style=\"color: black;\">MX-100 c\u00f3 b\u1ed9 ng\u1eafm LED s\u00e1ng v\u00e0 \u00e1nh s\u00e1ng khu\u1ebfch t\u00e1n \u0111\u1ec3 qu\u00e9t m\u00e3 v\u1ea1ch di \u0111\u1ed9ng nhanh h\u01a1n, hi\u1ec7u qu\u1ea3 h\u01a1n. B\u1eb1ng c\u00e1ch s\u1eed d\u1ee5ng b\u1ed9 c\u00f4ng c\u1ee5 ph\u00e1t tri\u1ec3n ph\u1ea7n m\u1ec1m m\u00e3m v\u1ea1ch di \u0111\u1ed9ng, Mx-100 cung c\u1ea5p kh\u1ea3 n\u0103ng \u0111\u1ecdc m\u00e3 v\u1ea1ch nhanh v\u00e0 c\u00f3 \u0111\u1ed9 ch\u00ednh xsc cao h\u01a1n c\u1ee7a h\u01a1n 20 k\u00fd hi\u1ec7u m\u00e3 v\u1ea1ch 1D v\u00e0 2D kh\u00e1c nhau, th\u00edch h\u1ee3p cho c\u00e1c \u1ee9ng d\u1ee5ng b\u00e1n l\u1ebb.\u00a0<\/span><\/p>\n<p>[\/vc_column_text][\/vc_column][\/vc_row][vc_row][vc_column width=&#8221;1\/2&#8243;][vc_custom_heading text=&#8221;D\u1ec5 d\u00e0ng ki\u1ec3m so\u00e1t m\u1ee5c ti\u00eau v\u00e0 \u00e1nh s\u00e1ng&#8221; use_theme_fonts=&#8221;yes&#8221;][vc_column_text]C\u00e1c \u1ee9ng d\u1ee5ng qu\u00e9t m\u00e3 v\u1ea1ch \u0111i\u1ec7n tho\u1ea1i th\u00f4ng minh th\u00f4ng th\u01b0\u1eddng y\u00eau c\u1ea7u ng\u01b0\u1eddi d\u00f9ng x\u00e1c \u0111\u1ecbnh v\u1ecb tr\u00ed m\u00e3 v\u1ea1ch b\u1eb1ng c\u00e1ch xem h\u00ecnh \u1ea3nh tr\u1ef1c ti\u1ebfp tr\u00ean m\u00e0n h\u00ecnh thi\u1ebft b\u1ecb v\u00e0 gi\u1eef \u1ed5n \u0111\u1ecbnh \u0111\u1ee7 l\u00e2u \u0111\u1ec3 thi\u1ebft b\u1ecb c\u00f3 th\u1ec3 ch\u1ee5p v\u00e0 gi\u1ea3i m\u00e3 m\u00e3 v\u1ea1ch.\u00a0H\u01a1n n\u1eefa, \u0111i\u1ec7n tho\u1ea1i th\u00f4ng minh c\u00f3 kh\u1ea3 n\u0103ng chi\u1ebfu s\u00e1ng h\u1ea1n ch\u1ebf, g\u00e2y kh\u00f3 kh\u0103n cho vi\u1ec7c \u0111\u1ecdc m\u00e3 v\u1ea1ch trong m\u00f4i tr\u01b0\u1eddng thi\u1ebfu s\u00e1ng v\u00e0 \u00e1nh s\u00e1ng c\u1ee7a n\u00f3 th\u01b0\u1eddng l\u00e0 hai \u0111i\u1ec1u ki\u1ec7n kh\u1eafc nghi\u1ec7t \u0111\u1ed1i v\u1edbi b\u1ec1 m\u1eb7t ph\u1ea3n chi\u1ebfu.<\/p>\n<ul>\n<li><strong>M\u1eabu nh\u1eafm m\u1ee5c ti\u00eau LED s\u00e1ng<\/strong>\u00a0, \u0111\u1ed3ng tr\u1ee5c v\u1edbi tr\u01b0\u1eddng nh\u00ecn c\u1ee7a m\u00e1y \u1ea3nh, cung c\u1ea5p nh\u1eafm m\u1ee5c ti\u00eau m\u00e3 v\u1ea1ch ch\u00ednh x\u00e1c, t\u1eadp trung.<\/li>\n<li><strong>\u00c1nh s\u00e1ng khu\u1ebfch t\u00e1n, c\u01b0\u1eddng \u0111\u1ed9 thay \u0111\u1ed5i<\/strong>\u00a0c\u00f3 hi\u1ec7u qu\u1ea3 chi\u1ebfu s\u00e1ng m\u00e3 v\u1ea1ch tr\u00ean c\u00e1c b\u1ec1 m\u1eb7t k\u00e9m s\u00e1ng, \u0111\u1ed9 t\u01b0\u01a1ng ph\u1ea3n th\u1ea5p ho\u1eb7c ph\u1ea3n chi\u1ebfu.<\/li>\n<li><strong>Giao ti\u1ebfp quang \u0111ang ch\u1edd c\u1ea5p b\u1eb1ng s\u00e1ng ch\u1ebf<\/strong>\u00a0gi\u00fap lo\u1ea1i b\u1ecf nhu c\u1ea7u v\u1ec1 c\u1ea5u h\u00ecnh ho\u1eb7c giao ti\u1ebfp c\u1ed5ng Wi-Fi, Bluetooth ho\u1eb7c Lightning.<\/li>\n<\/ul>\n<p>[\/vc_column_text][\/vc_column][vc_column width=&#8221;1\/2&#8243;][vc_single_image image=&#8221;1127&#8243; img_size=&#8221;full&#8221; alignment=&#8221;center&#8221;][\/vc_column][\/vc_row][vc_row][vc_column][vc_custom_heading text=&#8221;D\u1ec5 d\u00e0ng m\u1edf r\u1ed9ng&#8221; use_theme_fonts=&#8221;yes&#8221;][vc_column_text]<\/p>\n<p style=\"background: white;\"><span style=\"color: black;\">MX-100 l\u00e0 m\u1ed9t ph\u1ee5 ki\u1ec7n thi\u1ebft b\u1ecb di \u0111\u1ed9ng g\u1eafn v\u00e0o \u0111i\u1ec7n tho\u1ea1i th\u00f4ng minh v\u1edbi v\u1ecf universe OtterBox (m\u1ed7i chi\u1ebfc \u0111\u01b0\u1ee3c b\u00e1n ri\u00eang). MX-100 cung c\u1ea5p m\u00f4-\u0111un v\u00e0 kh\u1ea3 n\u0103ng m\u1edf r\u1ed9ng b\u1eb1ng c\u00e1ch bao g\u1ed3m m\u1ed9t khe OtterBox \u0111\u1ec3 ch\u1ee9a c\u00e1c m\u00f4-\u0111un ph\u1ee5 ki\u1ec7n kh\u00e1c nh\u01b0 gi\u00e1 \u0111\u1ee1 thi\u1ebft b\u1ecb ho\u1eb7c \u0111\u1ea7u \u0111\u1ecdc th\u1ebb t\u00edn d\u1ee5ng.<\/span><\/p>\n<p>[\/vc_column_text][\/vc_column][\/vc_row]<\/p>\n<\/div>","protected":false},"excerpt":{"rendered":"<p>[vc_row][vc_column width=&#8221;1\/2&#8243;][vc_custom_heading text=&#8221;T\u00ednh n\u0103ng c\u1ee7a MX-100&#8243; use_theme_fonts=&#8221;yes&#8221;][vc_column_text] C\u00e1c doanh nghi\u1ec7p \u0111ang t\u00ecm ra c\u00e1c c\u00e1ch \u0111\u1ec3 c\u1ea3i thi\u1ec7n quy tr\u00ecnh x\u1eed l\u00fd c\u00f4ng vi\u1ec7c v\u1edbi c\u00e1c \u1ee9ng d\u1ee5ng \u0111i\u1ec7n tho\u1ea1i th\u00f4ng minh h\u1ed7 tr\u1ee3 \u0111\u1ecdc m\u00e3 v\u1ea1ch. Tuy nhi\u00ean, m\u1ed9t m\u00ecnh c\u00e1c \u1ee9ng d\u1ee5ng \u0111i\u1ec7n tho\u1ea1i th\u00f4ng minh kh\u00f4ng th\u1ec3 cung c\u1ea5p m\u1ee5c ti\u00eau, \u00e1nh<\/p>\n","protected":false},"featured_media":1129,"comment_status":"closed","ping_status":"closed","template":"","meta":[],"product_brand":[],"product_cat":[791,723],"product_tag":[],"class_list":{"0":"post-9651","1":"product","2":"type-product","3":"status-publish","4":"has-post-thumbnail","6":"product_cat-giai-phap-doc-ma-vach-di-dong","7":"product_cat-vision-sensor","9":"first","10":"instock","11":"product-type-simple"},"acf":[],"yoast_head":"<!-- This site is optimized with the Yoast SEO plugin v25.1 - https:\/\/yoast.com\/wordpress\/plugins\/seo\/ -->\n<title>MX- 100 - V\u0169 L\u00ea Tech<\/title>\n<meta name=\"robots\" content=\"index, follow, max-snippet:-1, max-image-preview:large, max-video-preview:-1\" \/>\n<link rel=\"canonical\" href=\"https:\/\/vuletech.com\/product\/mx-100\/\" \/>\n<meta property=\"og:locale\" content=\"en_US\" \/>\n<meta property=\"og:type\" content=\"article\" \/>\n<meta property=\"og:title\" content=\"MX- 100 - V\u0169 L\u00ea Tech\" \/>\n<meta property=\"og:description\" content=\"[vc_row][vc_column width=&#8221;1\/2&#8243;][vc_custom_heading text=&#8221;T\u00ednh n\u0103ng c\u1ee7a MX-100&#8243; use_theme_fonts=&#8221;yes&#8221;][vc_column_text] C\u00e1c doanh nghi\u1ec7p \u0111ang t\u00ecm ra c\u00e1c c\u00e1ch \u0111\u1ec3 c\u1ea3i thi\u1ec7n quy tr\u00ecnh x\u1eed l\u00fd c\u00f4ng vi\u1ec7c v\u1edbi c\u00e1c \u1ee9ng d\u1ee5ng \u0111i\u1ec7n tho\u1ea1i th\u00f4ng minh h\u1ed7 tr\u1ee3 \u0111\u1ecdc m\u00e3 v\u1ea1ch. Tuy nhi\u00ean, m\u1ed9t m\u00ecnh c\u00e1c \u1ee9ng d\u1ee5ng \u0111i\u1ec7n tho\u1ea1i th\u00f4ng minh kh\u00f4ng th\u1ec3 cung c\u1ea5p m\u1ee5c ti\u00eau, \u00e1nh\" \/>\n<meta property=\"og:url\" content=\"https:\/\/vuletech.com\/product\/mx-100\/\" \/>\n<meta property=\"og:site_name\" content=\"V\u0169 L\u00ea Tech\" \/>\n<meta property=\"article:modified_time\" content=\"2025-05-13T08:13:31+00:00\" \/>\n<meta property=\"og:image\" content=\"https:\/\/vuletech.com\/wp-content\/uploads\/2020\/09\/mx-100-front.jpg\" \/>\n\t<meta property=\"og:image:width\" content=\"500\" \/>\n\t<meta property=\"og:image:height\" content=\"317\" \/>\n\t<meta property=\"og:image:type\" content=\"image\/jpeg\" \/>\n<meta name=\"twitter:card\" content=\"summary_large_image\" \/>\n<meta name=\"twitter:label1\" content=\"Est. reading time\" \/>\n\t<meta name=\"twitter:data1\" content=\"4 minutes\" \/>\n<script type=\"application\/ld+json\" class=\"yoast-schema-graph\">{\"@context\":\"https:\/\/schema.org\",\"@graph\":[{\"@type\":\"WebPage\",\"@id\":\"https:\/\/vuletech.com\/product\/mx-100\/\",\"url\":\"https:\/\/vuletech.com\/product\/mx-100\/\",\"name\":\"MX- 100 - V\u0169 L\u00ea Tech\",\"isPartOf\":{\"@id\":\"http:\/\/vuletech.com\/#website\"},\"primaryImageOfPage\":{\"@id\":\"https:\/\/vuletech.com\/product\/mx-100\/#primaryimage\"},\"image\":{\"@id\":\"https:\/\/vuletech.com\/product\/mx-100\/#primaryimage\"},\"thumbnailUrl\":\"https:\/\/vuletech.com\/wp-content\/uploads\/2020\/09\/mx-100-front.jpg\",\"datePublished\":\"2025-05-13T08:13:09+00:00\",\"dateModified\":\"2025-05-13T08:13:31+00:00\",\"breadcrumb\":{\"@id\":\"https:\/\/vuletech.com\/product\/mx-100\/#breadcrumb\"},\"inLanguage\":\"en-US\",\"potentialAction\":[{\"@type\":\"ReadAction\",\"target\":[\"https:\/\/vuletech.com\/product\/mx-100\/\"]}]},{\"@type\":\"ImageObject\",\"inLanguage\":\"en-US\",\"@id\":\"https:\/\/vuletech.com\/product\/mx-100\/#primaryimage\",\"url\":\"https:\/\/vuletech.com\/wp-content\/uploads\/2020\/09\/mx-100-front.jpg\",\"contentUrl\":\"https:\/\/vuletech.com\/wp-content\/uploads\/2020\/09\/mx-100-front.jpg\",\"width\":500,\"height\":317,\"caption\":\"MX-100\"},{\"@type\":\"BreadcrumbList\",\"@id\":\"https:\/\/vuletech.com\/product\/mx-100\/#breadcrumb\",\"itemListElement\":[{\"@type\":\"ListItem\",\"position\":1,\"name\":\"Home\",\"item\":\"http:\/\/vuletech.com\/en\/\"},{\"@type\":\"ListItem\",\"position\":2,\"name\":\"Product\",\"item\":\"http:\/\/vuletech.com\/product\/\"},{\"@type\":\"ListItem\",\"position\":3,\"name\":\"MX- 100\"}]},{\"@type\":\"WebSite\",\"@id\":\"http:\/\/vuletech.com\/#website\",\"url\":\"http:\/\/vuletech.com\/\",\"name\":\"V\u0169 L\u00ea Tech\",\"description\":\"Our Solution - Your Value\",\"potentialAction\":[{\"@type\":\"SearchAction\",\"target\":{\"@type\":\"EntryPoint\",\"urlTemplate\":\"http:\/\/vuletech.com\/?s={search_term_string}\"},\"query-input\":{\"@type\":\"PropertyValueSpecification\",\"valueRequired\":true,\"valueName\":\"search_term_string\"}}],\"inLanguage\":\"en-US\"}]}<\/script>\n<!-- \/ Yoast SEO plugin. -->","yoast_head_json":{"title":"MX- 100 - V\u0169 L\u00ea Tech","robots":{"index":"index","follow":"follow","max-snippet":"max-snippet:-1","max-image-preview":"max-image-preview:large","max-video-preview":"max-video-preview:-1"},"canonical":"https:\/\/vuletech.com\/product\/mx-100\/","og_locale":"en_US","og_type":"article","og_title":"MX- 100 - V\u0169 L\u00ea Tech","og_description":"[vc_row][vc_column width=&#8221;1\/2&#8243;][vc_custom_heading text=&#8221;T\u00ednh n\u0103ng c\u1ee7a MX-100&#8243; use_theme_fonts=&#8221;yes&#8221;][vc_column_text] C\u00e1c doanh nghi\u1ec7p \u0111ang t\u00ecm ra c\u00e1c c\u00e1ch \u0111\u1ec3 c\u1ea3i thi\u1ec7n quy tr\u00ecnh x\u1eed l\u00fd c\u00f4ng vi\u1ec7c v\u1edbi c\u00e1c \u1ee9ng d\u1ee5ng \u0111i\u1ec7n tho\u1ea1i th\u00f4ng minh h\u1ed7 tr\u1ee3 \u0111\u1ecdc m\u00e3 v\u1ea1ch. Tuy nhi\u00ean, m\u1ed9t m\u00ecnh c\u00e1c \u1ee9ng d\u1ee5ng \u0111i\u1ec7n tho\u1ea1i th\u00f4ng minh kh\u00f4ng th\u1ec3 cung c\u1ea5p m\u1ee5c ti\u00eau, \u00e1nh","og_url":"https:\/\/vuletech.com\/product\/mx-100\/","og_site_name":"V\u0169 L\u00ea Tech","article_modified_time":"2025-05-13T08:13:31+00:00","og_image":[{"width":500,"height":317,"url":"https:\/\/vuletech.com\/wp-content\/uploads\/2020\/09\/mx-100-front.jpg","type":"image\/jpeg"}],"twitter_card":"summary_large_image","twitter_misc":{"Est. reading time":"4 minutes"},"schema":{"@context":"https:\/\/schema.org","@graph":[{"@type":"WebPage","@id":"https:\/\/vuletech.com\/product\/mx-100\/","url":"https:\/\/vuletech.com\/product\/mx-100\/","name":"MX- 100 - V\u0169 L\u00ea Tech","isPartOf":{"@id":"http:\/\/vuletech.com\/#website"},"primaryImageOfPage":{"@id":"https:\/\/vuletech.com\/product\/mx-100\/#primaryimage"},"image":{"@id":"https:\/\/vuletech.com\/product\/mx-100\/#primaryimage"},"thumbnailUrl":"https:\/\/vuletech.com\/wp-content\/uploads\/2020\/09\/mx-100-front.jpg","datePublished":"2025-05-13T08:13:09+00:00","dateModified":"2025-05-13T08:13:31+00:00","breadcrumb":{"@id":"https:\/\/vuletech.com\/product\/mx-100\/#breadcrumb"},"inLanguage":"en-US","potentialAction":[{"@type":"ReadAction","target":["https:\/\/vuletech.com\/product\/mx-100\/"]}]},{"@type":"ImageObject","inLanguage":"en-US","@id":"https:\/\/vuletech.com\/product\/mx-100\/#primaryimage","url":"https:\/\/vuletech.com\/wp-content\/uploads\/2020\/09\/mx-100-front.jpg","contentUrl":"https:\/\/vuletech.com\/wp-content\/uploads\/2020\/09\/mx-100-front.jpg","width":500,"height":317,"caption":"MX-100"},{"@type":"BreadcrumbList","@id":"https:\/\/vuletech.com\/product\/mx-100\/#breadcrumb","itemListElement":[{"@type":"ListItem","position":1,"name":"Home","item":"http:\/\/vuletech.com\/en\/"},{"@type":"ListItem","position":2,"name":"Product","item":"http:\/\/vuletech.com\/product\/"},{"@type":"ListItem","position":3,"name":"MX- 100"}]},{"@type":"WebSite","@id":"http:\/\/vuletech.com\/#website","url":"http:\/\/vuletech.com\/","name":"V\u0169 L\u00ea Tech","description":"Our Solution - Your Value","potentialAction":[{"@type":"SearchAction","target":{"@type":"EntryPoint","urlTemplate":"http:\/\/vuletech.com\/?s={search_term_string}"},"query-input":{"@type":"PropertyValueSpecification","valueRequired":true,"valueName":"search_term_string"}}],"inLanguage":"en-US"}]}},"_links":{"self":[{"href":"https:\/\/vuletech.com\/en\/wp-json\/wp\/v2\/product\/9651","targetHints":{"allow":["GET"]}}],"collection":[{"href":"https:\/\/vuletech.com\/en\/wp-json\/wp\/v2\/product"}],"about":[{"href":"https:\/\/vuletech.com\/en\/wp-json\/wp\/v2\/types\/product"}],"replies":[{"embeddable":true,"href":"https:\/\/vuletech.com\/en\/wp-json\/wp\/v2\/comments?post=9651"}],"wp:featuredmedia":[{"embeddable":true,"href":"https:\/\/vuletech.com\/en\/wp-json\/wp\/v2\/media\/1129"}],"wp:attachment":[{"href":"https:\/\/vuletech.com\/en\/wp-json\/wp\/v2\/media?parent=9651"}],"wp:term":[{"taxonomy":"product_brand","embeddable":true,"href":"https:\/\/vuletech.com\/en\/wp-json\/wp\/v2\/product_brand?post=9651"},{"taxonomy":"product_cat","embeddable":true,"href":"https:\/\/vuletech.com\/en\/wp-json\/wp\/v2\/product_cat?post=9651"},{"taxonomy":"product_tag","embeddable":true,"href":"https:\/\/vuletech.com\/en\/wp-json\/wp\/v2\/product_tag?post=9651"}],"curies":[{"name":"wp","href":"https:\/\/api.w.org\/{rel}","templated":true}]}}