{"id":9652,"date":"2025-05-13T15:13:09","date_gmt":"2025-05-13T08:13:09","guid":{"rendered":"https:\/\/vuletech.com\/product\/mx-1000\/"},"modified":"2025-05-13T15:13:50","modified_gmt":"2025-05-13T08:13:50","slug":"mx-1000","status":"publish","type":"product","link":"https:\/\/vuletech.com\/en\/product\/mx-1000\/","title":{"rendered":"Mx-1000"},"content":{"rendered":"<div class=\"wpb-content-wrapper\"><p>[vc_row][vc_column width=&#8221;1\/2&#8243;][vc_custom_heading text=&#8221;T\u00ednh n\u0103ng c\u1ee7a MX-1000&#8243; use_theme_fonts=&#8221;yes&#8221;][vc_column_text]<\/p>\n<p style=\"background: white;\"><span style=\"color: black;\">Thi\u1ebft b\u1ecb \u0111\u1ea7u cu\u1ed1i di \u0111\u1ed9ng MX-1000 ho\u1eb7c m\u00e1y t\u00ednh di \u0111\u1ed9ng c\u1ea7m tay cho ph\u00e9p b\u1ea1n t\u1eadn d\u1ee5ng c\u00f4ng ngh\u1ec7 thi\u1ebft b\u1ecb th\u00f4ng minh di \u0111\u1ed9ng m\u1edbi nh\u1ea5t cho c\u00e1c \u1ee9ng d\u1ee5ng \u0111\u1ecdc m\u00e3 v\u1ea1ch c\u00f4ng nghi\u1ec7p. S\u00ea-ri MX-1000 th\u00edch h\u1ee3p \u0111\u1ec3 \u0111\u1ecdc m\u00e3 DPM trong c\u00e1c \u1ee9ng d\u1ee5ng s\u1ea3n xu\u1ea5t v\u00e0 m\u00e3 v\u1ea1ch d\u1ef1a tr\u00ean nh\u00e3n trong c\u00e1c \u1ee9ng d\u1ee5ng h\u1eadu c\u1ea7n. S\u1ea3n ph\u1ea9m \u0111\u01b0\u1ee3c thi\u1ebft k\u1ebf linh ho\u1ea1t \u0111\u1ec3 ph\u00f9 h\u1ee3p v\u1edbi nhi\u1ec1u thi\u1ebft b\u1ecb di \u0111\u1ed9ng hi\u1ec7n nay v\u00e0 c\u1ea3 t\u01b0\u01a1ng lai sau n\u00e0y. Mx.1000 c\u00f3 v\u1ecf b\u1ecdc ch\u1eafc ch\u1eafn, c\u1ee9ng c\u00e1p, th\u00edch h\u1ee3p cho c\u00e1c m\u00f4i tr\u01b0\u1eddng kh\u00f3 kh\u0103n, kh\u1eafc nghi\u1ec7t.<\/span><\/p>\n<p>[\/vc_column_text][\/vc_column][vc_column width=&#8221;1\/2&#8243;][vc_single_image image=&#8221;1133&#8243; img_size=&#8221;full&#8221; alignment=&#8221;center&#8221;][\/vc_column][\/vc_row][vc_row][vc_column width=&#8221;1\/2&#8243;][vc_single_image image=&#8221;1134&#8243; img_size=&#8221;full&#8221; alignment=&#8221;center&#8221;][\/vc_column][vc_column width=&#8221;1\/2&#8243;][vc_custom_heading text=&#8221;Thi\u1ebft k\u1ebf:&#8221; use_theme_fonts=&#8221;yes&#8221;][vc_column_text]Thi\u1ebft k\u1ebf c\u1ee7a d\u00f2ng MX-1000 h\u1ed7 tr\u1ee3 cho b\u1ea5t k\u00ec thi\u1ebft b\u1ecb di \u0111\u1ed9ng n\u00e0o, s\u1eb5n s\u00e0ng \u0111\u00e1p \u1ee9ng nh\u1eefng th\u00e1ch th\u1ee9c c\u1ee7a m\u00f4i tr\u01b0\u1eddng \u0111\u00f2i h\u1ecfi kh\u1eaft khe nh\u1ea5t. S\u1ea3n ph\u1ea9m c\u00f3 ch\u1ec9 s\u1ed1 b\u1ea3o v\u1eb9 IP l\u00e0 IP-65 v\u00e0 s\u1eed d\u1ee5ng s\u1ea1c kh\u00f4ng d\u00e2y c\u1ea3m \u1ee9ng \u0111\u1ec3 kh\u00f4ng c\u00f3 c\u00e1c ti\u1ebfp x\u00fac \u0111i\u1ec7n b\u1ecb l\u1ed9 \u0111\u1ec3 b\u1ecb hao m\u00f2n ho\u1eb7c h\u1ecfng.[\/vc_column_text][\/vc_column][\/vc_row][vc_row][vc_column width=&#8221;1\/2&#8243;][vc_custom_heading text=&#8221;M\u00f4-\u0111un&#8221; use_theme_fonts=&#8221;yes&#8221;][vc_column_text]<\/p>\n<p style=\"background: white;\"><span style=\"color: black;\">N\u1ec1n t\u1ea3ng MX c\u0169ng l\u00e0 m\u00f4-\u0111un\u00a0 trong t\u01b0\u01a1ng lai, ch\u1ea5p nh\u1eadn nhi\u1ec1u lo\u1ea1i \u0111i\u1ec7n tho\u1ea1i th\u00f4ng minh Android v\u00e0 iOS. N\u1ebfu thi\u1ebft b\u1ecb c\u1ee7a b\u1ea1n c\u1ea7n \u0111\u01b0\u1ee3c s\u1eeda ch\u1eefa ho\u1eb7c n\u00e2ng c\u1ea5p, ch\u1ec9 c\u1ea7n trao \u0111\u1ed5i b\u1ed9 n\u1eafp tr\u00ean c\u00f9ng \u0111\u1ec3 \u0111i\u1ec1u ch\u1ec9nh MX-1000 ho\u1eb7c MX-1100 cho b\u1ea5t k\u1ef3 thi\u1ebft b\u1ecb di \u0111\u1ed9ng \u0111\u01b0\u1ee3c h\u1ed7 tr\u1ee3 n\u00e0o. Ph\u1ee5 ki\u1ec7n t\u0103ng g\u1ea5p \u0111\u00f4i dung l\u01b0\u1ee3ng pin cung c\u1ea5p n\u0103ng l\u01b0\u1ee3ng cho c\u1ea3 \u0111\u1ed9ng c\u01a1 qu\u00e9t v\u00e0 thi\u1ebft b\u1ecb di \u0111\u1ed9ng.<\/span><\/p>\n<p>[\/vc_column_text][\/vc_column][vc_column width=&#8221;1\/2&#8243;][vc_single_image image=&#8221;1131&#8243; img_size=&#8221;full&#8221; alignment=&#8221;center&#8221;][\/vc_column][\/vc_row][vc_row][vc_column width=&#8221;1\/2&#8243;][vc_single_image image=&#8221;1135&#8243; img_size=&#8221;full&#8221; alignment=&#8221;center&#8221;][\/vc_column][vc_column width=&#8221;1\/2&#8243;][vc_custom_heading text=&#8221;S\u1ea3n ph\u1ea9m th\u00f4ng minh&#8221; use_theme_fonts=&#8221;yes&#8221;][vc_column_text]<\/p>\n<p style=\"background: white;\"><span style=\"color: black;\">Thi\u1ebft b\u1ecb \u0111\u1ea7u cu\u1ed1i di \u0111\u1ed9ng s\u00ea-ri MX-1000 \u0111\u01b0\u1ee3c trang b\u1ecb thu\u1eadt to\u00e1n m\u00e3 v\u1ea1ch \u0111\u1eb3ng c\u1ea5p th\u1ebf gi\u1edbi v\u00e0 SDK m\u00e3 v\u1ea1ch di \u0111\u1ed9ng Cognex<\/span><span style=\"color: black;\">\u00a0. C\u00e1c m\u00e3 d\u1ef1a tr\u00ean nh\u00e3n 1D v\u00e0 2D c\u00f3 th\u1ec3 \u0111\u01b0\u1ee3c \u0111\u1ecdc nhanh ch\u00f3ng v\u00e0 d\u1ec5 d\u00e0ng. S\u00ea-ri MX-1000 t\u1eadn d\u1ee5ng c\u00e1c c\u00f4ng ngh\u1ec7 li\u00ean l\u1ea1c m\u1edbi nh\u1ea5t \u0111\u01b0\u1ee3c thi\u1ebft b\u1ecb di \u0111\u1ed9ng c\u1ee7a b\u1ea1n h\u1ed7 tr\u1ee3 bao g\u1ed3m 3G, 4G, 4G LTE, Wi-Fi, Bluetooth v\u00e0 h\u01a1n th\u1ebf n\u1eefa.<\/span><\/p>\n<p>[\/vc_column_text][\/vc_column][\/vc_row]<\/p>\n<\/div>","protected":false},"excerpt":{"rendered":"<p>[vc_row][vc_column width=&#8221;1\/2&#8243;][vc_custom_heading text=&#8221;T\u00ednh n\u0103ng c\u1ee7a MX-1000&#8243; use_theme_fonts=&#8221;yes&#8221;][vc_column_text] Thi\u1ebft b\u1ecb \u0111\u1ea7u cu\u1ed1i di \u0111\u1ed9ng MX-1000 ho\u1eb7c m\u00e1y t\u00ednh di \u0111\u1ed9ng c\u1ea7m tay cho ph\u00e9p b\u1ea1n t\u1eadn d\u1ee5ng c\u00f4ng ngh\u1ec7 thi\u1ebft b\u1ecb th\u00f4ng minh di \u0111\u1ed9ng m\u1edbi nh\u1ea5t cho c\u00e1c \u1ee9ng d\u1ee5ng \u0111\u1ecdc m\u00e3 v\u1ea1ch c\u00f4ng nghi\u1ec7p. S\u00ea-ri MX-1000 th\u00edch h\u1ee3p \u0111\u1ec3 \u0111\u1ecdc m\u00e3 DPM trong c\u00e1c<\/p>\n","protected":false},"featured_media":1135,"comment_status":"closed","ping_status":"closed","template":"","meta":[],"product_brand":[],"product_cat":[791,723],"product_tag":[],"class_list":{"0":"post-9652","1":"product","2":"type-product","3":"status-publish","4":"has-post-thumbnail","6":"product_cat-giai-phap-doc-ma-vach-di-dong","7":"product_cat-vision-sensor","9":"first","10":"instock","11":"product-type-simple"},"acf":[],"yoast_head":"<!-- This site is optimized with the Yoast SEO plugin v25.1 - https:\/\/yoast.com\/wordpress\/plugins\/seo\/ -->\n<title>Mx-1000 - V\u0169 L\u00ea Tech<\/title>\n<meta name=\"robots\" content=\"index, follow, max-snippet:-1, max-image-preview:large, max-video-preview:-1\" \/>\n<link rel=\"canonical\" href=\"https:\/\/vuletech.com\/en\/product\/mx-1000\/\" \/>\n<meta property=\"og:locale\" content=\"en_US\" \/>\n<meta property=\"og:type\" content=\"article\" \/>\n<meta property=\"og:title\" content=\"Mx-1000 - V\u0169 L\u00ea Tech\" \/>\n<meta property=\"og:description\" content=\"[vc_row][vc_column width=&#8221;1\/2&#8243;][vc_custom_heading text=&#8221;T\u00ednh n\u0103ng c\u1ee7a MX-1000&#8243; use_theme_fonts=&#8221;yes&#8221;][vc_column_text] Thi\u1ebft b\u1ecb \u0111\u1ea7u cu\u1ed1i di \u0111\u1ed9ng MX-1000 ho\u1eb7c m\u00e1y t\u00ednh di \u0111\u1ed9ng c\u1ea7m tay cho ph\u00e9p b\u1ea1n t\u1eadn d\u1ee5ng c\u00f4ng ngh\u1ec7 thi\u1ebft b\u1ecb th\u00f4ng minh di \u0111\u1ed9ng m\u1edbi nh\u1ea5t cho c\u00e1c \u1ee9ng d\u1ee5ng \u0111\u1ecdc m\u00e3 v\u1ea1ch c\u00f4ng nghi\u1ec7p. S\u00ea-ri MX-1000 th\u00edch h\u1ee3p \u0111\u1ec3 \u0111\u1ecdc m\u00e3 DPM trong c\u00e1c\" \/>\n<meta property=\"og:url\" content=\"https:\/\/vuletech.com\/en\/product\/mx-1000\/\" \/>\n<meta property=\"og:site_name\" content=\"V\u0169 L\u00ea Tech\" \/>\n<meta property=\"article:modified_time\" content=\"2025-05-13T08:13:50+00:00\" \/>\n<meta property=\"og:image\" content=\"https:\/\/vuletech.com\/wp-content\/uploads\/2020\/09\/thong-minh.jpg\" \/>\n\t<meta property=\"og:image:width\" content=\"500\" \/>\n\t<meta property=\"og:image:height\" content=\"273\" \/>\n\t<meta property=\"og:image:type\" content=\"image\/jpeg\" \/>\n<meta name=\"twitter:card\" content=\"summary_large_image\" \/>\n<meta name=\"twitter:label1\" content=\"Est. reading time\" \/>\n\t<meta name=\"twitter:data1\" content=\"3 minutes\" \/>\n<script type=\"application\/ld+json\" class=\"yoast-schema-graph\">{\"@context\":\"https:\/\/schema.org\",\"@graph\":[{\"@type\":\"WebPage\",\"@id\":\"https:\/\/vuletech.com\/en\/product\/mx-1000\/\",\"url\":\"https:\/\/vuletech.com\/en\/product\/mx-1000\/\",\"name\":\"Mx-1000 - V\u0169 L\u00ea Tech\",\"isPartOf\":{\"@id\":\"http:\/\/vuletech.com\/#website\"},\"primaryImageOfPage\":{\"@id\":\"https:\/\/vuletech.com\/en\/product\/mx-1000\/#primaryimage\"},\"image\":{\"@id\":\"https:\/\/vuletech.com\/en\/product\/mx-1000\/#primaryimage\"},\"thumbnailUrl\":\"https:\/\/vuletech.com\/wp-content\/uploads\/2020\/09\/thong-minh.jpg\",\"datePublished\":\"2025-05-13T08:13:09+00:00\",\"dateModified\":\"2025-05-13T08:13:50+00:00\",\"breadcrumb\":{\"@id\":\"https:\/\/vuletech.com\/en\/product\/mx-1000\/#breadcrumb\"},\"inLanguage\":\"en-US\",\"potentialAction\":[{\"@type\":\"ReadAction\",\"target\":[\"https:\/\/vuletech.com\/en\/product\/mx-1000\/\"]}]},{\"@type\":\"ImageObject\",\"inLanguage\":\"en-US\",\"@id\":\"https:\/\/vuletech.com\/en\/product\/mx-1000\/#primaryimage\",\"url\":\"https:\/\/vuletech.com\/wp-content\/uploads\/2020\/09\/thong-minh.jpg\",\"contentUrl\":\"https:\/\/vuletech.com\/wp-content\/uploads\/2020\/09\/thong-minh.jpg\",\"width\":500,\"height\":273,\"caption\":\"mx1000\"},{\"@type\":\"BreadcrumbList\",\"@id\":\"https:\/\/vuletech.com\/en\/product\/mx-1000\/#breadcrumb\",\"itemListElement\":[{\"@type\":\"ListItem\",\"position\":1,\"name\":\"Home\",\"item\":\"http:\/\/vuletech.com\/en\/\"},{\"@type\":\"ListItem\",\"position\":2,\"name\":\"Product\",\"item\":\"http:\/\/vuletech.com\/product\/\"},{\"@type\":\"ListItem\",\"position\":3,\"name\":\"Mx-1000\"}]},{\"@type\":\"WebSite\",\"@id\":\"http:\/\/vuletech.com\/#website\",\"url\":\"http:\/\/vuletech.com\/\",\"name\":\"V\u0169 L\u00ea Tech\",\"description\":\"Our Solution - Your Value\",\"potentialAction\":[{\"@type\":\"SearchAction\",\"target\":{\"@type\":\"EntryPoint\",\"urlTemplate\":\"http:\/\/vuletech.com\/?s={search_term_string}\"},\"query-input\":{\"@type\":\"PropertyValueSpecification\",\"valueRequired\":true,\"valueName\":\"search_term_string\"}}],\"inLanguage\":\"en-US\"}]}<\/script>\n<!-- \/ Yoast SEO plugin. -->","yoast_head_json":{"title":"Mx-1000 - V\u0169 L\u00ea Tech","robots":{"index":"index","follow":"follow","max-snippet":"max-snippet:-1","max-image-preview":"max-image-preview:large","max-video-preview":"max-video-preview:-1"},"canonical":"https:\/\/vuletech.com\/en\/product\/mx-1000\/","og_locale":"en_US","og_type":"article","og_title":"Mx-1000 - V\u0169 L\u00ea Tech","og_description":"[vc_row][vc_column width=&#8221;1\/2&#8243;][vc_custom_heading text=&#8221;T\u00ednh n\u0103ng c\u1ee7a MX-1000&#8243; use_theme_fonts=&#8221;yes&#8221;][vc_column_text] Thi\u1ebft b\u1ecb \u0111\u1ea7u cu\u1ed1i di \u0111\u1ed9ng MX-1000 ho\u1eb7c m\u00e1y t\u00ednh di \u0111\u1ed9ng c\u1ea7m tay cho ph\u00e9p b\u1ea1n t\u1eadn d\u1ee5ng c\u00f4ng ngh\u1ec7 thi\u1ebft b\u1ecb th\u00f4ng minh di \u0111\u1ed9ng m\u1edbi nh\u1ea5t cho c\u00e1c \u1ee9ng d\u1ee5ng \u0111\u1ecdc m\u00e3 v\u1ea1ch c\u00f4ng nghi\u1ec7p. S\u00ea-ri MX-1000 th\u00edch h\u1ee3p \u0111\u1ec3 \u0111\u1ecdc m\u00e3 DPM trong c\u00e1c","og_url":"https:\/\/vuletech.com\/en\/product\/mx-1000\/","og_site_name":"V\u0169 L\u00ea Tech","article_modified_time":"2025-05-13T08:13:50+00:00","og_image":[{"width":500,"height":273,"url":"https:\/\/vuletech.com\/wp-content\/uploads\/2020\/09\/thong-minh.jpg","type":"image\/jpeg"}],"twitter_card":"summary_large_image","twitter_misc":{"Est. reading time":"3 minutes"},"schema":{"@context":"https:\/\/schema.org","@graph":[{"@type":"WebPage","@id":"https:\/\/vuletech.com\/en\/product\/mx-1000\/","url":"https:\/\/vuletech.com\/en\/product\/mx-1000\/","name":"Mx-1000 - V\u0169 L\u00ea Tech","isPartOf":{"@id":"http:\/\/vuletech.com\/#website"},"primaryImageOfPage":{"@id":"https:\/\/vuletech.com\/en\/product\/mx-1000\/#primaryimage"},"image":{"@id":"https:\/\/vuletech.com\/en\/product\/mx-1000\/#primaryimage"},"thumbnailUrl":"https:\/\/vuletech.com\/wp-content\/uploads\/2020\/09\/thong-minh.jpg","datePublished":"2025-05-13T08:13:09+00:00","dateModified":"2025-05-13T08:13:50+00:00","breadcrumb":{"@id":"https:\/\/vuletech.com\/en\/product\/mx-1000\/#breadcrumb"},"inLanguage":"en-US","potentialAction":[{"@type":"ReadAction","target":["https:\/\/vuletech.com\/en\/product\/mx-1000\/"]}]},{"@type":"ImageObject","inLanguage":"en-US","@id":"https:\/\/vuletech.com\/en\/product\/mx-1000\/#primaryimage","url":"https:\/\/vuletech.com\/wp-content\/uploads\/2020\/09\/thong-minh.jpg","contentUrl":"https:\/\/vuletech.com\/wp-content\/uploads\/2020\/09\/thong-minh.jpg","width":500,"height":273,"caption":"mx1000"},{"@type":"BreadcrumbList","@id":"https:\/\/vuletech.com\/en\/product\/mx-1000\/#breadcrumb","itemListElement":[{"@type":"ListItem","position":1,"name":"Home","item":"http:\/\/vuletech.com\/en\/"},{"@type":"ListItem","position":2,"name":"Product","item":"http:\/\/vuletech.com\/product\/"},{"@type":"ListItem","position":3,"name":"Mx-1000"}]},{"@type":"WebSite","@id":"http:\/\/vuletech.com\/#website","url":"http:\/\/vuletech.com\/","name":"V\u0169 L\u00ea Tech","description":"Our Solution - Your Value","potentialAction":[{"@type":"SearchAction","target":{"@type":"EntryPoint","urlTemplate":"http:\/\/vuletech.com\/?s={search_term_string}"},"query-input":{"@type":"PropertyValueSpecification","valueRequired":true,"valueName":"search_term_string"}}],"inLanguage":"en-US"}]}},"_links":{"self":[{"href":"https:\/\/vuletech.com\/en\/wp-json\/wp\/v2\/product\/9652","targetHints":{"allow":["GET"]}}],"collection":[{"href":"https:\/\/vuletech.com\/en\/wp-json\/wp\/v2\/product"}],"about":[{"href":"https:\/\/vuletech.com\/en\/wp-json\/wp\/v2\/types\/product"}],"replies":[{"embeddable":true,"href":"https:\/\/vuletech.com\/en\/wp-json\/wp\/v2\/comments?post=9652"}],"wp:featuredmedia":[{"embeddable":true,"href":"https:\/\/vuletech.com\/en\/wp-json\/wp\/v2\/media\/1135"}],"wp:attachment":[{"href":"https:\/\/vuletech.com\/en\/wp-json\/wp\/v2\/media?parent=9652"}],"wp:term":[{"taxonomy":"product_brand","embeddable":true,"href":"https:\/\/vuletech.com\/en\/wp-json\/wp\/v2\/product_brand?post=9652"},{"taxonomy":"product_cat","embeddable":true,"href":"https:\/\/vuletech.com\/en\/wp-json\/wp\/v2\/product_cat?post=9652"},{"taxonomy":"product_tag","embeddable":true,"href":"https:\/\/vuletech.com\/en\/wp-json\/wp\/v2\/product_tag?post=9652"}],"curies":[{"name":"wp","href":"https:\/\/api.w.org\/{rel}","templated":true}]}}