{"id":9653,"date":"2025-05-13T15:13:09","date_gmt":"2025-05-13T08:13:09","guid":{"rendered":"https:\/\/vuletech.com\/product\/mx-1502\/"},"modified":"2025-05-13T15:13:41","modified_gmt":"2025-05-13T08:13:41","slug":"mx-1502","status":"publish","type":"product","link":"https:\/\/vuletech.com\/en\/product\/mx-1502\/","title":{"rendered":"MX-1502"},"content":{"rendered":"<div class=\"wpb-content-wrapper\"><p>[vc_row][vc_column width=&#8221;1\/2&#8243;][vc_custom_heading text=&#8221;T\u00ednh n\u0103ng c\u1ee7a MX-1502&#8243; use_theme_fonts=&#8221;yes&#8221;][vc_column_text]<\/p>\n<p style=\"background: white;\"><span style=\"color: black;\">M\u00e1y t\u00ednh c\u1ea7m tay MX-1502 \u0111\u1ecdc c\u00e1c m\u00e3 t\u1eeb kho\u1ea3ng c\u00e1ch xa 15-30 centimet \u0111\u1ebfn 10 m\u00e9t, ph\u00f9 h\u1ee3p \u0111\u1ec3 qu\u00e9t m\u00e3 v\u1ea1ch tr\u00ean nh\u00e3n s\u00e0n, nh\u00e3n gi\u00e1 tr\u00ean k\u1ec7 cao v\u00e0 tr\u01b0\u1ee3t treo t\u1eeb kho tr\u1ea7n nh\u00e0. MX-1502 \u0111\u01b0\u1ee3c trang b\u1ecb c\u00f4ng ngh\u1ec7 quang h\u1ecdc v\u00e0 \u00e1nh s\u00e1ng m\u00f4-\u0111un (bao g\u1ed3m \u0111\u00e8n LED ph\u00e2n c\u1ef1c v\u00e0 \u1ed1ng k\u00ednh c\u00f4ng su\u1ea5t cao v\u1edbi c\u00f4ng ngh\u1ec7 th\u1ea5u k\u00ednh l\u1ecfng) cung c\u1ea5p kh\u1ea3 n\u0103ng t\u1ea1o h\u00ecnh \u1ea3nh t\u1ed1i \u01b0u cho b\u1ea5t k\u1ef3 m\u00e3 n\u00e0o, ngay c\u1ea3 m\u00e3 \u0111\u00e1nh d\u1ea5u ph\u1ea7n tr\u1ef1c ti\u1ebfp th\u00e1ch th\u1ee9c nh\u1ea5t (DPM).<\/span><\/p>\n<p>[\/vc_column_text][\/vc_column][vc_column width=&#8221;1\/2&#8243;][vc_single_image image=&#8221;1141&#8243; img_size=&#8221;full&#8221; alignment=&#8221;center&#8221;][\/vc_column][\/vc_row][vc_row][vc_column width=&#8221;1\/2&#8243;][vc_single_image image=&#8221;1139&#8243; img_size=&#8221;full&#8221; alignment=&#8221;center&#8221;][\/vc_column][vc_column width=&#8221;1\/2&#8243;][vc_custom_heading text=&#8221;Thi\u1ebft k\u1ebf ch\u1eafc ch\u1eafn&#8221; use_theme_fonts=&#8221;yes&#8221;][vc_column_text]Thi\u1ebft k\u1ebf c\u1ee7a MX-1502 gi\u00fap m\u1ecdi thi\u1ebft b\u1ecb di \u0111\u1ed9ng c\u00f3 th\u1ec3 s\u1eed d\u1ee5ng trong m\u1ecdi m\u00f4i tr\u01b0\u1eddng kh\u1eafc nghi\u1ec7t nh\u1ea5t. V\u1ecf c\u1ea5p c\u00f4ng nghi\u1ec7p c\u00f3 th\u1ec3 ch\u1ecbu \u0111\u01b0\u1ee3c 50 l\u1ea7n r\u01a1i t\u1eeb 2 m\u00e9t xu\u1ed1ng s\u00e0n b\u00ea t\u00f4ng. Ch\u1ec9 s\u1ed1 b\u1ea3o v\u1ec7 IP l\u00e0 IP65 v\u00e0 s\u1eed d\u1ee5ng s\u1ea1c kh\u00f4ng d\u00e2y c\u1ea3m \u1ee9ng.[\/vc_column_text][\/vc_column][\/vc_row][vc_row][vc_column width=&#8221;1\/2&#8243;][vc_custom_heading text=&#8221;M\u00f4-\u0111un&#8221; use_theme_fonts=&#8221;yes&#8221;][vc_column_text]<\/p>\n<p style=\"background: white;\"><span style=\"color: black;\">MX 1502 \u0111\u01b0\u1ee3c s\u1eed d\u1ee5ng cho nhi\u1ec1u lo\u1ea1i \u0111i\u1ec7n tho\u1ea1i th\u00f4ng minh Android v\u00e0 iOS. N\u1ebfu thi\u1ebft b\u1ecb c\u1ee7a b\u1ea1n c\u1ea7n \u0111\u01b0\u1ee3c s\u1eeda ch\u1eefa ho\u1eb7c n\u00e2ng c\u1ea5p, ch\u1ec9 c\u1ea7n trao \u0111\u1ed5i b\u1ed9 n\u1eafp tr\u00ean c\u00f9ng \u0111\u1ec3 \u0111i\u1ec1u ch\u1ec9nh MX-1502 v\u1edbi b\u1ea5t k\u1ef3 thi\u1ebft b\u1ecb di \u0111\u1ed9ng \u0111\u01b0\u1ee3c h\u1ed7 tr\u1ee3 n\u00e0o. Ph\u1ee5 ki\u1ec7n t\u0103ng g\u1ea5p \u0111\u00f4i dung l\u01b0\u1ee3ng pin MX-1502, cung c\u1ea5p n\u0103ng l\u01b0\u1ee3ng cho c\u1ea3 ph\u1ea7n m\u1ec1m \u0111\u1ec3 qu\u00e9t v\u00e0 thi\u1ebft b\u1ecb di \u0111\u1ed9ng.<\/span><\/p>\n<p>[\/vc_column_text][\/vc_column][vc_column width=&#8221;1\/2&#8243;][vc_single_image image=&#8221;1137&#8243; img_size=&#8221;full&#8221; alignment=&#8221;center&#8221;][\/vc_column][\/vc_row][vc_row][vc_column width=&#8221;1\/2&#8243;][vc_single_image image=&#8221;1140&#8243; img_size=&#8221;full&#8221; alignment=&#8221;center&#8221;][\/vc_column][vc_column width=&#8221;1\/2&#8243;][vc_custom_heading text=&#8221;S\u1ea3n ph\u1ea9m th\u00f4ng minh&#8221; use_theme_fonts=&#8221;yes&#8221;][vc_column_text]<\/p>\n<p style=\"background: white;\"><span style=\"color: black;\">MX-1502 \u0111\u01b0\u1ee3c trang b\u1ecb c\u00e1c thu\u1eadt to\u00e1n v\u00e0 c\u00f4ng ngh\u1ec7 \u0111\u1ecdc m\u00e3 v\u1ea1ch \u0111\u1ecdc c\u00e1c m\u00e3 d\u1ef1a tr\u00ean nh\u00e3n 1D v\u00e0 2D \u1edf c\u00e1c ph\u1ea1m vi g\u1ea7n, xa v\u00e0 m\u1edf r\u1ed9ng. MX-1502 DPM Lite (DL) m\u1edbi mang l\u1ea1i hi\u1ec7u su\u1ea5t cao khi \u0111\u1ecdc m\u00e3 v\u1ea1ch cho c\u00e1c m\u00e3 DPM kh\u00f3 \u0111\u1ecdc tr\u00ean b\u1ec1 m\u1eb7t ph\u1eb3ng, c\u00f3 \u0111\u1ed9 ph\u1ea3n chi\u1ebfu cao. MX-1502 Ultraviolet (UV) s\u1eed d\u1ee5ng m\u00f4-\u0111un chi\u1ebfu s\u00e1ng UV v\u00e0 b\u1ed9 l\u1ecdc \u1ed1ng k\u00ednh \u0111\u1ec3 nhanh ch\u00f3ng gi\u1ea3i m\u00e3 c\u00e1c m\u00e3 v\u00f4 h\u00ecnh. S\u00ea-ri MX-1502 t\u1eadn d\u1ee5ng c\u00e1c c\u00f4ng ngh\u1ec7 li\u00ean l\u1ea1c m\u1edbi nh\u1ea5t trong \u0111i\u1ec7n tho\u1ea1i h\u1ed7 tr\u1ee3 s\u1eb5n bao g\u1ed3m 3G, 4G, 4G LTE, Wi-Fi, Bluetooth v.v&#8230;<\/span><\/p>\n<p>[\/vc_column_text][\/vc_column][\/vc_row]<\/p>\n<\/div>","protected":false},"excerpt":{"rendered":"<p>[vc_row][vc_column width=&#8221;1\/2&#8243;][vc_custom_heading text=&#8221;T\u00ednh n\u0103ng c\u1ee7a MX-1502&#8243; use_theme_fonts=&#8221;yes&#8221;][vc_column_text] M\u00e1y t\u00ednh c\u1ea7m tay MX-1502 \u0111\u1ecdc c\u00e1c m\u00e3 t\u1eeb kho\u1ea3ng c\u00e1ch xa 15-30 centimet \u0111\u1ebfn 10 m\u00e9t, ph\u00f9 h\u1ee3p \u0111\u1ec3 qu\u00e9t m\u00e3 v\u1ea1ch tr\u00ean nh\u00e3n s\u00e0n, nh\u00e3n gi\u00e1 tr\u00ean k\u1ec7 cao v\u00e0 tr\u01b0\u1ee3t treo t\u1eeb kho tr\u1ea7n nh\u00e0. MX-1502 \u0111\u01b0\u1ee3c trang b\u1ecb c\u00f4ng ngh\u1ec7 quang h\u1ecdc v\u00e0 \u00e1nh<\/p>\n","protected":false},"featured_media":1141,"comment_status":"closed","ping_status":"closed","template":"","meta":[],"product_brand":[],"product_cat":[791,723],"product_tag":[],"class_list":{"0":"post-9653","1":"product","2":"type-product","3":"status-publish","4":"has-post-thumbnail","6":"product_cat-giai-phap-doc-ma-vach-di-dong","7":"product_cat-vision-sensor","9":"first","10":"instock","11":"product-type-simple"},"acf":[],"yoast_head":"<!-- This site is optimized with the Yoast SEO plugin v25.1 - https:\/\/yoast.com\/wordpress\/plugins\/seo\/ -->\n<title>MX-1502 - V\u0169 L\u00ea Tech<\/title>\n<meta name=\"robots\" content=\"index, follow, max-snippet:-1, max-image-preview:large, max-video-preview:-1\" \/>\n<link rel=\"canonical\" href=\"https:\/\/vuletech.com\/product\/mx-1502\/\" \/>\n<meta property=\"og:locale\" content=\"en_US\" \/>\n<meta property=\"og:type\" content=\"article\" \/>\n<meta property=\"og:title\" content=\"MX-1502 - V\u0169 L\u00ea Tech\" \/>\n<meta property=\"og:description\" content=\"[vc_row][vc_column width=&#8221;1\/2&#8243;][vc_custom_heading text=&#8221;T\u00ednh n\u0103ng c\u1ee7a MX-1502&#8243; use_theme_fonts=&#8221;yes&#8221;][vc_column_text] M\u00e1y t\u00ednh c\u1ea7m tay MX-1502 \u0111\u1ecdc c\u00e1c m\u00e3 t\u1eeb kho\u1ea3ng c\u00e1ch xa 15-30 centimet \u0111\u1ebfn 10 m\u00e9t, ph\u00f9 h\u1ee3p \u0111\u1ec3 qu\u00e9t m\u00e3 v\u1ea1ch tr\u00ean nh\u00e3n s\u00e0n, nh\u00e3n gi\u00e1 tr\u00ean k\u1ec7 cao v\u00e0 tr\u01b0\u1ee3t treo t\u1eeb kho tr\u1ea7n nh\u00e0. MX-1502 \u0111\u01b0\u1ee3c trang b\u1ecb c\u00f4ng ngh\u1ec7 quang h\u1ecdc v\u00e0 \u00e1nh\" \/>\n<meta property=\"og:url\" content=\"https:\/\/vuletech.com\/product\/mx-1502\/\" \/>\n<meta property=\"og:site_name\" content=\"V\u0169 L\u00ea Tech\" \/>\n<meta property=\"article:modified_time\" content=\"2025-05-13T08:13:41+00:00\" \/>\n<meta property=\"og:image\" content=\"https:\/\/vuletech.com\/wp-content\/uploads\/2020\/09\/tinh-nang.jpg\" \/>\n\t<meta property=\"og:image:width\" content=\"500\" \/>\n\t<meta property=\"og:image:height\" content=\"336\" \/>\n\t<meta property=\"og:image:type\" content=\"image\/jpeg\" \/>\n<meta name=\"twitter:card\" content=\"summary_large_image\" \/>\n<meta name=\"twitter:label1\" content=\"Est. reading time\" \/>\n\t<meta name=\"twitter:data1\" content=\"3 minutes\" \/>\n<script type=\"application\/ld+json\" class=\"yoast-schema-graph\">{\"@context\":\"https:\/\/schema.org\",\"@graph\":[{\"@type\":\"WebPage\",\"@id\":\"https:\/\/vuletech.com\/product\/mx-1502\/\",\"url\":\"https:\/\/vuletech.com\/product\/mx-1502\/\",\"name\":\"MX-1502 - V\u0169 L\u00ea Tech\",\"isPartOf\":{\"@id\":\"http:\/\/vuletech.com\/#website\"},\"primaryImageOfPage\":{\"@id\":\"https:\/\/vuletech.com\/product\/mx-1502\/#primaryimage\"},\"image\":{\"@id\":\"https:\/\/vuletech.com\/product\/mx-1502\/#primaryimage\"},\"thumbnailUrl\":\"https:\/\/vuletech.com\/wp-content\/uploads\/2020\/09\/tinh-nang.jpg\",\"datePublished\":\"2025-05-13T08:13:09+00:00\",\"dateModified\":\"2025-05-13T08:13:41+00:00\",\"breadcrumb\":{\"@id\":\"https:\/\/vuletech.com\/product\/mx-1502\/#breadcrumb\"},\"inLanguage\":\"en-US\",\"potentialAction\":[{\"@type\":\"ReadAction\",\"target\":[\"https:\/\/vuletech.com\/product\/mx-1502\/\"]}]},{\"@type\":\"ImageObject\",\"inLanguage\":\"en-US\",\"@id\":\"https:\/\/vuletech.com\/product\/mx-1502\/#primaryimage\",\"url\":\"https:\/\/vuletech.com\/wp-content\/uploads\/2020\/09\/tinh-nang.jpg\",\"contentUrl\":\"https:\/\/vuletech.com\/wp-content\/uploads\/2020\/09\/tinh-nang.jpg\",\"width\":500,\"height\":336,\"caption\":\"Mx-1502\"},{\"@type\":\"BreadcrumbList\",\"@id\":\"https:\/\/vuletech.com\/product\/mx-1502\/#breadcrumb\",\"itemListElement\":[{\"@type\":\"ListItem\",\"position\":1,\"name\":\"Home\",\"item\":\"http:\/\/vuletech.com\/en\/\"},{\"@type\":\"ListItem\",\"position\":2,\"name\":\"Product\",\"item\":\"http:\/\/vuletech.com\/product\/\"},{\"@type\":\"ListItem\",\"position\":3,\"name\":\"MX-1502\"}]},{\"@type\":\"WebSite\",\"@id\":\"http:\/\/vuletech.com\/#website\",\"url\":\"http:\/\/vuletech.com\/\",\"name\":\"V\u0169 L\u00ea Tech\",\"description\":\"Our Solution - Your Value\",\"potentialAction\":[{\"@type\":\"SearchAction\",\"target\":{\"@type\":\"EntryPoint\",\"urlTemplate\":\"http:\/\/vuletech.com\/?s={search_term_string}\"},\"query-input\":{\"@type\":\"PropertyValueSpecification\",\"valueRequired\":true,\"valueName\":\"search_term_string\"}}],\"inLanguage\":\"en-US\"}]}<\/script>\n<!-- \/ Yoast SEO plugin. -->","yoast_head_json":{"title":"MX-1502 - V\u0169 L\u00ea Tech","robots":{"index":"index","follow":"follow","max-snippet":"max-snippet:-1","max-image-preview":"max-image-preview:large","max-video-preview":"max-video-preview:-1"},"canonical":"https:\/\/vuletech.com\/product\/mx-1502\/","og_locale":"en_US","og_type":"article","og_title":"MX-1502 - V\u0169 L\u00ea Tech","og_description":"[vc_row][vc_column width=&#8221;1\/2&#8243;][vc_custom_heading text=&#8221;T\u00ednh n\u0103ng c\u1ee7a MX-1502&#8243; use_theme_fonts=&#8221;yes&#8221;][vc_column_text] M\u00e1y t\u00ednh c\u1ea7m tay MX-1502 \u0111\u1ecdc c\u00e1c m\u00e3 t\u1eeb kho\u1ea3ng c\u00e1ch xa 15-30 centimet \u0111\u1ebfn 10 m\u00e9t, ph\u00f9 h\u1ee3p \u0111\u1ec3 qu\u00e9t m\u00e3 v\u1ea1ch tr\u00ean nh\u00e3n s\u00e0n, nh\u00e3n gi\u00e1 tr\u00ean k\u1ec7 cao v\u00e0 tr\u01b0\u1ee3t treo t\u1eeb kho tr\u1ea7n nh\u00e0. MX-1502 \u0111\u01b0\u1ee3c trang b\u1ecb c\u00f4ng ngh\u1ec7 quang h\u1ecdc v\u00e0 \u00e1nh","og_url":"https:\/\/vuletech.com\/product\/mx-1502\/","og_site_name":"V\u0169 L\u00ea Tech","article_modified_time":"2025-05-13T08:13:41+00:00","og_image":[{"width":500,"height":336,"url":"https:\/\/vuletech.com\/wp-content\/uploads\/2020\/09\/tinh-nang.jpg","type":"image\/jpeg"}],"twitter_card":"summary_large_image","twitter_misc":{"Est. reading time":"3 minutes"},"schema":{"@context":"https:\/\/schema.org","@graph":[{"@type":"WebPage","@id":"https:\/\/vuletech.com\/product\/mx-1502\/","url":"https:\/\/vuletech.com\/product\/mx-1502\/","name":"MX-1502 - V\u0169 L\u00ea Tech","isPartOf":{"@id":"http:\/\/vuletech.com\/#website"},"primaryImageOfPage":{"@id":"https:\/\/vuletech.com\/product\/mx-1502\/#primaryimage"},"image":{"@id":"https:\/\/vuletech.com\/product\/mx-1502\/#primaryimage"},"thumbnailUrl":"https:\/\/vuletech.com\/wp-content\/uploads\/2020\/09\/tinh-nang.jpg","datePublished":"2025-05-13T08:13:09+00:00","dateModified":"2025-05-13T08:13:41+00:00","breadcrumb":{"@id":"https:\/\/vuletech.com\/product\/mx-1502\/#breadcrumb"},"inLanguage":"en-US","potentialAction":[{"@type":"ReadAction","target":["https:\/\/vuletech.com\/product\/mx-1502\/"]}]},{"@type":"ImageObject","inLanguage":"en-US","@id":"https:\/\/vuletech.com\/product\/mx-1502\/#primaryimage","url":"https:\/\/vuletech.com\/wp-content\/uploads\/2020\/09\/tinh-nang.jpg","contentUrl":"https:\/\/vuletech.com\/wp-content\/uploads\/2020\/09\/tinh-nang.jpg","width":500,"height":336,"caption":"Mx-1502"},{"@type":"BreadcrumbList","@id":"https:\/\/vuletech.com\/product\/mx-1502\/#breadcrumb","itemListElement":[{"@type":"ListItem","position":1,"name":"Home","item":"http:\/\/vuletech.com\/en\/"},{"@type":"ListItem","position":2,"name":"Product","item":"http:\/\/vuletech.com\/product\/"},{"@type":"ListItem","position":3,"name":"MX-1502"}]},{"@type":"WebSite","@id":"http:\/\/vuletech.com\/#website","url":"http:\/\/vuletech.com\/","name":"V\u0169 L\u00ea Tech","description":"Our Solution - Your Value","potentialAction":[{"@type":"SearchAction","target":{"@type":"EntryPoint","urlTemplate":"http:\/\/vuletech.com\/?s={search_term_string}"},"query-input":{"@type":"PropertyValueSpecification","valueRequired":true,"valueName":"search_term_string"}}],"inLanguage":"en-US"}]}},"_links":{"self":[{"href":"https:\/\/vuletech.com\/en\/wp-json\/wp\/v2\/product\/9653","targetHints":{"allow":["GET"]}}],"collection":[{"href":"https:\/\/vuletech.com\/en\/wp-json\/wp\/v2\/product"}],"about":[{"href":"https:\/\/vuletech.com\/en\/wp-json\/wp\/v2\/types\/product"}],"replies":[{"embeddable":true,"href":"https:\/\/vuletech.com\/en\/wp-json\/wp\/v2\/comments?post=9653"}],"wp:featuredmedia":[{"embeddable":true,"href":"https:\/\/vuletech.com\/en\/wp-json\/wp\/v2\/media\/1141"}],"wp:attachment":[{"href":"https:\/\/vuletech.com\/en\/wp-json\/wp\/v2\/media?parent=9653"}],"wp:term":[{"taxonomy":"product_brand","embeddable":true,"href":"https:\/\/vuletech.com\/en\/wp-json\/wp\/v2\/product_brand?post=9653"},{"taxonomy":"product_cat","embeddable":true,"href":"https:\/\/vuletech.com\/en\/wp-json\/wp\/v2\/product_cat?post=9653"},{"taxonomy":"product_tag","embeddable":true,"href":"https:\/\/vuletech.com\/en\/wp-json\/wp\/v2\/product_tag?post=9653"}],"curies":[{"name":"wp","href":"https:\/\/api.w.org\/{rel}","templated":true}]}}