{"id":9654,"date":"2025-05-13T15:32:31","date_gmt":"2025-05-13T08:32:31","guid":{"rendered":"https:\/\/vuletech.com\/product\/dataman-8600\/"},"modified":"2025-05-13T15:33:27","modified_gmt":"2025-05-13T08:33:27","slug":"dataman-8600","status":"publish","type":"product","link":"https:\/\/vuletech.com\/en\/product\/dataman-8600\/","title":{"rendered":"DataMan 8600"},"content":{"rendered":"<div class=\"wpb-content-wrapper\"><p>[vc_row][vc_column width=&#8221;1\/2&#8243;][vc_custom_heading text=&#8221;M\u00e1y \u0111\u1ecdc m\u00e3 v\u1ea1ch DataMan 8600&#8243; use_theme_fonts=&#8221;yes&#8221;][vc_column_text]DataMan 8600 d\u01b0a tr\u00ean h\u00ecnh \u1ea3nh c\u1ee7a\u00a0 \u0110\u1ea7u \u0111\u1ecdc ID cung c\u1ea5p, c\u00f3 c\u00f4ng ngh\u1ec7 \u0111\u1ecdc m\u00e3 v\u1ea1ch ti\u00ean ti\u1ebfn nh\u1ea5t th\u1ebf gi\u1edbi \u0111\u1ec3 gi\u1ea3i m\u00e3 M\u00e3 ph\u1ea7n tr\u1ef1c ti\u1ebfp (DPM), m\u00e3 2D v\u00e0 1D v\u1edbi c\u00e1c k\u00edch c\u1ee1, ch\u1ea5t l\u01b0\u1ee3ng v\u00e0 ph\u01b0\u01a1ng ph\u00e1p in ho\u1eb7c \u0111\u00e1nh d\u1ea5u kh\u00e1c nhau. C\u00e1c \u0111\u1ea7u \u0111\u1ecdc m\u00e3 v\u1ea1ch DPM\u00a0 \u0111\u01b0\u1ee3c thi\u1ebft k\u1ebf cho c\u00e1c m\u00f4i tr\u01b0\u1eddng s\u00e0n nh\u00e0 m\u00e1y kh\u1eafc nghi\u1ec7t nh\u1ea5t. \u0110\u01b0\u1ee3c trang b\u1ecb h\u1ec7 th\u1ed1ng h\u00ecnh \u1ea3nh \u1ed1ng k\u00ednh l\u1ecfng ti\u00ean ti\u1ebfn v\u00e0 c\u00f4ng ngh\u1ec7 chi\u1ebfu s\u00e1ng linh ho\u1ea1t UltraLight \u0111\u01b0\u1ee3c c\u1ea5p b\u1eb1ng s\u00e1ng ch\u1ebf, lo\u1ea1t \u0111\u1ea7u \u0111\u1ecdc m\u00e3 v\u1ea1ch DataMan 8600 gi\u1ea3i m\u00e3 c\u00e1c m\u00e3 v\u1ea1ch DPM\u00a0 tr\u00ean nhi\u1ec1u b\u1ec1 m\u1eb7t r\u1ed9ng nh\u1ea5t. Thi\u1ebft k\u1ebf m\u00f4-\u0111un h\u1ed7 tr\u1ee3 c\u00e1c t\u00f9y ch\u1ecdn RS-232, USB v\u00e0 Ethernet c\u00f3 d\u00e2y, c\u0169ng nh\u01b0 c\u00e1c t\u00f9y ch\u1ecdn Bluetooth v\u00e0 Wi-Fi kh\u00f4ng d\u00e2y \u0111\u1ec3 \u0111\u1ea3m b\u1ea3o d\u00f2ng \u0111\u1ea7u \u0111\u1ecdc DataMan 8600 s\u1eb5n s\u00e0ng \u0111\u00e1p \u1ee9ng c\u00e1c y\u00eau c\u1ea7u giao ti\u1ebfp \u1ee9ng d\u1ee5ng c\u1ee7a b\u1ea1n.[\/vc_column_text][\/vc_column][vc_column width=&#8221;1\/2&#8243;][vc_single_image image=&#8221;1108&#8243; img_size=&#8221;full&#8221; alignment=&#8221;center&#8221;][\/vc_column][\/vc_row][vc_row][vc_column width=&#8221;1\/2&#8243;][vc_single_image image=&#8221;1109&#8243; img_size=&#8221;full&#8221; alignment=&#8221;center&#8221;][\/vc_column][vc_column width=&#8221;1\/2&#8243;][vc_custom_heading text=&#8221;\u0110\u1ea7u \u0111\u1ecdc m\u00e3 v\u1ea1ch c\u1ea7m tay ch\u1ea5t l\u01b0\u1ee3ng nh\u1ea5t&#8221; use_theme_fonts=&#8221;yes&#8221;][vc_column_text]<\/p>\n<p style=\"background: white;\"><span style=\"color: black;\">V\u1edbi c\u00e1c thu\u1eadt to\u00e1n m\u1ea1nh nh\u1ea5t, 2DMax v\u1edbi c\u00f4ng ngh\u1ec7 PowerGrid \u2122 v\u00e0 1DMax + v\u1edbi c\u00f4ng ngh\u1ec7 Hotbars, cho ph\u00e9p c\u00e1c tr\u00ecnh \u0111\u1ecdc d\u1ef1a tr\u00ean h\u00ecnh \u1ea3nh c\u1ee7a DataMan 8600 gi\u1ea3i m\u00e3 c\u00e1c m\u00e3 v\u1ea1ch DPM kh\u00f3 nh\u1ea5t trong c\u00e1c \u0111i\u1ec1u ki\u1ec7n c\u00f4ng nghi\u1ec7p \u0111\u00f2i h\u1ecfi kh\u1eaft khe nh\u1ea5t.<\/span><\/p>\n<p>[\/vc_column_text][\/vc_column][\/vc_row][vc_row][vc_column width=&#8221;1\/2&#8243;][vc_custom_heading text=&#8221;H\u1ec7 th\u1ed1ng h\u00ecnh \u1ea3nh c\u1ef1c k\u1ef3 ti\u00ean ti\u1ebfn&#8221; use_theme_fonts=&#8221;yes&#8221;][vc_column_text]<\/p>\n<p style=\"background: white;\"><span style=\"color: black;\">\u0110\u1ec3 h\u00ecnh th\u00e0nh h\u00ecnh \u1ea3nh v\u01b0\u1ee3t tr\u1ed9i tr\u00ean h\u1ea7u h\u1ebft c\u00e1c lo\u1ea1i v\u00e0 b\u1ec1 m\u1eb7t, DataMan 8600 c\u00f3 UltraLight\u00ae \u0111\u01b0\u1ee3c c\u1ea3i ti\u1ebfn, \u0111\u01b0\u1ee3c c\u1ea5p b\u1eb1ng s\u00e1ng ch\u1ebf, c\u1ea3m bi\u1ebfn h\u00ecnh \u1ea3nh nhanh h\u01a1n c\u00f9ng v\u1edbi \u1ed1ng k\u00ednh l\u1ecfng m\u1edbi cung c\u1ea5p \u0111\u1ed9 s\u00e2u tr\u01b0\u1eddng \u1ea3nh l\u1edbn h\u01a1n. Chi\u1ebfu s\u00e1ng UltraLight cung c\u1ea5p tr\u01b0\u1eddng t\u1ed1i, tr\u01b0\u1eddng s\u00e1ng v\u00e0 \u00e1nh s\u00e1ng khu\u1ebfch t\u00e1n t\u1ea5t c\u1ea3 trong m\u1ed9t \u00e1nh s\u00e1ng \u0111\u01b0\u1ee3c \u0111i\u1ec1u khi\u1ec3n \u0111i\u1ec7n t\u1eed. Nh\u1eefng ti\u1ebfn b\u1ed9 k\u1ef9 thu\u1eadt n\u00e0y cho ph\u00e9p c\u00e1c \u0111\u1ea7u \u0111\u1ecdc s\u00ea-ri DataMan 8600 c\u00f3 th\u1ec3 m\u00e3 v\u1ea1ch h\u00ecnh \u1ea3nh nhanh h\u01a1n v\u00e0 d\u1ec5 d\u00e0ng h\u01a1n tr\u00ean ph\u1ea1m vi b\u1ec1 m\u1eb7t r\u1ed9ng nh\u1ea5t v\u00e0 \u1edf kho\u1ea3ng c\u00e1ch g\u1ea7n v\u00e0 xa.<\/span><\/p>\n<p>[\/vc_column_text][\/vc_column][vc_column width=&#8221;1\/2&#8243;][vc_single_image image=&#8221;1110&#8243; img_size=&#8221;full&#8221; alignment=&#8221;center&#8221;][\/vc_column][\/vc_row][vc_row][vc_column width=&#8221;1\/2&#8243;][vc_single_image image=&#8221;1112&#8243; img_size=&#8221;full&#8221; alignment=&#8221;center&#8221;][\/vc_column][vc_column width=&#8221;1\/2&#8243;][vc_custom_heading text=&#8221;M\u00f4-\u0111un \u0111\u1ed9c quy\u1ec1n&#8221; use_theme_fonts=&#8221;yes&#8221;][vc_column_text]<\/p>\n<p style=\"background: white;\"><span style=\"color: black;\">\u0110\u01b0\u1ee3c trang b\u1ecb Ethernet v\u00e0 c\u00e1c giao th\u1ee9c c\u00f4ng nghi\u1ec7p, DataMan 8600 d\u1ec5 d\u00e0ng t\u00edch h\u1ee3p v\u1edbi c\u00e1c thi\u1ebft b\u1ecb t\u1ef1 \u0111\u1ed9ng h\u00f3a c\u00f4ng nghi\u1ec7p, gi\u00fap vi\u1ec7c c\u00e0i \u0111\u1eb7t v\u00e0 b\u1ea3o tr\u00ec nhanh ch\u00f3ng v\u00e0 hi\u1ec7u qu\u1ea3. C\u00e1c t\u00f9y ch\u1ecdn giao ti\u1ebfp ti\u00eau chu\u1ea9n b\u1ed5 sung bao g\u1ed3m c\u00e1c t\u00f9y ch\u1ecdn RS-232, USB v\u00e0 Ethernet c\u00f3 d\u00e2y, c\u0169ng nh\u01b0 c\u00e1c t\u00f9y ch\u1ecdn kh\u00f4ng d\u00e2y bao g\u1ed3m Bluetooth v\u00e0 Wi-Fi. \u0110\u01b0\u1ee3c trang b\u1ecb c\u00e1c m\u00f4-\u0111un giao ti\u1ebfp ho\u00e1n \u0111\u1ed5i tr\u01b0\u1eddng, m\u1ed9t \u0111\u1ea7u \u0111\u1ecdc c\u00f3 th\u1ec3 \u0111\u01b0\u1ee3c c\u1ea5u h\u00ecnh \u0111\u1ec3 \u0111\u00e1p \u1ee9ng nhu c\u1ea7u giao ti\u1ebfp c\u1ee5 th\u1ec3 v\u00e0 lu\u00f4n thay \u0111\u1ed5i.<\/span><\/p>\n<p>[\/vc_column_text][\/vc_column][\/vc_row][vc_row][vc_column width=&#8221;1\/2&#8243;][vc_column_text]\u0110\u1ea7u \u0111\u1ecdc DataMan 8600 r\u1ea5t l\u00fd t\u01b0\u1edfng cho c\u00e1c \u1ee9ng d\u1ee5ng trong b\u1ea5t k\u1ef3 m\u00f4i tr\u01b0\u1eddng s\u1ea3n xu\u1ea5t n\u00e0o \u0111\u00f2i h\u1ecfi c\u00f4ng ngh\u1ec7 m\u00e3 v\u1ea1ch d\u1ef1a tr\u00ean nh\u00e3n hi\u1ec7u c\u1ee7a DPM:<\/p>\n<ul>\n<li>L\u1eafp r\u00e1p \u0111\u1ed9ng c\u01a1<\/li>\n<li>L\u1eafp r\u00e1p truy\u1ec1n<\/li>\n<li>Kending \u00f4 t\u00f4<\/li>\n<li>H\u00e0ng kh\u00f4ng v\u0169 tr\u1ee5<\/li>\n<li>Ki\u1ec3m tra \u0111\u1ebfn<\/li>\n<li>D\u1ea7u kh\u00ed<\/li>\n<li>S\u1ea3n xu\u1ea5t \u0111i\u1ec7n t\u1eed<\/li>\n<\/ul>\n<p>[\/vc_column_text][\/vc_column][vc_column width=&#8221;1\/2&#8243;][vc_single_image image=&#8221;1111&#8243; img_size=&#8221;full&#8221; alignment=&#8221;center&#8221;][\/vc_column][\/vc_row]<\/p>\n<\/div>","protected":false},"excerpt":{"rendered":"<p>[vc_row][vc_column width=&#8221;1\/2&#8243;][vc_custom_heading text=&#8221;M\u00e1y \u0111\u1ecdc m\u00e3 v\u1ea1ch DataMan 8600&#8243; use_theme_fonts=&#8221;yes&#8221;][vc_column_text]DataMan 8600 d\u01b0a tr\u00ean h\u00ecnh \u1ea3nh c\u1ee7a\u00a0 \u0110\u1ea7u \u0111\u1ecdc ID cung c\u1ea5p, c\u00f3 c\u00f4ng ngh\u1ec7 \u0111\u1ecdc m\u00e3 v\u1ea1ch ti\u00ean ti\u1ebfn nh\u1ea5t th\u1ebf gi\u1edbi \u0111\u1ec3 gi\u1ea3i m\u00e3 M\u00e3 ph\u1ea7n tr\u1ef1c ti\u1ebfp (DPM), m\u00e3 2D v\u00e0 1D v\u1edbi c\u00e1c k\u00edch c\u1ee1, ch\u1ea5t l\u01b0\u1ee3ng v\u00e0 ph\u01b0\u01a1ng ph\u00e1p in ho\u1eb7c \u0111\u00e1nh<\/p>\n","protected":false},"featured_media":1112,"comment_status":"closed","ping_status":"closed","template":"","meta":[],"product_brand":[],"product_cat":[793,723],"product_tag":[],"class_list":{"0":"post-9654","1":"product","2":"type-product","3":"status-publish","4":"has-post-thumbnail","6":"product_cat-may-doc-ma-vach-cam-tay","7":"product_cat-vision-sensor","9":"first","10":"instock","11":"product-type-simple"},"acf":[],"yoast_head":"<!-- This site is optimized with the Yoast SEO plugin v25.1 - https:\/\/yoast.com\/wordpress\/plugins\/seo\/ -->\n<title>DataMan 8600 - V\u0169 L\u00ea Tech<\/title>\n<meta name=\"robots\" content=\"index, follow, max-snippet:-1, max-image-preview:large, max-video-preview:-1\" \/>\n<link rel=\"canonical\" href=\"https:\/\/vuletech.com\/product\/dataman-8600\/\" \/>\n<meta property=\"og:locale\" content=\"en_US\" \/>\n<meta property=\"og:type\" content=\"article\" \/>\n<meta property=\"og:title\" content=\"DataMan 8600 - V\u0169 L\u00ea Tech\" \/>\n<meta property=\"og:description\" content=\"[vc_row][vc_column width=&#8221;1\/2&#8243;][vc_custom_heading text=&#8221;M\u00e1y \u0111\u1ecdc m\u00e3 v\u1ea1ch DataMan 8600&#8243; use_theme_fonts=&#8221;yes&#8221;][vc_column_text]DataMan 8600 d\u01b0a tr\u00ean h\u00ecnh \u1ea3nh c\u1ee7a\u00a0 \u0110\u1ea7u \u0111\u1ecdc ID cung c\u1ea5p, c\u00f3 c\u00f4ng ngh\u1ec7 \u0111\u1ecdc m\u00e3 v\u1ea1ch ti\u00ean ti\u1ebfn nh\u1ea5t th\u1ebf gi\u1edbi \u0111\u1ec3 gi\u1ea3i m\u00e3 M\u00e3 ph\u1ea7n tr\u1ef1c ti\u1ebfp (DPM), m\u00e3 2D v\u00e0 1D v\u1edbi c\u00e1c k\u00edch c\u1ee1, ch\u1ea5t l\u01b0\u1ee3ng v\u00e0 ph\u01b0\u01a1ng ph\u00e1p in ho\u1eb7c \u0111\u00e1nh\" \/>\n<meta property=\"og:url\" content=\"https:\/\/vuletech.com\/product\/dataman-8600\/\" \/>\n<meta property=\"og:site_name\" content=\"V\u0169 L\u00ea Tech\" \/>\n<meta property=\"article:modified_time\" content=\"2025-05-13T08:33:27+00:00\" \/>\n<meta property=\"og:image\" content=\"https:\/\/vuletech.com\/wp-content\/uploads\/2020\/07\/Module-truyen-thong-cong-nghiep-doc-quyen.jpg\" \/>\n\t<meta property=\"og:image:width\" content=\"1000\" \/>\n\t<meta property=\"og:image:height\" content=\"562\" \/>\n\t<meta property=\"og:image:type\" content=\"image\/jpeg\" \/>\n<meta name=\"twitter:card\" content=\"summary_large_image\" \/>\n<meta name=\"twitter:label1\" content=\"Est. reading time\" \/>\n\t<meta name=\"twitter:data1\" content=\"5 minutes\" \/>\n<script type=\"application\/ld+json\" class=\"yoast-schema-graph\">{\"@context\":\"https:\/\/schema.org\",\"@graph\":[{\"@type\":\"WebPage\",\"@id\":\"https:\/\/vuletech.com\/product\/dataman-8600\/\",\"url\":\"https:\/\/vuletech.com\/product\/dataman-8600\/\",\"name\":\"DataMan 8600 - V\u0169 L\u00ea Tech\",\"isPartOf\":{\"@id\":\"http:\/\/vuletech.com\/#website\"},\"primaryImageOfPage\":{\"@id\":\"https:\/\/vuletech.com\/product\/dataman-8600\/#primaryimage\"},\"image\":{\"@id\":\"https:\/\/vuletech.com\/product\/dataman-8600\/#primaryimage\"},\"thumbnailUrl\":\"https:\/\/vuletech.com\/wp-content\/uploads\/2020\/07\/Module-truyen-thong-cong-nghiep-doc-quyen.jpg\",\"datePublished\":\"2025-05-13T08:32:31+00:00\",\"dateModified\":\"2025-05-13T08:33:27+00:00\",\"breadcrumb\":{\"@id\":\"https:\/\/vuletech.com\/product\/dataman-8600\/#breadcrumb\"},\"inLanguage\":\"en-US\",\"potentialAction\":[{\"@type\":\"ReadAction\",\"target\":[\"https:\/\/vuletech.com\/product\/dataman-8600\/\"]}]},{\"@type\":\"ImageObject\",\"inLanguage\":\"en-US\",\"@id\":\"https:\/\/vuletech.com\/product\/dataman-8600\/#primaryimage\",\"url\":\"https:\/\/vuletech.com\/wp-content\/uploads\/2020\/07\/Module-truyen-thong-cong-nghiep-doc-quyen.jpg\",\"contentUrl\":\"https:\/\/vuletech.com\/wp-content\/uploads\/2020\/07\/Module-truyen-thong-cong-nghiep-doc-quyen.jpg\",\"width\":1000,\"height\":562,\"caption\":\"dataman8600\"},{\"@type\":\"BreadcrumbList\",\"@id\":\"https:\/\/vuletech.com\/product\/dataman-8600\/#breadcrumb\",\"itemListElement\":[{\"@type\":\"ListItem\",\"position\":1,\"name\":\"Home\",\"item\":\"http:\/\/vuletech.com\/en\/\"},{\"@type\":\"ListItem\",\"position\":2,\"name\":\"Product\",\"item\":\"http:\/\/vuletech.com\/product\/\"},{\"@type\":\"ListItem\",\"position\":3,\"name\":\"DataMan 8600\"}]},{\"@type\":\"WebSite\",\"@id\":\"http:\/\/vuletech.com\/#website\",\"url\":\"http:\/\/vuletech.com\/\",\"name\":\"V\u0169 L\u00ea Tech\",\"description\":\"Our Solution - Your Value\",\"potentialAction\":[{\"@type\":\"SearchAction\",\"target\":{\"@type\":\"EntryPoint\",\"urlTemplate\":\"http:\/\/vuletech.com\/?s={search_term_string}\"},\"query-input\":{\"@type\":\"PropertyValueSpecification\",\"valueRequired\":true,\"valueName\":\"search_term_string\"}}],\"inLanguage\":\"en-US\"}]}<\/script>\n<!-- \/ Yoast SEO plugin. -->","yoast_head_json":{"title":"DataMan 8600 - V\u0169 L\u00ea Tech","robots":{"index":"index","follow":"follow","max-snippet":"max-snippet:-1","max-image-preview":"max-image-preview:large","max-video-preview":"max-video-preview:-1"},"canonical":"https:\/\/vuletech.com\/product\/dataman-8600\/","og_locale":"en_US","og_type":"article","og_title":"DataMan 8600 - V\u0169 L\u00ea Tech","og_description":"[vc_row][vc_column width=&#8221;1\/2&#8243;][vc_custom_heading text=&#8221;M\u00e1y \u0111\u1ecdc m\u00e3 v\u1ea1ch DataMan 8600&#8243; use_theme_fonts=&#8221;yes&#8221;][vc_column_text]DataMan 8600 d\u01b0a tr\u00ean h\u00ecnh \u1ea3nh c\u1ee7a\u00a0 \u0110\u1ea7u \u0111\u1ecdc ID cung c\u1ea5p, c\u00f3 c\u00f4ng ngh\u1ec7 \u0111\u1ecdc m\u00e3 v\u1ea1ch ti\u00ean ti\u1ebfn nh\u1ea5t th\u1ebf gi\u1edbi \u0111\u1ec3 gi\u1ea3i m\u00e3 M\u00e3 ph\u1ea7n tr\u1ef1c ti\u1ebfp (DPM), m\u00e3 2D v\u00e0 1D v\u1edbi c\u00e1c k\u00edch c\u1ee1, ch\u1ea5t l\u01b0\u1ee3ng v\u00e0 ph\u01b0\u01a1ng ph\u00e1p in ho\u1eb7c \u0111\u00e1nh","og_url":"https:\/\/vuletech.com\/product\/dataman-8600\/","og_site_name":"V\u0169 L\u00ea Tech","article_modified_time":"2025-05-13T08:33:27+00:00","og_image":[{"width":1000,"height":562,"url":"https:\/\/vuletech.com\/wp-content\/uploads\/2020\/07\/Module-truyen-thong-cong-nghiep-doc-quyen.jpg","type":"image\/jpeg"}],"twitter_card":"summary_large_image","twitter_misc":{"Est. reading time":"5 minutes"},"schema":{"@context":"https:\/\/schema.org","@graph":[{"@type":"WebPage","@id":"https:\/\/vuletech.com\/product\/dataman-8600\/","url":"https:\/\/vuletech.com\/product\/dataman-8600\/","name":"DataMan 8600 - V\u0169 L\u00ea Tech","isPartOf":{"@id":"http:\/\/vuletech.com\/#website"},"primaryImageOfPage":{"@id":"https:\/\/vuletech.com\/product\/dataman-8600\/#primaryimage"},"image":{"@id":"https:\/\/vuletech.com\/product\/dataman-8600\/#primaryimage"},"thumbnailUrl":"https:\/\/vuletech.com\/wp-content\/uploads\/2020\/07\/Module-truyen-thong-cong-nghiep-doc-quyen.jpg","datePublished":"2025-05-13T08:32:31+00:00","dateModified":"2025-05-13T08:33:27+00:00","breadcrumb":{"@id":"https:\/\/vuletech.com\/product\/dataman-8600\/#breadcrumb"},"inLanguage":"en-US","potentialAction":[{"@type":"ReadAction","target":["https:\/\/vuletech.com\/product\/dataman-8600\/"]}]},{"@type":"ImageObject","inLanguage":"en-US","@id":"https:\/\/vuletech.com\/product\/dataman-8600\/#primaryimage","url":"https:\/\/vuletech.com\/wp-content\/uploads\/2020\/07\/Module-truyen-thong-cong-nghiep-doc-quyen.jpg","contentUrl":"https:\/\/vuletech.com\/wp-content\/uploads\/2020\/07\/Module-truyen-thong-cong-nghiep-doc-quyen.jpg","width":1000,"height":562,"caption":"dataman8600"},{"@type":"BreadcrumbList","@id":"https:\/\/vuletech.com\/product\/dataman-8600\/#breadcrumb","itemListElement":[{"@type":"ListItem","position":1,"name":"Home","item":"http:\/\/vuletech.com\/en\/"},{"@type":"ListItem","position":2,"name":"Product","item":"http:\/\/vuletech.com\/product\/"},{"@type":"ListItem","position":3,"name":"DataMan 8600"}]},{"@type":"WebSite","@id":"http:\/\/vuletech.com\/#website","url":"http:\/\/vuletech.com\/","name":"V\u0169 L\u00ea Tech","description":"Our Solution - Your Value","potentialAction":[{"@type":"SearchAction","target":{"@type":"EntryPoint","urlTemplate":"http:\/\/vuletech.com\/?s={search_term_string}"},"query-input":{"@type":"PropertyValueSpecification","valueRequired":true,"valueName":"search_term_string"}}],"inLanguage":"en-US"}]}},"_links":{"self":[{"href":"https:\/\/vuletech.com\/en\/wp-json\/wp\/v2\/product\/9654","targetHints":{"allow":["GET"]}}],"collection":[{"href":"https:\/\/vuletech.com\/en\/wp-json\/wp\/v2\/product"}],"about":[{"href":"https:\/\/vuletech.com\/en\/wp-json\/wp\/v2\/types\/product"}],"replies":[{"embeddable":true,"href":"https:\/\/vuletech.com\/en\/wp-json\/wp\/v2\/comments?post=9654"}],"wp:featuredmedia":[{"embeddable":true,"href":"https:\/\/vuletech.com\/en\/wp-json\/wp\/v2\/media\/1112"}],"wp:attachment":[{"href":"https:\/\/vuletech.com\/en\/wp-json\/wp\/v2\/media?parent=9654"}],"wp:term":[{"taxonomy":"product_brand","embeddable":true,"href":"https:\/\/vuletech.com\/en\/wp-json\/wp\/v2\/product_brand?post=9654"},{"taxonomy":"product_cat","embeddable":true,"href":"https:\/\/vuletech.com\/en\/wp-json\/wp\/v2\/product_cat?post=9654"},{"taxonomy":"product_tag","embeddable":true,"href":"https:\/\/vuletech.com\/en\/wp-json\/wp\/v2\/product_tag?post=9654"}],"curies":[{"name":"wp","href":"https:\/\/api.w.org\/{rel}","templated":true}]}}