{"id":9655,"date":"2025-05-13T15:32:31","date_gmt":"2025-05-13T08:32:31","guid":{"rendered":"https:\/\/vuletech.com\/product\/dataman-8050\/"},"modified":"2025-05-13T15:33:06","modified_gmt":"2025-05-13T08:33:06","slug":"dataman-8050","status":"publish","type":"product","link":"https:\/\/vuletech.com\/en\/product\/dataman-8050\/","title":{"rendered":"DataMan 8050"},"content":{"rendered":"<div class=\"wpb-content-wrapper\"><p>[vc_row css=&#8221;.vc_custom_1596784114672{padding-top: 50px !important;padding-bottom: 50px !important;}&#8221;][vc_column width=&#8221;1\/2&#8243;][vc_custom_heading text=&#8221;Dataman 8050 Series&#8221; use_theme_fonts=&#8221;yes&#8221;][vc_column_text]\u0110\u1ea7u \u0111\u1ecdc m\u00e3 v\u1ea1ch c\u1ea7m tay s\u00ea-ri DataMan 8050 \u0111\u01b0\u1ee3c trang b\u1ecb thu\u1eadt to\u00e1n gi\u1ea3i m\u00e3 \u0111\u1ec3 \u0111\u1ecdc m\u00e3 v\u1ea1ch 1D v\u00e0 2D bao g\u1ed3m c\u1ea3 m\u00e3 tr\u1ef1c ti\u1ebfp (DPM) trong m\u00f4i tr\u01b0\u1eddng s\u1ea3n xu\u1ea5t kh\u1eafc nghi\u1ec7t nh\u1ea5t. Thi\u1ebft k\u1ebf m\u00f4-\u0111un linh ho\u1ea1t \u0111\u1ea3m b\u1ea3o c\u00e1c \u0111\u1ea7u \u0111\u1ecdc s\u00ea-ri DataMan 8050 s\u1eb5n s\u00e0ng \u0111\u00e1p \u1ee9ng nhu c\u1ea7u\u00a0 lu\u00f4n thay \u0111\u1ed5i c\u1ee7a qu\u00fd doanh nghi\u1ec7p.[\/vc_column_text][\/vc_column][vc_column width=&#8221;1\/2&#8243;][vc_single_image image=&#8221;483&#8243; img_size=&#8221;full&#8221; alignment=&#8221;center&#8221;][\/vc_column][\/vc_row][vc_row full_width=&#8221;stretch_row&#8221; css=&#8221;.vc_custom_1596784182292{padding-top: 50px !important;padding-bottom: 50px !important;background-color: #f9f9f9 !important;}&#8221;][vc_column width=&#8221;1\/2&#8243;][vc_single_image image=&#8221;485&#8243; img_size=&#8221;full&#8221; alignment=&#8221;center&#8221;][\/vc_column][vc_column width=&#8221;1\/2&#8243;][vc_custom_heading text=&#8221;Truy\u1ec1n th\u00f4ng m\u00f4-\u0111un cho s\u1ef1 linh ho\u1ea1t t\u1ed1i \u0111a&#8221; use_theme_fonts=&#8221;yes&#8221;][vc_column_text]<\/p>\n<p style=\"background: white;\"><span style=\"color: black;\">Thi\u1ebft l\u1eadp tr\u1ef1c quan d\u1ec5 d\u00e0ng s\u1eed d\u1ee5ng cho ph\u00e9p ng\u01b0\u1eddi d\u00f9ng c\u00e0i \u0111\u1eb7t \u0111\u1ecbnh d\u1ea1ng d\u1eef li\u1ec7u v\u00e0 giao ti\u1ebfp cho nhi\u1ec1u \u1ee9ng d\u1ee5ng ph\u1ed5 bi\u1ebfn. C\u00e1c m\u00f4-\u0111un giao ti\u1ebfp c\u00f3 th\u1ec3 ho\u00e1n \u0111\u1ed5i tr\u01b0\u1eddng cho ph\u00e9p m\u1ed9t \u0111\u1ea7u \u0111\u1ecdc \u0111\u01b0\u1ee3c c\u1ea5u h\u00ecnh \u0111\u1ec3 \u0111\u00e1p \u1ee9ng c\u00e1c nhu c\u1ea7u giao ti\u1ebfp c\u1ee5 th\u1ec3 \u0111\u1ec3 h\u1ed7 tr\u1ee3 c\u00e1c t\u00f9y ch\u1ecdn RS-232, USB v\u00e0 Ethernet c\u00f3 d\u00e2y, c\u0169ng nh\u01b0 c\u00e1c t\u00f9y ch\u1ecdn kh\u00f4ng d\u00e2y bao g\u1ed3m Bluetooth v\u00e0 Wi-Fi.<\/span><\/p>\n<p>[\/vc_column_text][\/vc_column][\/vc_row][vc_row css=&#8221;.vc_custom_1596784114672{padding-top: 50px !important;padding-bottom: 50px !important;}&#8221;][vc_column width=&#8221;1\/2&#8243;][vc_custom_heading text=&#8221;Ki\u1ec3u d\u00e1ng c\u00f4ng nghi\u1ec7p b\u1ec1n ch\u1eafc&#8221; use_theme_fonts=&#8221;yes&#8221;][vc_column_text]<\/p>\n<p style=\"background: white;\"><span style=\"color: black;\">\u0110\u1ea7u \u0111\u1ecdc m\u00e3 v\u1ea1ch s\u00ea-ri DataMan 8050 \u0111\u01b0\u1ee3c ch\u1ebf t\u1ea1o \u0111\u1ec3 x\u1eed l\u00fd trong c\u00e1c m\u00f4i tr\u01b0\u1eddng kh\u1eafc nghi\u1ec7t nh\u1ea5t nh\u01b0 trong l\u1eafp r\u00e1p \u00f4 t\u00f4, s\u1ea3n xu\u1ea5t \u0111i\u1ec7n t\u1eed, v\u1eadn chuy\u1ec3n v\u00e0 nh\u1eadn, \u0111\u00f3ng g\u00f3i v\u00e0 c\u00e1c \u1ee9ng d\u1ee5ng h\u00e0ng kh\u00f4ng v\u0169 tr\u1ee5. C\u00e1c t\u00ednh n\u0103ng c\u00f4ng nghi\u1ec7p bao g\u1ed3m m\u00f3c d\u00e2y \u0111\u1ec3 g\u1eafn r\u00fat l\u1ea1i d\u1ec5 d\u00e0ng, b\u1ed9 ng\u1eafm t\u1eadp trung s\u00e1ng \u0111\u1ec3 nh\u1eafm m\u1ee5c ti\u00eau r\u00f5 r\u00e0ng, v\u00e0 ti\u1ebfng b\u00edp v\u00e0 \u0111\u00e8n b\u00e1o l\u1edbn cho ng\u01b0\u1eddi v\u1eadn h\u00e0nh.<\/span><\/p>\n<p>[\/vc_column_text][\/vc_column][vc_column width=&#8221;1\/2&#8243;][vc_single_image image=&#8221;484&#8243; img_size=&#8221;full&#8221; alignment=&#8221;center&#8221;][\/vc_column][\/vc_row][vc_row full_width=&#8221;stretch_row&#8221; css=&#8221;.vc_custom_1596784182292{padding-top: 50px !important;padding-bottom: 50px !important;background-color: #f9f9f9 !important;}&#8221;][vc_column width=&#8221;1\/2&#8243;][vc_single_image image=&#8221;482&#8243; img_size=&#8221;full&#8221; alignment=&#8221;center&#8221;][\/vc_column][vc_column width=&#8221;1\/2&#8243;][vc_custom_heading text=&#8221;T\u00f9y ch\u1ecdn nh\u00e0 \u1edf an to\u00e0n v\u1edbi v\u1eadt li\u1ec7u nh\u1ef1a&#8221; use_theme_fonts=&#8221;yes&#8221;][vc_column_text]Ph\u00f3ng t\u0129nh \u0111i\u1ec7n (ESD) l\u00e0 d\u00f2ng t\u0129nh \u0111i\u1ec7n \u0111\u1ed9t ng\u1ed9t gi\u1eefa hai v\u1eadt th\u1ec3, l\u00e0 m\u1ed1i \u0111e d\u1ecda t\u1ed1n k\u00e9m v\u00e0 nguy hi\u1ec3m \u0111\u1ed1i v\u1edbi m\u1ed9t lo\u1ea1t c\u00e1c ng\u00e0nh c\u00f4ng nghi\u1ec7p. Ch\u1ecdn c\u00e1c ki\u1ec3u m\u00e1y DataMan 8050 \u0111\u01b0\u1ee3c thi\u1ebft k\u1ebf v\u1edbi v\u1ecf b\u1ea3o v\u1ec7 ESD \u0111\u1ec3 tr\u00e1nh thi\u1ec7t h\u1ea1i t\u1ed1n k\u00e9m cho c\u00e1c b\u1ed9 ph\u1eadn v\u00e0 thi\u1ebft b\u1ecb \u0111i\u1ec7n t\u1eed.[\/vc_column_text][\/vc_column][\/vc_row]<\/p>\n<\/div>","protected":false},"excerpt":{"rendered":"<p>[vc_row css=&#8221;.vc_custom_1596784114672{padding-top: 50px !important;padding-bottom: 50px !important;}&#8221;][vc_column width=&#8221;1\/2&#8243;][vc_custom_heading text=&#8221;Dataman 8050 Series&#8221; use_theme_fonts=&#8221;yes&#8221;][vc_column_text]\u0110\u1ea7u \u0111\u1ecdc m\u00e3 v\u1ea1ch c\u1ea7m tay s\u00ea-ri DataMan 8050 \u0111\u01b0\u1ee3c trang b\u1ecb thu\u1eadt to\u00e1n gi\u1ea3i m\u00e3 \u0111\u1ec3 \u0111\u1ecdc m\u00e3 v\u1ea1ch 1D v\u00e0 2D bao g\u1ed3m c\u1ea3 m\u00e3 tr\u1ef1c ti\u1ebfp (DPM) trong m\u00f4i tr\u01b0\u1eddng s\u1ea3n xu\u1ea5t kh\u1eafc nghi\u1ec7t nh\u1ea5t. Thi\u1ebft k\u1ebf m\u00f4-\u0111un linh ho\u1ea1t \u0111\u1ea3m b\u1ea3o<\/p>\n","protected":false},"featured_media":485,"comment_status":"closed","ping_status":"closed","template":"","meta":[],"product_brand":[],"product_cat":[793,723],"product_tag":[],"class_list":{"0":"post-9655","1":"product","2":"type-product","3":"status-publish","4":"has-post-thumbnail","6":"product_cat-may-doc-ma-vach-cam-tay","7":"product_cat-vision-sensor","9":"first","10":"instock","11":"product-type-simple"},"acf":[],"yoast_head":"<!-- This site is optimized with the Yoast SEO plugin v25.1 - https:\/\/yoast.com\/wordpress\/plugins\/seo\/ -->\n<title>DataMan 8050 - V\u0169 L\u00ea Tech<\/title>\n<meta name=\"robots\" content=\"index, follow, max-snippet:-1, max-image-preview:large, max-video-preview:-1\" \/>\n<link rel=\"canonical\" href=\"https:\/\/vuletech.com\/product\/dataman-8050\/\" \/>\n<meta property=\"og:locale\" content=\"en_US\" \/>\n<meta property=\"og:type\" content=\"article\" \/>\n<meta property=\"og:title\" content=\"DataMan 8050 - V\u0169 L\u00ea Tech\" \/>\n<meta property=\"og:description\" content=\"[vc_row css=&#8221;.vc_custom_1596784114672{padding-top: 50px !important;padding-bottom: 50px !important;}&#8221;][vc_column width=&#8221;1\/2&#8243;][vc_custom_heading text=&#8221;Dataman 8050 Series&#8221; use_theme_fonts=&#8221;yes&#8221;][vc_column_text]\u0110\u1ea7u \u0111\u1ecdc m\u00e3 v\u1ea1ch c\u1ea7m tay s\u00ea-ri DataMan 8050 \u0111\u01b0\u1ee3c trang b\u1ecb thu\u1eadt to\u00e1n gi\u1ea3i m\u00e3 \u0111\u1ec3 \u0111\u1ecdc m\u00e3 v\u1ea1ch 1D v\u00e0 2D bao g\u1ed3m c\u1ea3 m\u00e3 tr\u1ef1c ti\u1ebfp (DPM) trong m\u00f4i tr\u01b0\u1eddng s\u1ea3n xu\u1ea5t kh\u1eafc nghi\u1ec7t nh\u1ea5t. Thi\u1ebft k\u1ebf m\u00f4-\u0111un linh ho\u1ea1t \u0111\u1ea3m b\u1ea3o\" \/>\n<meta property=\"og:url\" content=\"https:\/\/vuletech.com\/product\/dataman-8050\/\" \/>\n<meta property=\"og:site_name\" content=\"V\u0169 L\u00ea Tech\" \/>\n<meta property=\"article:modified_time\" content=\"2025-05-13T08:33:06+00:00\" \/>\n<meta property=\"og:image\" content=\"https:\/\/vuletech.com\/wp-content\/uploads\/2020\/08\/linh-ho\u1ea1t-t\u1ed1i-dda.jpg\" \/>\n\t<meta property=\"og:image:width\" content=\"1000\" \/>\n\t<meta property=\"og:image:height\" content=\"562\" \/>\n\t<meta property=\"og:image:type\" content=\"image\/jpeg\" \/>\n<meta name=\"twitter:card\" content=\"summary_large_image\" \/>\n<meta name=\"twitter:label1\" content=\"Est. reading time\" \/>\n\t<meta name=\"twitter:data1\" content=\"3 minutes\" \/>\n<script type=\"application\/ld+json\" class=\"yoast-schema-graph\">{\"@context\":\"https:\/\/schema.org\",\"@graph\":[{\"@type\":\"WebPage\",\"@id\":\"https:\/\/vuletech.com\/product\/dataman-8050\/\",\"url\":\"https:\/\/vuletech.com\/product\/dataman-8050\/\",\"name\":\"DataMan 8050 - V\u0169 L\u00ea Tech\",\"isPartOf\":{\"@id\":\"http:\/\/vuletech.com\/#website\"},\"primaryImageOfPage\":{\"@id\":\"https:\/\/vuletech.com\/product\/dataman-8050\/#primaryimage\"},\"image\":{\"@id\":\"https:\/\/vuletech.com\/product\/dataman-8050\/#primaryimage\"},\"thumbnailUrl\":\"https:\/\/vuletech.com\/wp-content\/uploads\/2020\/08\/linh-ho\u1ea1t-t\u1ed1i-dda.jpg\",\"datePublished\":\"2025-05-13T08:32:31+00:00\",\"dateModified\":\"2025-05-13T08:33:06+00:00\",\"breadcrumb\":{\"@id\":\"https:\/\/vuletech.com\/product\/dataman-8050\/#breadcrumb\"},\"inLanguage\":\"en-US\",\"potentialAction\":[{\"@type\":\"ReadAction\",\"target\":[\"https:\/\/vuletech.com\/product\/dataman-8050\/\"]}]},{\"@type\":\"ImageObject\",\"inLanguage\":\"en-US\",\"@id\":\"https:\/\/vuletech.com\/product\/dataman-8050\/#primaryimage\",\"url\":\"https:\/\/vuletech.com\/wp-content\/uploads\/2020\/08\/linh-ho\u1ea1t-t\u1ed1i-dda.jpg\",\"contentUrl\":\"https:\/\/vuletech.com\/wp-content\/uploads\/2020\/08\/linh-ho\u1ea1t-t\u1ed1i-dda.jpg\",\"width\":1000,\"height\":562},{\"@type\":\"BreadcrumbList\",\"@id\":\"https:\/\/vuletech.com\/product\/dataman-8050\/#breadcrumb\",\"itemListElement\":[{\"@type\":\"ListItem\",\"position\":1,\"name\":\"Home\",\"item\":\"http:\/\/vuletech.com\/en\/\"},{\"@type\":\"ListItem\",\"position\":2,\"name\":\"Product\",\"item\":\"http:\/\/vuletech.com\/product\/\"},{\"@type\":\"ListItem\",\"position\":3,\"name\":\"DataMan 8050\"}]},{\"@type\":\"WebSite\",\"@id\":\"http:\/\/vuletech.com\/#website\",\"url\":\"http:\/\/vuletech.com\/\",\"name\":\"V\u0169 L\u00ea Tech\",\"description\":\"Our Solution - Your Value\",\"potentialAction\":[{\"@type\":\"SearchAction\",\"target\":{\"@type\":\"EntryPoint\",\"urlTemplate\":\"http:\/\/vuletech.com\/?s={search_term_string}\"},\"query-input\":{\"@type\":\"PropertyValueSpecification\",\"valueRequired\":true,\"valueName\":\"search_term_string\"}}],\"inLanguage\":\"en-US\"}]}<\/script>\n<!-- \/ Yoast SEO plugin. -->","yoast_head_json":{"title":"DataMan 8050 - V\u0169 L\u00ea Tech","robots":{"index":"index","follow":"follow","max-snippet":"max-snippet:-1","max-image-preview":"max-image-preview:large","max-video-preview":"max-video-preview:-1"},"canonical":"https:\/\/vuletech.com\/product\/dataman-8050\/","og_locale":"en_US","og_type":"article","og_title":"DataMan 8050 - V\u0169 L\u00ea Tech","og_description":"[vc_row css=&#8221;.vc_custom_1596784114672{padding-top: 50px !important;padding-bottom: 50px !important;}&#8221;][vc_column width=&#8221;1\/2&#8243;][vc_custom_heading text=&#8221;Dataman 8050 Series&#8221; use_theme_fonts=&#8221;yes&#8221;][vc_column_text]\u0110\u1ea7u \u0111\u1ecdc m\u00e3 v\u1ea1ch c\u1ea7m tay s\u00ea-ri DataMan 8050 \u0111\u01b0\u1ee3c trang b\u1ecb thu\u1eadt to\u00e1n gi\u1ea3i m\u00e3 \u0111\u1ec3 \u0111\u1ecdc m\u00e3 v\u1ea1ch 1D v\u00e0 2D bao g\u1ed3m c\u1ea3 m\u00e3 tr\u1ef1c ti\u1ebfp (DPM) trong m\u00f4i tr\u01b0\u1eddng s\u1ea3n xu\u1ea5t kh\u1eafc nghi\u1ec7t nh\u1ea5t. Thi\u1ebft k\u1ebf m\u00f4-\u0111un linh ho\u1ea1t \u0111\u1ea3m b\u1ea3o","og_url":"https:\/\/vuletech.com\/product\/dataman-8050\/","og_site_name":"V\u0169 L\u00ea Tech","article_modified_time":"2025-05-13T08:33:06+00:00","og_image":[{"width":1000,"height":562,"url":"https:\/\/vuletech.com\/wp-content\/uploads\/2020\/08\/linh-ho\u1ea1t-t\u1ed1i-dda.jpg","type":"image\/jpeg"}],"twitter_card":"summary_large_image","twitter_misc":{"Est. reading time":"3 minutes"},"schema":{"@context":"https:\/\/schema.org","@graph":[{"@type":"WebPage","@id":"https:\/\/vuletech.com\/product\/dataman-8050\/","url":"https:\/\/vuletech.com\/product\/dataman-8050\/","name":"DataMan 8050 - V\u0169 L\u00ea Tech","isPartOf":{"@id":"http:\/\/vuletech.com\/#website"},"primaryImageOfPage":{"@id":"https:\/\/vuletech.com\/product\/dataman-8050\/#primaryimage"},"image":{"@id":"https:\/\/vuletech.com\/product\/dataman-8050\/#primaryimage"},"thumbnailUrl":"https:\/\/vuletech.com\/wp-content\/uploads\/2020\/08\/linh-ho\u1ea1t-t\u1ed1i-dda.jpg","datePublished":"2025-05-13T08:32:31+00:00","dateModified":"2025-05-13T08:33:06+00:00","breadcrumb":{"@id":"https:\/\/vuletech.com\/product\/dataman-8050\/#breadcrumb"},"inLanguage":"en-US","potentialAction":[{"@type":"ReadAction","target":["https:\/\/vuletech.com\/product\/dataman-8050\/"]}]},{"@type":"ImageObject","inLanguage":"en-US","@id":"https:\/\/vuletech.com\/product\/dataman-8050\/#primaryimage","url":"https:\/\/vuletech.com\/wp-content\/uploads\/2020\/08\/linh-ho\u1ea1t-t\u1ed1i-dda.jpg","contentUrl":"https:\/\/vuletech.com\/wp-content\/uploads\/2020\/08\/linh-ho\u1ea1t-t\u1ed1i-dda.jpg","width":1000,"height":562},{"@type":"BreadcrumbList","@id":"https:\/\/vuletech.com\/product\/dataman-8050\/#breadcrumb","itemListElement":[{"@type":"ListItem","position":1,"name":"Home","item":"http:\/\/vuletech.com\/en\/"},{"@type":"ListItem","position":2,"name":"Product","item":"http:\/\/vuletech.com\/product\/"},{"@type":"ListItem","position":3,"name":"DataMan 8050"}]},{"@type":"WebSite","@id":"http:\/\/vuletech.com\/#website","url":"http:\/\/vuletech.com\/","name":"V\u0169 L\u00ea Tech","description":"Our Solution - Your Value","potentialAction":[{"@type":"SearchAction","target":{"@type":"EntryPoint","urlTemplate":"http:\/\/vuletech.com\/?s={search_term_string}"},"query-input":{"@type":"PropertyValueSpecification","valueRequired":true,"valueName":"search_term_string"}}],"inLanguage":"en-US"}]}},"_links":{"self":[{"href":"https:\/\/vuletech.com\/en\/wp-json\/wp\/v2\/product\/9655","targetHints":{"allow":["GET"]}}],"collection":[{"href":"https:\/\/vuletech.com\/en\/wp-json\/wp\/v2\/product"}],"about":[{"href":"https:\/\/vuletech.com\/en\/wp-json\/wp\/v2\/types\/product"}],"replies":[{"embeddable":true,"href":"https:\/\/vuletech.com\/en\/wp-json\/wp\/v2\/comments?post=9655"}],"wp:featuredmedia":[{"embeddable":true,"href":"https:\/\/vuletech.com\/en\/wp-json\/wp\/v2\/media\/485"}],"wp:attachment":[{"href":"https:\/\/vuletech.com\/en\/wp-json\/wp\/v2\/media?parent=9655"}],"wp:term":[{"taxonomy":"product_brand","embeddable":true,"href":"https:\/\/vuletech.com\/en\/wp-json\/wp\/v2\/product_brand?post=9655"},{"taxonomy":"product_cat","embeddable":true,"href":"https:\/\/vuletech.com\/en\/wp-json\/wp\/v2\/product_cat?post=9655"},{"taxonomy":"product_tag","embeddable":true,"href":"https:\/\/vuletech.com\/en\/wp-json\/wp\/v2\/product_tag?post=9655"}],"curies":[{"name":"wp","href":"https:\/\/api.w.org\/{rel}","templated":true}]}}