{"id":9656,"date":"2025-05-13T15:32:31","date_gmt":"2025-05-13T08:32:31","guid":{"rendered":"https:\/\/vuletech.com\/product\/dataman-8070\/"},"modified":"2025-05-13T15:33:40","modified_gmt":"2025-05-13T08:33:40","slug":"dataman-8070","status":"publish","type":"product","link":"https:\/\/vuletech.com\/en\/product\/dataman-8070\/","title":{"rendered":"DataMan 8070"},"content":{"rendered":"<div class=\"wpb-content-wrapper\"><p>[vc_row][vc_column width=&#8221;1\/2&#8243;][vc_custom_heading text=&#8221;T\u00ednh n\u0103ng c\u1ee7a DataMan 8070&#8243; use_theme_fonts=&#8221;yes&#8221;][vc_column_text]S\u00ea-ri DataMan 8070 cung c\u1ea5p hi\u1ec7u su\u1ea5t \u0111\u1ecdc m\u00e3 v\u1ea1ch cao cho c\u00e1c \u1ee9ng d\u1ee5ng m\u00e3 d\u1ef1a tr\u00ean nh\u00e3n v\u00e0 m\u00e3 tr\u00ean nhi\u1ec1u b\u1ec1 m\u1eb7t v\u00e0 ph\u01b0\u01a1ng ph\u00e1p \u0111\u00e1nh d\u1ea5u r\u1ed9ng nh\u1ea5t. V\u1edbi c\u00f4ng ngh\u1ec7 m\u1edbi nh\u1ea5t \u0111\u01b0\u1ee3c c\u1ea5p b\u1eb1ng s\u00e1ng ch\u1ebf, c\u00e1c t\u00f9y ch\u1ecdn chi\u1ebfu s\u00e1ng ti\u00ean ti\u1ebfn s\u00ea-ri DataMan 8070 l\u00fd t\u01b0\u1edfng s\u1eed d\u1ee5ng trong ng\u00e0nh c\u00f4ng nghi\u1ec7p \u00f4 t\u00f4 , h\u00e0ng kh\u00f4ng v\u0169 tr\u1ee5, thi\u1ebft b\u1ecb y t\u1ebf v\u00e0 c\u00e1c \u1ee9ng d\u1ee5ng c\u00f4ng nghi\u1ec7p kho b\u00e3i.[\/vc_column_text][\/vc_column][vc_column width=&#8221;1\/2&#8243;][vc_single_image image=&#8221;1104&#8243; img_size=&#8221;full&#8221; alignment=&#8221;center&#8221;][\/vc_column][\/vc_row][vc_row][vc_column width=&#8221;1\/2&#8243;][vc_single_image image=&#8221;1105&#8243; img_size=&#8221;full&#8221; alignment=&#8221;center&#8221;][\/vc_column][vc_column width=&#8221;1\/2&#8243;][vc_custom_heading text=&#8221;C\u00e1c m\u00f4 h\u00ecnh DL v\u00e0 ER cung c\u1ea5p hi\u1ec7u su\u1ea5t cao&#8221; use_theme_fonts=&#8221;yes&#8221;][vc_column_text]<\/p>\n<p style=\"background: white;\"><span style=\"color: black;\">\u0110\u1ea7u \u0111\u1ecdc m\u00e3 v\u1ea1ch c\u1ea7m tay DataMan 8072DL (DPM Lite)<\/span><span style=\"color: black;\"> mang l\u1ea1i hi\u1ec7u su\u1ea5t \u0111\u1ecdc m\u00e3 v\u1ea1ch cao cho c\u00e1c m\u00e3 DPM kh\u00f3 \u0111\u1ecdc tr\u00ean c\u00e1c b\u1ec1 m\u1eb7t ph\u1eb3ng, c\u00f3 \u0111\u1ed9 ph\u1ea3n chi\u1ebfu cao. S\u1ea3n ph\u1ea9m c\u00f3 c\u00f4ng ngh\u1ec7 m\u1edbi nh\u1ea5t \u0111\u01b0\u1ee3c c\u1ea5p b\u1eb1ng s\u00e1ng ch\u1ebf v\u00e0 \u00e1nh s\u00e1ng v\u00e0 quang h\u1ecdc ti\u00ean ti\u1ebfn, l\u00fd t\u01b0\u1edfng cho c\u00e1c \u1ee9ng d\u1ee5ng c\u00f4ng nghi\u1ec7p \u00f4 t\u00f4, h\u00e0ng kh\u00f4ng v\u0169 tr\u1ee5 v\u00e0 thi\u1ebft b\u1ecb y t\u1ebf.<\/span><\/p>\n<p style=\"background: white;\"><span style=\"color: black;\">\u0110\u1ea7u \u0111\u1ecdc m\u00e3 v\u1ea1ch c\u1ea7m tay DataMan 8072ER (M\u1edf r\u1ed9ng ph\u1ea1m vi)<\/span><span style=\"color: black;\"> \u0111\u01b0\u1ee3c thi\u1ebft k\u1ebf cho c\u00e1c \u1ee9ng d\u1ee5ng kho b\u00e3i, \u0111\u00e1ng tin c\u1eady \u0111\u1ecdc m\u00e3 v\u1ea1ch d\u1ef1a tr\u00ean nh\u00e3n 1-D v\u00e0 2-D t\u1eeb c\u00e1ch xa \u0111\u1ebfn 8 m\u00e9t. S\u1ea3n ph\u1ea9m c\u00f3 c\u00e1c thu\u1eadt to\u00e1n \u0111\u01b0\u1ee3c c\u1ea5p b\u1eb1ng s\u00e1ng ch\u1ebf m\u1edbi nh\u1ea5t, c\u00f4ng ngh\u1ec7 \u1ed1ng k\u00ednh l\u1ecfng v\u00e0 \u0111\u00e8n chi\u1ebfu s\u00e1ng LED v\u00e0 \u0111\u00e8n laser c\u00f4ng su\u1ea5t cao \u0111\u1ec3 qu\u00e9t t\u1ea7m xa hi\u1ec7u qu\u1ea3.<\/span><\/p>\n<p>[\/vc_column_text][\/vc_column][\/vc_row][vc_row][vc_column width=&#8221;1\/2&#8243;][vc_custom_heading text=&#8221; M\u00f4-\u0111un cho ph\u00e9p t\u00edch h\u1ee3p d\u1ec5 d\u00e0ng&#8221; use_theme_fonts=&#8221;yes&#8221;][vc_column_text]<\/p>\n<p style=\"background: white;\"><span style=\"color: black;\">C\u00e1c m\u00f4-\u0111un giao ti\u1ebfp c\u00f3 th\u1ec3 ho\u00e1n \u0111\u1ed5i tr\u01b0\u1eddng d\u1ec5 d\u00e0ng t\u00edch h\u1ee3p v\u1edbi c\u00e1c m\u1ea1ng c\u1ee7a doanh nghi\u1ec7p, cho ph\u00e9p m\u1ed7i \u0111\u1ea7u \u0111\u1ecdc \u0111\u01b0\u1ee3c c\u1ea5u h\u00ecnh \u0111\u1ec3 \u0111\u00e1p \u1ee9ng c\u00e1c nhu c\u1ea7u giao ti\u1ebfp c\u1ee5 th\u1ec3. C\u00e1c t\u00f9y ch\u1ecdn c\u00f3 d\u00e2y RS-232, USB v\u00e0 Ethernet, c\u0169ng nh\u01b0 t\u00f9y ch\u1ecdn Bluetooth kh\u00f4ng d\u00e2y c\u00f3 s\u1eb5n cho \u0111\u1ea7u \u0111\u1ecdc m\u00e3 v\u1ea1ch c\u1ea7m tay DataMan 8070.<\/span><\/p>\n<p>[\/vc_column_text][\/vc_column][vc_column width=&#8221;1\/2&#8243;][vc_single_image image=&#8221;1106&#8243; img_size=&#8221;full&#8221; alignment=&#8221;center&#8221;][\/vc_column][\/vc_row]<\/p>\n<\/div>","protected":false},"excerpt":{"rendered":"<p>[vc_row][vc_column width=&#8221;1\/2&#8243;][vc_custom_heading text=&#8221;T\u00ednh n\u0103ng c\u1ee7a DataMan 8070&#8243; use_theme_fonts=&#8221;yes&#8221;][vc_column_text]S\u00ea-ri DataMan 8070 cung c\u1ea5p hi\u1ec7u su\u1ea5t \u0111\u1ecdc m\u00e3 v\u1ea1ch cao cho c\u00e1c \u1ee9ng d\u1ee5ng m\u00e3 d\u1ef1a tr\u00ean nh\u00e3n v\u00e0 m\u00e3 tr\u00ean nhi\u1ec1u b\u1ec1 m\u1eb7t v\u00e0 ph\u01b0\u01a1ng ph\u00e1p \u0111\u00e1nh d\u1ea5u r\u1ed9ng nh\u1ea5t. V\u1edbi c\u00f4ng ngh\u1ec7 m\u1edbi nh\u1ea5t \u0111\u01b0\u1ee3c c\u1ea5p b\u1eb1ng s\u00e1ng ch\u1ebf, c\u00e1c t\u00f9y ch\u1ecdn chi\u1ebfu s\u00e1ng ti\u00ean<\/p>\n","protected":false},"featured_media":1106,"comment_status":"closed","ping_status":"closed","template":"","meta":[],"product_brand":[],"product_cat":[793,723],"product_tag":[],"class_list":{"0":"post-9656","1":"product","2":"type-product","3":"status-publish","4":"has-post-thumbnail","6":"product_cat-may-doc-ma-vach-cam-tay","7":"product_cat-vision-sensor","9":"first","10":"instock","11":"product-type-simple"},"acf":[],"yoast_head":"<!-- This site is optimized with the Yoast SEO plugin v25.1 - https:\/\/yoast.com\/wordpress\/plugins\/seo\/ -->\n<title>DataMan 8070 - V\u0169 L\u00ea Tech<\/title>\n<meta name=\"robots\" content=\"index, follow, max-snippet:-1, max-image-preview:large, max-video-preview:-1\" \/>\n<link rel=\"canonical\" href=\"https:\/\/vuletech.com\/product\/dataman-8070\/\" \/>\n<meta property=\"og:locale\" content=\"en_US\" \/>\n<meta property=\"og:type\" content=\"article\" \/>\n<meta property=\"og:title\" content=\"DataMan 8070 - V\u0169 L\u00ea Tech\" \/>\n<meta property=\"og:description\" content=\"[vc_row][vc_column width=&#8221;1\/2&#8243;][vc_custom_heading text=&#8221;T\u00ednh n\u0103ng c\u1ee7a DataMan 8070&#8243; use_theme_fonts=&#8221;yes&#8221;][vc_column_text]S\u00ea-ri DataMan 8070 cung c\u1ea5p hi\u1ec7u su\u1ea5t \u0111\u1ecdc m\u00e3 v\u1ea1ch cao cho c\u00e1c \u1ee9ng d\u1ee5ng m\u00e3 d\u1ef1a tr\u00ean nh\u00e3n v\u00e0 m\u00e3 tr\u00ean nhi\u1ec1u b\u1ec1 m\u1eb7t v\u00e0 ph\u01b0\u01a1ng ph\u00e1p \u0111\u00e1nh d\u1ea5u r\u1ed9ng nh\u1ea5t. V\u1edbi c\u00f4ng ngh\u1ec7 m\u1edbi nh\u1ea5t \u0111\u01b0\u1ee3c c\u1ea5p b\u1eb1ng s\u00e1ng ch\u1ebf, c\u00e1c t\u00f9y ch\u1ecdn chi\u1ebfu s\u00e1ng ti\u00ean\" \/>\n<meta property=\"og:url\" content=\"https:\/\/vuletech.com\/product\/dataman-8070\/\" \/>\n<meta property=\"og:site_name\" content=\"V\u0169 L\u00ea Tech\" \/>\n<meta property=\"article:modified_time\" content=\"2025-05-13T08:33:40+00:00\" \/>\n<meta property=\"og:image\" content=\"https:\/\/vuletech.com\/wp-content\/uploads\/2020\/09\/tich-hop-de-dang.jpg\" \/>\n\t<meta property=\"og:image:width\" content=\"1000\" \/>\n\t<meta property=\"og:image:height\" content=\"562\" \/>\n\t<meta property=\"og:image:type\" content=\"image\/jpeg\" \/>\n<meta name=\"twitter:card\" content=\"summary_large_image\" \/>\n<meta name=\"twitter:label1\" content=\"Est. reading time\" \/>\n\t<meta name=\"twitter:data1\" content=\"3 minutes\" \/>\n<script type=\"application\/ld+json\" class=\"yoast-schema-graph\">{\"@context\":\"https:\/\/schema.org\",\"@graph\":[{\"@type\":\"WebPage\",\"@id\":\"https:\/\/vuletech.com\/product\/dataman-8070\/\",\"url\":\"https:\/\/vuletech.com\/product\/dataman-8070\/\",\"name\":\"DataMan 8070 - V\u0169 L\u00ea Tech\",\"isPartOf\":{\"@id\":\"http:\/\/vuletech.com\/#website\"},\"primaryImageOfPage\":{\"@id\":\"https:\/\/vuletech.com\/product\/dataman-8070\/#primaryimage\"},\"image\":{\"@id\":\"https:\/\/vuletech.com\/product\/dataman-8070\/#primaryimage\"},\"thumbnailUrl\":\"https:\/\/vuletech.com\/wp-content\/uploads\/2020\/09\/tich-hop-de-dang.jpg\",\"datePublished\":\"2025-05-13T08:32:31+00:00\",\"dateModified\":\"2025-05-13T08:33:40+00:00\",\"breadcrumb\":{\"@id\":\"https:\/\/vuletech.com\/product\/dataman-8070\/#breadcrumb\"},\"inLanguage\":\"en-US\",\"potentialAction\":[{\"@type\":\"ReadAction\",\"target\":[\"https:\/\/vuletech.com\/product\/dataman-8070\/\"]}]},{\"@type\":\"ImageObject\",\"inLanguage\":\"en-US\",\"@id\":\"https:\/\/vuletech.com\/product\/dataman-8070\/#primaryimage\",\"url\":\"https:\/\/vuletech.com\/wp-content\/uploads\/2020\/09\/tich-hop-de-dang.jpg\",\"contentUrl\":\"https:\/\/vuletech.com\/wp-content\/uploads\/2020\/09\/tich-hop-de-dang.jpg\",\"width\":1000,\"height\":562,\"caption\":\"dataman 8070\"},{\"@type\":\"BreadcrumbList\",\"@id\":\"https:\/\/vuletech.com\/product\/dataman-8070\/#breadcrumb\",\"itemListElement\":[{\"@type\":\"ListItem\",\"position\":1,\"name\":\"Home\",\"item\":\"http:\/\/vuletech.com\/en\/\"},{\"@type\":\"ListItem\",\"position\":2,\"name\":\"Product\",\"item\":\"http:\/\/vuletech.com\/product\/\"},{\"@type\":\"ListItem\",\"position\":3,\"name\":\"DataMan 8070\"}]},{\"@type\":\"WebSite\",\"@id\":\"http:\/\/vuletech.com\/#website\",\"url\":\"http:\/\/vuletech.com\/\",\"name\":\"V\u0169 L\u00ea Tech\",\"description\":\"Our Solution - Your Value\",\"potentialAction\":[{\"@type\":\"SearchAction\",\"target\":{\"@type\":\"EntryPoint\",\"urlTemplate\":\"http:\/\/vuletech.com\/?s={search_term_string}\"},\"query-input\":{\"@type\":\"PropertyValueSpecification\",\"valueRequired\":true,\"valueName\":\"search_term_string\"}}],\"inLanguage\":\"en-US\"}]}<\/script>\n<!-- \/ Yoast SEO plugin. -->","yoast_head_json":{"title":"DataMan 8070 - V\u0169 L\u00ea Tech","robots":{"index":"index","follow":"follow","max-snippet":"max-snippet:-1","max-image-preview":"max-image-preview:large","max-video-preview":"max-video-preview:-1"},"canonical":"https:\/\/vuletech.com\/product\/dataman-8070\/","og_locale":"en_US","og_type":"article","og_title":"DataMan 8070 - V\u0169 L\u00ea Tech","og_description":"[vc_row][vc_column width=&#8221;1\/2&#8243;][vc_custom_heading text=&#8221;T\u00ednh n\u0103ng c\u1ee7a DataMan 8070&#8243; use_theme_fonts=&#8221;yes&#8221;][vc_column_text]S\u00ea-ri DataMan 8070 cung c\u1ea5p hi\u1ec7u su\u1ea5t \u0111\u1ecdc m\u00e3 v\u1ea1ch cao cho c\u00e1c \u1ee9ng d\u1ee5ng m\u00e3 d\u1ef1a tr\u00ean nh\u00e3n v\u00e0 m\u00e3 tr\u00ean nhi\u1ec1u b\u1ec1 m\u1eb7t v\u00e0 ph\u01b0\u01a1ng ph\u00e1p \u0111\u00e1nh d\u1ea5u r\u1ed9ng nh\u1ea5t. V\u1edbi c\u00f4ng ngh\u1ec7 m\u1edbi nh\u1ea5t \u0111\u01b0\u1ee3c c\u1ea5p b\u1eb1ng s\u00e1ng ch\u1ebf, c\u00e1c t\u00f9y ch\u1ecdn chi\u1ebfu s\u00e1ng ti\u00ean","og_url":"https:\/\/vuletech.com\/product\/dataman-8070\/","og_site_name":"V\u0169 L\u00ea Tech","article_modified_time":"2025-05-13T08:33:40+00:00","og_image":[{"width":1000,"height":562,"url":"https:\/\/vuletech.com\/wp-content\/uploads\/2020\/09\/tich-hop-de-dang.jpg","type":"image\/jpeg"}],"twitter_card":"summary_large_image","twitter_misc":{"Est. reading time":"3 minutes"},"schema":{"@context":"https:\/\/schema.org","@graph":[{"@type":"WebPage","@id":"https:\/\/vuletech.com\/product\/dataman-8070\/","url":"https:\/\/vuletech.com\/product\/dataman-8070\/","name":"DataMan 8070 - V\u0169 L\u00ea Tech","isPartOf":{"@id":"http:\/\/vuletech.com\/#website"},"primaryImageOfPage":{"@id":"https:\/\/vuletech.com\/product\/dataman-8070\/#primaryimage"},"image":{"@id":"https:\/\/vuletech.com\/product\/dataman-8070\/#primaryimage"},"thumbnailUrl":"https:\/\/vuletech.com\/wp-content\/uploads\/2020\/09\/tich-hop-de-dang.jpg","datePublished":"2025-05-13T08:32:31+00:00","dateModified":"2025-05-13T08:33:40+00:00","breadcrumb":{"@id":"https:\/\/vuletech.com\/product\/dataman-8070\/#breadcrumb"},"inLanguage":"en-US","potentialAction":[{"@type":"ReadAction","target":["https:\/\/vuletech.com\/product\/dataman-8070\/"]}]},{"@type":"ImageObject","inLanguage":"en-US","@id":"https:\/\/vuletech.com\/product\/dataman-8070\/#primaryimage","url":"https:\/\/vuletech.com\/wp-content\/uploads\/2020\/09\/tich-hop-de-dang.jpg","contentUrl":"https:\/\/vuletech.com\/wp-content\/uploads\/2020\/09\/tich-hop-de-dang.jpg","width":1000,"height":562,"caption":"dataman 8070"},{"@type":"BreadcrumbList","@id":"https:\/\/vuletech.com\/product\/dataman-8070\/#breadcrumb","itemListElement":[{"@type":"ListItem","position":1,"name":"Home","item":"http:\/\/vuletech.com\/en\/"},{"@type":"ListItem","position":2,"name":"Product","item":"http:\/\/vuletech.com\/product\/"},{"@type":"ListItem","position":3,"name":"DataMan 8070"}]},{"@type":"WebSite","@id":"http:\/\/vuletech.com\/#website","url":"http:\/\/vuletech.com\/","name":"V\u0169 L\u00ea Tech","description":"Our Solution - Your Value","potentialAction":[{"@type":"SearchAction","target":{"@type":"EntryPoint","urlTemplate":"http:\/\/vuletech.com\/?s={search_term_string}"},"query-input":{"@type":"PropertyValueSpecification","valueRequired":true,"valueName":"search_term_string"}}],"inLanguage":"en-US"}]}},"_links":{"self":[{"href":"https:\/\/vuletech.com\/en\/wp-json\/wp\/v2\/product\/9656","targetHints":{"allow":["GET"]}}],"collection":[{"href":"https:\/\/vuletech.com\/en\/wp-json\/wp\/v2\/product"}],"about":[{"href":"https:\/\/vuletech.com\/en\/wp-json\/wp\/v2\/types\/product"}],"replies":[{"embeddable":true,"href":"https:\/\/vuletech.com\/en\/wp-json\/wp\/v2\/comments?post=9656"}],"wp:featuredmedia":[{"embeddable":true,"href":"https:\/\/vuletech.com\/en\/wp-json\/wp\/v2\/media\/1106"}],"wp:attachment":[{"href":"https:\/\/vuletech.com\/en\/wp-json\/wp\/v2\/media?parent=9656"}],"wp:term":[{"taxonomy":"product_brand","embeddable":true,"href":"https:\/\/vuletech.com\/en\/wp-json\/wp\/v2\/product_brand?post=9656"},{"taxonomy":"product_cat","embeddable":true,"href":"https:\/\/vuletech.com\/en\/wp-json\/wp\/v2\/product_cat?post=9656"},{"taxonomy":"product_tag","embeddable":true,"href":"https:\/\/vuletech.com\/en\/wp-json\/wp\/v2\/product_tag?post=9656"}],"curies":[{"name":"wp","href":"https:\/\/api.w.org\/{rel}","templated":true}]}}