{"id":9657,"date":"2025-05-13T15:32:31","date_gmt":"2025-05-13T08:32:31","guid":{"rendered":"https:\/\/vuletech.com\/product\/dataman-8700\/"},"modified":"2025-05-13T15:33:17","modified_gmt":"2025-05-13T08:33:17","slug":"dataman-8700","status":"publish","type":"product","link":"https:\/\/vuletech.com\/en\/product\/dataman-8700\/","title":{"rendered":"DataMan 8700"},"content":{"rendered":"<div class=\"wpb-content-wrapper\"><p>[vc_row][vc_column width=&#8221;1\/2&#8243;][vc_custom_heading text=&#8221;T\u00ednh n\u0103ng c\u1ee7a DataMan 8700&#8243; use_theme_fonts=&#8221;yes&#8221;][vc_column_text]M\u00f4i tr\u01b0\u1eddng s\u1ea3n xu\u1ea5t trong c\u00e1c ng\u00e0nh c\u00f4ng nghi\u1ec7p \u00f4 t\u00f4, thi\u1ebft b\u1ecb y t\u1ebf, \u0111i\u1ec7n t\u1eed, h\u00e0ng kh\u00f4ng v\u0169 tr\u1ee5 v\u00e0 b\u1ea3o m\u1eadt s\u1ea3n ph\u1ea9m \u0111\u00f2i h\u1ecfi c\u00f4ng ngh\u1ec7 \u0111\u1ecdc m\u00e3 v\u1ea1ch ch\u1eafc ch\u1eafn, hi\u1ec7u su\u1ea5t cao v\u00e0 d\u1ec5 s\u1eed d\u1ee5ng \u0111\u1ec3 \u0111\u1ea3m b\u1ea3o kh\u1ea3 n\u0103ng truy xu\u1ea5t ngu\u1ed3n g\u1ed1c v\u00e0 n\u0103ng su\u1ea5t linh ki\u1ec7n h\u00e0ng \u0111\u1ea7u.\u00a0M\u00e1y \u0111\u1ecdc m\u00e3 v\u1ea1ch c\u1ea7m tay DataMan d\u00f2ng 8700 gi\u1ea3i m\u00e3 d\u1ea5u b\u1ed9 ph\u1eadn tr\u1ef1c ti\u1ebfp kh\u00f3 nh\u1ea5t (DPM) v\u00e0 m\u00e3 d\u1ef1a tr\u00ean nh\u00e3n trong khi ch\u1ecbu \u0111\u01b0\u1ee3c d\u1ea7u, b\u1ee5i b\u1ea9n v\u00e0 n\u01b0\u1edbc kh\u1eafc nghi\u1ec7t.\u00a0M\u00e0n h\u00ecnh hi\u1ec3n th\u1ecb t\u00edch h\u1ee3p cho ph\u00e9p thi\u1ebft l\u1eadp v\u00e0 ph\u1ea3n h\u1ed3i ng\u01b0\u1eddi v\u1eadn h\u00e0nh nhanh ch\u00f3ng, \u0111\u1ed3ng th\u1eddi \u0111\u1ea7u \u0111\u1ecdc h\u1ed7 tr\u1ee3 nhi\u1ec1u lo\u1ea1i giao th\u1ee9c v\u00e0 th\u00f4ng tin li\u00ean l\u1ea1c c\u00f4ng nghi\u1ec7p \u0111\u1ec3 k\u1ebft n\u1ed1i v\u00e0 ho\u1ea1t \u0111\u1ed9ng hi\u1ec7u qu\u1ea3 trong m\u1ecdi c\u01a1 s\u1edf.[\/vc_column_text][\/vc_column][vc_column width=&#8221;1\/2&#8243;][vc_column_text]<\/p>\n<p><a href=\"https:\/\/youtu.be\/T1s1b9me4Mc\">https:\/\/youtu.be\/T1s1b9me4Mc<\/a><\/p>\n<p>[\/vc_column_text][\/vc_column][\/vc_row][vc_row][vc_column width=&#8221;1\/2&#8243;][vc_single_image image=&#8221;1121&#8243; img_size=&#8221;full&#8221; alignment=&#8221;center&#8221;][\/vc_column][vc_column width=&#8221;1\/2&#8243;][vc_custom_heading text=&#8221;V\u1ecf ch\u1ed1ng th\u1ea5m d\u1ea7u v\u00e0 n\u01b0\u1edbc&#8221; use_theme_fonts=&#8221;yes&#8221;][vc_column_text]Tr\u01b0\u1edbc \u0111\u00e2y, d\u1ea7u v\u00e0 ch\u1ea5t l\u1ecfng \u1edf m\u00f4i tr\u01b0\u1eddng xung quanh \u0111\u00e3 nhanh ch\u00f3ng l\u00e0m h\u1ecfng m\u00e1y qu\u00e9t m\u00e3 v\u1ea1ch, nh\u01b0ng m\u00e1y \u0111\u1ecdc m\u00e3 v\u1ea1ch DataMan 8700 \u0111\u01b0\u1ee3c ch\u1ebf t\u1ea1o \u0111\u1ec3 ho\u1ea1t \u0111\u1ed9ng b\u1ec1n b\u1ec9 trong m\u00f4i tr\u01b0\u1eddng kh\u1eafc nghi\u1ec7t nh\u1ea5t. V\u1ecf c\u00f3 ch\u1ec9 s\u1ed1 b\u1ea3o v\u1ec7 IP l\u00e0 IP67 v\u00e0 \u0111\u00e1p \u1ee9ng ti\u00eau chu\u1ea9n d\u1ea7u ISO 16750-5 v\u1ec1 kh\u1ea3 n\u0103ng ch\u1ed1ng d\u1ea7u. S\u1ea3n ph\u1ea9m c\u00f3 th\u1ec3 ch\u00ecm trong m\u1ed9t m\u00e9t n\u01b0\u1edbc m\u00e0 kh\u00f4ng g\u00e2y h\u01b0 h\u1ea1i v\u00e0 ch\u1ecbu \u0111\u01b0\u1ee3c nhi\u1ec1u l\u1ea7n r\u01a1i t\u1eeb 2,5 m\u00e9t xu\u1ed1ng b\u00ea t\u00f4ng.[\/vc_column_text][\/vc_column][\/vc_row][vc_row][vc_column width=&#8221;1\/2&#8243;][vc_custom_heading text=&#8221;Hi\u1ec7u su\u1ea5t \u0111\u1ecdc cao c\u1ea5p t\u00ednh b\u1eb1ng mili gi\u00e2y&#8221; use_theme_fonts=&#8221;yes&#8221;][vc_column_text]<\/p>\n<p style=\"background: white;\"><span style=\"font-family: 'Arial','sans-serif'; color: black;\">M\u1eabu DataMan 8700DX \u0111\u01b0\u1ee3c trang b\u1ecb c\u00e1c thu\u1eadt to\u00e1n gi\u1ea3i m\u00e3 m\u1edbi nh\u1ea5t \u0111\u00e3 \u0111\u01b0\u1ee3c c\u1ea5p b\u1eb1ng s\u00e1ng ch\u1ebf, c\u00f4ng ngh\u1ec7 HDR, th\u1ea5u k\u00ednh ch\u1ea5t l\u1ecfng\u00a0v\u00e0 b\u1ed9 x\u1eed l\u00fd \u0111a l\u00f5i \u0111\u1ec3 \u0111\u1ecdc m\u00e3 trong th\u1eddi gian d\u01b0\u1edbi 150 mili gi\u00e2y.\u00a0T\u00edch h\u1ee3p khu\u1ebfch t\u00e1n, ph\u00e2n c\u1ef1c v\u00e0 chi\u1ebfu s\u00e1ng tr\u1ef1c ti\u1ebfp cho ph\u00e9p t\u1ea1o h\u00ecnh \u1ea3nh v\u01b0\u1ee3t tr\u1ed9i \u0111\u1ec3 \u0111\u1ecdc c\u00e1c m\u00e3 ch\u1ea5m peen, kh\u1eafc laser v\u00e0 d\u1ef1a tr\u00ean nh\u00e3n tr\u00ean c\u00e1c b\u1ec1 m\u1eb7t th\u00e1ch th\u1ee9c (s\u00e1ng b\u00f3ng, h\u00ecnh tr\u1ee5, t\u1ed1i) m\u00e0 kh\u00f4ng c\u00f3 b\u1ea5t k\u1ef3 \u0111i\u1ec3m n\u00f3ng n\u00e0o.<\/span><\/p>\n<p>[\/vc_column_text][\/vc_column][vc_column width=&#8221;1\/2&#8243;][vc_single_image image=&#8221;1119&#8243; img_size=&#8221;full&#8221; alignment=&#8221;center&#8221;][\/vc_column][\/vc_row][vc_row][vc_column width=&#8221;1\/2&#8243;][vc_single_image image=&#8221;1120&#8243; img_size=&#8221;full&#8221; alignment=&#8221;center&#8221;][\/vc_column][vc_column width=&#8221;1\/2&#8243;][vc_custom_heading text=&#8221;M\u00e0n h\u00ecnh hi\u1ec3n th\u1ecb OLED gi\u00fap thi\u1ebft l\u1eadp d\u1ec5 d\u00e0ng&#8221; use_theme_fonts=&#8221;yes&#8221;][vc_column_text]DataMan 8700 cung c\u1ea5p m\u00e0n h\u00ecnh hi\u1ec3n th\u1ecb OLED \u0111\u1ea7u ti\u00ean gi\u00fap thi\u1ebft l\u1eadp d\u1ec5 d\u00e0ng v\u00e0 cung c\u1ea5p cho doanh nghi\u1ec7p ph\u1ea3n h\u1ed3i nhanh ch\u00f3ng v\u00e0 tr\u1ef1c quan m\u00e0 kh\u00f4ng c\u1ea7n k\u1ebft n\u1ed1i v\u1edbi PC.<\/p>\n<ul>\n<li>Thi\u1ebft l\u1eadp tr\u00ecnh \u0111\u1ecdc b\u1eb1ng c\u00e1c n\u00fat c\u1ee7a c\u1ea5u h\u00ecnh b\u00ean d\u01b0\u1edbi m\u00e0n h\u00ecnh<\/li>\n<li>Xem t\u00edn hi\u1ec7u kh\u00f4ng d\u00e2y (wifi, Bluetooth) \u0111\u1ec3 \u0111\u1ea3m b\u1ea3o \u0111\u1ea7u \u0111\u1ecdc n\u1eb1m trong ph\u1ea1m vi ph\u1ee7 s\u00f3ng<\/li>\n<li>Theo d\u00f5i th\u1eddi l\u01b0\u1ee3ng pin \u0111\u1ec3 \u0111\u1ea7u \u0111\u1ecdc kh\u00f4ng b\u1ecb t\u1eaft ngu\u1ed3n.<\/li>\n<li>Xem l\u1ea1i d\u1eef li\u1ec7u m\u00e3 \u0111\u1ec3 \u0111\u1ea3m b\u1ea3o \u0111\u1ecdc th\u00e0nh c\u00f4ng<\/li>\n<\/ul>\n<p>[\/vc_column_text][\/vc_column][\/vc_row][vc_row][vc_column width=&#8221;1\/2&#8243;][vc_custom_heading text=&#8221;H\u1ed7 tr\u1ee3 nhi\u1ec1u c\u00e1ch th\u1ee9c giao ti\u1ebfp&#8221; use_theme_fonts=&#8221;yes&#8221;][vc_column_text]<\/p>\n<p style=\"background: white;\"><span style=\"font-family: 'Arial','sans-serif'; color: black;\">C\u00e1c giao th\u1ee9c c\u00f4ng nghi\u1ec7p t\u00edch h\u1ee3p cho ph\u00e9p m\u00e1y \u0111\u1ecdc m\u00e3 v\u1ea1ch DataMan 8700 d\u1ec5 d\u00e0ng k\u1ebft n\u1ed1i v\u1edbi PLC v\u00e0 m\u1ea1ng nh\u00e0 m\u00e1y. DataMan 8700 h\u1ed7 tr\u1ee3 nhi\u1ec1u t\u00f9y ch\u1ecdn giao ti\u1ebfp h\u01a1n bao gi\u1edd h\u1ebft bao g\u1ed3m Wi-Fi 5 GHz v\u00e0 2,4 GHz, Bluetooth 4.2 v\u00e0 t\u00f9y ch\u1ecdn c\u00f3 d\u00e2y. Cho ph\u00e9p k\u1ebft n\u1ed1i tr\u1ef1c ti\u1ebfp v\u1edbi m\u00e1y t\u00ednh, m\u00e1y t\u00ednh b\u1ea3ng v\u00e0 \u0111i\u1ec7n tho\u1ea1i.<\/span><\/p>\n<p>[\/vc_column_text][\/vc_column][vc_column width=&#8221;1\/2&#8243;][vc_single_image image=&#8221;1118&#8243; img_size=&#8221;full&#8221; alignment=&#8221;center&#8221;][\/vc_column][\/vc_row]<\/p>\n<\/div>","protected":false},"excerpt":{"rendered":"<p>[vc_row][vc_column width=&#8221;1\/2&#8243;][vc_custom_heading text=&#8221;T\u00ednh n\u0103ng c\u1ee7a DataMan 8700&#8243; use_theme_fonts=&#8221;yes&#8221;][vc_column_text]M\u00f4i tr\u01b0\u1eddng s\u1ea3n xu\u1ea5t trong c\u00e1c ng\u00e0nh c\u00f4ng nghi\u1ec7p \u00f4 t\u00f4, thi\u1ebft b\u1ecb y t\u1ebf, \u0111i\u1ec7n t\u1eed, h\u00e0ng kh\u00f4ng v\u0169 tr\u1ee5 v\u00e0 b\u1ea3o m\u1eadt s\u1ea3n ph\u1ea9m \u0111\u00f2i h\u1ecfi c\u00f4ng ngh\u1ec7 \u0111\u1ecdc m\u00e3 v\u1ea1ch ch\u1eafc ch\u1eafn, hi\u1ec7u su\u1ea5t cao v\u00e0 d\u1ec5 s\u1eed d\u1ee5ng \u0111\u1ec3 \u0111\u1ea3m b\u1ea3o kh\u1ea3 n\u0103ng truy<\/p>\n","protected":false},"featured_media":1121,"comment_status":"closed","ping_status":"closed","template":"","meta":[],"product_brand":[],"product_cat":[793,723],"product_tag":[],"class_list":{"0":"post-9657","1":"product","2":"type-product","3":"status-publish","4":"has-post-thumbnail","6":"product_cat-may-doc-ma-vach-cam-tay","7":"product_cat-vision-sensor","9":"first","10":"instock","11":"product-type-simple"},"acf":[],"yoast_head":"<!-- This site is optimized with the Yoast SEO plugin v25.1 - https:\/\/yoast.com\/wordpress\/plugins\/seo\/ -->\n<title>DataMan 8700 - V\u0169 L\u00ea Tech<\/title>\n<meta name=\"robots\" content=\"index, follow, max-snippet:-1, max-image-preview:large, max-video-preview:-1\" \/>\n<link rel=\"canonical\" href=\"https:\/\/vuletech.com\/product\/dataman-8700\/\" \/>\n<meta property=\"og:locale\" content=\"en_US\" \/>\n<meta property=\"og:type\" content=\"article\" \/>\n<meta property=\"og:title\" content=\"DataMan 8700 - V\u0169 L\u00ea Tech\" \/>\n<meta property=\"og:description\" content=\"[vc_row][vc_column width=&#8221;1\/2&#8243;][vc_custom_heading text=&#8221;T\u00ednh n\u0103ng c\u1ee7a DataMan 8700&#8243; use_theme_fonts=&#8221;yes&#8221;][vc_column_text]M\u00f4i tr\u01b0\u1eddng s\u1ea3n xu\u1ea5t trong c\u00e1c ng\u00e0nh c\u00f4ng nghi\u1ec7p \u00f4 t\u00f4, thi\u1ebft b\u1ecb y t\u1ebf, \u0111i\u1ec7n t\u1eed, h\u00e0ng kh\u00f4ng v\u0169 tr\u1ee5 v\u00e0 b\u1ea3o m\u1eadt s\u1ea3n ph\u1ea9m \u0111\u00f2i h\u1ecfi c\u00f4ng ngh\u1ec7 \u0111\u1ecdc m\u00e3 v\u1ea1ch ch\u1eafc ch\u1eafn, hi\u1ec7u su\u1ea5t cao v\u00e0 d\u1ec5 s\u1eed d\u1ee5ng \u0111\u1ec3 \u0111\u1ea3m b\u1ea3o kh\u1ea3 n\u0103ng truy\" \/>\n<meta property=\"og:url\" content=\"https:\/\/vuletech.com\/product\/dataman-8700\/\" \/>\n<meta property=\"og:site_name\" content=\"V\u0169 L\u00ea Tech\" \/>\n<meta property=\"article:modified_time\" content=\"2025-05-13T08:33:17+00:00\" \/>\n<meta property=\"og:image\" content=\"https:\/\/vuletech.com\/wp-content\/uploads\/2020\/09\/Vo-chong-tham-dau-va-nuoc-manh-me.jpg\" \/>\n\t<meta property=\"og:image:width\" content=\"750\" \/>\n\t<meta property=\"og:image:height\" content=\"500\" \/>\n\t<meta property=\"og:image:type\" content=\"image\/jpeg\" \/>\n<meta name=\"twitter:card\" content=\"summary_large_image\" \/>\n<meta name=\"twitter:label1\" content=\"Est. reading time\" \/>\n\t<meta name=\"twitter:data1\" content=\"5 minutes\" \/>\n<script type=\"application\/ld+json\" class=\"yoast-schema-graph\">{\"@context\":\"https:\/\/schema.org\",\"@graph\":[{\"@type\":\"WebPage\",\"@id\":\"https:\/\/vuletech.com\/product\/dataman-8700\/\",\"url\":\"https:\/\/vuletech.com\/product\/dataman-8700\/\",\"name\":\"DataMan 8700 - V\u0169 L\u00ea Tech\",\"isPartOf\":{\"@id\":\"http:\/\/vuletech.com\/#website\"},\"primaryImageOfPage\":{\"@id\":\"https:\/\/vuletech.com\/product\/dataman-8700\/#primaryimage\"},\"image\":{\"@id\":\"https:\/\/vuletech.com\/product\/dataman-8700\/#primaryimage\"},\"thumbnailUrl\":\"https:\/\/vuletech.com\/wp-content\/uploads\/2020\/09\/Vo-chong-tham-dau-va-nuoc-manh-me.jpg\",\"datePublished\":\"2025-05-13T08:32:31+00:00\",\"dateModified\":\"2025-05-13T08:33:17+00:00\",\"breadcrumb\":{\"@id\":\"https:\/\/vuletech.com\/product\/dataman-8700\/#breadcrumb\"},\"inLanguage\":\"en-US\",\"potentialAction\":[{\"@type\":\"ReadAction\",\"target\":[\"https:\/\/vuletech.com\/product\/dataman-8700\/\"]}]},{\"@type\":\"ImageObject\",\"inLanguage\":\"en-US\",\"@id\":\"https:\/\/vuletech.com\/product\/dataman-8700\/#primaryimage\",\"url\":\"https:\/\/vuletech.com\/wp-content\/uploads\/2020\/09\/Vo-chong-tham-dau-va-nuoc-manh-me.jpg\",\"contentUrl\":\"https:\/\/vuletech.com\/wp-content\/uploads\/2020\/09\/Vo-chong-tham-dau-va-nuoc-manh-me.jpg\",\"width\":750,\"height\":500,\"caption\":\"dataman8700\"},{\"@type\":\"BreadcrumbList\",\"@id\":\"https:\/\/vuletech.com\/product\/dataman-8700\/#breadcrumb\",\"itemListElement\":[{\"@type\":\"ListItem\",\"position\":1,\"name\":\"Home\",\"item\":\"http:\/\/vuletech.com\/en\/\"},{\"@type\":\"ListItem\",\"position\":2,\"name\":\"Product\",\"item\":\"http:\/\/vuletech.com\/product\/\"},{\"@type\":\"ListItem\",\"position\":3,\"name\":\"DataMan 8700\"}]},{\"@type\":\"WebSite\",\"@id\":\"http:\/\/vuletech.com\/#website\",\"url\":\"http:\/\/vuletech.com\/\",\"name\":\"V\u0169 L\u00ea Tech\",\"description\":\"Our Solution - Your Value\",\"potentialAction\":[{\"@type\":\"SearchAction\",\"target\":{\"@type\":\"EntryPoint\",\"urlTemplate\":\"http:\/\/vuletech.com\/?s={search_term_string}\"},\"query-input\":{\"@type\":\"PropertyValueSpecification\",\"valueRequired\":true,\"valueName\":\"search_term_string\"}}],\"inLanguage\":\"en-US\"}]}<\/script>\n<!-- \/ Yoast SEO plugin. -->","yoast_head_json":{"title":"DataMan 8700 - V\u0169 L\u00ea Tech","robots":{"index":"index","follow":"follow","max-snippet":"max-snippet:-1","max-image-preview":"max-image-preview:large","max-video-preview":"max-video-preview:-1"},"canonical":"https:\/\/vuletech.com\/product\/dataman-8700\/","og_locale":"en_US","og_type":"article","og_title":"DataMan 8700 - V\u0169 L\u00ea Tech","og_description":"[vc_row][vc_column width=&#8221;1\/2&#8243;][vc_custom_heading text=&#8221;T\u00ednh n\u0103ng c\u1ee7a DataMan 8700&#8243; use_theme_fonts=&#8221;yes&#8221;][vc_column_text]M\u00f4i tr\u01b0\u1eddng s\u1ea3n xu\u1ea5t trong c\u00e1c ng\u00e0nh c\u00f4ng nghi\u1ec7p \u00f4 t\u00f4, thi\u1ebft b\u1ecb y t\u1ebf, \u0111i\u1ec7n t\u1eed, h\u00e0ng kh\u00f4ng v\u0169 tr\u1ee5 v\u00e0 b\u1ea3o m\u1eadt s\u1ea3n ph\u1ea9m \u0111\u00f2i h\u1ecfi c\u00f4ng ngh\u1ec7 \u0111\u1ecdc m\u00e3 v\u1ea1ch ch\u1eafc ch\u1eafn, hi\u1ec7u su\u1ea5t cao v\u00e0 d\u1ec5 s\u1eed d\u1ee5ng \u0111\u1ec3 \u0111\u1ea3m b\u1ea3o kh\u1ea3 n\u0103ng truy","og_url":"https:\/\/vuletech.com\/product\/dataman-8700\/","og_site_name":"V\u0169 L\u00ea Tech","article_modified_time":"2025-05-13T08:33:17+00:00","og_image":[{"width":750,"height":500,"url":"https:\/\/vuletech.com\/wp-content\/uploads\/2020\/09\/Vo-chong-tham-dau-va-nuoc-manh-me.jpg","type":"image\/jpeg"}],"twitter_card":"summary_large_image","twitter_misc":{"Est. reading time":"5 minutes"},"schema":{"@context":"https:\/\/schema.org","@graph":[{"@type":"WebPage","@id":"https:\/\/vuletech.com\/product\/dataman-8700\/","url":"https:\/\/vuletech.com\/product\/dataman-8700\/","name":"DataMan 8700 - V\u0169 L\u00ea Tech","isPartOf":{"@id":"http:\/\/vuletech.com\/#website"},"primaryImageOfPage":{"@id":"https:\/\/vuletech.com\/product\/dataman-8700\/#primaryimage"},"image":{"@id":"https:\/\/vuletech.com\/product\/dataman-8700\/#primaryimage"},"thumbnailUrl":"https:\/\/vuletech.com\/wp-content\/uploads\/2020\/09\/Vo-chong-tham-dau-va-nuoc-manh-me.jpg","datePublished":"2025-05-13T08:32:31+00:00","dateModified":"2025-05-13T08:33:17+00:00","breadcrumb":{"@id":"https:\/\/vuletech.com\/product\/dataman-8700\/#breadcrumb"},"inLanguage":"en-US","potentialAction":[{"@type":"ReadAction","target":["https:\/\/vuletech.com\/product\/dataman-8700\/"]}]},{"@type":"ImageObject","inLanguage":"en-US","@id":"https:\/\/vuletech.com\/product\/dataman-8700\/#primaryimage","url":"https:\/\/vuletech.com\/wp-content\/uploads\/2020\/09\/Vo-chong-tham-dau-va-nuoc-manh-me.jpg","contentUrl":"https:\/\/vuletech.com\/wp-content\/uploads\/2020\/09\/Vo-chong-tham-dau-va-nuoc-manh-me.jpg","width":750,"height":500,"caption":"dataman8700"},{"@type":"BreadcrumbList","@id":"https:\/\/vuletech.com\/product\/dataman-8700\/#breadcrumb","itemListElement":[{"@type":"ListItem","position":1,"name":"Home","item":"http:\/\/vuletech.com\/en\/"},{"@type":"ListItem","position":2,"name":"Product","item":"http:\/\/vuletech.com\/product\/"},{"@type":"ListItem","position":3,"name":"DataMan 8700"}]},{"@type":"WebSite","@id":"http:\/\/vuletech.com\/#website","url":"http:\/\/vuletech.com\/","name":"V\u0169 L\u00ea Tech","description":"Our Solution - Your Value","potentialAction":[{"@type":"SearchAction","target":{"@type":"EntryPoint","urlTemplate":"http:\/\/vuletech.com\/?s={search_term_string}"},"query-input":{"@type":"PropertyValueSpecification","valueRequired":true,"valueName":"search_term_string"}}],"inLanguage":"en-US"}]}},"_links":{"self":[{"href":"https:\/\/vuletech.com\/en\/wp-json\/wp\/v2\/product\/9657","targetHints":{"allow":["GET"]}}],"collection":[{"href":"https:\/\/vuletech.com\/en\/wp-json\/wp\/v2\/product"}],"about":[{"href":"https:\/\/vuletech.com\/en\/wp-json\/wp\/v2\/types\/product"}],"replies":[{"embeddable":true,"href":"https:\/\/vuletech.com\/en\/wp-json\/wp\/v2\/comments?post=9657"}],"wp:featuredmedia":[{"embeddable":true,"href":"https:\/\/vuletech.com\/en\/wp-json\/wp\/v2\/media\/1121"}],"wp:attachment":[{"href":"https:\/\/vuletech.com\/en\/wp-json\/wp\/v2\/media?parent=9657"}],"wp:term":[{"taxonomy":"product_brand","embeddable":true,"href":"https:\/\/vuletech.com\/en\/wp-json\/wp\/v2\/product_brand?post=9657"},{"taxonomy":"product_cat","embeddable":true,"href":"https:\/\/vuletech.com\/en\/wp-json\/wp\/v2\/product_cat?post=9657"},{"taxonomy":"product_tag","embeddable":true,"href":"https:\/\/vuletech.com\/en\/wp-json\/wp\/v2\/product_tag?post=9657"}],"curies":[{"name":"wp","href":"https:\/\/api.w.org\/{rel}","templated":true}]}}