{"id":9658,"date":"2025-05-13T15:41:14","date_gmt":"2025-05-13T08:41:14","guid":{"rendered":"https:\/\/vuletech.com\/product\/dataman-470\/"},"modified":"2025-05-13T15:43:01","modified_gmt":"2025-05-13T08:43:01","slug":"dataman-470","status":"publish","type":"product","link":"https:\/\/vuletech.com\/en\/product\/dataman-470\/","title":{"rendered":"DataMan 470"},"content":{"rendered":"<div class=\"wpb-content-wrapper\"><p>[vc_row][vc_column width=&#8221;1\/2&#8243;][vc_custom_heading text=&#8221;T\u00ednh n\u0103ng s\u00ea-ri DataMan 470&#8243; use_theme_fonts=&#8221;yes&#8221;][vc_column_text]\u0110\u1ea7u \u0111\u1ecdc m\u00e3 v\u1ea1ch g\u1eafn c\u1ed1 \u0111\u1ecbnh s\u00ea-ri DataMan 470 gi\u1ea3i quy\u1ebft c\u00e1c \u1ee9ng d\u1ee5ng s\u1ea3n xu\u1ea5t v\u00e0 kho b\u00e3i ph\u1ee9c t\u1ea1p, s\u1ed1 l\u01b0\u1ee3ng l\u01b0\u1ee3ng cao m\u1ed9t c\u00e1ch d\u1ec5 d\u00e0ng. S\u1ee9c m\u1ea1nh x\u1eed l\u00fd \u0111a l\u00f5i, c\u00f4ng ngh\u1ec7 h\u00ecnh \u1ea3nh, c\u1ea3m bi\u1ebfn \u0111\u1ed9 ph\u00e2n gi\u1ea3i cao, thu\u1eadt to\u00e1n gi\u1ea3i m\u00e3 ti\u00ean ti\u1ebfn v\u00e0 thi\u1ebft l\u1eadp \u0111\u01a1n gi\u1ea3n c\u1ee7a DataMan 470 mang l\u1ea1i ph\u1ea1m vi b\u1ea3o hi\u1ec3m t\u1ed1i \u0111a, t\u1ed1c \u0111\u1ed9 v\u00e0 d\u1ec5 s\u1eed d\u1ee5ng[\/vc_column_text][\/vc_column][vc_column width=&#8221;1\/2&#8243;][vc_column_text]<\/p>\n<p><iframe loading=\"lazy\" title=\"DataMan 470 Series Fixed-Mount Barcode Readers\" width=\"640\" height=\"360\" src=\"https:\/\/www.youtube.com\/embed\/_BnWIY9V0Xo?feature=oembed\" frameborder=\"0\" allow=\"accelerometer; autoplay; clipboard-write; encrypted-media; gyroscope; picture-in-picture; web-share\" referrerpolicy=\"strict-origin-when-cross-origin\" allowfullscreen><\/iframe><\/p>\n<p>[\/vc_column_text][\/vc_column][\/vc_row][vc_row][vc_column width=&#8221;1\/2&#8243;][vc_single_image image=&#8221;1088&#8243; img_size=&#8221;full&#8221; alignment=&#8221;center&#8221;][\/vc_column][vc_column width=&#8221;1\/2&#8243;][vc_custom_heading text=&#8221;Hi\u1ec7u su\u1ea5t nhanh, m\u1ea1nh m\u1ebd gi\u1ea3i quy\u1ebft c\u00e1c \u1ee9ng d\u1ee5ng \u0111\u1ea7y th\u00e1ch th\u1ee9c&#8221; use_theme_fonts=&#8221;yes&#8221;][vc_column_text]\u0110\u1ea7u \u0111\u1ecdc m\u00e3 v\u1ea1ch DataMan 470 c\u00f3 b\u1ea3y l\u00f5i x\u1eed l\u00fd m\u1ea1nh m\u1ebd, cho ph\u00e9p n\u00f3 ch\u1ea1y nhi\u1ec1u thu\u1eadt to\u00e1n v\u00e0 quy tr\u00ecnh song song v\u1edbi t\u1ed1c \u0111\u1ed9 \u0111\u00e1ng kinh ng\u1ea1c.\u00a0N\u00f3 \u0111\u1ecdc m\u00e3 1D v\u00e0 2D \u0111\u1ea7y th\u00e1ch th\u1ee9c \u1edf c\u00e1c v\u1ecb tr\u00ed kh\u00e1c nhau, c\u0169ng nh\u01b0 nhi\u1ec1u k\u00fd hi\u1ec7u h\u1ed7n h\u1ee3p \u0111\u1ed3ng th\u1eddi trong khi duy tr\u00ec t\u1ed1c \u0111\u1ed9 gi\u1ea3i m\u00e3 cao nh\u1ea5t.[\/vc_column_text][\/vc_column][\/vc_row][vc_row][vc_column width=&#8221;1\/2&#8243;][vc_custom_heading text=&#8221;C\u00f4ng ngh\u1ec7 ti\u00ean ti\u1ebfn c\u1ea3i thi\u1ec7n th\u00f4ng l\u01b0\u1ee3ng v\u00e0 truy xu\u1ea5t ngu\u1ed3n g\u1ed1c&#8221; use_theme_fonts=&#8221;yes&#8221;][vc_column_text]C\u00f4ng ngh\u1ec7 h\u00ecnh \u1ea3nh s\u00e1ng t\u1ea1o c\u1ee7a DataMan 470 mang l\u1ea1i \u0111\u1ed9 bao ph\u1ee7 v\u00e0 t\u1ed1c \u0111\u1ed9 ch\u01b0a t\u1eebng c\u00f3 cho ph\u00e9p bi\u1ebfn \u0111\u1ed5i quy tr\u00ecnh l\u1edbn h\u01a1n v\u00e0 chi ph\u00ed thi\u1ebft k\u1ebf c\u01a1 s\u1edf th\u1ea5p h\u01a1n. Gi\u00fap t\u0103ng c\u01b0\u1eddng ch\u1ea5t l\u01b0\u1ee3ng h\u00ecnh \u1ea3nh c\u1ee7a m\u00e3 1D v\u00e0 2D v\u00e0 \u0111\u1ecdc m\u00e3 v\u1ea1ch th\u1eadm ch\u00ed kh\u00f4ng hi\u1ec3n th\u1ecb cho ng\u01b0\u1eddi \u0111\u1ecdc th\u00f4ng th\u01b0\u1eddng.<\/p>\n<p>S\u00ea-ri DataMan 470 \u0111\u01b0\u1ee3c t\u1ed1i \u01b0u h\u00f3a v\u1edbi c\u00e1c thu\u1eadt to\u00e1n \u0111\u01b0\u1ee3c c\u1ea5p b\u1eb1ng s\u00e1ng ch\u1ebf \u0111\u1ec3 \u0111\u1ea3m b\u1ea3o t\u1ed1c \u0111\u1ed9 \u0111\u1ecdc li\u00ean t\u1ee5c cao c\u1ee7a c\u00e1c k\u00fd hi\u1ec7u 1D v\u00e0 2D, b\u1ea5t k\u1ec3 k\u00edch th\u01b0\u1edbc, ch\u1ea5t l\u01b0\u1ee3ng, ph\u01b0\u01a1ng ph\u00e1p in ho\u1eb7c b\u1ec1 m\u1eb7t[\/vc_column_text][\/vc_column][vc_column width=&#8221;1\/2&#8243;][vc_single_image image=&#8221;1085&#8243; img_size=&#8221;full&#8221; alignment=&#8221;center&#8221;][\/vc_column][\/vc_row][vc_row][vc_column width=&#8221;1\/2&#8243;][vc_single_image image=&#8221;1086&#8243; img_size=&#8221;full&#8221; alignment=&#8221;center&#8221;][\/vc_column][vc_column width=&#8221;1\/2&#8243;][vc_custom_heading text=&#8221;D\u1ec5 d\u00e0ng thi\u1ebft l\u1eadp v\u00e0 x\u1eed l\u00fd ph\u1ea3n h\u1ed3i cho c\u00e1c quy tr\u00ecnh s\u1ea3n xu\u1ea5t t\u1ed1i \u01b0u&#8221; use_theme_fonts=&#8221;yes&#8221;][vc_column_text]C\u00f4ng c\u1ee5 thi\u1ebft l\u1eadp DataMan m\u1edbi \u0111\u01b0\u1ee3c t\u1ed1i \u01b0u h\u00f3a gi\u00fap \u0111\u01a1n gi\u1ea3n h\u00f3a thi\u1ebft l\u1eadp tr\u00ecnh \u0111\u1ecdc b\u1eb1ng c\u00e1ch cung c\u1ea5p lu\u1ed3ng c\u00e0i \u0111\u1eb7t t\u1eebng b\u01b0\u1edbc \u0111\u1ec3 thi\u1ebft l\u1eadp d\u1ec5 d\u00e0ng v\u00e0 hi\u1ec7u qu\u1ea3. S\u00ea-ri DataMan 470 bao g\u1ed3m Gigabit Ethernet \u0111\u1ec3 truy\u1ec1n h\u00ecnh \u1ea3nh nhanh, \u0111\u1ed9 ph\u00e2n gi\u1ea3i \u0111\u1ea7y \u0111\u1ee7 \u0111\u1ebfn C\u00f4ng c\u1ee5 c\u00e0i \u0111\u1eb7t \u0111\u1ec3 gi\u00fap ch\u1ea9n \u0111o\u00e1n nguy\u00ean nh\u00e2n c\u1ee7a c\u00e1c m\u00e3 ch\u01b0a \u0111\u1ecdc. Gi\u00e1m s\u00e1t th\u1eddi gian th\u1ef1c Explorer (RTM) cung c\u1ea5p c\u00e1c s\u1ed1 li\u1ec7u ch\u1ea5t l\u01b0\u1ee3ng m\u00e3 v\u1ea1ch \u0111\u1ec3 gi\u00fap t\u1ed1i \u01b0u h\u00f3a quy tr\u00ecnh s\u1ea3n xu\u1ea5t.[\/vc_column_text][\/vc_column][\/vc_row]<\/p>\n<\/div>","protected":false},"excerpt":{"rendered":"<p>[vc_row][vc_column width=&#8221;1\/2&#8243;][vc_custom_heading text=&#8221;T\u00ednh n\u0103ng s\u00ea-ri DataMan 470&#8243; use_theme_fonts=&#8221;yes&#8221;][vc_column_text]\u0110\u1ea7u \u0111\u1ecdc m\u00e3 v\u1ea1ch g\u1eafn c\u1ed1 \u0111\u1ecbnh s\u00ea-ri DataMan 470 gi\u1ea3i quy\u1ebft c\u00e1c \u1ee9ng d\u1ee5ng s\u1ea3n xu\u1ea5t v\u00e0 kho b\u00e3i ph\u1ee9c t\u1ea1p, s\u1ed1 l\u01b0\u1ee3ng l\u01b0\u1ee3ng cao m\u1ed9t c\u00e1ch d\u1ec5 d\u00e0ng. S\u1ee9c m\u1ea1nh x\u1eed l\u00fd \u0111a l\u00f5i, c\u00f4ng ngh\u1ec7 h\u00ecnh \u1ea3nh, c\u1ea3m bi\u1ebfn \u0111\u1ed9 ph\u00e2n gi\u1ea3i cao, thu\u1eadt to\u00e1n<\/p>\n","protected":false},"featured_media":1089,"comment_status":"closed","ping_status":"closed","template":"","meta":[],"product_brand":[],"product_cat":[795,723],"product_tag":[],"class_list":{"0":"post-9658","1":"product","2":"type-product","3":"status-publish","4":"has-post-thumbnail","6":"product_cat-may-doc-ma-vach-co-dinh","7":"product_cat-vision-sensor","9":"first","10":"instock","11":"product-type-simple"},"acf":[],"yoast_head":"<!-- This site is optimized with the Yoast SEO plugin v25.1 - https:\/\/yoast.com\/wordpress\/plugins\/seo\/ -->\n<title>DataMan 470 - V\u0169 L\u00ea Tech<\/title>\n<meta name=\"robots\" content=\"index, follow, max-snippet:-1, max-image-preview:large, max-video-preview:-1\" \/>\n<link rel=\"canonical\" href=\"https:\/\/vuletech.com\/product\/dataman-470\/\" \/>\n<meta property=\"og:locale\" content=\"en_US\" \/>\n<meta property=\"og:type\" content=\"article\" \/>\n<meta property=\"og:title\" content=\"DataMan 470 - V\u0169 L\u00ea Tech\" \/>\n<meta property=\"og:description\" content=\"[vc_row][vc_column width=&#8221;1\/2&#8243;][vc_custom_heading text=&#8221;T\u00ednh n\u0103ng s\u00ea-ri DataMan 470&#8243; use_theme_fonts=&#8221;yes&#8221;][vc_column_text]\u0110\u1ea7u \u0111\u1ecdc m\u00e3 v\u1ea1ch g\u1eafn c\u1ed1 \u0111\u1ecbnh s\u00ea-ri DataMan 470 gi\u1ea3i quy\u1ebft c\u00e1c \u1ee9ng d\u1ee5ng s\u1ea3n xu\u1ea5t v\u00e0 kho b\u00e3i ph\u1ee9c t\u1ea1p, s\u1ed1 l\u01b0\u1ee3ng l\u01b0\u1ee3ng cao m\u1ed9t c\u00e1ch d\u1ec5 d\u00e0ng. S\u1ee9c m\u1ea1nh x\u1eed l\u00fd \u0111a l\u00f5i, c\u00f4ng ngh\u1ec7 h\u00ecnh \u1ea3nh, c\u1ea3m bi\u1ebfn \u0111\u1ed9 ph\u00e2n gi\u1ea3i cao, thu\u1eadt to\u00e1n\" \/>\n<meta property=\"og:url\" content=\"https:\/\/vuletech.com\/product\/dataman-470\/\" \/>\n<meta property=\"og:site_name\" content=\"V\u0169 L\u00ea Tech\" \/>\n<meta property=\"article:modified_time\" content=\"2025-05-13T08:43:01+00:00\" \/>\n<meta property=\"og:image\" content=\"https:\/\/vuletech.com\/wp-content\/uploads\/2020\/07\/products-dm470-2.png\" \/>\n\t<meta property=\"og:image:width\" content=\"380\" \/>\n\t<meta property=\"og:image:height\" content=\"306\" \/>\n\t<meta property=\"og:image:type\" content=\"image\/png\" \/>\n<meta name=\"twitter:card\" content=\"summary_large_image\" \/>\n<meta name=\"twitter:label1\" content=\"Est. reading time\" \/>\n\t<meta name=\"twitter:data1\" content=\"4 minutes\" \/>\n<script type=\"application\/ld+json\" class=\"yoast-schema-graph\">{\"@context\":\"https:\/\/schema.org\",\"@graph\":[{\"@type\":\"WebPage\",\"@id\":\"https:\/\/vuletech.com\/product\/dataman-470\/\",\"url\":\"https:\/\/vuletech.com\/product\/dataman-470\/\",\"name\":\"DataMan 470 - V\u0169 L\u00ea Tech\",\"isPartOf\":{\"@id\":\"http:\/\/vuletech.com\/#website\"},\"primaryImageOfPage\":{\"@id\":\"https:\/\/vuletech.com\/product\/dataman-470\/#primaryimage\"},\"image\":{\"@id\":\"https:\/\/vuletech.com\/product\/dataman-470\/#primaryimage\"},\"thumbnailUrl\":\"https:\/\/vuletech.com\/wp-content\/uploads\/2020\/07\/products-dm470-2.png\",\"datePublished\":\"2025-05-13T08:41:14+00:00\",\"dateModified\":\"2025-05-13T08:43:01+00:00\",\"breadcrumb\":{\"@id\":\"https:\/\/vuletech.com\/product\/dataman-470\/#breadcrumb\"},\"inLanguage\":\"en-US\",\"potentialAction\":[{\"@type\":\"ReadAction\",\"target\":[\"https:\/\/vuletech.com\/product\/dataman-470\/\"]}]},{\"@type\":\"ImageObject\",\"inLanguage\":\"en-US\",\"@id\":\"https:\/\/vuletech.com\/product\/dataman-470\/#primaryimage\",\"url\":\"https:\/\/vuletech.com\/wp-content\/uploads\/2020\/07\/products-dm470-2.png\",\"contentUrl\":\"https:\/\/vuletech.com\/wp-content\/uploads\/2020\/07\/products-dm470-2.png\",\"width\":380,\"height\":306},{\"@type\":\"BreadcrumbList\",\"@id\":\"https:\/\/vuletech.com\/product\/dataman-470\/#breadcrumb\",\"itemListElement\":[{\"@type\":\"ListItem\",\"position\":1,\"name\":\"Home\",\"item\":\"http:\/\/vuletech.com\/en\/\"},{\"@type\":\"ListItem\",\"position\":2,\"name\":\"Product\",\"item\":\"http:\/\/vuletech.com\/product\/\"},{\"@type\":\"ListItem\",\"position\":3,\"name\":\"DataMan 470\"}]},{\"@type\":\"WebSite\",\"@id\":\"http:\/\/vuletech.com\/#website\",\"url\":\"http:\/\/vuletech.com\/\",\"name\":\"V\u0169 L\u00ea Tech\",\"description\":\"Our Solution - Your Value\",\"potentialAction\":[{\"@type\":\"SearchAction\",\"target\":{\"@type\":\"EntryPoint\",\"urlTemplate\":\"http:\/\/vuletech.com\/?s={search_term_string}\"},\"query-input\":{\"@type\":\"PropertyValueSpecification\",\"valueRequired\":true,\"valueName\":\"search_term_string\"}}],\"inLanguage\":\"en-US\"}]}<\/script>\n<!-- \/ Yoast SEO plugin. -->","yoast_head_json":{"title":"DataMan 470 - V\u0169 L\u00ea Tech","robots":{"index":"index","follow":"follow","max-snippet":"max-snippet:-1","max-image-preview":"max-image-preview:large","max-video-preview":"max-video-preview:-1"},"canonical":"https:\/\/vuletech.com\/product\/dataman-470\/","og_locale":"en_US","og_type":"article","og_title":"DataMan 470 - V\u0169 L\u00ea Tech","og_description":"[vc_row][vc_column width=&#8221;1\/2&#8243;][vc_custom_heading text=&#8221;T\u00ednh n\u0103ng s\u00ea-ri DataMan 470&#8243; use_theme_fonts=&#8221;yes&#8221;][vc_column_text]\u0110\u1ea7u \u0111\u1ecdc m\u00e3 v\u1ea1ch g\u1eafn c\u1ed1 \u0111\u1ecbnh s\u00ea-ri DataMan 470 gi\u1ea3i quy\u1ebft c\u00e1c \u1ee9ng d\u1ee5ng s\u1ea3n xu\u1ea5t v\u00e0 kho b\u00e3i ph\u1ee9c t\u1ea1p, s\u1ed1 l\u01b0\u1ee3ng l\u01b0\u1ee3ng cao m\u1ed9t c\u00e1ch d\u1ec5 d\u00e0ng. S\u1ee9c m\u1ea1nh x\u1eed l\u00fd \u0111a l\u00f5i, c\u00f4ng ngh\u1ec7 h\u00ecnh \u1ea3nh, c\u1ea3m bi\u1ebfn \u0111\u1ed9 ph\u00e2n gi\u1ea3i cao, thu\u1eadt to\u00e1n","og_url":"https:\/\/vuletech.com\/product\/dataman-470\/","og_site_name":"V\u0169 L\u00ea Tech","article_modified_time":"2025-05-13T08:43:01+00:00","og_image":[{"width":380,"height":306,"url":"https:\/\/vuletech.com\/wp-content\/uploads\/2020\/07\/products-dm470-2.png","type":"image\/png"}],"twitter_card":"summary_large_image","twitter_misc":{"Est. reading time":"4 minutes"},"schema":{"@context":"https:\/\/schema.org","@graph":[{"@type":"WebPage","@id":"https:\/\/vuletech.com\/product\/dataman-470\/","url":"https:\/\/vuletech.com\/product\/dataman-470\/","name":"DataMan 470 - V\u0169 L\u00ea Tech","isPartOf":{"@id":"http:\/\/vuletech.com\/#website"},"primaryImageOfPage":{"@id":"https:\/\/vuletech.com\/product\/dataman-470\/#primaryimage"},"image":{"@id":"https:\/\/vuletech.com\/product\/dataman-470\/#primaryimage"},"thumbnailUrl":"https:\/\/vuletech.com\/wp-content\/uploads\/2020\/07\/products-dm470-2.png","datePublished":"2025-05-13T08:41:14+00:00","dateModified":"2025-05-13T08:43:01+00:00","breadcrumb":{"@id":"https:\/\/vuletech.com\/product\/dataman-470\/#breadcrumb"},"inLanguage":"en-US","potentialAction":[{"@type":"ReadAction","target":["https:\/\/vuletech.com\/product\/dataman-470\/"]}]},{"@type":"ImageObject","inLanguage":"en-US","@id":"https:\/\/vuletech.com\/product\/dataman-470\/#primaryimage","url":"https:\/\/vuletech.com\/wp-content\/uploads\/2020\/07\/products-dm470-2.png","contentUrl":"https:\/\/vuletech.com\/wp-content\/uploads\/2020\/07\/products-dm470-2.png","width":380,"height":306},{"@type":"BreadcrumbList","@id":"https:\/\/vuletech.com\/product\/dataman-470\/#breadcrumb","itemListElement":[{"@type":"ListItem","position":1,"name":"Home","item":"http:\/\/vuletech.com\/en\/"},{"@type":"ListItem","position":2,"name":"Product","item":"http:\/\/vuletech.com\/product\/"},{"@type":"ListItem","position":3,"name":"DataMan 470"}]},{"@type":"WebSite","@id":"http:\/\/vuletech.com\/#website","url":"http:\/\/vuletech.com\/","name":"V\u0169 L\u00ea Tech","description":"Our Solution - Your Value","potentialAction":[{"@type":"SearchAction","target":{"@type":"EntryPoint","urlTemplate":"http:\/\/vuletech.com\/?s={search_term_string}"},"query-input":{"@type":"PropertyValueSpecification","valueRequired":true,"valueName":"search_term_string"}}],"inLanguage":"en-US"}]}},"_links":{"self":[{"href":"https:\/\/vuletech.com\/en\/wp-json\/wp\/v2\/product\/9658","targetHints":{"allow":["GET"]}}],"collection":[{"href":"https:\/\/vuletech.com\/en\/wp-json\/wp\/v2\/product"}],"about":[{"href":"https:\/\/vuletech.com\/en\/wp-json\/wp\/v2\/types\/product"}],"replies":[{"embeddable":true,"href":"https:\/\/vuletech.com\/en\/wp-json\/wp\/v2\/comments?post=9658"}],"wp:featuredmedia":[{"embeddable":true,"href":"https:\/\/vuletech.com\/en\/wp-json\/wp\/v2\/media\/1089"}],"wp:attachment":[{"href":"https:\/\/vuletech.com\/en\/wp-json\/wp\/v2\/media?parent=9658"}],"wp:term":[{"taxonomy":"product_brand","embeddable":true,"href":"https:\/\/vuletech.com\/en\/wp-json\/wp\/v2\/product_brand?post=9658"},{"taxonomy":"product_cat","embeddable":true,"href":"https:\/\/vuletech.com\/en\/wp-json\/wp\/v2\/product_cat?post=9658"},{"taxonomy":"product_tag","embeddable":true,"href":"https:\/\/vuletech.com\/en\/wp-json\/wp\/v2\/product_tag?post=9658"}],"curies":[{"name":"wp","href":"https:\/\/api.w.org\/{rel}","templated":true}]}}