{"id":9659,"date":"2025-05-13T15:41:14","date_gmt":"2025-05-13T08:41:14","guid":{"rendered":"https:\/\/vuletech.com\/product\/dataman-150-260\/"},"modified":"2025-05-13T15:41:43","modified_gmt":"2025-05-13T08:41:43","slug":"dataman-150-260","status":"publish","type":"product","link":"https:\/\/vuletech.com\/en\/product\/dataman-150-260\/","title":{"rendered":"DataMan 150\/260"},"content":{"rendered":"<div class=\"wpb-content-wrapper\"><p>[vc_row css=&#8221;.vc_custom_1596783571356{padding-top: 50px !important;padding-bottom: 50px !important;}&#8221;][vc_column width=&#8221;1\/2&#8243;][vc_custom_heading text=&#8221;T\u00ednh n\u0103ng s\u00ea-ri DataMan 150\/260&#8243; use_theme_fonts=&#8221;yes&#8221;][vc_column_text]S\u00ea-ri DataMan 150\/260 mang l\u1ea1i hi\u1ec7u su\u1ea5t cao, c\u1ef1c k\u00ec linh ho\u1ea1t v\u00e0 d\u1ec5 s\u1eed d\u1ee5ng \u0111\u1ed1i v\u1edbi m\u00e3 v\u1ea1ch 1D, m\u00e3\u00a0 2D mo\u1eb7c m\u00e3 \u0111\u00e1nh d\u1ea5u tr\u1ef1c ti\u1ebfp (DPM).[\/vc_column_text][\/vc_column][vc_column width=&#8221;1\/2&#8243;][vc_single_image image=&#8221;475&#8243; img_size=&#8221;full&#8221; alignment=&#8221;center&#8221;][\/vc_column][\/vc_row][vc_row css=&#8221;.vc_custom_1596783657972{padding-top: 50px !important;padding-bottom: 50px !important;background-color: #f9f9f9 !important;}&#8221;][vc_column width=&#8221;1\/2&#8243;][vc_single_image image=&#8221;476&#8243; img_size=&#8221;full&#8221; alignment=&#8221;center&#8221;][\/vc_column][vc_column width=&#8221;1\/2&#8243;][vc_custom_heading text=&#8221;\u0110\u1ea1t t\u1ef7 l\u1ec7 \u0111\u1ecdc cao&#8221; use_theme_fonts=&#8221;yes&#8221;][vc_column_text]\u0110\u1ea7u \u0111\u1ecdc m\u00e3 v\u1ea1ch g\u1eafn c\u1ed1 \u0111\u1ecbnh s\u00ea-ri DataMan 150\/260 c\u00f3 th\u1ec3 \u0111\u1ecdc \u0111\u01b0\u1ee3c c\u00e1c m\u00e3 1DMax v\u1edbi Hotbars v\u00e0 2DMax v\u1edbi c\u00f4ng ngh\u1ec7 PowerGrid.\u00a0 S\u1ea3n ph\u1ea9m \u0111\u1ea1t t\u1ed1c \u0111\u1ed9 \u0111\u1ecdc cao nh\u1ea5t nh\u1edd v\u00e0o c\u00f4ng c\u1ee5 x\u1eed l\u00fd l\u00f5i k\u00e9p t\u1ed1c \u0111\u1ed9 cao, ch\u1ea1y c\u00e1c thu\u1eadt to\u00e1n m\u1edbi nh\u1ea5t.<\/p>\n<p>Ngo\u00e0i ra, DataMan 150\/260 c\u00f3 th\u1ec3 gi\u1ea3i m\u00e3 m\u00e3 1D v\u00e0 2D b\u1ecb h\u1ecfng ho\u1eb7c in k\u00e9m v\u00e0 th\u1eadm ch\u00ed c\u00f3 th\u1ec3 \u0111\u1ecdc m\u00e3 2D m\u00e0 kh\u00f4ng c\u1ea7n nh\u00ecn r\u00f5 di\u1ec7n t\u00edch ho\u1eb7c v\u00f9ng t\u0129nh.[\/vc_column_text][\/vc_column][\/vc_row][vc_row css=&#8221;.vc_custom_1596783571356{padding-top: 50px !important;padding-bottom: 50px !important;}&#8221;][vc_column width=&#8221;1\/2&#8243;][vc_custom_heading text=&#8221;\u0110\u01a1n gi\u1ea3n h\u00f3a vi\u1ec7c c\u00e0i \u0111\u1eb7t trong kh\u00f4ng gian h\u1eb9p&#8221; use_theme_fonts=&#8221;yes&#8221;][vc_column_text]C\u00e1c m\u00f4 h\u00ecnh s\u00ea-ri DataMan 150\/260 cung c\u1ea5p c\u00e1c c\u1ea5u h\u00ecnh th\u1eb3ng ho\u1eb7c g\u00f3c ph\u1ea3i \u0111\u1ec3 ph\u00f9 h\u1ee3p v\u1edbi kh\u00f4ng gian h\u1eb9p nh\u1ea5t.[\/vc_column_text][\/vc_column][vc_column width=&#8221;1\/2&#8243;][vc_single_image image=&#8221;479&#8243; img_size=&#8221;full&#8221; alignment=&#8221;center&#8221;][\/vc_column][\/vc_row][vc_row css=&#8221;.vc_custom_1596783657972{padding-top: 50px !important;padding-bottom: 50px !important;background-color: #f9f9f9 !important;}&#8221;][vc_column width=&#8221;1\/2&#8243;][vc_single_image image=&#8221;480&#8243; img_size=&#8221;full&#8221; alignment=&#8221;center&#8221;][\/vc_column][vc_column width=&#8221;1\/2&#8243;][vc_custom_heading text=&#8221;Gi\u1ea3m th\u1eddi gian c\u00e0i \u0111\u1eb7t v\u00e0 chi ph\u00ed s\u1edf h\u1eefu&#8221; use_theme_fonts=&#8221;yes&#8221;][vc_column_text]\u00c1nh s\u00e1ng quang h\u1ecdc c\u1ee7a DataMan 150\/260 gi\u00fap d\u1ec5 d\u00e0ng thay \u0111\u1ed5i \u1ed1ng k\u00ednh \u0111\u1ea7u \u0111\u1ecdc v\u00e0 \u0111\u00e8n chi\u1ebfu. Gi\u00fap gi\u1ea3m th\u1eddi gian c\u00e0i \u0111\u1eb7t v\u00e0 b\u1ea3o \u0111\u1ea7u \u0111\u1ecdc m\u00e3 v\u1ea1ch b\u1eb1ng c\u00e1ch gi\u00fap d\u1ec5 d\u00e0ng t\u1ed1i \u01b0u h\u00f3a hi\u1ec7u su\u1ea5t cho t\u1eebng \u1ee9ng d\u1ee5ng v\u00e0 \u0111i\u1ec1u ch\u1ec9nh c\u00e1c thay \u0111\u1ed5i quy tr\u00ecnh trong t\u01b0\u01a1ng lai.[\/vc_column_text][\/vc_column][\/vc_row][vc_row css=&#8221;.vc_custom_1596783571356{padding-top: 50px !important;padding-bottom: 50px !important;}&#8221;][vc_column width=&#8221;1\/2&#8243;][vc_custom_heading text=&#8221;Trang b\u1ecb th\u00eam ho\u00e0n h\u1ea3o cho series DataMan 100\/200&#8243; use_theme_fonts=&#8221;yes&#8221;][vc_column_text]C\u00e1c \u0111\u1ea7u \u0111\u1ecdc s\u00ea-ri DataMan 150\/260 s\u1eed d\u1ee5ng c\u00f9ng c\u1ea5u h\u00ecnh l\u1eafp v\u00e0 ghim ra nh\u01b0 c\u00e1c \u0111\u1ea7u \u0111\u1ecdc ID s\u00ea-ri DataMan 100\/200. Gi\u00fap trang b\u1ecb b\u1ed5 sung d\u1ec5 d\u00e0ng v\u00e0o c\u00e1c \u1ee9ng d\u1ee5ng DataMan 100\/200 hi\u1ec7n c\u00f3 m\u00e0 kh\u00f4ng c\u1ea7n c\u00e1c t\u1ea5m b\u1ed9 \u0111i\u1ec1u h\u1ee3p ho\u1eb7c thay \u0111\u1ed5i c\u00e1c l\u1ed7 l\u1eafp v\u00e0 n\u1ed1i d\u00e2y.<\/p>\n<p>Do kho\u1ea3ng c\u00e1ch \u0111\u1ed9c l\u1eadp t\u1eeb m\u1eb7t tr\u01b0\u1edbc c\u1ee7a \u0111\u1ea7u \u0111\u1ecdc \u0111\u1ebfn m\u00e3 \u0111\u01b0\u1ee3c \u0111\u1ecdc l\u00e0 ho\u00e0n to\u00e0n gi\u1ed1ng nhau, FOV \u0111\u1ea1t \u0111\u01b0\u1ee3c l\u00e0 nh\u01b0 nhau v\u00e0 kh\u00f4ng c\u1ea7n thay \u0111\u1ed5i b\u1ed1 c\u1ee5c m\u00e1y, ph\u1ea7n c\u1ee9ng ho\u1eb7c \u1ee9ng d\u1ee5ng.[\/vc_column_text][\/vc_column][vc_column width=&#8221;1\/2&#8243;][vc_single_image image=&#8221;478&#8243; img_size=&#8221;full&#8221; alignment=&#8221;center&#8221;][\/vc_column][\/vc_row]<\/p>\n<\/div>","protected":false},"excerpt":{"rendered":"<p>[vc_row css=&#8221;.vc_custom_1596783571356{padding-top: 50px !important;padding-bottom: 50px !important;}&#8221;][vc_column width=&#8221;1\/2&#8243;][vc_custom_heading text=&#8221;T\u00ednh n\u0103ng s\u00ea-ri DataMan 150\/260&#8243; use_theme_fonts=&#8221;yes&#8221;][vc_column_text]S\u00ea-ri DataMan 150\/260 mang l\u1ea1i hi\u1ec7u su\u1ea5t cao, c\u1ef1c k\u00ec linh ho\u1ea1t v\u00e0 d\u1ec5 s\u1eed d\u1ee5ng \u0111\u1ed1i v\u1edbi m\u00e3 v\u1ea1ch 1D, m\u00e3\u00a0 2D mo\u1eb7c m\u00e3 \u0111\u00e1nh d\u1ea5u tr\u1ef1c ti\u1ebfp (DPM).[\/vc_column_text][\/vc_column][vc_column width=&#8221;1\/2&#8243;][vc_single_image image=&#8221;475&#8243; img_size=&#8221;full&#8221; alignment=&#8221;center&#8221;][\/vc_column][\/vc_row][vc_row css=&#8221;.vc_custom_1596783657972{padding-top: 50px !important;padding-bottom: 50px !important;background-color: #f9f9f9 !important;}&#8221;][vc_column width=&#8221;1\/2&#8243;][vc_single_image image=&#8221;476&#8243;<\/p>\n","protected":false},"featured_media":0,"comment_status":"closed","ping_status":"closed","template":"","meta":[],"product_brand":[],"product_cat":[795,723],"product_tag":[],"class_list":{"0":"post-9659","1":"product","2":"type-product","3":"status-publish","5":"product_cat-may-doc-ma-vach-co-dinh","6":"product_cat-vision-sensor","8":"first","9":"instock","10":"product-type-simple"},"acf":[],"yoast_head":"<!-- This site is optimized with the Yoast SEO plugin v25.1 - https:\/\/yoast.com\/wordpress\/plugins\/seo\/ -->\n<title>DataMan 150\/260 - V\u0169 L\u00ea Tech<\/title>\n<meta name=\"robots\" content=\"index, follow, max-snippet:-1, max-image-preview:large, max-video-preview:-1\" \/>\n<link rel=\"canonical\" href=\"https:\/\/vuletech.com\/product\/dataman-150-260\/\" \/>\n<meta property=\"og:locale\" content=\"en_US\" \/>\n<meta property=\"og:type\" content=\"article\" \/>\n<meta property=\"og:title\" content=\"DataMan 150\/260 - V\u0169 L\u00ea Tech\" \/>\n<meta property=\"og:description\" content=\"[vc_row css=&#8221;.vc_custom_1596783571356{padding-top: 50px !important;padding-bottom: 50px !important;}&#8221;][vc_column width=&#8221;1\/2&#8243;][vc_custom_heading text=&#8221;T\u00ednh n\u0103ng s\u00ea-ri DataMan 150\/260&#8243; use_theme_fonts=&#8221;yes&#8221;][vc_column_text]S\u00ea-ri DataMan 150\/260 mang l\u1ea1i hi\u1ec7u su\u1ea5t cao, c\u1ef1c k\u00ec linh ho\u1ea1t v\u00e0 d\u1ec5 s\u1eed d\u1ee5ng \u0111\u1ed1i v\u1edbi m\u00e3 v\u1ea1ch 1D, m\u00e3\u00a0 2D mo\u1eb7c m\u00e3 \u0111\u00e1nh d\u1ea5u tr\u1ef1c ti\u1ebfp (DPM).[\/vc_column_text][\/vc_column][vc_column width=&#8221;1\/2&#8243;][vc_single_image image=&#8221;475&#8243; img_size=&#8221;full&#8221; alignment=&#8221;center&#8221;][\/vc_column][\/vc_row][vc_row css=&#8221;.vc_custom_1596783657972{padding-top: 50px !important;padding-bottom: 50px !important;background-color: #f9f9f9 !important;}&#8221;][vc_column width=&#8221;1\/2&#8243;][vc_single_image image=&#8221;476&#8243;\" \/>\n<meta property=\"og:url\" content=\"https:\/\/vuletech.com\/product\/dataman-150-260\/\" \/>\n<meta property=\"og:site_name\" content=\"V\u0169 L\u00ea Tech\" \/>\n<meta property=\"article:modified_time\" content=\"2025-05-13T08:41:43+00:00\" \/>\n<meta name=\"twitter:card\" content=\"summary_large_image\" \/>\n<meta name=\"twitter:label1\" content=\"Est. reading time\" \/>\n\t<meta name=\"twitter:data1\" content=\"4 minutes\" \/>\n<script type=\"application\/ld+json\" class=\"yoast-schema-graph\">{\"@context\":\"https:\/\/schema.org\",\"@graph\":[{\"@type\":\"WebPage\",\"@id\":\"https:\/\/vuletech.com\/product\/dataman-150-260\/\",\"url\":\"https:\/\/vuletech.com\/product\/dataman-150-260\/\",\"name\":\"DataMan 150\/260 - V\u0169 L\u00ea Tech\",\"isPartOf\":{\"@id\":\"http:\/\/vuletech.com\/#website\"},\"datePublished\":\"2025-05-13T08:41:14+00:00\",\"dateModified\":\"2025-05-13T08:41:43+00:00\",\"breadcrumb\":{\"@id\":\"https:\/\/vuletech.com\/product\/dataman-150-260\/#breadcrumb\"},\"inLanguage\":\"en-US\",\"potentialAction\":[{\"@type\":\"ReadAction\",\"target\":[\"https:\/\/vuletech.com\/product\/dataman-150-260\/\"]}]},{\"@type\":\"BreadcrumbList\",\"@id\":\"https:\/\/vuletech.com\/product\/dataman-150-260\/#breadcrumb\",\"itemListElement\":[{\"@type\":\"ListItem\",\"position\":1,\"name\":\"Home\",\"item\":\"http:\/\/vuletech.com\/en\/\"},{\"@type\":\"ListItem\",\"position\":2,\"name\":\"Product\",\"item\":\"http:\/\/vuletech.com\/product\/\"},{\"@type\":\"ListItem\",\"position\":3,\"name\":\"DataMan 150\/260\"}]},{\"@type\":\"WebSite\",\"@id\":\"http:\/\/vuletech.com\/#website\",\"url\":\"http:\/\/vuletech.com\/\",\"name\":\"V\u0169 L\u00ea Tech\",\"description\":\"Our Solution - Your Value\",\"potentialAction\":[{\"@type\":\"SearchAction\",\"target\":{\"@type\":\"EntryPoint\",\"urlTemplate\":\"http:\/\/vuletech.com\/?s={search_term_string}\"},\"query-input\":{\"@type\":\"PropertyValueSpecification\",\"valueRequired\":true,\"valueName\":\"search_term_string\"}}],\"inLanguage\":\"en-US\"}]}<\/script>\n<!-- \/ Yoast SEO plugin. -->","yoast_head_json":{"title":"DataMan 150\/260 - V\u0169 L\u00ea Tech","robots":{"index":"index","follow":"follow","max-snippet":"max-snippet:-1","max-image-preview":"max-image-preview:large","max-video-preview":"max-video-preview:-1"},"canonical":"https:\/\/vuletech.com\/product\/dataman-150-260\/","og_locale":"en_US","og_type":"article","og_title":"DataMan 150\/260 - V\u0169 L\u00ea Tech","og_description":"[vc_row css=&#8221;.vc_custom_1596783571356{padding-top: 50px !important;padding-bottom: 50px !important;}&#8221;][vc_column width=&#8221;1\/2&#8243;][vc_custom_heading text=&#8221;T\u00ednh n\u0103ng s\u00ea-ri DataMan 150\/260&#8243; use_theme_fonts=&#8221;yes&#8221;][vc_column_text]S\u00ea-ri DataMan 150\/260 mang l\u1ea1i hi\u1ec7u su\u1ea5t cao, c\u1ef1c k\u00ec linh ho\u1ea1t v\u00e0 d\u1ec5 s\u1eed d\u1ee5ng \u0111\u1ed1i v\u1edbi m\u00e3 v\u1ea1ch 1D, m\u00e3\u00a0 2D mo\u1eb7c m\u00e3 \u0111\u00e1nh d\u1ea5u tr\u1ef1c ti\u1ebfp (DPM).[\/vc_column_text][\/vc_column][vc_column width=&#8221;1\/2&#8243;][vc_single_image image=&#8221;475&#8243; img_size=&#8221;full&#8221; alignment=&#8221;center&#8221;][\/vc_column][\/vc_row][vc_row css=&#8221;.vc_custom_1596783657972{padding-top: 50px !important;padding-bottom: 50px !important;background-color: #f9f9f9 !important;}&#8221;][vc_column width=&#8221;1\/2&#8243;][vc_single_image image=&#8221;476&#8243;","og_url":"https:\/\/vuletech.com\/product\/dataman-150-260\/","og_site_name":"V\u0169 L\u00ea Tech","article_modified_time":"2025-05-13T08:41:43+00:00","twitter_card":"summary_large_image","twitter_misc":{"Est. reading time":"4 minutes"},"schema":{"@context":"https:\/\/schema.org","@graph":[{"@type":"WebPage","@id":"https:\/\/vuletech.com\/product\/dataman-150-260\/","url":"https:\/\/vuletech.com\/product\/dataman-150-260\/","name":"DataMan 150\/260 - V\u0169 L\u00ea Tech","isPartOf":{"@id":"http:\/\/vuletech.com\/#website"},"datePublished":"2025-05-13T08:41:14+00:00","dateModified":"2025-05-13T08:41:43+00:00","breadcrumb":{"@id":"https:\/\/vuletech.com\/product\/dataman-150-260\/#breadcrumb"},"inLanguage":"en-US","potentialAction":[{"@type":"ReadAction","target":["https:\/\/vuletech.com\/product\/dataman-150-260\/"]}]},{"@type":"BreadcrumbList","@id":"https:\/\/vuletech.com\/product\/dataman-150-260\/#breadcrumb","itemListElement":[{"@type":"ListItem","position":1,"name":"Home","item":"http:\/\/vuletech.com\/en\/"},{"@type":"ListItem","position":2,"name":"Product","item":"http:\/\/vuletech.com\/product\/"},{"@type":"ListItem","position":3,"name":"DataMan 150\/260"}]},{"@type":"WebSite","@id":"http:\/\/vuletech.com\/#website","url":"http:\/\/vuletech.com\/","name":"V\u0169 L\u00ea Tech","description":"Our Solution - Your Value","potentialAction":[{"@type":"SearchAction","target":{"@type":"EntryPoint","urlTemplate":"http:\/\/vuletech.com\/?s={search_term_string}"},"query-input":{"@type":"PropertyValueSpecification","valueRequired":true,"valueName":"search_term_string"}}],"inLanguage":"en-US"}]}},"_links":{"self":[{"href":"https:\/\/vuletech.com\/en\/wp-json\/wp\/v2\/product\/9659","targetHints":{"allow":["GET"]}}],"collection":[{"href":"https:\/\/vuletech.com\/en\/wp-json\/wp\/v2\/product"}],"about":[{"href":"https:\/\/vuletech.com\/en\/wp-json\/wp\/v2\/types\/product"}],"replies":[{"embeddable":true,"href":"https:\/\/vuletech.com\/en\/wp-json\/wp\/v2\/comments?post=9659"}],"wp:attachment":[{"href":"https:\/\/vuletech.com\/en\/wp-json\/wp\/v2\/media?parent=9659"}],"wp:term":[{"taxonomy":"product_brand","embeddable":true,"href":"https:\/\/vuletech.com\/en\/wp-json\/wp\/v2\/product_brand?post=9659"},{"taxonomy":"product_cat","embeddable":true,"href":"https:\/\/vuletech.com\/en\/wp-json\/wp\/v2\/product_cat?post=9659"},{"taxonomy":"product_tag","embeddable":true,"href":"https:\/\/vuletech.com\/en\/wp-json\/wp\/v2\/product_tag?post=9659"}],"curies":[{"name":"wp","href":"https:\/\/api.w.org\/{rel}","templated":true}]}}