{"id":9660,"date":"2025-05-13T15:41:14","date_gmt":"2025-05-13T08:41:14","guid":{"rendered":"https:\/\/vuletech.com\/product\/dataman-70\/"},"modified":"2025-05-13T15:42:05","modified_gmt":"2025-05-13T08:42:05","slug":"dataman-70","status":"publish","type":"product","link":"https:\/\/vuletech.com\/en\/product\/dataman-70\/","title":{"rendered":"DataMan 70"},"content":{"rendered":"<div class=\"wpb-content-wrapper\"><p>[vc_row][vc_column width=&#8221;1\/2&#8243;][vc_custom_heading text=&#8221;T\u00ednh n\u0103ng s\u00ea-ri Dataman 70&#8243; use_theme_fonts=&#8221;yes&#8221;][vc_column_text]DataMan 70 l\u00e0 m\u1ed9t \u0111\u1ea7u \u0111\u1ecdc m\u00e3 v\u1ea1ch g\u1eafn c\u1ed1 \u0111\u1ecbnh nh\u1ecf g\u1ecdn, cung c\u1ea5p t\u1ed1c \u0111\u1ed9 \u0111\u1ecdc cao nh\u1ea5t cho m\u00e3 v\u1ea1ch d\u1ef1a tr\u00ean nh\u00e3n 1D v\u00e0 2D. V\u1edbi h\u00ecnh \u1ea3nh ti\u00ean ti\u1ebfn,DataMan 70 l\u00e0 gi\u1ea3i ph\u00e1p l\u00fd t\u01b0\u1edfng cho c\u00e1c \u1ee9ng d\u1ee5ng s\u1ea3n xu\u1ea5t v\u00e0 h\u1eadu c\u1ea7n v\u1edbi t\u1ed1c \u0111\u1ed9 cao.[\/vc_column_text][\/vc_column][vc_column width=&#8221;1\/2&#8243;][vc_single_image image=&#8221;1091&#8243; img_size=&#8221;full&#8221; alignment=&#8221;center&#8221;][\/vc_column][\/vc_row][vc_row][vc_column width=&#8221;1\/2&#8243;][vc_single_image image=&#8221;1093&#8243; img_size=&#8221;full&#8221; alignment=&#8221;center&#8221;][\/vc_column][vc_column width=&#8221;1\/2&#8243;][vc_custom_heading text=&#8221;S\u1ea3n ph\u1ea9m \u0111\u1ecdc m\u00e3 1D v\u00e0 2D \u0111\u00e1ng tin c\u1eady&#8221; use_theme_fonts=&#8221;yes&#8221;][vc_column_text]DataMan 70 \u0111\u01b0\u1ee3c trang b\u1ecb 1DMax\u00ae h\u00e0ng \u0111\u1ea7u trong ng\u00e0nh v\u1edbi c\u00e1c thu\u1eadt to\u00e1n \u0111\u1ecdc m\u00e3 v\u1ea1ch Hotbars v\u00e0 IDQuick. C\u1ef1c k\u00ec \u0111\u00e1ng tin c\u1eady \u0111\u1ec3 \u0111\u1ecdc m\u00e3 v\u1ea1ch 1D v\u00e0 2D d\u1ef1a tr\u00ean nh\u00e3n v\u1edbi c\u00e1c bi\u1ebfn th\u1ec3 t\u01b0\u01a1ng ph\u1ea3n, m\u1edd, h\u01b0 h\u1ecfng, \u0111\u1ed9 ph\u00e2n gi\u1ea3i, vi ph\u1ea1m v\u00f9ng t\u0129nh v\u00e0 m\u00e9o ph\u1ed1i c\u1ea3nh.[\/vc_column_text][\/vc_column][\/vc_row][vc_row][vc_column width=&#8221;1\/2&#8243;][vc_custom_heading text=&#8221;Ph\u00f9 h\u1ee3p v\u1edbi kh\u00f4ng gian nh\u1ecf, h\u1eb9p&#8221; use_theme_fonts=&#8221;yes&#8221;][vc_column_text]DataMan 70 \u0111\u1ee7 nh\u1ecf \u0111\u1ec3 ph\u00f9 h\u1ee3p v\u1edbi nh\u1eefng kh\u00f4ng gian ch\u1eadt h\u1eb9p nh\u1ea5t v\u00e0 v\u1edbi v\u1ecf \u0111\u01b0\u1ee3c x\u1ebfp h\u1ea1ng theo ti\u00eau chu\u1ea9n IP65, s\u1ea3n ph\u1ea9m c\u00f3 th\u1ec3 s\u1eed d\u1ee5ng v\u00e0 \u0111\u1ecdc t\u1ed1t trong c\u00e1c m\u00f4i tr\u01b0\u1eddng kh\u1eafc nghi\u1ec7t nh\u1ea5t. S\u1ea3n ph\u1ea9m c\u00f3 m\u1ed9t m\u00f4-\u0111un giao ti\u1ebfp t\u00f9y ch\u1ecdn c\u00f3 t\u00ednh linh ho\u1ea1t cho nhi\u1ec1u \u0111\u1ea7u \u0111\u1ecdc chu\u1ed7i, gi\u00fap vi\u1ec7c n\u1ed1i c\u00e1p nhanh ch\u00f3ng v\u00e0 d\u1ec5 d\u00e0ng.[\/vc_column_text][\/vc_column][vc_column width=&#8221;1\/2&#8243;][vc_single_image image=&#8221;1094&#8243; img_size=&#8221;full&#8221; alignment=&#8221;center&#8221;][\/vc_column][\/vc_row][vc_row][vc_column width=&#8221;1\/2&#8243;][vc_single_image image=&#8221;1092&#8243; img_size=&#8221;full&#8221; alignment=&#8221;center&#8221;][\/vc_column][vc_column width=&#8221;1\/2&#8243;][vc_custom_heading text=&#8221;H\u00ecnh \u1ea3nh ch\u1ea5t l\u01b0\u1ee3ng cao&#8221; use_theme_fonts=&#8221;yes&#8221;][vc_column_text]C\u00e1c t\u00f9y ch\u1ecdn c\u1ea5u h\u00ecnh linh ho\u1ea1t v\u00e0 \u0111\u00e8n LED v\u00e0 quang h\u1ecdc t\u1ea1o ra h\u00ecnh \u1ea3nh c\u00f3 \u0111\u1ed9 t\u01b0\u01a1ng ph\u1ea3n cao, \u0111\u01b0\u1ee3c chi\u1ebfu s\u00e1ng \u0111\u1ed3ng \u0111\u1ec1u \u0111\u1ec3 \u0111\u1ecdc m\u00e3 kho\u1ea3ng c\u00e1ch ng\u1eafn ho\u1eb7c d\u00e0i, \u0111\u1ed9 s\u00e2u tr\u01b0\u1eddng l\u1edbn v\u00e0 c\u00e1c \u1ee9ng d\u1ee5ng t\u1ed1c \u0111\u1ed9 cao ho\u1eb7c ch\u1eadm.[\/vc_column_text][\/vc_column][\/vc_row]<\/p>\n<\/div>","protected":false},"excerpt":{"rendered":"<p>[vc_row][vc_column width=&#8221;1\/2&#8243;][vc_custom_heading text=&#8221;T\u00ednh n\u0103ng s\u00ea-ri Dataman 70&#8243; use_theme_fonts=&#8221;yes&#8221;][vc_column_text]DataMan 70 l\u00e0 m\u1ed9t \u0111\u1ea7u \u0111\u1ecdc m\u00e3 v\u1ea1ch g\u1eafn c\u1ed1 \u0111\u1ecbnh nh\u1ecf g\u1ecdn, cung c\u1ea5p t\u1ed1c \u0111\u1ed9 \u0111\u1ecdc cao nh\u1ea5t cho m\u00e3 v\u1ea1ch d\u1ef1a tr\u00ean nh\u00e3n 1D v\u00e0 2D. V\u1edbi h\u00ecnh \u1ea3nh ti\u00ean ti\u1ebfn,DataMan 70 l\u00e0 gi\u1ea3i ph\u00e1p l\u00fd t\u01b0\u1edfng cho c\u00e1c \u1ee9ng d\u1ee5ng s\u1ea3n xu\u1ea5t v\u00e0 h\u1eadu<\/p>\n","protected":false},"featured_media":1094,"comment_status":"closed","ping_status":"closed","template":"","meta":[],"product_brand":[],"product_cat":[795,723],"product_tag":[],"class_list":{"0":"post-9660","1":"product","2":"type-product","3":"status-publish","4":"has-post-thumbnail","6":"product_cat-may-doc-ma-vach-co-dinh","7":"product_cat-vision-sensor","9":"first","10":"instock","11":"product-type-simple"},"acf":[],"yoast_head":"<!-- This site is optimized with the Yoast SEO plugin v25.1 - https:\/\/yoast.com\/wordpress\/plugins\/seo\/ -->\n<title>DataMan 70 - V\u0169 L\u00ea Tech<\/title>\n<meta name=\"robots\" content=\"index, follow, max-snippet:-1, max-image-preview:large, max-video-preview:-1\" \/>\n<link rel=\"canonical\" href=\"https:\/\/vuletech.com\/en\/product\/dataman-70\/\" \/>\n<meta property=\"og:locale\" content=\"en_US\" \/>\n<meta property=\"og:type\" content=\"article\" \/>\n<meta property=\"og:title\" content=\"DataMan 70 - V\u0169 L\u00ea Tech\" \/>\n<meta property=\"og:description\" content=\"[vc_row][vc_column width=&#8221;1\/2&#8243;][vc_custom_heading text=&#8221;T\u00ednh n\u0103ng s\u00ea-ri Dataman 70&#8243; use_theme_fonts=&#8221;yes&#8221;][vc_column_text]DataMan 70 l\u00e0 m\u1ed9t \u0111\u1ea7u \u0111\u1ecdc m\u00e3 v\u1ea1ch g\u1eafn c\u1ed1 \u0111\u1ecbnh nh\u1ecf g\u1ecdn, cung c\u1ea5p t\u1ed1c \u0111\u1ed9 \u0111\u1ecdc cao nh\u1ea5t cho m\u00e3 v\u1ea1ch d\u1ef1a tr\u00ean nh\u00e3n 1D v\u00e0 2D. V\u1edbi h\u00ecnh \u1ea3nh ti\u00ean ti\u1ebfn,DataMan 70 l\u00e0 gi\u1ea3i ph\u00e1p l\u00fd t\u01b0\u1edfng cho c\u00e1c \u1ee9ng d\u1ee5ng s\u1ea3n xu\u1ea5t v\u00e0 h\u1eadu\" \/>\n<meta property=\"og:url\" content=\"https:\/\/vuletech.com\/en\/product\/dataman-70\/\" \/>\n<meta property=\"og:site_name\" content=\"V\u0169 L\u00ea Tech\" \/>\n<meta property=\"article:modified_time\" content=\"2025-05-13T08:42:05+00:00\" \/>\n<meta property=\"og:image\" content=\"https:\/\/vuletech.com\/wp-content\/uploads\/2020\/09\/phu-hop-voi-khong-gian-nho.jpg\" \/>\n\t<meta property=\"og:image:width\" content=\"1000\" \/>\n\t<meta property=\"og:image:height\" content=\"562\" \/>\n\t<meta property=\"og:image:type\" content=\"image\/jpeg\" \/>\n<meta name=\"twitter:card\" content=\"summary_large_image\" \/>\n<meta name=\"twitter:label1\" content=\"Est. reading time\" \/>\n\t<meta name=\"twitter:data1\" content=\"3 minutes\" \/>\n<script type=\"application\/ld+json\" class=\"yoast-schema-graph\">{\"@context\":\"https:\/\/schema.org\",\"@graph\":[{\"@type\":\"WebPage\",\"@id\":\"https:\/\/vuletech.com\/en\/product\/dataman-70\/\",\"url\":\"https:\/\/vuletech.com\/en\/product\/dataman-70\/\",\"name\":\"DataMan 70 - V\u0169 L\u00ea Tech\",\"isPartOf\":{\"@id\":\"http:\/\/vuletech.com\/#website\"},\"primaryImageOfPage\":{\"@id\":\"https:\/\/vuletech.com\/en\/product\/dataman-70\/#primaryimage\"},\"image\":{\"@id\":\"https:\/\/vuletech.com\/en\/product\/dataman-70\/#primaryimage\"},\"thumbnailUrl\":\"https:\/\/vuletech.com\/wp-content\/uploads\/2020\/09\/phu-hop-voi-khong-gian-nho.jpg\",\"datePublished\":\"2025-05-13T08:41:14+00:00\",\"dateModified\":\"2025-05-13T08:42:05+00:00\",\"breadcrumb\":{\"@id\":\"https:\/\/vuletech.com\/en\/product\/dataman-70\/#breadcrumb\"},\"inLanguage\":\"en-US\",\"potentialAction\":[{\"@type\":\"ReadAction\",\"target\":[\"https:\/\/vuletech.com\/en\/product\/dataman-70\/\"]}]},{\"@type\":\"ImageObject\",\"inLanguage\":\"en-US\",\"@id\":\"https:\/\/vuletech.com\/en\/product\/dataman-70\/#primaryimage\",\"url\":\"https:\/\/vuletech.com\/wp-content\/uploads\/2020\/09\/phu-hop-voi-khong-gian-nho.jpg\",\"contentUrl\":\"https:\/\/vuletech.com\/wp-content\/uploads\/2020\/09\/phu-hop-voi-khong-gian-nho.jpg\",\"width\":1000,\"height\":562,\"caption\":\"dataman70\"},{\"@type\":\"BreadcrumbList\",\"@id\":\"https:\/\/vuletech.com\/en\/product\/dataman-70\/#breadcrumb\",\"itemListElement\":[{\"@type\":\"ListItem\",\"position\":1,\"name\":\"Home\",\"item\":\"http:\/\/vuletech.com\/en\/\"},{\"@type\":\"ListItem\",\"position\":2,\"name\":\"Product\",\"item\":\"http:\/\/vuletech.com\/product\/\"},{\"@type\":\"ListItem\",\"position\":3,\"name\":\"DataMan 70\"}]},{\"@type\":\"WebSite\",\"@id\":\"http:\/\/vuletech.com\/#website\",\"url\":\"http:\/\/vuletech.com\/\",\"name\":\"V\u0169 L\u00ea Tech\",\"description\":\"Our Solution - Your Value\",\"potentialAction\":[{\"@type\":\"SearchAction\",\"target\":{\"@type\":\"EntryPoint\",\"urlTemplate\":\"http:\/\/vuletech.com\/?s={search_term_string}\"},\"query-input\":{\"@type\":\"PropertyValueSpecification\",\"valueRequired\":true,\"valueName\":\"search_term_string\"}}],\"inLanguage\":\"en-US\"}]}<\/script>\n<!-- \/ Yoast SEO plugin. -->","yoast_head_json":{"title":"DataMan 70 - V\u0169 L\u00ea Tech","robots":{"index":"index","follow":"follow","max-snippet":"max-snippet:-1","max-image-preview":"max-image-preview:large","max-video-preview":"max-video-preview:-1"},"canonical":"https:\/\/vuletech.com\/en\/product\/dataman-70\/","og_locale":"en_US","og_type":"article","og_title":"DataMan 70 - V\u0169 L\u00ea Tech","og_description":"[vc_row][vc_column width=&#8221;1\/2&#8243;][vc_custom_heading text=&#8221;T\u00ednh n\u0103ng s\u00ea-ri Dataman 70&#8243; use_theme_fonts=&#8221;yes&#8221;][vc_column_text]DataMan 70 l\u00e0 m\u1ed9t \u0111\u1ea7u \u0111\u1ecdc m\u00e3 v\u1ea1ch g\u1eafn c\u1ed1 \u0111\u1ecbnh nh\u1ecf g\u1ecdn, cung c\u1ea5p t\u1ed1c \u0111\u1ed9 \u0111\u1ecdc cao nh\u1ea5t cho m\u00e3 v\u1ea1ch d\u1ef1a tr\u00ean nh\u00e3n 1D v\u00e0 2D. V\u1edbi h\u00ecnh \u1ea3nh ti\u00ean ti\u1ebfn,DataMan 70 l\u00e0 gi\u1ea3i ph\u00e1p l\u00fd t\u01b0\u1edfng cho c\u00e1c \u1ee9ng d\u1ee5ng s\u1ea3n xu\u1ea5t v\u00e0 h\u1eadu","og_url":"https:\/\/vuletech.com\/en\/product\/dataman-70\/","og_site_name":"V\u0169 L\u00ea Tech","article_modified_time":"2025-05-13T08:42:05+00:00","og_image":[{"width":1000,"height":562,"url":"https:\/\/vuletech.com\/wp-content\/uploads\/2020\/09\/phu-hop-voi-khong-gian-nho.jpg","type":"image\/jpeg"}],"twitter_card":"summary_large_image","twitter_misc":{"Est. reading time":"3 minutes"},"schema":{"@context":"https:\/\/schema.org","@graph":[{"@type":"WebPage","@id":"https:\/\/vuletech.com\/en\/product\/dataman-70\/","url":"https:\/\/vuletech.com\/en\/product\/dataman-70\/","name":"DataMan 70 - V\u0169 L\u00ea Tech","isPartOf":{"@id":"http:\/\/vuletech.com\/#website"},"primaryImageOfPage":{"@id":"https:\/\/vuletech.com\/en\/product\/dataman-70\/#primaryimage"},"image":{"@id":"https:\/\/vuletech.com\/en\/product\/dataman-70\/#primaryimage"},"thumbnailUrl":"https:\/\/vuletech.com\/wp-content\/uploads\/2020\/09\/phu-hop-voi-khong-gian-nho.jpg","datePublished":"2025-05-13T08:41:14+00:00","dateModified":"2025-05-13T08:42:05+00:00","breadcrumb":{"@id":"https:\/\/vuletech.com\/en\/product\/dataman-70\/#breadcrumb"},"inLanguage":"en-US","potentialAction":[{"@type":"ReadAction","target":["https:\/\/vuletech.com\/en\/product\/dataman-70\/"]}]},{"@type":"ImageObject","inLanguage":"en-US","@id":"https:\/\/vuletech.com\/en\/product\/dataman-70\/#primaryimage","url":"https:\/\/vuletech.com\/wp-content\/uploads\/2020\/09\/phu-hop-voi-khong-gian-nho.jpg","contentUrl":"https:\/\/vuletech.com\/wp-content\/uploads\/2020\/09\/phu-hop-voi-khong-gian-nho.jpg","width":1000,"height":562,"caption":"dataman70"},{"@type":"BreadcrumbList","@id":"https:\/\/vuletech.com\/en\/product\/dataman-70\/#breadcrumb","itemListElement":[{"@type":"ListItem","position":1,"name":"Home","item":"http:\/\/vuletech.com\/en\/"},{"@type":"ListItem","position":2,"name":"Product","item":"http:\/\/vuletech.com\/product\/"},{"@type":"ListItem","position":3,"name":"DataMan 70"}]},{"@type":"WebSite","@id":"http:\/\/vuletech.com\/#website","url":"http:\/\/vuletech.com\/","name":"V\u0169 L\u00ea Tech","description":"Our Solution - Your Value","potentialAction":[{"@type":"SearchAction","target":{"@type":"EntryPoint","urlTemplate":"http:\/\/vuletech.com\/?s={search_term_string}"},"query-input":{"@type":"PropertyValueSpecification","valueRequired":true,"valueName":"search_term_string"}}],"inLanguage":"en-US"}]}},"_links":{"self":[{"href":"https:\/\/vuletech.com\/en\/wp-json\/wp\/v2\/product\/9660","targetHints":{"allow":["GET"]}}],"collection":[{"href":"https:\/\/vuletech.com\/en\/wp-json\/wp\/v2\/product"}],"about":[{"href":"https:\/\/vuletech.com\/en\/wp-json\/wp\/v2\/types\/product"}],"replies":[{"embeddable":true,"href":"https:\/\/vuletech.com\/en\/wp-json\/wp\/v2\/comments?post=9660"}],"wp:featuredmedia":[{"embeddable":true,"href":"https:\/\/vuletech.com\/en\/wp-json\/wp\/v2\/media\/1094"}],"wp:attachment":[{"href":"https:\/\/vuletech.com\/en\/wp-json\/wp\/v2\/media?parent=9660"}],"wp:term":[{"taxonomy":"product_brand","embeddable":true,"href":"https:\/\/vuletech.com\/en\/wp-json\/wp\/v2\/product_brand?post=9660"},{"taxonomy":"product_cat","embeddable":true,"href":"https:\/\/vuletech.com\/en\/wp-json\/wp\/v2\/product_cat?post=9660"},{"taxonomy":"product_tag","embeddable":true,"href":"https:\/\/vuletech.com\/en\/wp-json\/wp\/v2\/product_tag?post=9660"}],"curies":[{"name":"wp","href":"https:\/\/api.w.org\/{rel}","templated":true}]}}