{"id":9661,"date":"2025-05-13T15:41:14","date_gmt":"2025-05-13T08:41:14","guid":{"rendered":"https:\/\/vuletech.com\/product\/dataman-370\/"},"modified":"2025-05-13T15:41:54","modified_gmt":"2025-05-13T08:41:54","slug":"dataman-370","status":"publish","type":"product","link":"https:\/\/vuletech.com\/en\/product\/dataman-370\/","title":{"rendered":"DataMan 370"},"content":{"rendered":"<div class=\"wpb-content-wrapper\"><p>[vc_row][vc_column width=&#8221;1\/2&#8243;][vc_custom_heading text=&#8221;T\u00ednh n\u0103ng s\u00ea-ri DataMan 370&#8243; use_theme_fonts=&#8221;yes&#8221;][vc_column_text]\u0110\u1ea7u \u0111\u1ecdc m\u00e3 v\u1ea1ch g\u1eafn c\u1ed1 \u0111\u1ecbnh DataMan 370 gi\u1ea3i quy\u1ebft c\u00e1c \u1ee9ng d\u1ee5ng m\u00e3 ph\u1ea7n tr\u1ef1c ti\u1ebfp (DPM) v\u00e0 c\u00e1c \u1ee9ng d\u1ee5ng m\u00e3 d\u1ef1a tr\u00ean nh\u00e3n. V\u1edbi s\u1ee9c\u00a0 t\u00ednh to\u00e1n g\u1ea5p \u0111\u00f4i so v\u1edbi c\u00e1c tr\u00ecnh \u0111\u1ecdc th\u00f4ng th\u01b0\u1eddng trong c\u00f9ng l\u1edbp, DataMan 370 cung c\u1ea5p t\u1ed1c \u0111\u1ed9 gi\u1ea3i m\u00e3 nhanh h\u01a1n cho th\u00f4ng l\u01b0\u1ee3ng l\u1edbn h\u01a1n tr\u00ean m\u1ed7i c\u01a1 s\u1edf, ngay c\u1ea3 khi c\u00e1c \u1ee9ng d\u1ee5ng c\u00f3 nhi\u1ec1u m\u00e3 v\u00e0 k\u00fd hi\u1ec7u.[\/vc_column_text][\/vc_column][vc_column width=&#8221;1\/2&#8243;][vc_column_text]<\/p>\n<p><iframe loading=\"lazy\" title=\"DataMan 370 Barcode Reader with High Powered Integrated Torch\" width=\"640\" height=\"360\" src=\"https:\/\/www.youtube.com\/embed\/nSS8PLAnqww?feature=oembed\" frameborder=\"0\" allow=\"accelerometer; autoplay; clipboard-write; encrypted-media; gyroscope; picture-in-picture; web-share\" referrerpolicy=\"strict-origin-when-cross-origin\" allowfullscreen><\/iframe><\/p>\n<p>[\/vc_column_text][\/vc_column][\/vc_row][vc_row][vc_column width=&#8221;1\/2&#8243;][vc_single_image image=&#8221;1099&#8243; img_size=&#8221;full&#8221; alignment=&#8221;center&#8221;][\/vc_column][vc_column width=&#8221;1\/2&#8243;][vc_custom_heading text=&#8221;Hi\u1ec7u su\u1ea5t v\u00e0 n\u0103ng su\u1ea5t \u0111\u1ecdc g\u1ea5p 2 l\u1ea7n&#8221; use_theme_fonts=&#8221;yes&#8221;][vc_column_text]\u0110\u1ea7u \u0111\u1ecdc m\u00e3 v\u1ea1ch DataMan 370 \u0111\u01b0\u1ee3c t\u1ed1i \u01b0u h\u00f3a v\u1edbi c\u00e1c thu\u1eadt to\u00e1n gi\u1ea3i m\u00e3 m\u1edbi nh\u1ea5t \u0111\u1ec3 \u0111\u1ea3m b\u1ea3o hi\u1ec7u su\u1ea5t t\u1ed1c \u0111\u1ed9 \u0111\u1ecdc nhanh v\u00e0 v\u01b0\u1ee3t tr\u1ed9i cho m\u00e3 1D v\u00e0 2D. B\u1ed9 x\u1eed l\u00fd \u0111a l\u00f5i c\u1ee7a DataMan 370 cho ph\u00e9p n\u00f3 ch\u1ea1y song song c\u00e1c thu\u1eadt to\u00e1n v\u00e0 quy tr\u00ecnh n\u00e0y, d\u1eabn \u0111\u1ebfn hi\u1ec7u su\u1ea5t v\u00e0 s\u1ee9c m\u1ea1nh c\u1ee7a c\u00e1c tr\u00ecnh \u0111\u1ecdc hi\u1ec7u su\u1ea5t cao t\u01b0\u01a1ng \u0111\u01b0\u01a1ng g\u1ea5p hai l\u1ea7n[\/vc_column_text][\/vc_column][\/vc_row][vc_row][vc_column width=&#8221;1\/2&#8243;][vc_custom_heading text=&#8221;H\u00ecnh \u1ea3nh t\u1ed1t nh\u1ea5t&#8221; use_theme_fonts=&#8221;yes&#8221;][vc_column_text]DataMan 370 s\u1eed d\u1ee5ng c\u00f4ng ngh\u1ec7 h\u00ecnh \u1ea3nh High Dynamic Range (HDR) \u0111\u1ec3 thu \u0111\u01b0\u1ee3c c\u00e1c h\u00ecnh \u1ea3nh \u0111\u01a1n l\u1ebb chi ti\u1ebft h\u01a1n 16 l\u1ea7n so v\u1edbi c\u00e1c c\u1ea3m bi\u1ebfn th\u00f4ng th\u01b0\u1eddng. Gi\u00fap t\u0103ng c\u01b0\u1eddng ch\u1ea5t l\u01b0\u1ee3ng h\u00ecnh \u1ea3nh v\u00e0 \u0111\u1ed9 t\u01b0\u01a1ng ph\u1ea3n, d\u1eabn \u0111\u1ebfn \u0111\u1ed9 s\u00e2u tr\u01b0\u1eddng \u1ea3nh l\u1edbn h\u01a1n v\u00e0 x\u1eed l\u00fd c\u1ea3i thi\u1ec7n m\u00e3 t\u01b0\u01a1ng ph\u1ea3n th\u1ea5p[\/vc_column_text][\/vc_column][vc_column width=&#8221;1\/2&#8243;][vc_single_image image=&#8221;1100&#8243; img_size=&#8221;full&#8221; alignment=&#8221;center&#8221;][\/vc_column][\/vc_row][vc_row][vc_column width=&#8221;1\/2&#8243;][vc_single_image image=&#8221;1101&#8243; img_size=&#8221;full&#8221; alignment=&#8221;center&#8221;][\/vc_column][vc_column width=&#8221;1\/2&#8243;][vc_custom_heading text=&#8221;S\u1ef1 linh ho\u1ea1t tuy\u1ec7t \u0111\u1ed1i&#8221; use_theme_fonts=&#8221;yes&#8221;][vc_column_text]Thi\u1ebft k\u1ebf m\u00f4-\u0111un c\u1ee7a DataMan 370 c\u00f3 chung c\u00e1c t\u00f9y ch\u1ecdn \u00e1nh s\u00e1ng, \u1ed1ng k\u00ednh v\u00e0 giao ti\u1ebfp nh\u01b0 c\u00e1c tr\u00ecnh \u0111\u1ecdc DataMan kh\u00e1c, mang l\u1ea1i s\u1ef1 linh ho\u1ea1t t\u1ed1i \u0111a[\/vc_column_text][\/vc_column][\/vc_row]<\/p>\n<\/div>","protected":false},"excerpt":{"rendered":"<p>[vc_row][vc_column width=&#8221;1\/2&#8243;][vc_custom_heading text=&#8221;T\u00ednh n\u0103ng s\u00ea-ri DataMan 370&#8243; use_theme_fonts=&#8221;yes&#8221;][vc_column_text]\u0110\u1ea7u \u0111\u1ecdc m\u00e3 v\u1ea1ch g\u1eafn c\u1ed1 \u0111\u1ecbnh DataMan 370 gi\u1ea3i quy\u1ebft c\u00e1c \u1ee9ng d\u1ee5ng m\u00e3 ph\u1ea7n tr\u1ef1c ti\u1ebfp (DPM) v\u00e0 c\u00e1c \u1ee9ng d\u1ee5ng m\u00e3 d\u1ef1a tr\u00ean nh\u00e3n. V\u1edbi s\u1ee9c\u00a0 t\u00ednh to\u00e1n g\u1ea5p \u0111\u00f4i so v\u1edbi c\u00e1c tr\u00ecnh \u0111\u1ecdc th\u00f4ng th\u01b0\u1eddng trong c\u00f9ng l\u1edbp, DataMan 370 cung c\u1ea5p t\u1ed1c<\/p>\n","protected":false},"featured_media":1101,"comment_status":"closed","ping_status":"closed","template":"","meta":[],"product_brand":[],"product_cat":[795,723],"product_tag":[],"class_list":{"0":"post-9661","1":"product","2":"type-product","3":"status-publish","4":"has-post-thumbnail","6":"product_cat-may-doc-ma-vach-co-dinh","7":"product_cat-vision-sensor","9":"first","10":"instock","11":"product-type-simple"},"acf":[],"yoast_head":"<!-- This site is optimized with the Yoast SEO plugin v25.1 - https:\/\/yoast.com\/wordpress\/plugins\/seo\/ -->\n<title>DataMan 370 - V\u0169 L\u00ea Tech<\/title>\n<meta name=\"robots\" content=\"index, follow, max-snippet:-1, max-image-preview:large, max-video-preview:-1\" \/>\n<link rel=\"canonical\" href=\"https:\/\/vuletech.com\/product\/dataman-370\/\" \/>\n<meta property=\"og:locale\" content=\"en_US\" \/>\n<meta property=\"og:type\" content=\"article\" \/>\n<meta property=\"og:title\" content=\"DataMan 370 - V\u0169 L\u00ea Tech\" \/>\n<meta property=\"og:description\" content=\"[vc_row][vc_column width=&#8221;1\/2&#8243;][vc_custom_heading text=&#8221;T\u00ednh n\u0103ng s\u00ea-ri DataMan 370&#8243; use_theme_fonts=&#8221;yes&#8221;][vc_column_text]\u0110\u1ea7u \u0111\u1ecdc m\u00e3 v\u1ea1ch g\u1eafn c\u1ed1 \u0111\u1ecbnh DataMan 370 gi\u1ea3i quy\u1ebft c\u00e1c \u1ee9ng d\u1ee5ng m\u00e3 ph\u1ea7n tr\u1ef1c ti\u1ebfp (DPM) v\u00e0 c\u00e1c \u1ee9ng d\u1ee5ng m\u00e3 d\u1ef1a tr\u00ean nh\u00e3n. V\u1edbi s\u1ee9c\u00a0 t\u00ednh to\u00e1n g\u1ea5p \u0111\u00f4i so v\u1edbi c\u00e1c tr\u00ecnh \u0111\u1ecdc th\u00f4ng th\u01b0\u1eddng trong c\u00f9ng l\u1edbp, DataMan 370 cung c\u1ea5p t\u1ed1c\" \/>\n<meta property=\"og:url\" content=\"https:\/\/vuletech.com\/product\/dataman-370\/\" \/>\n<meta property=\"og:site_name\" content=\"V\u0169 L\u00ea Tech\" \/>\n<meta property=\"article:modified_time\" content=\"2025-05-13T08:41:54+00:00\" \/>\n<meta property=\"og:image\" content=\"https:\/\/vuletech.com\/wp-content\/uploads\/2020\/09\/Modularity-cung-cap-su-linh-hoat-vo-song.jpg\" \/>\n\t<meta property=\"og:image:width\" content=\"1000\" \/>\n\t<meta property=\"og:image:height\" content=\"562\" \/>\n\t<meta property=\"og:image:type\" content=\"image\/jpeg\" \/>\n<meta name=\"twitter:card\" content=\"summary_large_image\" \/>\n<meta name=\"twitter:label1\" content=\"Est. reading time\" \/>\n\t<meta name=\"twitter:data1\" content=\"3 minutes\" \/>\n<script type=\"application\/ld+json\" class=\"yoast-schema-graph\">{\"@context\":\"https:\/\/schema.org\",\"@graph\":[{\"@type\":\"WebPage\",\"@id\":\"https:\/\/vuletech.com\/product\/dataman-370\/\",\"url\":\"https:\/\/vuletech.com\/product\/dataman-370\/\",\"name\":\"DataMan 370 - V\u0169 L\u00ea Tech\",\"isPartOf\":{\"@id\":\"http:\/\/vuletech.com\/#website\"},\"primaryImageOfPage\":{\"@id\":\"https:\/\/vuletech.com\/product\/dataman-370\/#primaryimage\"},\"image\":{\"@id\":\"https:\/\/vuletech.com\/product\/dataman-370\/#primaryimage\"},\"thumbnailUrl\":\"https:\/\/vuletech.com\/wp-content\/uploads\/2020\/09\/Modularity-cung-cap-su-linh-hoat-vo-song.jpg\",\"datePublished\":\"2025-05-13T08:41:14+00:00\",\"dateModified\":\"2025-05-13T08:41:54+00:00\",\"breadcrumb\":{\"@id\":\"https:\/\/vuletech.com\/product\/dataman-370\/#breadcrumb\"},\"inLanguage\":\"en-US\",\"potentialAction\":[{\"@type\":\"ReadAction\",\"target\":[\"https:\/\/vuletech.com\/product\/dataman-370\/\"]}]},{\"@type\":\"ImageObject\",\"inLanguage\":\"en-US\",\"@id\":\"https:\/\/vuletech.com\/product\/dataman-370\/#primaryimage\",\"url\":\"https:\/\/vuletech.com\/wp-content\/uploads\/2020\/09\/Modularity-cung-cap-su-linh-hoat-vo-song.jpg\",\"contentUrl\":\"https:\/\/vuletech.com\/wp-content\/uploads\/2020\/09\/Modularity-cung-cap-su-linh-hoat-vo-song.jpg\",\"width\":1000,\"height\":562,\"caption\":\"dataman370\"},{\"@type\":\"BreadcrumbList\",\"@id\":\"https:\/\/vuletech.com\/product\/dataman-370\/#breadcrumb\",\"itemListElement\":[{\"@type\":\"ListItem\",\"position\":1,\"name\":\"Home\",\"item\":\"http:\/\/vuletech.com\/en\/\"},{\"@type\":\"ListItem\",\"position\":2,\"name\":\"Product\",\"item\":\"http:\/\/vuletech.com\/product\/\"},{\"@type\":\"ListItem\",\"position\":3,\"name\":\"DataMan 370\"}]},{\"@type\":\"WebSite\",\"@id\":\"http:\/\/vuletech.com\/#website\",\"url\":\"http:\/\/vuletech.com\/\",\"name\":\"V\u0169 L\u00ea Tech\",\"description\":\"Our Solution - Your Value\",\"potentialAction\":[{\"@type\":\"SearchAction\",\"target\":{\"@type\":\"EntryPoint\",\"urlTemplate\":\"http:\/\/vuletech.com\/?s={search_term_string}\"},\"query-input\":{\"@type\":\"PropertyValueSpecification\",\"valueRequired\":true,\"valueName\":\"search_term_string\"}}],\"inLanguage\":\"en-US\"}]}<\/script>\n<!-- \/ Yoast SEO plugin. -->","yoast_head_json":{"title":"DataMan 370 - V\u0169 L\u00ea Tech","robots":{"index":"index","follow":"follow","max-snippet":"max-snippet:-1","max-image-preview":"max-image-preview:large","max-video-preview":"max-video-preview:-1"},"canonical":"https:\/\/vuletech.com\/product\/dataman-370\/","og_locale":"en_US","og_type":"article","og_title":"DataMan 370 - V\u0169 L\u00ea Tech","og_description":"[vc_row][vc_column width=&#8221;1\/2&#8243;][vc_custom_heading text=&#8221;T\u00ednh n\u0103ng s\u00ea-ri DataMan 370&#8243; use_theme_fonts=&#8221;yes&#8221;][vc_column_text]\u0110\u1ea7u \u0111\u1ecdc m\u00e3 v\u1ea1ch g\u1eafn c\u1ed1 \u0111\u1ecbnh DataMan 370 gi\u1ea3i quy\u1ebft c\u00e1c \u1ee9ng d\u1ee5ng m\u00e3 ph\u1ea7n tr\u1ef1c ti\u1ebfp (DPM) v\u00e0 c\u00e1c \u1ee9ng d\u1ee5ng m\u00e3 d\u1ef1a tr\u00ean nh\u00e3n. V\u1edbi s\u1ee9c\u00a0 t\u00ednh to\u00e1n g\u1ea5p \u0111\u00f4i so v\u1edbi c\u00e1c tr\u00ecnh \u0111\u1ecdc th\u00f4ng th\u01b0\u1eddng trong c\u00f9ng l\u1edbp, DataMan 370 cung c\u1ea5p t\u1ed1c","og_url":"https:\/\/vuletech.com\/product\/dataman-370\/","og_site_name":"V\u0169 L\u00ea Tech","article_modified_time":"2025-05-13T08:41:54+00:00","og_image":[{"width":1000,"height":562,"url":"https:\/\/vuletech.com\/wp-content\/uploads\/2020\/09\/Modularity-cung-cap-su-linh-hoat-vo-song.jpg","type":"image\/jpeg"}],"twitter_card":"summary_large_image","twitter_misc":{"Est. reading time":"3 minutes"},"schema":{"@context":"https:\/\/schema.org","@graph":[{"@type":"WebPage","@id":"https:\/\/vuletech.com\/product\/dataman-370\/","url":"https:\/\/vuletech.com\/product\/dataman-370\/","name":"DataMan 370 - V\u0169 L\u00ea Tech","isPartOf":{"@id":"http:\/\/vuletech.com\/#website"},"primaryImageOfPage":{"@id":"https:\/\/vuletech.com\/product\/dataman-370\/#primaryimage"},"image":{"@id":"https:\/\/vuletech.com\/product\/dataman-370\/#primaryimage"},"thumbnailUrl":"https:\/\/vuletech.com\/wp-content\/uploads\/2020\/09\/Modularity-cung-cap-su-linh-hoat-vo-song.jpg","datePublished":"2025-05-13T08:41:14+00:00","dateModified":"2025-05-13T08:41:54+00:00","breadcrumb":{"@id":"https:\/\/vuletech.com\/product\/dataman-370\/#breadcrumb"},"inLanguage":"en-US","potentialAction":[{"@type":"ReadAction","target":["https:\/\/vuletech.com\/product\/dataman-370\/"]}]},{"@type":"ImageObject","inLanguage":"en-US","@id":"https:\/\/vuletech.com\/product\/dataman-370\/#primaryimage","url":"https:\/\/vuletech.com\/wp-content\/uploads\/2020\/09\/Modularity-cung-cap-su-linh-hoat-vo-song.jpg","contentUrl":"https:\/\/vuletech.com\/wp-content\/uploads\/2020\/09\/Modularity-cung-cap-su-linh-hoat-vo-song.jpg","width":1000,"height":562,"caption":"dataman370"},{"@type":"BreadcrumbList","@id":"https:\/\/vuletech.com\/product\/dataman-370\/#breadcrumb","itemListElement":[{"@type":"ListItem","position":1,"name":"Home","item":"http:\/\/vuletech.com\/en\/"},{"@type":"ListItem","position":2,"name":"Product","item":"http:\/\/vuletech.com\/product\/"},{"@type":"ListItem","position":3,"name":"DataMan 370"}]},{"@type":"WebSite","@id":"http:\/\/vuletech.com\/#website","url":"http:\/\/vuletech.com\/","name":"V\u0169 L\u00ea Tech","description":"Our Solution - Your Value","potentialAction":[{"@type":"SearchAction","target":{"@type":"EntryPoint","urlTemplate":"http:\/\/vuletech.com\/?s={search_term_string}"},"query-input":{"@type":"PropertyValueSpecification","valueRequired":true,"valueName":"search_term_string"}}],"inLanguage":"en-US"}]}},"_links":{"self":[{"href":"https:\/\/vuletech.com\/en\/wp-json\/wp\/v2\/product\/9661","targetHints":{"allow":["GET"]}}],"collection":[{"href":"https:\/\/vuletech.com\/en\/wp-json\/wp\/v2\/product"}],"about":[{"href":"https:\/\/vuletech.com\/en\/wp-json\/wp\/v2\/types\/product"}],"replies":[{"embeddable":true,"href":"https:\/\/vuletech.com\/en\/wp-json\/wp\/v2\/comments?post=9661"}],"wp:featuredmedia":[{"embeddable":true,"href":"https:\/\/vuletech.com\/en\/wp-json\/wp\/v2\/media\/1101"}],"wp:attachment":[{"href":"https:\/\/vuletech.com\/en\/wp-json\/wp\/v2\/media?parent=9661"}],"wp:term":[{"taxonomy":"product_brand","embeddable":true,"href":"https:\/\/vuletech.com\/en\/wp-json\/wp\/v2\/product_brand?post=9661"},{"taxonomy":"product_cat","embeddable":true,"href":"https:\/\/vuletech.com\/en\/wp-json\/wp\/v2\/product_cat?post=9661"},{"taxonomy":"product_tag","embeddable":true,"href":"https:\/\/vuletech.com\/en\/wp-json\/wp\/v2\/product_tag?post=9661"}],"curies":[{"name":"wp","href":"https:\/\/api.w.org\/{rel}","templated":true}]}}