{"id":9662,"date":"2025-05-13T15:51:02","date_gmt":"2025-05-13T08:51:02","guid":{"rendered":"https:\/\/vuletech.com\/product\/dataman-475v\/"},"modified":"2025-05-13T15:51:32","modified_gmt":"2025-05-13T08:51:32","slug":"dataman-475v","status":"publish","type":"product","link":"https:\/\/vuletech.com\/en\/product\/dataman-475v\/","title":{"rendered":"DataMan 475V"},"content":{"rendered":"<div class=\"wpb-content-wrapper\"><p>[vc_row css=&#8221;.vc_custom_1596775838948{padding-top: 50px !important;padding-bottom: 50px !important;}&#8221;][vc_column width=&#8221;1\/2&#8243;][vc_custom_heading text=&#8221;Dataman 475V Series&#8221; use_theme_fonts=&#8221;yes&#8221;][vc_column_text]C\u00f4ng ngh\u1ec7 x\u00e1c minh m\u00e3 v\u1ea1ch DataMan 475V c\u00f3 kh\u1ea3 n\u0103ng<\/p>\n<ul>\n<li>\u0110\u1ecdc m\u00e3 v\u1ea1ch 1D v\u00e0 2D m\u00e0 v\u1eabn tu\u00e2n th\u1ee7 theo ti\u00eau chu\u1ea9n h\u00f3a c\u1ee7a ng\u00e0nh.<\/li>\n<li>Cung c\u1ea5p c\u00e1c b\u00e1o c\u00e1o ch\u1ea5t l\u01b0\u1ee3ng v\u00e0 c\u00f3 th\u1ec3 t\u1ef1 \u0111\u1ed9ng x\u00e1c minh tr\u1ef1c ti\u1ebfp tr\u00ean d\u00e2y chuy\u1ec1n s\u1ea3n xu\u1ea5t t\u1ed1c \u0111\u1ed9 cao, gi\u00fap doanh nghi\u1ec7p tr\u00e1nh l\u00e3ng ph\u00ed s\u1ea3n ph\u1ea9m v\u00e0 c\u00e1c chi ph\u00ed kh\u00f4ng c\u1ea7n thi\u1ebft.<\/li>\n<li>\u0110\u1ecdc hi\u1ec3u h\u00ecnh \u1ea3nh v\u00e0 ph\u1ea3n h\u1ed3i ngay l\u1eadp t\u1ee9c t\u1edbi doanh nghi\u1ec7p.<\/li>\n<li>Cung c\u1ea5p cho doanh nghi\u1ec7p c\u00e1c th\u00f4ng tin \u0111\u1ed3ng th\u1eddi gi\u00fap x\u00e1c \u0111\u1ecbnh v\u00e0 kh\u1eafc ph\u1ee5c c\u00e1c s\u1ef1 c\u1ed1 trong khi in.<\/li>\n<li>B\u00e1o c\u00e1o c\u00f3 th\u1ec3 truy xu\u1ea5t ngu\u1ed3n g\u1ed1c, ki\u1ec3m so\u00e1t qu\u00e1 tr\u00ecnh v\u00e0 tu\u00e2n th\u1ee7 theo y\u00eau c\u1ea7u c\u1ee7a doanh nghi\u1ec7p \u0111\u01b0a ra.<\/li>\n<\/ul>\n<p>[\/vc_column_text][\/vc_column][vc_column width=&#8221;1\/2&#8243;][vc_single_image image=&#8221;464&#8243; img_size=&#8221;full&#8221;][\/vc_column][\/vc_row][vc_row full_width=&#8221;stretch_row&#8221; css=&#8221;.vc_custom_1596775809216{padding-top: 50px !important;padding-bottom: 50px !important;background-color: #efefef !important;}&#8221;][vc_column width=&#8221;1\/2&#8243;][vc_single_image image=&#8221;465&#8243; img_size=&#8221;full&#8221;][\/vc_column][vc_column width=&#8221;1\/2&#8243;][vc_custom_heading text=&#8221;DataMan 475V cung c\u1ea5p m\u1ed9t s\u1ed1 c\u00e1ch ngay l\u1eadp t\u1ee9c \u0111\u1ec3 \u0111\u1ea3m b\u1ea3o ch\u1ea5t l\u01b0\u1ee3ng:&#8221; use_theme_fonts=&#8221;yes&#8221;][vc_column_text]<\/p>\n<ul>\n<li>\u00a0Th\u00f4ng b\u00e1o cho doanh nghi\u1ec7p khi ch\u1ea5t l\u01b0\u1ee3ng m\u00e3 b\u1eaft \u0111\u1ea7u gi\u1ea3m<\/li>\n<li>Kh\u1ea3 n\u0103ng \u0111\u1ecdc l\u00ean t\u1edbi 20 m\u00e3 m\u1ed7i gi\u00e2y<\/li>\n<li>Xu\u1ea5t k\u1ebft qu\u1ea3 x\u00e1c minh sang PLC, c\u01a1 s\u1edf d\u1eef li\u1ec7u ho\u1eb7c m\u00e1y ch\u1ee7 FTP c\u1ee7a doanh nghi\u1ec7p.<\/li>\n<li>Gi\u00fap c\u1ea3i thi\u1ec7n quy tr\u00ecnh v\u1edbi vi\u1ec7c ph\u00e2n t\u00edch chi ti\u1ebft cho m\u1ecdi m\u00e3 code.<\/li>\n<\/ul>\n<p>[\/vc_column_text][\/vc_column][\/vc_row][vc_row css=&#8221;.vc_custom_1596775851342{padding-top: 50px !important;padding-bottom: 50px !important;}&#8221;][vc_column width=&#8221;1\/2&#8243;][vc_custom_heading text=&#8221;\u0110\u1ea1t \u0111\u01b0\u1ee3c k\u1ebft qu\u1ea3 x\u00e1c minh m\u00e3 v\u1ea1ch tu\u00e2n th\u1ee7&#8221; use_theme_fonts=&#8221;yes&#8221;][vc_column_text]<\/p>\n<p style=\"background: white;\"><span style=\"color: black;\">DataMan 475V c\u00f3 \u00e1nh s\u00e1ng \u1edf <\/span><span style=\"color: black;\">b\u1ed1n g\u00f3c v\u00e0 g\u00f3c 45 \u0111\u1ed9 c\u1ee7a s\u1ea3n ph\u1ea9m<\/span><span style=\"color: black;\"> tu\u00e2n th\u1ee7 c\u00e1c y\u00eau c\u1ea7u c\u1ee7a T\u1ed5 ch\u1ee9c Ti\u00eau chu\u1ea9n h\u00f3a Qu\u1ed1c t\u1ebf (ISO) 15416, 15415 v\u00e0 ISO\/IEC 29158 <\/span><span style=\"color: black;\">\u0111\u1ec3 ph\u00e2n lo\u1ea1i m\u00e3 1D v\u00e0 2D. Th\u1ebb hi\u1ec7u chu\u1ea9n\u00a0 v\u00e0 c\u00e1c thu\u1eadt to\u00e1n ph\u00e2n lo\u1ea1i \u0111\u01b0\u1ee3c l\u1eadp tr\u00ecnh trong DataMan 475V\u00a0 \u0111\u1ea3m b\u1ea3o r\u1eb1ng s\u1ea3n ph\u1ea9m tu\u00e2n th\u1ee7 c\u00e1c ti\u00eau chu\u1ea9n \u1ee9ng d\u1ee5ng v\u00e0 ISO trong khi cung c\u1ea5p k\u1ebft qu\u1ea3 ch\u00ednh x\u00e1c v\u00e0 l\u1eb7p l\u1ea1i.<\/span><\/p>\n<p>[\/vc_column_text][\/vc_column][vc_column width=&#8221;1\/2&#8243;][vc_single_image image=&#8221;463&#8243; img_size=&#8221;full&#8221;][\/vc_column][\/vc_row][vc_row full_width=&#8221;stretch_row&#8221; css=&#8221;.vc_custom_1596775858056{padding-top: 50px !important;padding-bottom: 50px !important;background-color: #efefef !important;}&#8221;][vc_column width=&#8221;1\/2&#8243;][vc_single_image image=&#8221;462&#8243; img_size=&#8221;full&#8221;][\/vc_column][vc_column width=&#8221;1\/2&#8243;][vc_custom_heading text=&#8221;T\u1ef1 \u0111\u1ed9ng t\u1ea1o d\u1eef li\u1ec7u v\u00e0 b\u00e1o c\u00e1o ch\u1ea5t l\u01b0\u1ee3ng m\u00e3&#8221; use_theme_fonts=&#8221;yes&#8221;][vc_column_text]<\/p>\n<p style=\"background: white;\"><span style=\"color: black;\">Ph\u1ea7n m\u1ec1m x\u00e1c minh m\u00e3 v\u1ea1ch cung c\u1ea5p th\u00f4ng tin tr\u1ef1c quan \u0111\u1ec3 x\u00e1c \u0111\u1ecbnh c\u00e1c v\u1ea5n \u0111\u1ec1 v\u1ec1 ch\u1ea5t l\u01b0\u1ee3ng m\u00e3. DataMan 475V \u0111\u00e1nh gi\u00e1 m\u1ed9t c\u00e1ch t\u1ed5ng th\u1ec3 khi qu\u00e9t m\u00e3 \u0111\u00f3 d\u1ef1a tr\u00ean ph\u00e9p \u0111o c\u00e1c tham s\u1ed1 ch\u1ea5t l\u01b0\u1ee3ng do ISO quy \u0111\u1ecbnh.<\/span><span style=\"color: black;\">\u00a0C\u00e1c tham s\u1ed1 n\u00e0y \u0111o l\u01b0\u1eddng m\u1ed9t s\u1ed1 y\u1ebfu t\u1ed1 \u1ea3nh h\u01b0\u1edfng \u0111\u1ebfn kh\u1ea3 n\u0103ng c\u1ee7a ng\u01b0\u1eddi \u0111\u1ecdc m\u00e3 v\u1ea1ch \u0111\u1ec3 x\u00e1c \u0111\u1ecbnh v\u00e0 gi\u1ea3i m\u00e3 m\u00e3, t\u1ed1i \u0111a h\u00f3a hi\u1ec7u su\u1ea5t t\u1ed1c \u0111\u1ed9 \u0111\u1ecdc trong to\u00e0n b\u1ed9 chu\u1ed7i cung \u1ee9ng.<\/span><\/p>\n<p>[\/vc_column_text][\/vc_column][\/vc_row]<\/p>\n<\/div>","protected":false},"excerpt":{"rendered":"<p>[vc_row css=&#8221;.vc_custom_1596775838948{padding-top: 50px !important;padding-bottom: 50px !important;}&#8221;][vc_column width=&#8221;1\/2&#8243;][vc_custom_heading text=&#8221;Dataman 475V Series&#8221; use_theme_fonts=&#8221;yes&#8221;][vc_column_text]C\u00f4ng ngh\u1ec7 x\u00e1c minh m\u00e3 v\u1ea1ch DataMan 475V c\u00f3 kh\u1ea3 n\u0103ng \u0110\u1ecdc m\u00e3 v\u1ea1ch 1D v\u00e0 2D m\u00e0 v\u1eabn tu\u00e2n th\u1ee7 theo ti\u00eau chu\u1ea9n h\u00f3a c\u1ee7a ng\u00e0nh. Cung c\u1ea5p c\u00e1c b\u00e1o c\u00e1o ch\u1ea5t l\u01b0\u1ee3ng v\u00e0 c\u00f3 th\u1ec3 t\u1ef1 \u0111\u1ed9ng x\u00e1c minh tr\u1ef1c ti\u1ebfp tr\u00ean d\u00e2y<\/p>\n","protected":false},"featured_media":465,"comment_status":"closed","ping_status":"closed","template":"","meta":[],"product_brand":[],"product_cat":[797,723],"product_tag":[],"class_list":{"0":"post-9662","1":"product","2":"type-product","3":"status-publish","4":"has-post-thumbnail","6":"product_cat-may-xac-minh-ma-vach","7":"product_cat-vision-sensor","9":"first","10":"instock","11":"product-type-simple"},"acf":[],"yoast_head":"<!-- This site is optimized with the Yoast SEO plugin v25.1 - https:\/\/yoast.com\/wordpress\/plugins\/seo\/ -->\n<title>DataMan 475V - V\u0169 L\u00ea Tech<\/title>\n<meta name=\"robots\" content=\"index, follow, max-snippet:-1, max-image-preview:large, max-video-preview:-1\" \/>\n<link rel=\"canonical\" href=\"http:\/\/vuletech.com\/product\/dataman-475v\/\" \/>\n<meta property=\"og:locale\" content=\"en_US\" \/>\n<meta property=\"og:type\" content=\"article\" \/>\n<meta property=\"og:title\" content=\"DataMan 475V - V\u0169 L\u00ea Tech\" \/>\n<meta property=\"og:description\" content=\"[vc_row css=&#8221;.vc_custom_1596775838948{padding-top: 50px !important;padding-bottom: 50px !important;}&#8221;][vc_column width=&#8221;1\/2&#8243;][vc_custom_heading text=&#8221;Dataman 475V Series&#8221; use_theme_fonts=&#8221;yes&#8221;][vc_column_text]C\u00f4ng ngh\u1ec7 x\u00e1c minh m\u00e3 v\u1ea1ch DataMan 475V c\u00f3 kh\u1ea3 n\u0103ng \u0110\u1ecdc m\u00e3 v\u1ea1ch 1D v\u00e0 2D m\u00e0 v\u1eabn tu\u00e2n th\u1ee7 theo ti\u00eau chu\u1ea9n h\u00f3a c\u1ee7a ng\u00e0nh. Cung c\u1ea5p c\u00e1c b\u00e1o c\u00e1o ch\u1ea5t l\u01b0\u1ee3ng v\u00e0 c\u00f3 th\u1ec3 t\u1ef1 \u0111\u1ed9ng x\u00e1c minh tr\u1ef1c ti\u1ebfp tr\u00ean d\u00e2y\" \/>\n<meta property=\"og:url\" content=\"http:\/\/vuletech.com\/product\/dataman-475v\/\" \/>\n<meta property=\"og:site_name\" content=\"V\u0169 L\u00ea Tech\" \/>\n<meta property=\"article:modified_time\" content=\"2025-05-13T08:51:32+00:00\" \/>\n<meta property=\"og:image\" content=\"http:\/\/vuletech.com\/wp-content\/uploads\/2020\/08\/dm475-verifier-carousel-2.jpg\" \/>\n\t<meta property=\"og:image:width\" content=\"1000\" \/>\n\t<meta property=\"og:image:height\" content=\"560\" \/>\n\t<meta property=\"og:image:type\" content=\"image\/jpeg\" \/>\n<meta name=\"twitter:card\" content=\"summary_large_image\" \/>\n<meta name=\"twitter:label1\" content=\"Est. reading time\" \/>\n\t<meta name=\"twitter:data1\" content=\"4 minutes\" \/>\n<script type=\"application\/ld+json\" class=\"yoast-schema-graph\">{\"@context\":\"https:\/\/schema.org\",\"@graph\":[{\"@type\":\"WebPage\",\"@id\":\"http:\/\/vuletech.com\/product\/dataman-475v\/\",\"url\":\"http:\/\/vuletech.com\/product\/dataman-475v\/\",\"name\":\"DataMan 475V - V\u0169 L\u00ea Tech\",\"isPartOf\":{\"@id\":\"http:\/\/vuletech.com\/#website\"},\"primaryImageOfPage\":{\"@id\":\"http:\/\/vuletech.com\/product\/dataman-475v\/#primaryimage\"},\"image\":{\"@id\":\"http:\/\/vuletech.com\/product\/dataman-475v\/#primaryimage\"},\"thumbnailUrl\":\"https:\/\/vuletech.com\/wp-content\/uploads\/2020\/08\/dm475-verifier-carousel-2.jpg\",\"datePublished\":\"2025-05-13T08:51:02+00:00\",\"dateModified\":\"2025-05-13T08:51:32+00:00\",\"breadcrumb\":{\"@id\":\"http:\/\/vuletech.com\/product\/dataman-475v\/#breadcrumb\"},\"inLanguage\":\"en-US\",\"potentialAction\":[{\"@type\":\"ReadAction\",\"target\":[\"http:\/\/vuletech.com\/product\/dataman-475v\/\"]}]},{\"@type\":\"ImageObject\",\"inLanguage\":\"en-US\",\"@id\":\"http:\/\/vuletech.com\/product\/dataman-475v\/#primaryimage\",\"url\":\"https:\/\/vuletech.com\/wp-content\/uploads\/2020\/08\/dm475-verifier-carousel-2.jpg\",\"contentUrl\":\"https:\/\/vuletech.com\/wp-content\/uploads\/2020\/08\/dm475-verifier-carousel-2.jpg\",\"width\":1000,\"height\":560},{\"@type\":\"BreadcrumbList\",\"@id\":\"http:\/\/vuletech.com\/product\/dataman-475v\/#breadcrumb\",\"itemListElement\":[{\"@type\":\"ListItem\",\"position\":1,\"name\":\"Home\",\"item\":\"http:\/\/vuletech.com\/en\/\"},{\"@type\":\"ListItem\",\"position\":2,\"name\":\"Product\",\"item\":\"http:\/\/vuletech.com\/product\/\"},{\"@type\":\"ListItem\",\"position\":3,\"name\":\"DataMan 475V\"}]},{\"@type\":\"WebSite\",\"@id\":\"http:\/\/vuletech.com\/#website\",\"url\":\"http:\/\/vuletech.com\/\",\"name\":\"V\u0169 L\u00ea Tech\",\"description\":\"Our Solution - Your Value\",\"potentialAction\":[{\"@type\":\"SearchAction\",\"target\":{\"@type\":\"EntryPoint\",\"urlTemplate\":\"http:\/\/vuletech.com\/?s={search_term_string}\"},\"query-input\":{\"@type\":\"PropertyValueSpecification\",\"valueRequired\":true,\"valueName\":\"search_term_string\"}}],\"inLanguage\":\"en-US\"}]}<\/script>\n<!-- \/ Yoast SEO plugin. -->","yoast_head_json":{"title":"DataMan 475V - V\u0169 L\u00ea Tech","robots":{"index":"index","follow":"follow","max-snippet":"max-snippet:-1","max-image-preview":"max-image-preview:large","max-video-preview":"max-video-preview:-1"},"canonical":"http:\/\/vuletech.com\/product\/dataman-475v\/","og_locale":"en_US","og_type":"article","og_title":"DataMan 475V - V\u0169 L\u00ea Tech","og_description":"[vc_row css=&#8221;.vc_custom_1596775838948{padding-top: 50px !important;padding-bottom: 50px !important;}&#8221;][vc_column width=&#8221;1\/2&#8243;][vc_custom_heading text=&#8221;Dataman 475V Series&#8221; use_theme_fonts=&#8221;yes&#8221;][vc_column_text]C\u00f4ng ngh\u1ec7 x\u00e1c minh m\u00e3 v\u1ea1ch DataMan 475V c\u00f3 kh\u1ea3 n\u0103ng \u0110\u1ecdc m\u00e3 v\u1ea1ch 1D v\u00e0 2D m\u00e0 v\u1eabn tu\u00e2n th\u1ee7 theo ti\u00eau chu\u1ea9n h\u00f3a c\u1ee7a ng\u00e0nh. Cung c\u1ea5p c\u00e1c b\u00e1o c\u00e1o ch\u1ea5t l\u01b0\u1ee3ng v\u00e0 c\u00f3 th\u1ec3 t\u1ef1 \u0111\u1ed9ng x\u00e1c minh tr\u1ef1c ti\u1ebfp tr\u00ean d\u00e2y","og_url":"http:\/\/vuletech.com\/product\/dataman-475v\/","og_site_name":"V\u0169 L\u00ea Tech","article_modified_time":"2025-05-13T08:51:32+00:00","og_image":[{"width":1000,"height":560,"url":"http:\/\/vuletech.com\/wp-content\/uploads\/2020\/08\/dm475-verifier-carousel-2.jpg","type":"image\/jpeg"}],"twitter_card":"summary_large_image","twitter_misc":{"Est. reading time":"4 minutes"},"schema":{"@context":"https:\/\/schema.org","@graph":[{"@type":"WebPage","@id":"http:\/\/vuletech.com\/product\/dataman-475v\/","url":"http:\/\/vuletech.com\/product\/dataman-475v\/","name":"DataMan 475V - V\u0169 L\u00ea Tech","isPartOf":{"@id":"http:\/\/vuletech.com\/#website"},"primaryImageOfPage":{"@id":"http:\/\/vuletech.com\/product\/dataman-475v\/#primaryimage"},"image":{"@id":"http:\/\/vuletech.com\/product\/dataman-475v\/#primaryimage"},"thumbnailUrl":"https:\/\/vuletech.com\/wp-content\/uploads\/2020\/08\/dm475-verifier-carousel-2.jpg","datePublished":"2025-05-13T08:51:02+00:00","dateModified":"2025-05-13T08:51:32+00:00","breadcrumb":{"@id":"http:\/\/vuletech.com\/product\/dataman-475v\/#breadcrumb"},"inLanguage":"en-US","potentialAction":[{"@type":"ReadAction","target":["http:\/\/vuletech.com\/product\/dataman-475v\/"]}]},{"@type":"ImageObject","inLanguage":"en-US","@id":"http:\/\/vuletech.com\/product\/dataman-475v\/#primaryimage","url":"https:\/\/vuletech.com\/wp-content\/uploads\/2020\/08\/dm475-verifier-carousel-2.jpg","contentUrl":"https:\/\/vuletech.com\/wp-content\/uploads\/2020\/08\/dm475-verifier-carousel-2.jpg","width":1000,"height":560},{"@type":"BreadcrumbList","@id":"http:\/\/vuletech.com\/product\/dataman-475v\/#breadcrumb","itemListElement":[{"@type":"ListItem","position":1,"name":"Home","item":"http:\/\/vuletech.com\/en\/"},{"@type":"ListItem","position":2,"name":"Product","item":"http:\/\/vuletech.com\/product\/"},{"@type":"ListItem","position":3,"name":"DataMan 475V"}]},{"@type":"WebSite","@id":"http:\/\/vuletech.com\/#website","url":"http:\/\/vuletech.com\/","name":"V\u0169 L\u00ea Tech","description":"Our Solution - Your Value","potentialAction":[{"@type":"SearchAction","target":{"@type":"EntryPoint","urlTemplate":"http:\/\/vuletech.com\/?s={search_term_string}"},"query-input":{"@type":"PropertyValueSpecification","valueRequired":true,"valueName":"search_term_string"}}],"inLanguage":"en-US"}]}},"_links":{"self":[{"href":"https:\/\/vuletech.com\/en\/wp-json\/wp\/v2\/product\/9662","targetHints":{"allow":["GET"]}}],"collection":[{"href":"https:\/\/vuletech.com\/en\/wp-json\/wp\/v2\/product"}],"about":[{"href":"https:\/\/vuletech.com\/en\/wp-json\/wp\/v2\/types\/product"}],"replies":[{"embeddable":true,"href":"https:\/\/vuletech.com\/en\/wp-json\/wp\/v2\/comments?post=9662"}],"wp:featuredmedia":[{"embeddable":true,"href":"https:\/\/vuletech.com\/en\/wp-json\/wp\/v2\/media\/465"}],"wp:attachment":[{"href":"https:\/\/vuletech.com\/en\/wp-json\/wp\/v2\/media?parent=9662"}],"wp:term":[{"taxonomy":"product_brand","embeddable":true,"href":"https:\/\/vuletech.com\/en\/wp-json\/wp\/v2\/product_brand?post=9662"},{"taxonomy":"product_cat","embeddable":true,"href":"https:\/\/vuletech.com\/en\/wp-json\/wp\/v2\/product_cat?post=9662"},{"taxonomy":"product_tag","embeddable":true,"href":"https:\/\/vuletech.com\/en\/wp-json\/wp\/v2\/product_tag?post=9662"}],"curies":[{"name":"wp","href":"https:\/\/api.w.org\/{rel}","templated":true}]}}