{"id":9663,"date":"2025-05-13T15:51:02","date_gmt":"2025-05-13T08:51:02","guid":{"rendered":"https:\/\/vuletech.com\/product\/dataman-8072v\/"},"modified":"2025-05-13T15:51:56","modified_gmt":"2025-05-13T08:51:56","slug":"dataman-8072v","status":"publish","type":"product","link":"https:\/\/vuletech.com\/en\/product\/dataman-8072v\/","title":{"rendered":"DataMan 8072V"},"content":{"rendered":"<div class=\"wpb-content-wrapper\"><p>[vc_row css=&#8221;.vc_custom_1596776343086{padding-top: 50px !important;padding-bottom: 50px !important;}&#8221;][vc_column width=&#8221;1\/2&#8243;][vc_custom_heading text=&#8221;Dataman 8072V Series&#8221; use_theme_fonts=&#8221;yes&#8221;][vc_column_text]X\u00e1c minh m\u00e3 v\u1ea1ch l\u00e0 qu\u00e1 tr\u00ecnh ph\u00e2n lo\u1ea1i ch\u1ea5t l\u01b0\u1ee3ng m\u00e3 v\u1ea1ch. M\u00e1y x\u00e1c minh m\u00e3 v\u1ea1ch ch\u1ee5p \u1ea3nh v\u00e0 t\u1ea1o b\u00e1o c\u00e1o \u0111\u1ec3 ki\u1ec3m tra vi\u1ec7c tu\u00e2n th\u1ee7 c\u00e1c tham s\u1ed1 trong h\u01b0\u1edbng d\u1eabn ti\u00eau chu\u1ea9n h\u00f3a ng\u00e0nh.<\/p>\n<p>M\u00e1y x\u00e1c minh m\u00e3 v\u1ea1ch s\u00ea-ri DataMan 8072 \u0111\u01b0\u1ee3c t\u00edch h\u1ee3p c\u00e1c t\u00f9y ch\u1ecdn \u00e1nh v\u00e0 thu\u1eadt to\u00e1n ph\u00e2n lo\u1ea1i, c\u00f4ng c\u1ee5 x\u1eed l\u00fd t\u1ed1c \u0111\u1ed9 cao v\u00e0 m\u00e1y \u1ea3nh \u0111\u1ed9 ph\u00e2n gi\u1ea3i cao \u0111\u1ec3 ch\u1ee5p v\u00e0 ph\u00e2n lo\u1ea1i tr\u1ef1c ti\u1ebfp c\u00e1c m\u00e3 kh\u00f3 kh\u0103n nh\u1ea5t (DPM). K\u1ebft h\u1ee3p v\u1edbi ph\u1ea7n m\u1ec1m thi\u1ebft l\u1eadp d\u1eef li\u1ec7u \u0111\u01a1n gi\u1ea3n, m\u00e1y x\u00e1c minh s\u00ea-ri DataMan 8072 cung c\u1ea5p k\u1ebft qu\u1ea3 chi ti\u1ebft v\u00e0 c\u00f3 th\u1ec3 l\u1eb7p l\u1ea1i.[\/vc_column_text][\/vc_column][vc_column width=&#8221;1\/2&#8243;][vc_video link=&#8221;https:\/\/www.youtube.com\/watch?v=Sc7XpLWdtqY&#8221; align=&#8221;center&#8221;][\/vc_column][\/vc_row][vc_row full_width=&#8221;stretch_row&#8221; css=&#8221;.vc_custom_1596776819098{padding-top: 50px !important;padding-bottom: 50px !important;background-color: #f9f9f9 !important;}&#8221;][vc_column width=&#8221;1\/2&#8243;][vc_single_image image=&#8221;467&#8243; img_size=&#8221;full&#8221; alignment=&#8221;center&#8221;][\/vc_column][vc_column width=&#8221;1\/2&#8243;][vc_custom_heading text=&#8221;Nhi\u1ec1u t\u00f9y ch\u1ecdn \u0111\u1ec3 x\u00e1c minh m\u00e3 tr\u00ean m\u1ecdi b\u1ec1 m\u1eb7t&#8221; use_theme_fonts=&#8221;yes&#8221;][vc_column_text]<\/p>\n<p style=\"background: white;\"><span style=\"color: black;\">Tr\u00ecnh x\u00e1c minh DataMan 8072 l\u00e0 tr\u00ecnh x\u00e1c minh duy nh\u1ea5t c\u00f3 c\u1ea3 ba\u00a0<\/span><a href=\"https:\/\/www.cognex.com\/resources\/interactive-tools\/lighting-advisor\"><span style=\"color: #337ab7;\">t\u00f9y ch\u1ecdn g\u00f3c chi\u1ebfu s\u00e1ng<\/span><\/a><span style=\"color: black;\">\u00a030\/45\/90 \u0111\u1ed9,\u00a0\u0111\u01b0\u1ee3c ch\u1ec9 \u0111\u1ecbnh trong\u00a0<\/span><a href=\"https:\/\/www.cognex.com\/what-is\/barcode-verification\/aim-dpm\"><span style=\"color: #337ab7;\">H\u01b0\u1edbng d\u1eabn ch\u1ea5t l\u01b0\u1ee3ng AIM c\u1ee7a<\/span><\/a><span style=\"color: black;\">\u00a0T\u1ed5 ch\u1ee9c ti\u00eau chu\u1ea9n h\u00f3a (ISO)\u00a0(ISO \/ IEC TR 29158).\u00a0N\u00f3 d\u1ec5 d\u00e0ng chi\u1ebfu s\u00e1ng c\u00e1c m\u00e3 tr\u00ean c\u00e1c b\u1ec1 m\u1eb7t c\u00f3 k\u1ebft c\u1ea5u, cong v\u00e0 th\u1eadm ch\u00ed c\u00f3 \u0111\u1ed9 ph\u1ea3n chi\u1ebfu cao, \u0111\u00e1ng tin c\u1eady \u0111\u1ec3 ch\u1ee5p v\u00e0 ph\u00e2n lo\u1ea1i h\u00ecnh \u1ea3nh m\u00e3 \u0111\u1ec3 th\u1ec3 hi\u1ec7n s\u1ef1 tu\u00e2n th\u1ee7 ch\u1ea5t l\u01b0\u1ee3ng m\u00e3.<\/span><\/p>\n<p>[\/vc_column_text][\/vc_column][\/vc_row][vc_row css=&#8221;.vc_custom_1596776580766{padding-top: 50px !important;padding-bottom: 50px !important;}&#8221;][vc_column width=&#8221;1\/2&#8243;][vc_custom_heading text=&#8221;C\u00e1c thu\u1eadt to\u00e1n nhanh, ch\u00ednh x\u00e1c cung c\u1ea5p k\u1ebft qu\u1ea3 \u0111\u00e1ng tin c\u1eady v\u00e0 l\u1eb7p l\u1ea1i&#8221; use_theme_fonts=&#8221;yes&#8221;][vc_column_text]<\/p>\n<p style=\"background: white;\"><span style=\"color: black;\">Kh\u1ea3 n\u0103ng gi\u1ea3i m\u00e3 v\u00e0 \u0111\u1ecbnh v\u1ecb t\u1ed1c \u0111\u1ed9 cao k\u1ebft h\u1ee3p v\u1edbi thu\u1eadt to\u00e1n ph\u00e2n lo\u1ea1i m\u1ea1nh m\u1ebd mang l\u1ea1i k\u1ebft qu\u1ea3 nhanh, ch\u00ednh x\u00e1c v\u00e0 c\u00f3 th\u1ec3 l\u1eb7p l\u1ea1i.\u00a0B\u00e1o c\u00e1o chi ti\u1ebft cho th\u1ea5y li\u1ec7u c\u00e1c m\u00e3 c\u00f3 \u0111\u00e1p \u1ee9ng c\u00e1c ti\u00eau chu\u1ea9n ng\u00e0nh hay kh\u00f4ng v\u00e0 c\u00f3 th\u1ec3 \u0111\u01b0\u1ee3c s\u1eed d\u1ee5ng \u0111\u1ec3 ch\u1ee9ng minh s\u1ef1 tu\u00e2n th\u1ee7, c\u0169ng nh\u01b0 c\u00e1c v\u1ea5n \u0111\u1ec1 v\u1ec1 ki\u1ec3m so\u00e1t quy tr\u00ecnh v\u00e0 in \u1ea5n.<\/span><\/p>\n<p>[\/vc_column_text][\/vc_column][vc_column width=&#8221;1\/2&#8243;][vc_single_image image=&#8221;469&#8243; img_size=&#8221;full&#8221; alignment=&#8221;center&#8221;][\/vc_column][\/vc_row][vc_row full_width=&#8221;stretch_row&#8221; css=&#8221;.vc_custom_1596776827208{padding-top: 50px !important;padding-bottom: 50px !important;background-color: #f9f9f9 !important;}&#8221;][vc_column width=&#8221;1\/2&#8243;][vc_single_image image=&#8221;468&#8243; img_size=&#8221;full&#8221; alignment=&#8221;center&#8221;][\/vc_column][vc_column width=&#8221;1\/2&#8243;][vc_custom_heading text=&#8221;Thi\u1ebft k\u1ebf nh\u1ecf g\u1ecdn d\u1ec5 \u0111i\u1ec1u khi\u1ec3n v\u00e0 v\u1ecf ch\u1eafc ch\u1eafn cho kh\u1ea3 n\u0103ng di \u0111\u1ed9ng cao h\u01a1n&#8221; use_theme_fonts=&#8221;yes&#8221;][vc_column_text]<\/p>\n<p style=\"background: white;\"><span style=\"color: black;\">Tr\u00ecnh x\u00e1c minh s\u00ea-ri DataMan 8072 c\u00f3 thi\u1ebft k\u1ebf gi\u1ed1ng nh\u01b0 m\u00e1y qu\u00e9t c\u1ea7m tay, d\u1ec5 \u0111i\u1ec1u khi\u1ec3n.\u00a0M\u1ed9t \u0111\u1ea7u h\u00ecnh \u1ea3nh nh\u1ecf cho ph\u00e9p ng\u01b0\u1eddi d\u00f9ng truy c\u1eadp t\u1ed1t h\u01a1n v\u00e0o c\u00e1c m\u00e3 \u1edf c\u00e1c v\u1ecb tr\u00ed l\u00f5m ho\u1eb7c kh\u00f3 ti\u1ebfp c\u1eadn.\u00a0Tr\u00ecnh x\u00e1c minh DataMan 8072 l\u00e0 tr\u00ecnh x\u00e1c minh duy nh\u1ea5t tr\u00ean th\u1ecb tr\u01b0\u1eddng c\u00f3 x\u1ebfp h\u1ea1ng IP65 v\u00e0 v\u1ecf ch\u1eafc ch\u1eafn \u0111\u1ec3 ch\u1ecbu \u0111\u01b0\u1ee3c c\u1ea3 m\u00f4i tr\u01b0\u1eddng s\u00e0n nh\u00e0 m\u00e1y kh\u1eafc nghi\u1ec7t nh\u1ea5t.<\/span><\/p>\n<p>[\/vc_column_text][\/vc_column][\/vc_row]<\/p>\n<\/div>","protected":false},"excerpt":{"rendered":"<p>[vc_row css=&#8221;.vc_custom_1596776343086{padding-top: 50px !important;padding-bottom: 50px !important;}&#8221;][vc_column width=&#8221;1\/2&#8243;][vc_custom_heading text=&#8221;Dataman 8072V Series&#8221; use_theme_fonts=&#8221;yes&#8221;][vc_column_text]X\u00e1c minh m\u00e3 v\u1ea1ch l\u00e0 qu\u00e1 tr\u00ecnh ph\u00e2n lo\u1ea1i ch\u1ea5t l\u01b0\u1ee3ng m\u00e3 v\u1ea1ch. M\u00e1y x\u00e1c minh m\u00e3 v\u1ea1ch ch\u1ee5p \u1ea3nh v\u00e0 t\u1ea1o b\u00e1o c\u00e1o \u0111\u1ec3 ki\u1ec3m tra vi\u1ec7c tu\u00e2n th\u1ee7 c\u00e1c tham s\u1ed1 trong h\u01b0\u1edbng d\u1eabn ti\u00eau chu\u1ea9n h\u00f3a ng\u00e0nh. M\u00e1y x\u00e1c minh m\u00e3 v\u1ea1ch<\/p>\n","protected":false},"featured_media":469,"comment_status":"closed","ping_status":"closed","template":"","meta":[],"product_brand":[],"product_cat":[797,723],"product_tag":[],"class_list":{"0":"post-9663","1":"product","2":"type-product","3":"status-publish","4":"has-post-thumbnail","6":"product_cat-may-xac-minh-ma-vach","7":"product_cat-vision-sensor","9":"first","10":"instock","11":"product-type-simple"},"acf":[],"yoast_head":"<!-- This site is optimized with the Yoast SEO plugin v25.1 - https:\/\/yoast.com\/wordpress\/plugins\/seo\/ -->\n<title>DataMan 8072V - V\u0169 L\u00ea Tech<\/title>\n<meta name=\"robots\" content=\"index, follow, max-snippet:-1, max-image-preview:large, max-video-preview:-1\" \/>\n<link rel=\"canonical\" href=\"https:\/\/vuletech.com\/product\/dataman-8072v\/\" \/>\n<meta property=\"og:locale\" content=\"en_US\" \/>\n<meta property=\"og:type\" content=\"article\" \/>\n<meta property=\"og:title\" content=\"DataMan 8072V - V\u0169 L\u00ea Tech\" \/>\n<meta property=\"og:description\" content=\"[vc_row css=&#8221;.vc_custom_1596776343086{padding-top: 50px !important;padding-bottom: 50px !important;}&#8221;][vc_column width=&#8221;1\/2&#8243;][vc_custom_heading text=&#8221;Dataman 8072V Series&#8221; use_theme_fonts=&#8221;yes&#8221;][vc_column_text]X\u00e1c minh m\u00e3 v\u1ea1ch l\u00e0 qu\u00e1 tr\u00ecnh ph\u00e2n lo\u1ea1i ch\u1ea5t l\u01b0\u1ee3ng m\u00e3 v\u1ea1ch. M\u00e1y x\u00e1c minh m\u00e3 v\u1ea1ch ch\u1ee5p \u1ea3nh v\u00e0 t\u1ea1o b\u00e1o c\u00e1o \u0111\u1ec3 ki\u1ec3m tra vi\u1ec7c tu\u00e2n th\u1ee7 c\u00e1c tham s\u1ed1 trong h\u01b0\u1edbng d\u1eabn ti\u00eau chu\u1ea9n h\u00f3a ng\u00e0nh. M\u00e1y x\u00e1c minh m\u00e3 v\u1ea1ch\" \/>\n<meta property=\"og:url\" content=\"https:\/\/vuletech.com\/product\/dataman-8072v\/\" \/>\n<meta property=\"og:site_name\" content=\"V\u0169 L\u00ea Tech\" \/>\n<meta property=\"article:modified_time\" content=\"2025-05-13T08:51:56+00:00\" \/>\n<meta property=\"og:image\" content=\"https:\/\/vuletech.com\/wp-content\/uploads\/2020\/08\/c\u00e1c-thu\u1eadt-to\u00e1n-nhanh-nh\u1ea1y.jpg\" \/>\n\t<meta property=\"og:image:width\" content=\"1000\" \/>\n\t<meta property=\"og:image:height\" content=\"562\" \/>\n\t<meta property=\"og:image:type\" content=\"image\/jpeg\" \/>\n<meta name=\"twitter:card\" content=\"summary_large_image\" \/>\n<meta name=\"twitter:label1\" content=\"Est. reading time\" \/>\n\t<meta name=\"twitter:data1\" content=\"4 minutes\" \/>\n<script type=\"application\/ld+json\" class=\"yoast-schema-graph\">{\"@context\":\"https:\/\/schema.org\",\"@graph\":[{\"@type\":\"WebPage\",\"@id\":\"https:\/\/vuletech.com\/product\/dataman-8072v\/\",\"url\":\"https:\/\/vuletech.com\/product\/dataman-8072v\/\",\"name\":\"DataMan 8072V - V\u0169 L\u00ea Tech\",\"isPartOf\":{\"@id\":\"http:\/\/vuletech.com\/#website\"},\"primaryImageOfPage\":{\"@id\":\"https:\/\/vuletech.com\/product\/dataman-8072v\/#primaryimage\"},\"image\":{\"@id\":\"https:\/\/vuletech.com\/product\/dataman-8072v\/#primaryimage\"},\"thumbnailUrl\":\"https:\/\/vuletech.com\/wp-content\/uploads\/2020\/08\/c\u00e1c-thu\u1eadt-to\u00e1n-nhanh-nh\u1ea1y.jpg\",\"datePublished\":\"2025-05-13T08:51:02+00:00\",\"dateModified\":\"2025-05-13T08:51:56+00:00\",\"breadcrumb\":{\"@id\":\"https:\/\/vuletech.com\/product\/dataman-8072v\/#breadcrumb\"},\"inLanguage\":\"en-US\",\"potentialAction\":[{\"@type\":\"ReadAction\",\"target\":[\"https:\/\/vuletech.com\/product\/dataman-8072v\/\"]}]},{\"@type\":\"ImageObject\",\"inLanguage\":\"en-US\",\"@id\":\"https:\/\/vuletech.com\/product\/dataman-8072v\/#primaryimage\",\"url\":\"https:\/\/vuletech.com\/wp-content\/uploads\/2020\/08\/c\u00e1c-thu\u1eadt-to\u00e1n-nhanh-nh\u1ea1y.jpg\",\"contentUrl\":\"https:\/\/vuletech.com\/wp-content\/uploads\/2020\/08\/c\u00e1c-thu\u1eadt-to\u00e1n-nhanh-nh\u1ea1y.jpg\",\"width\":1000,\"height\":562},{\"@type\":\"BreadcrumbList\",\"@id\":\"https:\/\/vuletech.com\/product\/dataman-8072v\/#breadcrumb\",\"itemListElement\":[{\"@type\":\"ListItem\",\"position\":1,\"name\":\"Home\",\"item\":\"http:\/\/vuletech.com\/en\/\"},{\"@type\":\"ListItem\",\"position\":2,\"name\":\"Product\",\"item\":\"http:\/\/vuletech.com\/product\/\"},{\"@type\":\"ListItem\",\"position\":3,\"name\":\"DataMan 8072V\"}]},{\"@type\":\"WebSite\",\"@id\":\"http:\/\/vuletech.com\/#website\",\"url\":\"http:\/\/vuletech.com\/\",\"name\":\"V\u0169 L\u00ea Tech\",\"description\":\"Our Solution - Your Value\",\"potentialAction\":[{\"@type\":\"SearchAction\",\"target\":{\"@type\":\"EntryPoint\",\"urlTemplate\":\"http:\/\/vuletech.com\/?s={search_term_string}\"},\"query-input\":{\"@type\":\"PropertyValueSpecification\",\"valueRequired\":true,\"valueName\":\"search_term_string\"}}],\"inLanguage\":\"en-US\"}]}<\/script>\n<!-- \/ Yoast SEO plugin. -->","yoast_head_json":{"title":"DataMan 8072V - V\u0169 L\u00ea Tech","robots":{"index":"index","follow":"follow","max-snippet":"max-snippet:-1","max-image-preview":"max-image-preview:large","max-video-preview":"max-video-preview:-1"},"canonical":"https:\/\/vuletech.com\/product\/dataman-8072v\/","og_locale":"en_US","og_type":"article","og_title":"DataMan 8072V - V\u0169 L\u00ea Tech","og_description":"[vc_row css=&#8221;.vc_custom_1596776343086{padding-top: 50px !important;padding-bottom: 50px !important;}&#8221;][vc_column width=&#8221;1\/2&#8243;][vc_custom_heading text=&#8221;Dataman 8072V Series&#8221; use_theme_fonts=&#8221;yes&#8221;][vc_column_text]X\u00e1c minh m\u00e3 v\u1ea1ch l\u00e0 qu\u00e1 tr\u00ecnh ph\u00e2n lo\u1ea1i ch\u1ea5t l\u01b0\u1ee3ng m\u00e3 v\u1ea1ch. M\u00e1y x\u00e1c minh m\u00e3 v\u1ea1ch ch\u1ee5p \u1ea3nh v\u00e0 t\u1ea1o b\u00e1o c\u00e1o \u0111\u1ec3 ki\u1ec3m tra vi\u1ec7c tu\u00e2n th\u1ee7 c\u00e1c tham s\u1ed1 trong h\u01b0\u1edbng d\u1eabn ti\u00eau chu\u1ea9n h\u00f3a ng\u00e0nh. M\u00e1y x\u00e1c minh m\u00e3 v\u1ea1ch","og_url":"https:\/\/vuletech.com\/product\/dataman-8072v\/","og_site_name":"V\u0169 L\u00ea Tech","article_modified_time":"2025-05-13T08:51:56+00:00","og_image":[{"width":1000,"height":562,"url":"https:\/\/vuletech.com\/wp-content\/uploads\/2020\/08\/c\u00e1c-thu\u1eadt-to\u00e1n-nhanh-nh\u1ea1y.jpg","type":"image\/jpeg"}],"twitter_card":"summary_large_image","twitter_misc":{"Est. reading time":"4 minutes"},"schema":{"@context":"https:\/\/schema.org","@graph":[{"@type":"WebPage","@id":"https:\/\/vuletech.com\/product\/dataman-8072v\/","url":"https:\/\/vuletech.com\/product\/dataman-8072v\/","name":"DataMan 8072V - V\u0169 L\u00ea Tech","isPartOf":{"@id":"http:\/\/vuletech.com\/#website"},"primaryImageOfPage":{"@id":"https:\/\/vuletech.com\/product\/dataman-8072v\/#primaryimage"},"image":{"@id":"https:\/\/vuletech.com\/product\/dataman-8072v\/#primaryimage"},"thumbnailUrl":"https:\/\/vuletech.com\/wp-content\/uploads\/2020\/08\/c\u00e1c-thu\u1eadt-to\u00e1n-nhanh-nh\u1ea1y.jpg","datePublished":"2025-05-13T08:51:02+00:00","dateModified":"2025-05-13T08:51:56+00:00","breadcrumb":{"@id":"https:\/\/vuletech.com\/product\/dataman-8072v\/#breadcrumb"},"inLanguage":"en-US","potentialAction":[{"@type":"ReadAction","target":["https:\/\/vuletech.com\/product\/dataman-8072v\/"]}]},{"@type":"ImageObject","inLanguage":"en-US","@id":"https:\/\/vuletech.com\/product\/dataman-8072v\/#primaryimage","url":"https:\/\/vuletech.com\/wp-content\/uploads\/2020\/08\/c\u00e1c-thu\u1eadt-to\u00e1n-nhanh-nh\u1ea1y.jpg","contentUrl":"https:\/\/vuletech.com\/wp-content\/uploads\/2020\/08\/c\u00e1c-thu\u1eadt-to\u00e1n-nhanh-nh\u1ea1y.jpg","width":1000,"height":562},{"@type":"BreadcrumbList","@id":"https:\/\/vuletech.com\/product\/dataman-8072v\/#breadcrumb","itemListElement":[{"@type":"ListItem","position":1,"name":"Home","item":"http:\/\/vuletech.com\/en\/"},{"@type":"ListItem","position":2,"name":"Product","item":"http:\/\/vuletech.com\/product\/"},{"@type":"ListItem","position":3,"name":"DataMan 8072V"}]},{"@type":"WebSite","@id":"http:\/\/vuletech.com\/#website","url":"http:\/\/vuletech.com\/","name":"V\u0169 L\u00ea Tech","description":"Our Solution - Your Value","potentialAction":[{"@type":"SearchAction","target":{"@type":"EntryPoint","urlTemplate":"http:\/\/vuletech.com\/?s={search_term_string}"},"query-input":{"@type":"PropertyValueSpecification","valueRequired":true,"valueName":"search_term_string"}}],"inLanguage":"en-US"}]}},"_links":{"self":[{"href":"https:\/\/vuletech.com\/en\/wp-json\/wp\/v2\/product\/9663","targetHints":{"allow":["GET"]}}],"collection":[{"href":"https:\/\/vuletech.com\/en\/wp-json\/wp\/v2\/product"}],"about":[{"href":"https:\/\/vuletech.com\/en\/wp-json\/wp\/v2\/types\/product"}],"replies":[{"embeddable":true,"href":"https:\/\/vuletech.com\/en\/wp-json\/wp\/v2\/comments?post=9663"}],"wp:featuredmedia":[{"embeddable":true,"href":"https:\/\/vuletech.com\/en\/wp-json\/wp\/v2\/media\/469"}],"wp:attachment":[{"href":"https:\/\/vuletech.com\/en\/wp-json\/wp\/v2\/media?parent=9663"}],"wp:term":[{"taxonomy":"product_brand","embeddable":true,"href":"https:\/\/vuletech.com\/en\/wp-json\/wp\/v2\/product_brand?post=9663"},{"taxonomy":"product_cat","embeddable":true,"href":"https:\/\/vuletech.com\/en\/wp-json\/wp\/v2\/product_cat?post=9663"},{"taxonomy":"product_tag","embeddable":true,"href":"https:\/\/vuletech.com\/en\/wp-json\/wp\/v2\/product_tag?post=9663"}],"curies":[{"name":"wp","href":"https:\/\/api.w.org\/{rel}","templated":true}]}}