{"id":9664,"date":"2025-05-13T15:51:02","date_gmt":"2025-05-13T08:51:02","guid":{"rendered":"https:\/\/vuletech.com\/product\/dataman-8072\/"},"modified":"2025-05-13T15:51:44","modified_gmt":"2025-05-13T08:51:44","slug":"dataman-8072","status":"publish","type":"product","link":"https:\/\/vuletech.com\/en\/product\/dataman-8072\/","title":{"rendered":"DataMan 8072"},"content":{"rendered":"<div class=\"wpb-content-wrapper\"><p>[vc_row][vc_column width=&#8221;1\/2&#8243;][vc_single_image image=&#8221;1078&#8243; img_size=&#8221;full&#8221; alignment=&#8221;center&#8221;][\/vc_column][vc_column width=&#8221;1\/2&#8243;][vc_custom_heading text=&#8221;M\u00e1y \u0111\u1ecdc m\u00e3 v\u1ea1ch DataMan 8072 &#8221; use_theme_fonts=&#8221;yes&#8221;][vc_column_text]M\u00e1y \u0111\u1ecdc m\u00e3 v\u1ea1ch DataMan 8072\u00a0\u0111\u01b0\u1ee3c thi\u1ebft k\u1ebf cho c\u00e1c\u00a0\u1ee9ng d\u1ee5ng kho b\u00e3i v\u00e0 h\u1eadu c\u1ea7n, c\u00f3 th\u1ec3 \u0111\u1ecdc m\u00e3 v\u1ea1ch d\u1ef1a tr\u00ean nh\u00e3n 1-D v\u00e0 2-D m\u1ed9t c\u00e1ch \u0111\u00e1ng tin c\u1eady t\u1eeb kho\u1ea3ng c\u00e1ch l\u00ean \u0111\u1ebfn\u00a08 m\u00e9t. \u0110\u01b0\u1ee3c t\u00edch h\u1ee3p c\u00e1c thu\u1eadt to\u00e1n \u0111\u01b0\u1ee3c c\u1ea5p b\u1eb1ng s\u00e1ng ch\u1ebf m\u1edbi nh\u1ea5t, c\u00f4ng ngh\u1ec7 th\u1ea5u k\u00ednh l\u1ecfng, \u00e1nh s\u00e1ng LED c\u00f4ng su\u1ea5t cao v\u00e0 thi\u1ebft b\u1ecb ng\u1eafm laser \u0111\u1ec3 qu\u00e9t t\u1ea7m xa th\u00f4ng minh.[\/vc_column_text][\/vc_column][\/vc_row][vc_row][vc_column width=&#8221;1\/2&#8243;][vc_custom_heading text=&#8221;C\u00e1c thu\u1eadt to\u00e1n \u0111\u01b0\u1ee3c c\u1ea5p b\u1eb1ng s\u00e1ng ch\u1ebf mang l\u1ea1i hi\u1ec7u su\u1ea5t \u0111\u1ecdc m\u00e3 v\u1ea1ch cao&#8221; use_theme_fonts=&#8221;yes&#8221;][vc_column_text]M\u00e1y \u0111\u1ecdc m\u00e3 v\u1ea1ch c\u1ea7m tay DataMan 8072 \u0111\u01b0\u1ee3c t\u1ed1i \u01b0u h\u00f3a v\u1edbi c\u00e1c thu\u1eadt to\u00e1n v\u00e0 c\u00f4ng ngh\u1ec7 m\u1ea1nh m\u1ebd \u0111\u1ec3 \u0111\u1ecdc m\u00e3 v\u1ea1ch d\u1ef1a tr\u00ean nh\u00e3n trong c\u00e1c m\u00f4i tr\u01b0\u1eddng h\u1eadu c\u1ea7n kh\u1eaft khe nh\u1ea5t g\u1ed3m 1DMax\u00a0 v\u1edbi Hotbars v\u00e0 2DMax v\u1edbi PowerGrid[\/vc_column_text][\/vc_column][vc_column width=&#8221;1\/2&#8243;][vc_single_image image=&#8221;1079&#8243; img_size=&#8221;full&#8221; alignment=&#8221;center&#8221;][\/vc_column][\/vc_row][vc_row][vc_column][vc_custom_heading text=&#8221;Giao ti\u1ebfp m\u1ea1nh m\u1ebd, m\u00f4-\u0111un v\u00e0 d\u1ec5 s\u1eed d\u1ee5ng&#8221; use_theme_fonts=&#8221;yes&#8221;][vc_column_text]C\u00e1c m\u00f4-\u0111un giao ti\u1ebfp c\u00f3 th\u1ec3 ho\u00e1n \u0111\u1ed5i cho nhau t\u1ea1i hi\u1ec7n tr\u01b0\u1eddng d\u1ec5 d\u00e0ng t\u00edch h\u1ee3p v\u1edbi m\u1ea1ng nh\u00e0 m\u00e1y, cho ph\u00e9p m\u1ed7i \u0111\u1ea7u \u0111\u1ecdc \u0111\u01b0\u1ee3c c\u1ea5u h\u00ecnh \u0111\u1ec3 \u0111\u00e1p \u1ee9ng c\u00e1c nhu c\u1ea7u giao ti\u1ebfp c\u1ee5 th\u1ec3. C\u00e1c t\u00f9y ch\u1ecdn RS-232, USB v\u00e0 Ethernet c\u00f3 d\u00e2y, c\u0169ng nh\u01b0 t\u00f9y ch\u1ecdn Bluetooth kh\u00f4ng d\u00e2y.[\/vc_column_text][\/vc_column][\/vc_row]<\/p>\n<\/div>","protected":false},"excerpt":{"rendered":"<p>[vc_row][vc_column width=&#8221;1\/2&#8243;][vc_single_image image=&#8221;1078&#8243; img_size=&#8221;full&#8221; alignment=&#8221;center&#8221;][\/vc_column][vc_column width=&#8221;1\/2&#8243;][vc_custom_heading text=&#8221;M\u00e1y \u0111\u1ecdc m\u00e3 v\u1ea1ch DataMan 8072 &#8221; use_theme_fonts=&#8221;yes&#8221;][vc_column_text]M\u00e1y \u0111\u1ecdc m\u00e3 v\u1ea1ch DataMan 8072\u00a0\u0111\u01b0\u1ee3c thi\u1ebft k\u1ebf cho c\u00e1c\u00a0\u1ee9ng d\u1ee5ng kho b\u00e3i v\u00e0 h\u1eadu c\u1ea7n, c\u00f3 th\u1ec3 \u0111\u1ecdc m\u00e3 v\u1ea1ch d\u1ef1a tr\u00ean nh\u00e3n 1-D v\u00e0 2-D m\u1ed9t c\u00e1ch \u0111\u00e1ng tin c\u1eady t\u1eeb kho\u1ea3ng c\u00e1ch l\u00ean \u0111\u1ebfn\u00a08 m\u00e9t. \u0110\u01b0\u1ee3c t\u00edch h\u1ee3p c\u00e1c<\/p>\n","protected":false},"featured_media":1079,"comment_status":"closed","ping_status":"closed","template":"","meta":[],"product_brand":[],"product_cat":[797,723],"product_tag":[],"class_list":{"0":"post-9664","1":"product","2":"type-product","3":"status-publish","4":"has-post-thumbnail","6":"product_cat-may-xac-minh-ma-vach","7":"product_cat-vision-sensor","9":"first","10":"instock","11":"product-type-simple"},"acf":[],"yoast_head":"<!-- This site is optimized with the Yoast SEO plugin v25.1 - https:\/\/yoast.com\/wordpress\/plugins\/seo\/ -->\n<title>DataMan 8072 - V\u0169 L\u00ea Tech<\/title>\n<meta name=\"robots\" content=\"index, follow, max-snippet:-1, max-image-preview:large, max-video-preview:-1\" \/>\n<link rel=\"canonical\" href=\"http:\/\/vuletech.com\/product\/dataman-8072\/\" \/>\n<meta property=\"og:locale\" content=\"en_US\" \/>\n<meta property=\"og:type\" content=\"article\" \/>\n<meta property=\"og:title\" content=\"DataMan 8072 - V\u0169 L\u00ea Tech\" \/>\n<meta property=\"og:description\" content=\"[vc_row][vc_column width=&#8221;1\/2&#8243;][vc_single_image image=&#8221;1078&#8243; img_size=&#8221;full&#8221; alignment=&#8221;center&#8221;][\/vc_column][vc_column width=&#8221;1\/2&#8243;][vc_custom_heading text=&#8221;M\u00e1y \u0111\u1ecdc m\u00e3 v\u1ea1ch DataMan 8072 &#8221; use_theme_fonts=&#8221;yes&#8221;][vc_column_text]M\u00e1y \u0111\u1ecdc m\u00e3 v\u1ea1ch DataMan 8072\u00a0\u0111\u01b0\u1ee3c thi\u1ebft k\u1ebf cho c\u00e1c\u00a0\u1ee9ng d\u1ee5ng kho b\u00e3i v\u00e0 h\u1eadu c\u1ea7n, c\u00f3 th\u1ec3 \u0111\u1ecdc m\u00e3 v\u1ea1ch d\u1ef1a tr\u00ean nh\u00e3n 1-D v\u00e0 2-D m\u1ed9t c\u00e1ch \u0111\u00e1ng tin c\u1eady t\u1eeb kho\u1ea3ng c\u00e1ch l\u00ean \u0111\u1ebfn\u00a08 m\u00e9t. \u0110\u01b0\u1ee3c t\u00edch h\u1ee3p c\u00e1c\" \/>\n<meta property=\"og:url\" content=\"http:\/\/vuletech.com\/product\/dataman-8072\/\" \/>\n<meta property=\"og:site_name\" content=\"V\u0169 L\u00ea Tech\" \/>\n<meta property=\"article:modified_time\" content=\"2025-05-13T08:51:44+00:00\" \/>\n<meta property=\"og:image\" content=\"http:\/\/vuletech.com\/wp-content\/uploads\/2020\/09\/ung-dung-kho-bai-va-hau-can.jpg\" \/>\n\t<meta property=\"og:image:width\" content=\"346\" \/>\n\t<meta property=\"og:image:height\" content=\"316\" \/>\n\t<meta property=\"og:image:type\" content=\"image\/jpeg\" \/>\n<meta name=\"twitter:card\" content=\"summary_large_image\" \/>\n<meta name=\"twitter:label1\" content=\"Est. reading time\" \/>\n\t<meta name=\"twitter:data1\" content=\"2 minutes\" \/>\n<script type=\"application\/ld+json\" class=\"yoast-schema-graph\">{\"@context\":\"https:\/\/schema.org\",\"@graph\":[{\"@type\":\"WebPage\",\"@id\":\"http:\/\/vuletech.com\/product\/dataman-8072\/\",\"url\":\"http:\/\/vuletech.com\/product\/dataman-8072\/\",\"name\":\"DataMan 8072 - V\u0169 L\u00ea Tech\",\"isPartOf\":{\"@id\":\"http:\/\/vuletech.com\/#website\"},\"primaryImageOfPage\":{\"@id\":\"http:\/\/vuletech.com\/product\/dataman-8072\/#primaryimage\"},\"image\":{\"@id\":\"http:\/\/vuletech.com\/product\/dataman-8072\/#primaryimage\"},\"thumbnailUrl\":\"https:\/\/vuletech.com\/wp-content\/uploads\/2020\/09\/ung-dung-kho-bai-va-hau-can.jpg\",\"datePublished\":\"2025-05-13T08:51:02+00:00\",\"dateModified\":\"2025-05-13T08:51:44+00:00\",\"breadcrumb\":{\"@id\":\"http:\/\/vuletech.com\/product\/dataman-8072\/#breadcrumb\"},\"inLanguage\":\"en-US\",\"potentialAction\":[{\"@type\":\"ReadAction\",\"target\":[\"http:\/\/vuletech.com\/product\/dataman-8072\/\"]}]},{\"@type\":\"ImageObject\",\"inLanguage\":\"en-US\",\"@id\":\"http:\/\/vuletech.com\/product\/dataman-8072\/#primaryimage\",\"url\":\"https:\/\/vuletech.com\/wp-content\/uploads\/2020\/09\/ung-dung-kho-bai-va-hau-can.jpg\",\"contentUrl\":\"https:\/\/vuletech.com\/wp-content\/uploads\/2020\/09\/ung-dung-kho-bai-va-hau-can.jpg\",\"width\":346,\"height\":316,\"caption\":\"dataman 8072\"},{\"@type\":\"BreadcrumbList\",\"@id\":\"http:\/\/vuletech.com\/product\/dataman-8072\/#breadcrumb\",\"itemListElement\":[{\"@type\":\"ListItem\",\"position\":1,\"name\":\"Home\",\"item\":\"http:\/\/vuletech.com\/en\/\"},{\"@type\":\"ListItem\",\"position\":2,\"name\":\"Product\",\"item\":\"http:\/\/vuletech.com\/product\/\"},{\"@type\":\"ListItem\",\"position\":3,\"name\":\"DataMan 8072\"}]},{\"@type\":\"WebSite\",\"@id\":\"http:\/\/vuletech.com\/#website\",\"url\":\"http:\/\/vuletech.com\/\",\"name\":\"V\u0169 L\u00ea Tech\",\"description\":\"Our Solution - Your Value\",\"potentialAction\":[{\"@type\":\"SearchAction\",\"target\":{\"@type\":\"EntryPoint\",\"urlTemplate\":\"http:\/\/vuletech.com\/?s={search_term_string}\"},\"query-input\":{\"@type\":\"PropertyValueSpecification\",\"valueRequired\":true,\"valueName\":\"search_term_string\"}}],\"inLanguage\":\"en-US\"}]}<\/script>\n<!-- \/ Yoast SEO plugin. -->","yoast_head_json":{"title":"DataMan 8072 - V\u0169 L\u00ea Tech","robots":{"index":"index","follow":"follow","max-snippet":"max-snippet:-1","max-image-preview":"max-image-preview:large","max-video-preview":"max-video-preview:-1"},"canonical":"http:\/\/vuletech.com\/product\/dataman-8072\/","og_locale":"en_US","og_type":"article","og_title":"DataMan 8072 - V\u0169 L\u00ea Tech","og_description":"[vc_row][vc_column width=&#8221;1\/2&#8243;][vc_single_image image=&#8221;1078&#8243; img_size=&#8221;full&#8221; alignment=&#8221;center&#8221;][\/vc_column][vc_column width=&#8221;1\/2&#8243;][vc_custom_heading text=&#8221;M\u00e1y \u0111\u1ecdc m\u00e3 v\u1ea1ch DataMan 8072 &#8221; use_theme_fonts=&#8221;yes&#8221;][vc_column_text]M\u00e1y \u0111\u1ecdc m\u00e3 v\u1ea1ch DataMan 8072\u00a0\u0111\u01b0\u1ee3c thi\u1ebft k\u1ebf cho c\u00e1c\u00a0\u1ee9ng d\u1ee5ng kho b\u00e3i v\u00e0 h\u1eadu c\u1ea7n, c\u00f3 th\u1ec3 \u0111\u1ecdc m\u00e3 v\u1ea1ch d\u1ef1a tr\u00ean nh\u00e3n 1-D v\u00e0 2-D m\u1ed9t c\u00e1ch \u0111\u00e1ng tin c\u1eady t\u1eeb kho\u1ea3ng c\u00e1ch l\u00ean \u0111\u1ebfn\u00a08 m\u00e9t. \u0110\u01b0\u1ee3c t\u00edch h\u1ee3p c\u00e1c","og_url":"http:\/\/vuletech.com\/product\/dataman-8072\/","og_site_name":"V\u0169 L\u00ea Tech","article_modified_time":"2025-05-13T08:51:44+00:00","og_image":[{"width":346,"height":316,"url":"http:\/\/vuletech.com\/wp-content\/uploads\/2020\/09\/ung-dung-kho-bai-va-hau-can.jpg","type":"image\/jpeg"}],"twitter_card":"summary_large_image","twitter_misc":{"Est. reading time":"2 minutes"},"schema":{"@context":"https:\/\/schema.org","@graph":[{"@type":"WebPage","@id":"http:\/\/vuletech.com\/product\/dataman-8072\/","url":"http:\/\/vuletech.com\/product\/dataman-8072\/","name":"DataMan 8072 - V\u0169 L\u00ea Tech","isPartOf":{"@id":"http:\/\/vuletech.com\/#website"},"primaryImageOfPage":{"@id":"http:\/\/vuletech.com\/product\/dataman-8072\/#primaryimage"},"image":{"@id":"http:\/\/vuletech.com\/product\/dataman-8072\/#primaryimage"},"thumbnailUrl":"https:\/\/vuletech.com\/wp-content\/uploads\/2020\/09\/ung-dung-kho-bai-va-hau-can.jpg","datePublished":"2025-05-13T08:51:02+00:00","dateModified":"2025-05-13T08:51:44+00:00","breadcrumb":{"@id":"http:\/\/vuletech.com\/product\/dataman-8072\/#breadcrumb"},"inLanguage":"en-US","potentialAction":[{"@type":"ReadAction","target":["http:\/\/vuletech.com\/product\/dataman-8072\/"]}]},{"@type":"ImageObject","inLanguage":"en-US","@id":"http:\/\/vuletech.com\/product\/dataman-8072\/#primaryimage","url":"https:\/\/vuletech.com\/wp-content\/uploads\/2020\/09\/ung-dung-kho-bai-va-hau-can.jpg","contentUrl":"https:\/\/vuletech.com\/wp-content\/uploads\/2020\/09\/ung-dung-kho-bai-va-hau-can.jpg","width":346,"height":316,"caption":"dataman 8072"},{"@type":"BreadcrumbList","@id":"http:\/\/vuletech.com\/product\/dataman-8072\/#breadcrumb","itemListElement":[{"@type":"ListItem","position":1,"name":"Home","item":"http:\/\/vuletech.com\/en\/"},{"@type":"ListItem","position":2,"name":"Product","item":"http:\/\/vuletech.com\/product\/"},{"@type":"ListItem","position":3,"name":"DataMan 8072"}]},{"@type":"WebSite","@id":"http:\/\/vuletech.com\/#website","url":"http:\/\/vuletech.com\/","name":"V\u0169 L\u00ea Tech","description":"Our Solution - Your Value","potentialAction":[{"@type":"SearchAction","target":{"@type":"EntryPoint","urlTemplate":"http:\/\/vuletech.com\/?s={search_term_string}"},"query-input":{"@type":"PropertyValueSpecification","valueRequired":true,"valueName":"search_term_string"}}],"inLanguage":"en-US"}]}},"_links":{"self":[{"href":"https:\/\/vuletech.com\/en\/wp-json\/wp\/v2\/product\/9664","targetHints":{"allow":["GET"]}}],"collection":[{"href":"https:\/\/vuletech.com\/en\/wp-json\/wp\/v2\/product"}],"about":[{"href":"https:\/\/vuletech.com\/en\/wp-json\/wp\/v2\/types\/product"}],"replies":[{"embeddable":true,"href":"https:\/\/vuletech.com\/en\/wp-json\/wp\/v2\/comments?post=9664"}],"wp:featuredmedia":[{"embeddable":true,"href":"https:\/\/vuletech.com\/en\/wp-json\/wp\/v2\/media\/1079"}],"wp:attachment":[{"href":"https:\/\/vuletech.com\/en\/wp-json\/wp\/v2\/media?parent=9664"}],"wp:term":[{"taxonomy":"product_brand","embeddable":true,"href":"https:\/\/vuletech.com\/en\/wp-json\/wp\/v2\/product_brand?post=9664"},{"taxonomy":"product_cat","embeddable":true,"href":"https:\/\/vuletech.com\/en\/wp-json\/wp\/v2\/product_cat?post=9664"},{"taxonomy":"product_tag","embeddable":true,"href":"https:\/\/vuletech.com\/en\/wp-json\/wp\/v2\/product_tag?post=9664"}],"curies":[{"name":"wp","href":"https:\/\/api.w.org\/{rel}","templated":true}]}}