{"id":9665,"date":"2025-05-13T16:00:42","date_gmt":"2025-05-13T09:00:42","guid":{"rendered":"https:\/\/vuletech.com\/product\/in-sight-laser-profiler\/"},"modified":"2025-05-13T16:01:19","modified_gmt":"2025-05-13T09:01:19","slug":"in-sight-laser-profiler","status":"publish","type":"product","link":"https:\/\/vuletech.com\/en\/product\/in-sight-laser-profiler\/","title":{"rendered":"In-sight Laser Profiler"},"content":{"rendered":"<div class=\"wpb-content-wrapper\"><p>[vc_row][vc_column width=&#8221;1\/2&#8243;][vc_custom_heading text=&#8221;T\u00ednh n\u0103ng c\u1ee7a In-sight Laser Profiler&#8221; use_theme_fonts=&#8221;yes&#8221;][vc_column_text]<\/p>\n<p style=\"background: white;\"><span style=\"color: black;\">In-Sight Laser l\u00e0 m\u1ed9t h\u1ec7 th\u1ed1ng \u0111o l\u01b0\u1eddng \u0111\u01b0\u1ee3c s\u1eed d\u1ee5ng \u0111\u1ec3 x\u00e1c minh t\u00ednh chi\u1ec1u cho c\u00e1c \u1ee9ng d\u1ee5ng \u0111o, ki\u1ec3m tra v\u00e0 ID. In-sight Laser \u0111\u01b0\u1ee3c \u0111\u1ecbnh c\u1ea5u h\u00ecnh b\u1eb1ng giao di\u1ec7n ng\u01b0\u1eddi d\u00f9ng In-Sight EasyBuilder. Ph\u1ea7n m\u1ec1m tr\u1ef1c quan, d\u1ec5 s\u1eed d\u1ee5ng n\u00e0y gi\u00fap \u0111\u01a1n gi\u1ea3n cho c\u00e1c k\u1ef9 s\u01b0 s\u1ea3n xu\u1ea5t v\u00e0 ch\u1ea5t l\u01b0\u1ee3ng ph\u00e1t tri\u1ec3n, tri\u1ec3n khai v\u00e0 h\u1ed7 tr\u1ee3 c\u00e1c ph\u00e9p \u0111o ch\u00ednh x\u00e1c v\u00e0 \u0111\u00e1ng tin c\u1eady tr\u00ean s\u00e0n nh\u00e0 m\u00e1y.<\/span><\/p>\n<p>[\/vc_column_text][\/vc_column][vc_column width=&#8221;1\/2&#8243;][vc_column_text]<\/p>\n<p><a href=\"https:\/\/www.youtube.com\/watch?v=pCVzBscu0MM\">https:\/\/www.youtube.com\/watch?v=pCVzBscu0MM<\/a><\/p>\n<p>[\/vc_column_text][\/vc_column][\/vc_row][vc_row][vc_column width=&#8221;1\/2&#8243;][vc_single_image image=&#8221;1171&#8243; img_size=&#8221;full&#8221; alignment=&#8221;center&#8221;][\/vc_column][vc_column width=&#8221;1\/2&#8243;][vc_custom_heading text=&#8221;Thi\u1ebft l\u1eadp v\u00e0 tri\u1ec3n khai theo 4 b\u01b0\u1edbc \u0111\u01a1n gi\u1ea3n&#8221; use_theme_fonts=&#8221;yes&#8221;][vc_column_text]<\/p>\n<ol>\n<li>T\u1ea1o ID \u0111\u01a1n gi\u1ea3n- C\u00f4ng ngh\u1ec7 t\u1ed1i \u01b0u h\u00f3a h\u1ed3 s\u01a1 hi\u1ec3n th\u1ecb ch\u00ednh x\u00e1c nh\u1ea5t.<\/li>\n<li>X\u00e1c \u0111\u1ecbnh v\u1ecb tr\u00ed \u0111\u1ed1i t\u01b0\u1ee3ng &#8211; C\u00f4ng ngh\u1ec7 ph\u00e1t hi\u1ec7n v\u1eadt th\u1ec3 tinh vi gi\u00fap gi\u1ea3m thi\u1ec3u nhu c\u1ea7u l\u1eafp \u0111\u1eb7t \u0111\u1ed3 \u0111\u1ea1c t\u1ed1n k\u00e9m v\u00e0 \u0111\u1ea3m b\u1ea3o c\u00e1c ph\u00e9p \u0111o \u0111\u01b0\u1ee3c th\u1ef1c hi\u1ec7n \u1edf v\u1ecb tr\u00ed ch\u00ednh x\u00e1c.<\/li>\n<li>\u0110o c\u00f4ng c\u1ee5 &#8211; In-sight Laser x\u00e2y d\u1ef1ng c\u00e1c \u0111i\u1ec3m tham chi\u1ebfu, \u0111\u1ebfm c\u00e1c t\u00ednh n\u0103ng ch\u00ednh v\u00e0 x\u00e1c minh xem m\u1ed9t s\u1ea3n ph\u1ea9m \u0111\u00e3 \u0111\u01b0\u1ee3c s\u1ea3n xu\u1ea5t trong ph\u1ea1m vi dung sai hay ch\u01b0a.<\/li>\n<li>Giao ti\u1ebfp k\u1ebft qu\u1ea3- c\u00e1c \u1ee9ng d\u1ee5ng \u0111\u01b0\u1ee3c g\u1eedi \u0111\u1ebfn PLC. Ph\u00e9p \u0111o c\u00f3 th\u1ec3 \u0111\u01b0\u1ee3c l\u01b0u tr\u1eef tr\u00ean b\u1ed9 \u0111i\u1ec1u khi\u1ec3n \u0111\u1ec3 ph\u00e2n t\u00edch h\u1ea1 l\u01b0u ho\u1eb7c ghi nh\u1eadt k\u00fd ki\u1ec3m so\u00e1t ch\u1ea5t l\u01b0\u1ee3ng.<\/li>\n<\/ol>\n<p>[\/vc_column_text][\/vc_column][\/vc_row][vc_row][vc_column width=&#8221;1\/2&#8243;][vc_custom_heading text=&#8221;Gi\u00e1m s\u00e1t ho\u1ea1t \u0111\u1ed9ng d\u00e2y chuy\u1ec1n s\u1ea3n xu\u1ea5t t\u1eeb b\u1ea5t c\u1ee9 n\u01a1i n\u00e0o tr\u00ean s\u00e0n nh\u00e0 m\u00e1y&#8221; use_theme_fonts=&#8221;yes&#8221;][vc_column_text]<\/p>\n<p style=\"background: white;\"><span style=\"color: black;\">In-sight Laser cung c\u1ea5p h\u00ecnh \u1ea3nh tr\u1ef1c quan, \u0111\u1ed9c l\u1eadp v\u1edbi n\u1ec1n t\u1ea3ng di \u0111\u1ed9ng \u0111\u1ec3 truy c\u1eadp HMI (giao di\u1ec7n m\u00e1y ng\u01b0\u1eddi) t\u1eeb b\u1ea5t k\u1ef3 \u0111\u00e2u tr\u00ean m\u1ea1ng. Giao di\u1ec7n ng\u01b0\u1eddi d\u00f9ng d\u1ef1a tr\u00ean HTML cho ph\u00e9p ng\u01b0\u1eddi d\u00f9ng theo d\u00f5i ho\u1ea1t \u0111\u1ed9ng c\u1ee7a d\u00e2y chuy\u1ec1n s\u1ea3n xu\u1ea5t t\u1eeb \u200b\u200bb\u1ea5t k\u1ef3 m\u00e1y t\u00ednh x\u00e1ch tay, m\u00e1y t\u00ednh b\u1ea3ng, \u0111i\u1ec7n tho\u1ea1i th\u00f4ng minh ho\u1eb7c thi\u1ebft b\u1ecb di \u0111\u1ed9ng kh\u00e1c.<\/span><\/p>\n<p>[\/vc_column_text][\/vc_column][vc_column width=&#8221;1\/2&#8243;][vc_single_image image=&#8221;1170&#8243; img_size=&#8221;full&#8221; alignment=&#8221;center&#8221;][\/vc_column][\/vc_row][vc_row][vc_column width=&#8221;1\/2&#8243;][vc_single_image image=&#8221;1169&#8243; img_size=&#8221;full&#8221; alignment=&#8221;center&#8221;][\/vc_column][vc_column width=&#8221;1\/2&#8243;][vc_custom_heading text=&#8221;C\u00f4ng ngh\u1ec7 \u0111\u00e1ng tin c\u1eady cho k\u1ebft qu\u1ea3 \u0111\u00e1ng tin c\u1eady, c\u00f3 th\u1ec3 l\u1eb7p l\u1ea1i&#8221;][vc_column_text]<\/p>\n<p style=\"background: white;\"><span style=\"color: black;\">H\u1ec7 th\u1ed1ng profiler laser In-Sight k\u1ebft h\u1ee3p c\u00e1c \u0111\u1ea7u c\u1ea3m bi\u1ebfn d\u1ecbch chuy\u1ec3n Cognex v\u1edbi b\u1ed9 \u0111i\u1ec1u khi\u1ec3n t\u1ea7m nh\u00ecn In-Vision VC200.\u00a0S\u1eed d\u1ee5ng c\u00e1c thu\u1eadt to\u00e1n h\u00e0ng \u0111\u1ea7u trong ng\u00e0nh, h\u1ec7 th\u1ed1ng tr\u00edch xu\u1ea5t h\u1ed3 s\u01a1, th\u1ef1c hi\u1ec7n c\u00e1c ph\u00e9p \u0111o ch\u00ednh x\u00e1c cao v\u00e0 ph\u00e2n t\u00edch k\u1ebft qu\u1ea3.\u00a0C\u00e1c c\u00f4ng c\u1ee5 t\u1ea7m nh\u00ecn ti\u00ean ti\u1ebfn cung c\u1ea5p m\u1ed9t v\u1ecb tr\u00ed b\u1ec1 m\u1eb7t ch\u00ednh x\u00e1c ngay c\u1ea3 khi b\u1ec1 m\u1eb7t c\u00f3 khuy\u1ebft \u0111i\u1ec3m.<\/span><\/p>\n<p>[\/vc_column_text][\/vc_column][\/vc_row]<\/p>\n<\/div>","protected":false},"excerpt":{"rendered":"<p>[vc_row][vc_column width=&#8221;1\/2&#8243;][vc_custom_heading text=&#8221;T\u00ednh n\u0103ng c\u1ee7a In-sight Laser Profiler&#8221; use_theme_fonts=&#8221;yes&#8221;][vc_column_text] In-Sight Laser l\u00e0 m\u1ed9t h\u1ec7 th\u1ed1ng \u0111o l\u01b0\u1eddng \u0111\u01b0\u1ee3c s\u1eed d\u1ee5ng \u0111\u1ec3 x\u00e1c minh t\u00ednh chi\u1ec1u cho c\u00e1c \u1ee9ng d\u1ee5ng \u0111o, ki\u1ec3m tra v\u00e0 ID. In-sight Laser \u0111\u01b0\u1ee3c \u0111\u1ecbnh c\u1ea5u h\u00ecnh b\u1eb1ng giao di\u1ec7n ng\u01b0\u1eddi d\u00f9ng In-Sight EasyBuilder. Ph\u1ea7n m\u1ec1m tr\u1ef1c quan, d\u1ec5 s\u1eed d\u1ee5ng n\u00e0y<\/p>\n","protected":false},"featured_media":378,"comment_status":"closed","ping_status":"closed","template":"","meta":[],"product_brand":[],"product_cat":[799,723],"product_tag":[],"class_list":{"0":"post-9665","1":"product","2":"type-product","3":"status-publish","4":"has-post-thumbnail","6":"product_cat-3d-laser-profilers","7":"product_cat-vision-sensor","9":"first","10":"instock","11":"product-type-simple"},"acf":[],"yoast_head":"<!-- This site is optimized with the Yoast SEO plugin v25.1 - https:\/\/yoast.com\/wordpress\/plugins\/seo\/ -->\n<title>In-sight Laser Profiler - V\u0169 L\u00ea Tech<\/title>\n<meta name=\"robots\" content=\"index, follow, max-snippet:-1, max-image-preview:large, max-video-preview:-1\" \/>\n<link rel=\"canonical\" href=\"https:\/\/vuletech.com\/product\/in-sight-laser-profiler\/\" \/>\n<meta property=\"og:locale\" content=\"en_US\" \/>\n<meta property=\"og:type\" content=\"article\" \/>\n<meta property=\"og:title\" content=\"In-sight Laser Profiler - V\u0169 L\u00ea Tech\" \/>\n<meta property=\"og:description\" content=\"[vc_row][vc_column width=&#8221;1\/2&#8243;][vc_custom_heading text=&#8221;T\u00ednh n\u0103ng c\u1ee7a In-sight Laser Profiler&#8221; use_theme_fonts=&#8221;yes&#8221;][vc_column_text] In-Sight Laser l\u00e0 m\u1ed9t h\u1ec7 th\u1ed1ng \u0111o l\u01b0\u1eddng \u0111\u01b0\u1ee3c s\u1eed d\u1ee5ng \u0111\u1ec3 x\u00e1c minh t\u00ednh chi\u1ec1u cho c\u00e1c \u1ee9ng d\u1ee5ng \u0111o, ki\u1ec3m tra v\u00e0 ID. In-sight Laser \u0111\u01b0\u1ee3c \u0111\u1ecbnh c\u1ea5u h\u00ecnh b\u1eb1ng giao di\u1ec7n ng\u01b0\u1eddi d\u00f9ng In-Sight EasyBuilder. Ph\u1ea7n m\u1ec1m tr\u1ef1c quan, d\u1ec5 s\u1eed d\u1ee5ng n\u00e0y\" \/>\n<meta property=\"og:url\" content=\"https:\/\/vuletech.com\/product\/in-sight-laser-profiler\/\" \/>\n<meta property=\"og:site_name\" content=\"V\u0169 L\u00ea Tech\" \/>\n<meta property=\"article:modified_time\" content=\"2025-05-13T09:01:19+00:00\" \/>\n<meta property=\"og:image\" content=\"https:\/\/vuletech.com\/wp-content\/uploads\/2020\/08\/laser-profiler-setup-and-deploy.jpg\" \/>\n\t<meta property=\"og:image:width\" content=\"700\" \/>\n\t<meta property=\"og:image:height\" content=\"462\" \/>\n\t<meta property=\"og:image:type\" content=\"image\/jpeg\" \/>\n<meta name=\"twitter:card\" content=\"summary_large_image\" \/>\n<meta name=\"twitter:label1\" content=\"Est. reading time\" \/>\n\t<meta name=\"twitter:data1\" content=\"4 minutes\" \/>\n<script type=\"application\/ld+json\" class=\"yoast-schema-graph\">{\"@context\":\"https:\/\/schema.org\",\"@graph\":[{\"@type\":\"WebPage\",\"@id\":\"https:\/\/vuletech.com\/product\/in-sight-laser-profiler\/\",\"url\":\"https:\/\/vuletech.com\/product\/in-sight-laser-profiler\/\",\"name\":\"In-sight Laser Profiler - V\u0169 L\u00ea Tech\",\"isPartOf\":{\"@id\":\"http:\/\/vuletech.com\/#website\"},\"primaryImageOfPage\":{\"@id\":\"https:\/\/vuletech.com\/product\/in-sight-laser-profiler\/#primaryimage\"},\"image\":{\"@id\":\"https:\/\/vuletech.com\/product\/in-sight-laser-profiler\/#primaryimage\"},\"thumbnailUrl\":\"https:\/\/vuletech.com\/wp-content\/uploads\/2020\/08\/laser-profiler-setup-and-deploy.jpg\",\"datePublished\":\"2025-05-13T09:00:42+00:00\",\"dateModified\":\"2025-05-13T09:01:19+00:00\",\"breadcrumb\":{\"@id\":\"https:\/\/vuletech.com\/product\/in-sight-laser-profiler\/#breadcrumb\"},\"inLanguage\":\"en-US\",\"potentialAction\":[{\"@type\":\"ReadAction\",\"target\":[\"https:\/\/vuletech.com\/product\/in-sight-laser-profiler\/\"]}]},{\"@type\":\"ImageObject\",\"inLanguage\":\"en-US\",\"@id\":\"https:\/\/vuletech.com\/product\/in-sight-laser-profiler\/#primaryimage\",\"url\":\"https:\/\/vuletech.com\/wp-content\/uploads\/2020\/08\/laser-profiler-setup-and-deploy.jpg\",\"contentUrl\":\"https:\/\/vuletech.com\/wp-content\/uploads\/2020\/08\/laser-profiler-setup-and-deploy.jpg\",\"width\":700,\"height\":462},{\"@type\":\"BreadcrumbList\",\"@id\":\"https:\/\/vuletech.com\/product\/in-sight-laser-profiler\/#breadcrumb\",\"itemListElement\":[{\"@type\":\"ListItem\",\"position\":1,\"name\":\"Home\",\"item\":\"http:\/\/vuletech.com\/en\/\"},{\"@type\":\"ListItem\",\"position\":2,\"name\":\"Product\",\"item\":\"http:\/\/vuletech.com\/product\/\"},{\"@type\":\"ListItem\",\"position\":3,\"name\":\"In-sight Laser Profiler\"}]},{\"@type\":\"WebSite\",\"@id\":\"http:\/\/vuletech.com\/#website\",\"url\":\"http:\/\/vuletech.com\/\",\"name\":\"V\u0169 L\u00ea Tech\",\"description\":\"Our Solution - Your Value\",\"potentialAction\":[{\"@type\":\"SearchAction\",\"target\":{\"@type\":\"EntryPoint\",\"urlTemplate\":\"http:\/\/vuletech.com\/?s={search_term_string}\"},\"query-input\":{\"@type\":\"PropertyValueSpecification\",\"valueRequired\":true,\"valueName\":\"search_term_string\"}}],\"inLanguage\":\"en-US\"}]}<\/script>\n<!-- \/ Yoast SEO plugin. -->","yoast_head_json":{"title":"In-sight Laser Profiler - V\u0169 L\u00ea Tech","robots":{"index":"index","follow":"follow","max-snippet":"max-snippet:-1","max-image-preview":"max-image-preview:large","max-video-preview":"max-video-preview:-1"},"canonical":"https:\/\/vuletech.com\/product\/in-sight-laser-profiler\/","og_locale":"en_US","og_type":"article","og_title":"In-sight Laser Profiler - V\u0169 L\u00ea Tech","og_description":"[vc_row][vc_column width=&#8221;1\/2&#8243;][vc_custom_heading text=&#8221;T\u00ednh n\u0103ng c\u1ee7a In-sight Laser Profiler&#8221; use_theme_fonts=&#8221;yes&#8221;][vc_column_text] In-Sight Laser l\u00e0 m\u1ed9t h\u1ec7 th\u1ed1ng \u0111o l\u01b0\u1eddng \u0111\u01b0\u1ee3c s\u1eed d\u1ee5ng \u0111\u1ec3 x\u00e1c minh t\u00ednh chi\u1ec1u cho c\u00e1c \u1ee9ng d\u1ee5ng \u0111o, ki\u1ec3m tra v\u00e0 ID. In-sight Laser \u0111\u01b0\u1ee3c \u0111\u1ecbnh c\u1ea5u h\u00ecnh b\u1eb1ng giao di\u1ec7n ng\u01b0\u1eddi d\u00f9ng In-Sight EasyBuilder. Ph\u1ea7n m\u1ec1m tr\u1ef1c quan, d\u1ec5 s\u1eed d\u1ee5ng n\u00e0y","og_url":"https:\/\/vuletech.com\/product\/in-sight-laser-profiler\/","og_site_name":"V\u0169 L\u00ea Tech","article_modified_time":"2025-05-13T09:01:19+00:00","og_image":[{"width":700,"height":462,"url":"https:\/\/vuletech.com\/wp-content\/uploads\/2020\/08\/laser-profiler-setup-and-deploy.jpg","type":"image\/jpeg"}],"twitter_card":"summary_large_image","twitter_misc":{"Est. reading time":"4 minutes"},"schema":{"@context":"https:\/\/schema.org","@graph":[{"@type":"WebPage","@id":"https:\/\/vuletech.com\/product\/in-sight-laser-profiler\/","url":"https:\/\/vuletech.com\/product\/in-sight-laser-profiler\/","name":"In-sight Laser Profiler - V\u0169 L\u00ea Tech","isPartOf":{"@id":"http:\/\/vuletech.com\/#website"},"primaryImageOfPage":{"@id":"https:\/\/vuletech.com\/product\/in-sight-laser-profiler\/#primaryimage"},"image":{"@id":"https:\/\/vuletech.com\/product\/in-sight-laser-profiler\/#primaryimage"},"thumbnailUrl":"https:\/\/vuletech.com\/wp-content\/uploads\/2020\/08\/laser-profiler-setup-and-deploy.jpg","datePublished":"2025-05-13T09:00:42+00:00","dateModified":"2025-05-13T09:01:19+00:00","breadcrumb":{"@id":"https:\/\/vuletech.com\/product\/in-sight-laser-profiler\/#breadcrumb"},"inLanguage":"en-US","potentialAction":[{"@type":"ReadAction","target":["https:\/\/vuletech.com\/product\/in-sight-laser-profiler\/"]}]},{"@type":"ImageObject","inLanguage":"en-US","@id":"https:\/\/vuletech.com\/product\/in-sight-laser-profiler\/#primaryimage","url":"https:\/\/vuletech.com\/wp-content\/uploads\/2020\/08\/laser-profiler-setup-and-deploy.jpg","contentUrl":"https:\/\/vuletech.com\/wp-content\/uploads\/2020\/08\/laser-profiler-setup-and-deploy.jpg","width":700,"height":462},{"@type":"BreadcrumbList","@id":"https:\/\/vuletech.com\/product\/in-sight-laser-profiler\/#breadcrumb","itemListElement":[{"@type":"ListItem","position":1,"name":"Home","item":"http:\/\/vuletech.com\/en\/"},{"@type":"ListItem","position":2,"name":"Product","item":"http:\/\/vuletech.com\/product\/"},{"@type":"ListItem","position":3,"name":"In-sight Laser Profiler"}]},{"@type":"WebSite","@id":"http:\/\/vuletech.com\/#website","url":"http:\/\/vuletech.com\/","name":"V\u0169 L\u00ea Tech","description":"Our Solution - Your Value","potentialAction":[{"@type":"SearchAction","target":{"@type":"EntryPoint","urlTemplate":"http:\/\/vuletech.com\/?s={search_term_string}"},"query-input":{"@type":"PropertyValueSpecification","valueRequired":true,"valueName":"search_term_string"}}],"inLanguage":"en-US"}]}},"_links":{"self":[{"href":"https:\/\/vuletech.com\/en\/wp-json\/wp\/v2\/product\/9665","targetHints":{"allow":["GET"]}}],"collection":[{"href":"https:\/\/vuletech.com\/en\/wp-json\/wp\/v2\/product"}],"about":[{"href":"https:\/\/vuletech.com\/en\/wp-json\/wp\/v2\/types\/product"}],"replies":[{"embeddable":true,"href":"https:\/\/vuletech.com\/en\/wp-json\/wp\/v2\/comments?post=9665"}],"wp:featuredmedia":[{"embeddable":true,"href":"https:\/\/vuletech.com\/en\/wp-json\/wp\/v2\/media\/378"}],"wp:attachment":[{"href":"https:\/\/vuletech.com\/en\/wp-json\/wp\/v2\/media?parent=9665"}],"wp:term":[{"taxonomy":"product_brand","embeddable":true,"href":"https:\/\/vuletech.com\/en\/wp-json\/wp\/v2\/product_brand?post=9665"},{"taxonomy":"product_cat","embeddable":true,"href":"https:\/\/vuletech.com\/en\/wp-json\/wp\/v2\/product_cat?post=9665"},{"taxonomy":"product_tag","embeddable":true,"href":"https:\/\/vuletech.com\/en\/wp-json\/wp\/v2\/product_tag?post=9665"}],"curies":[{"name":"wp","href":"https:\/\/api.w.org\/{rel}","templated":true}]}}