{"id":9666,"date":"2025-05-13T16:00:42","date_gmt":"2025-05-13T09:00:42","guid":{"rendered":"https:\/\/vuletech.com\/product\/3d-laser-sensor\/"},"modified":"2025-05-13T16:01:35","modified_gmt":"2025-05-13T09:01:35","slug":"3d-laser-sensor","status":"publish","type":"product","link":"https:\/\/vuletech.com\/en\/product\/3d-laser-sensor\/","title":{"rendered":"3D Laser Sensor"},"content":{"rendered":"<div class=\"wpb-content-wrapper\"><p>[vc_row][vc_column width=&#8221;1\/2&#8243;][vc_custom_heading text=&#8221;T\u1ea7m nh\u00ecn 3D \u0111\u01b0\u1ee3c hi\u1ec7u ch\u1ec9nh t\u1eeb Cognex&#8221; use_theme_fonts=&#8221;yes&#8221;][vc_column_text]3D laser sensor t\u1ed1i \u01b0u h\u00f3a ch\u1ea5t l\u01b0\u1ee3ng s\u1ea3n ph\u1ea9m b\u1eb1ng c\u00e1ch cung c\u1ea5p ki\u1ec3m tra ba chi\u1ec1u cho s\u1ea3n ph\u1ea9m. C\u00e1c c\u1ea3m bi\u1ebfn \u0111\u01b0\u1ee3c hi\u1ec7u ch\u1ec9nh t\u1ea1i nh\u00e0 m\u00e1y v\u00e0 bao g\u1ed3m ph\u1ea7n m\u1ec1m th\u1ecb gi\u00e1c m\u00e1y Cognex h\u00e0ng \u0111\u1ea7u trong ng\u00e0nh v\u1edbi b\u1ed9 c\u00f4ng c\u1ee5 2D v\u00e0 3D m\u1ea1nh m\u1ebd v\u00e0 thi\u1ebft k\u1ebf nh\u1ecf g\u1ecdn, \u0111\u1ea1t ti\u00eau chu\u1ea9n IP65, ch\u1ecbu \u0111\u01b0\u1ee3c c\u1ea3 m\u00f4i tr\u01b0\u1eddng nh\u00e0 m\u00e1y kh\u1eafc nghi\u1ec7t nh\u1ea5t. K\u1ebft h\u1ee3p v\u1edbi c\u00f4ng ngh\u1ec7 hi\u1ec7u ch\u1ec9nh tr\u01b0\u1eddng \u0111\u1ed9c \u0111\u00e1o T\u1ea7m nh\u00ecn 3D Cognex cung c\u1ea5p d\u1eef li\u1ec7u c\u00f3 \u0111\u1ed9 ch\u00ednh x\u00e1c cao nh\u1ea5t m\u1eb7c d\u00f9 c\u00f3 l\u1ed7i c\u01a1 h\u1ecdc ho\u1eb7c chuy\u1ec3n \u0111\u1ed9ng, c\u0169ng nh\u01b0 cho ph\u00e9p s\u1eed d\u1ee5ng \u0111\u1ed3ng th\u1eddi nhi\u1ec1u c\u1ea3m bi\u1ebfn tr\u00ean c\u00e1c d\u00e2y chuy\u1ec1n s\u1ea3n xu\u1ea5t r\u1ed9ng \u0111\u1ec3 t\u1ea1o ra h\u00ecnh \u1ea3nh 3D c\u00f3 \u0111\u1ed9 ph\u00e2n gi\u1ea3i cao[\/vc_column_text][\/vc_column][vc_column width=&#8221;1\/2&#8243;][vc_single_image image=&#8221;1173&#8243; img_size=&#8221;full&#8221; alignment=&#8221;center&#8221;][\/vc_column][\/vc_row][vc_row][vc_column][vc_column_text]<\/p>\n<h4>Gi\u1ea3i ph\u00e1p th\u1ecb gi\u00e1c m\u00e1y 2D v\u00e0 3D ho\u00e0n ch\u1ec9nh<\/h4>\n<ul>\n<li>M\u1edf r\u1ed9ng ph\u1ea1m vi t\u00f9y ch\u1ecdn c\u1ea3m bi\u1ebfn<\/li>\n<li>\u0110i k\u00e8m v\u1edbi B\u1ed9 \u0111i\u1ec1u khi\u1ec3n VC5<\/li>\n<li>D\u1ec5 d\u00e0ng tri\u1ec3n khai v\u1edbi\u00a0\u00a0ph\u1ea7n m\u1ec1m Cognex Designer<\/li>\n<\/ul>\n<h4>C\u00e1c ph\u00e9p \u0111o \u0111\u01b0\u1ee3c cung c\u1ea5p trong c\u00e1c \u0111\u01a1n v\u1ecb trong th\u1ebf gi\u1edbi th\u1ef1c<\/h4>\n<ul>\n<li>H\u1ec7 th\u1ed1ng 3D hi\u1ec7u chu\u1ea9n<\/li>\n<li>\u0110\u1ed9 ch\u00ednh x\u00e1c c\u1ea5p micron<\/li>\n<\/ul>\n<h4>Hi\u1ec7u chu\u1ea9n d\u1ec5 s\u1eed d\u1ee5ng<\/h4>\n<ul>\n<li>B\u1ea3o v\u1ec7 ch\u1ed1ng sai l\u1ec7ch v\u00e0 l\u1ed7i chuy\u1ec3n \u0111\u1ed9ng<\/li>\n<li>K\u1ebft qu\u1ea3 th\u1ed1ng nh\u1ea5t tr\u00ean c\u00e1c d\u00e2y chuy\u1ec1n s\u1ea3n xu\u1ea5t<\/li>\n<\/ul>\n<h4>H\u00ecnh \u1ea3nh 3D<\/h4>\n<ul>\n<li>\u0110\u1ed9 ph\u00e2n gi\u1ea3i cao h\u01a1n v\u00e0 c\u00e1c tr\u01b0\u1eddng nh\u00ecn r\u1ed9ng h\u01a1n<\/li>\n<li>Ph\u00e2n t\u00edch \u0111a \u0111\u1ea7u \u0111\u01a1n gi\u1ea3n h\u00f3a<\/li>\n<\/ul>\n<h4>Ki\u1ec3m tra \u0111\u1ed9c l\u1eadp t\u01b0\u01a1ng ph\u1ea3n<\/h4>\n<ul>\n<li>V\u1eadt t\u1ed1i tr\u00ean n\u1ec1n t\u1ed1i<\/li>\n<li>Kh\u00f4ng ph\u1ee5 thu\u1ed9c v\u00e0o m\u00e0u s\u1eafc<\/li>\n<\/ul>\n<h4>D\u1eef li\u1ec7u c\u01b0\u1eddng \u0111\u1ed9 \u0111\u1ed3ng th\u1eddi<\/h4>\n<ul>\n<li>T\u1ea7m nh\u00ecn 3D v\u00e0 2D \u0111\u01b0\u1ee3c c\u0103n ch\u1ec9nh theo kh\u00f4ng gian<\/li>\n<li>K\u1ebft c\u1ea5u tr\u1ef1c quan 3D n\u00e2ng cao<\/li>\n<\/ul>\n<h4>Kh\u1ea3 n\u0103ng k\u1ebft h\u1ee3p c\u1ea3m bi\u1ebfn 3D v\u00e0 camera 2D<\/h4>\n<ul>\n<li>Nhi\u1ec1u \u1ee9ng d\u1ee5ng y\u00eau c\u1ea7u c\u1ea3<\/li>\n<\/ul>\n<h4>C\u00f4ng c\u1ee5 t\u1ea7m nh\u00ecn 3D v\u00e0 2D \u0111\u1eb3ng c\u1ea5p th\u1ebf gi\u1edbi<\/h4>\n<ul>\n<li>Chi\u1ec1u cao, kh\u1ed1i l\u01b0\u1ee3ng, ph\u00f9 h\u1ee3p v\u1edbi m\u1eb7t ph\u1eb3ng v\u00e0 c\u00e1c c\u00f4ng c\u1ee5 nghi\u00eang<\/li>\n<li>C\u00e1c thu\u1eadt to\u00e1n PatMax, IDMax \u00a0 v\u00e0\u00a0\u00a0OCRMax<\/li>\n<\/ul>\n<h4>Nh\u00e0 \u1edf c\u00f4ng nghi\u1ec7p<\/h4>\n<ul>\n<li>T\u00f9y ch\u1ecdn bao v\u00e2y IP69K cho c\u00e1c \u1ee9ng d\u1ee5ng th\u1ef1c ph\u1ea9m v\u00e0 \u0111\u1ed3 u\u1ed1ng<\/li>\n<\/ul>\n<h4>T\u1ed1c \u0111\u1ed9 qu\u00e9t nhanh<\/h4>\n<ul>\n<li>L\u00ean \u0111\u1ebfn 18KHz<\/li>\n<\/ul>\n<p>[\/vc_column_text][\/vc_column][\/vc_row]<\/p>\n<\/div>","protected":false},"excerpt":{"rendered":"<p>[vc_row][vc_column width=&#8221;1\/2&#8243;][vc_custom_heading text=&#8221;T\u1ea7m nh\u00ecn 3D \u0111\u01b0\u1ee3c hi\u1ec7u ch\u1ec9nh t\u1eeb Cognex&#8221; use_theme_fonts=&#8221;yes&#8221;][vc_column_text]3D laser sensor t\u1ed1i \u01b0u h\u00f3a ch\u1ea5t l\u01b0\u1ee3ng s\u1ea3n ph\u1ea9m b\u1eb1ng c\u00e1ch cung c\u1ea5p ki\u1ec3m tra ba chi\u1ec1u cho s\u1ea3n ph\u1ea9m. C\u00e1c c\u1ea3m bi\u1ebfn \u0111\u01b0\u1ee3c hi\u1ec7u ch\u1ec9nh t\u1ea1i nh\u00e0 m\u00e1y v\u00e0 bao g\u1ed3m ph\u1ea7n m\u1ec1m th\u1ecb gi\u00e1c m\u00e1y Cognex h\u00e0ng \u0111\u1ea7u trong ng\u00e0nh v\u1edbi b\u1ed9<\/p>\n","protected":false},"featured_media":528,"comment_status":"closed","ping_status":"closed","template":"","meta":[],"product_brand":[],"product_cat":[799,723],"product_tag":[],"class_list":{"0":"post-9666","1":"product","2":"type-product","3":"status-publish","4":"has-post-thumbnail","6":"product_cat-3d-laser-profilers","7":"product_cat-vision-sensor","9":"first","10":"instock","11":"product-type-simple"},"acf":[],"yoast_head":"<!-- This site is optimized with the Yoast SEO plugin v25.1 - https:\/\/yoast.com\/wordpress\/plugins\/seo\/ -->\n<title>3D Laser Sensor - V\u0169 L\u00ea Tech<\/title>\n<meta name=\"robots\" content=\"index, follow, max-snippet:-1, max-image-preview:large, max-video-preview:-1\" \/>\n<link rel=\"canonical\" href=\"http:\/\/vuletech.com\/product\/3d-laser-sensor\/\" \/>\n<meta property=\"og:locale\" content=\"en_US\" \/>\n<meta property=\"og:type\" content=\"article\" \/>\n<meta property=\"og:title\" content=\"3D Laser Sensor - V\u0169 L\u00ea Tech\" \/>\n<meta property=\"og:description\" content=\"[vc_row][vc_column width=&#8221;1\/2&#8243;][vc_custom_heading text=&#8221;T\u1ea7m nh\u00ecn 3D \u0111\u01b0\u1ee3c hi\u1ec7u ch\u1ec9nh t\u1eeb Cognex&#8221; use_theme_fonts=&#8221;yes&#8221;][vc_column_text]3D laser sensor t\u1ed1i \u01b0u h\u00f3a ch\u1ea5t l\u01b0\u1ee3ng s\u1ea3n ph\u1ea9m b\u1eb1ng c\u00e1ch cung c\u1ea5p ki\u1ec3m tra ba chi\u1ec1u cho s\u1ea3n ph\u1ea9m. C\u00e1c c\u1ea3m bi\u1ebfn \u0111\u01b0\u1ee3c hi\u1ec7u ch\u1ec9nh t\u1ea1i nh\u00e0 m\u00e1y v\u00e0 bao g\u1ed3m ph\u1ea7n m\u1ec1m th\u1ecb gi\u00e1c m\u00e1y Cognex h\u00e0ng \u0111\u1ea7u trong ng\u00e0nh v\u1edbi b\u1ed9\" \/>\n<meta property=\"og:url\" content=\"http:\/\/vuletech.com\/product\/3d-laser-sensor\/\" \/>\n<meta property=\"og:site_name\" content=\"V\u0169 L\u00ea Tech\" \/>\n<meta property=\"article:modified_time\" content=\"2025-05-13T09:01:35+00:00\" \/>\n<meta property=\"og:image\" content=\"http:\/\/vuletech.com\/wp-content\/uploads\/2020\/08\/ds1000.png\" \/>\n\t<meta property=\"og:image:width\" content=\"600\" \/>\n\t<meta property=\"og:image:height\" content=\"483\" \/>\n\t<meta property=\"og:image:type\" content=\"image\/png\" \/>\n<meta name=\"twitter:card\" content=\"summary_large_image\" \/>\n<meta name=\"twitter:label1\" content=\"Est. reading time\" \/>\n\t<meta name=\"twitter:data1\" content=\"3 minutes\" \/>\n<script type=\"application\/ld+json\" class=\"yoast-schema-graph\">{\"@context\":\"https:\/\/schema.org\",\"@graph\":[{\"@type\":\"WebPage\",\"@id\":\"http:\/\/vuletech.com\/product\/3d-laser-sensor\/\",\"url\":\"http:\/\/vuletech.com\/product\/3d-laser-sensor\/\",\"name\":\"3D Laser Sensor - V\u0169 L\u00ea Tech\",\"isPartOf\":{\"@id\":\"http:\/\/vuletech.com\/#website\"},\"primaryImageOfPage\":{\"@id\":\"http:\/\/vuletech.com\/product\/3d-laser-sensor\/#primaryimage\"},\"image\":{\"@id\":\"http:\/\/vuletech.com\/product\/3d-laser-sensor\/#primaryimage\"},\"thumbnailUrl\":\"https:\/\/vuletech.com\/wp-content\/uploads\/2020\/08\/ds1000.png\",\"datePublished\":\"2025-05-13T09:00:42+00:00\",\"dateModified\":\"2025-05-13T09:01:35+00:00\",\"breadcrumb\":{\"@id\":\"http:\/\/vuletech.com\/product\/3d-laser-sensor\/#breadcrumb\"},\"inLanguage\":\"en-US\",\"potentialAction\":[{\"@type\":\"ReadAction\",\"target\":[\"http:\/\/vuletech.com\/product\/3d-laser-sensor\/\"]}]},{\"@type\":\"ImageObject\",\"inLanguage\":\"en-US\",\"@id\":\"http:\/\/vuletech.com\/product\/3d-laser-sensor\/#primaryimage\",\"url\":\"https:\/\/vuletech.com\/wp-content\/uploads\/2020\/08\/ds1000.png\",\"contentUrl\":\"https:\/\/vuletech.com\/wp-content\/uploads\/2020\/08\/ds1000.png\",\"width\":600,\"height\":483},{\"@type\":\"BreadcrumbList\",\"@id\":\"http:\/\/vuletech.com\/product\/3d-laser-sensor\/#breadcrumb\",\"itemListElement\":[{\"@type\":\"ListItem\",\"position\":1,\"name\":\"Home\",\"item\":\"http:\/\/vuletech.com\/en\/\"},{\"@type\":\"ListItem\",\"position\":2,\"name\":\"Product\",\"item\":\"http:\/\/vuletech.com\/product\/\"},{\"@type\":\"ListItem\",\"position\":3,\"name\":\"3D Laser Sensor\"}]},{\"@type\":\"WebSite\",\"@id\":\"http:\/\/vuletech.com\/#website\",\"url\":\"http:\/\/vuletech.com\/\",\"name\":\"V\u0169 L\u00ea Tech\",\"description\":\"Our Solution - Your Value\",\"potentialAction\":[{\"@type\":\"SearchAction\",\"target\":{\"@type\":\"EntryPoint\",\"urlTemplate\":\"http:\/\/vuletech.com\/?s={search_term_string}\"},\"query-input\":{\"@type\":\"PropertyValueSpecification\",\"valueRequired\":true,\"valueName\":\"search_term_string\"}}],\"inLanguage\":\"en-US\"}]}<\/script>\n<!-- \/ Yoast SEO plugin. -->","yoast_head_json":{"title":"3D Laser Sensor - V\u0169 L\u00ea Tech","robots":{"index":"index","follow":"follow","max-snippet":"max-snippet:-1","max-image-preview":"max-image-preview:large","max-video-preview":"max-video-preview:-1"},"canonical":"http:\/\/vuletech.com\/product\/3d-laser-sensor\/","og_locale":"en_US","og_type":"article","og_title":"3D Laser Sensor - V\u0169 L\u00ea Tech","og_description":"[vc_row][vc_column width=&#8221;1\/2&#8243;][vc_custom_heading text=&#8221;T\u1ea7m nh\u00ecn 3D \u0111\u01b0\u1ee3c hi\u1ec7u ch\u1ec9nh t\u1eeb Cognex&#8221; use_theme_fonts=&#8221;yes&#8221;][vc_column_text]3D laser sensor t\u1ed1i \u01b0u h\u00f3a ch\u1ea5t l\u01b0\u1ee3ng s\u1ea3n ph\u1ea9m b\u1eb1ng c\u00e1ch cung c\u1ea5p ki\u1ec3m tra ba chi\u1ec1u cho s\u1ea3n ph\u1ea9m. C\u00e1c c\u1ea3m bi\u1ebfn \u0111\u01b0\u1ee3c hi\u1ec7u ch\u1ec9nh t\u1ea1i nh\u00e0 m\u00e1y v\u00e0 bao g\u1ed3m ph\u1ea7n m\u1ec1m th\u1ecb gi\u00e1c m\u00e1y Cognex h\u00e0ng \u0111\u1ea7u trong ng\u00e0nh v\u1edbi b\u1ed9","og_url":"http:\/\/vuletech.com\/product\/3d-laser-sensor\/","og_site_name":"V\u0169 L\u00ea Tech","article_modified_time":"2025-05-13T09:01:35+00:00","og_image":[{"width":600,"height":483,"url":"http:\/\/vuletech.com\/wp-content\/uploads\/2020\/08\/ds1000.png","type":"image\/png"}],"twitter_card":"summary_large_image","twitter_misc":{"Est. reading time":"3 minutes"},"schema":{"@context":"https:\/\/schema.org","@graph":[{"@type":"WebPage","@id":"http:\/\/vuletech.com\/product\/3d-laser-sensor\/","url":"http:\/\/vuletech.com\/product\/3d-laser-sensor\/","name":"3D Laser Sensor - V\u0169 L\u00ea Tech","isPartOf":{"@id":"http:\/\/vuletech.com\/#website"},"primaryImageOfPage":{"@id":"http:\/\/vuletech.com\/product\/3d-laser-sensor\/#primaryimage"},"image":{"@id":"http:\/\/vuletech.com\/product\/3d-laser-sensor\/#primaryimage"},"thumbnailUrl":"https:\/\/vuletech.com\/wp-content\/uploads\/2020\/08\/ds1000.png","datePublished":"2025-05-13T09:00:42+00:00","dateModified":"2025-05-13T09:01:35+00:00","breadcrumb":{"@id":"http:\/\/vuletech.com\/product\/3d-laser-sensor\/#breadcrumb"},"inLanguage":"en-US","potentialAction":[{"@type":"ReadAction","target":["http:\/\/vuletech.com\/product\/3d-laser-sensor\/"]}]},{"@type":"ImageObject","inLanguage":"en-US","@id":"http:\/\/vuletech.com\/product\/3d-laser-sensor\/#primaryimage","url":"https:\/\/vuletech.com\/wp-content\/uploads\/2020\/08\/ds1000.png","contentUrl":"https:\/\/vuletech.com\/wp-content\/uploads\/2020\/08\/ds1000.png","width":600,"height":483},{"@type":"BreadcrumbList","@id":"http:\/\/vuletech.com\/product\/3d-laser-sensor\/#breadcrumb","itemListElement":[{"@type":"ListItem","position":1,"name":"Home","item":"http:\/\/vuletech.com\/en\/"},{"@type":"ListItem","position":2,"name":"Product","item":"http:\/\/vuletech.com\/product\/"},{"@type":"ListItem","position":3,"name":"3D Laser Sensor"}]},{"@type":"WebSite","@id":"http:\/\/vuletech.com\/#website","url":"http:\/\/vuletech.com\/","name":"V\u0169 L\u00ea Tech","description":"Our Solution - Your Value","potentialAction":[{"@type":"SearchAction","target":{"@type":"EntryPoint","urlTemplate":"http:\/\/vuletech.com\/?s={search_term_string}"},"query-input":{"@type":"PropertyValueSpecification","valueRequired":true,"valueName":"search_term_string"}}],"inLanguage":"en-US"}]}},"_links":{"self":[{"href":"https:\/\/vuletech.com\/en\/wp-json\/wp\/v2\/product\/9666","targetHints":{"allow":["GET"]}}],"collection":[{"href":"https:\/\/vuletech.com\/en\/wp-json\/wp\/v2\/product"}],"about":[{"href":"https:\/\/vuletech.com\/en\/wp-json\/wp\/v2\/types\/product"}],"replies":[{"embeddable":true,"href":"https:\/\/vuletech.com\/en\/wp-json\/wp\/v2\/comments?post=9666"}],"wp:featuredmedia":[{"embeddable":true,"href":"https:\/\/vuletech.com\/en\/wp-json\/wp\/v2\/media\/528"}],"wp:attachment":[{"href":"https:\/\/vuletech.com\/en\/wp-json\/wp\/v2\/media?parent=9666"}],"wp:term":[{"taxonomy":"product_brand","embeddable":true,"href":"https:\/\/vuletech.com\/en\/wp-json\/wp\/v2\/product_brand?post=9666"},{"taxonomy":"product_cat","embeddable":true,"href":"https:\/\/vuletech.com\/en\/wp-json\/wp\/v2\/product_cat?post=9666"},{"taxonomy":"product_tag","embeddable":true,"href":"https:\/\/vuletech.com\/en\/wp-json\/wp\/v2\/product_tag?post=9666"}],"curies":[{"name":"wp","href":"https:\/\/api.w.org\/{rel}","templated":true}]}}