{"id":9667,"date":"2025-05-13T16:00:42","date_gmt":"2025-05-13T09:00:42","guid":{"rendered":"https:\/\/vuletech.com\/product\/dsmax-3d-laser-displacement-sensor\/"},"modified":"2025-05-13T16:01:49","modified_gmt":"2025-05-13T09:01:49","slug":"dsmax-3d-laser-displacement-sensor","status":"publish","type":"product","link":"https:\/\/vuletech.com\/en\/product\/dsmax-3d-laser-displacement-sensor\/","title":{"rendered":"Dsmax 3D Laser Displacement sensor"},"content":{"rendered":"<div class=\"wpb-content-wrapper\"><p>[vc_row][vc_column width=&#8221;1\/2&#8243;][vc_custom_heading text=&#8221;T\u00ednh n\u0103ng c\u1ee7a 3D Laser DSMax&#8221;][vc_column_text]DSMax l\u00e0 3D d\u00f2ng laser c\u00f3 \u0111\u1ed9 n\u00e9t cao nh\u1ea5t v\u00e0 nhanh nh\u1ea5t tr\u00ean th\u1ecb tr\u01b0\u1eddng \u0111\u1ec3 thu nh\u1eadn h\u00ecnh \u1ea3nh v\u00e0 ki\u1ec3m tra s\u1ea3n ph\u1ea9m \u1edf ch\u1ebf \u0111\u1ed9 3D. \u0110\u00e2y l\u00e0 c\u1ea3m bi\u1ebfn duy nh\u1ea5t cung c\u1ea5p:<\/p>\n<ul>\n<li>T\u1ed1c \u0111\u1ed9 qu\u00e9t cao (l\u00ean \u0111\u1ebfn 18 kHz) \u1edf ph\u1ea1m vi \u0111o \u0111\u1ea7y \u0111\u1ee7<\/li>\n<li>H\u00ecnh \u1ea3nh \u0111\u1ed9 ph\u00e2n gi\u1ea3i t\u1ed1i \u0111a (2.000 \u0111i\u1ec3m h\u1ed3 s\u01a1)<\/li>\n<li>H\u00ecnh \u1ea3nh d\u1ea3i \u0111\u1ed9ng cao (HDR) nhanh<\/li>\n<\/ul>\n<p>S\u1ea3n ph\u1ea9m th\u00edch h\u1ee3p \u0111\u1ec3 \u0111o l\u01b0\u1eddng v\u00e0 ki\u1ec3m tra c\u00e1c b\u1ed9 ph\u1eadn r\u1ea5t nh\u1ecf, ch\u1eb3ng h\u1ea1n nh\u01b0 c\u00e1c linh ki\u1ec7n \u0111i\u1ec7n t\u1eed, c\u00f3 th\u1ec3 ch\u1ee9a c\u00e1c t\u00ednh n\u0103ng ph\u1ea3n chi\u1ebfu cao ho\u1eb7c t\u1ed1i.[\/vc_column_text][\/vc_column][vc_column width=&#8221;1\/2&#8243;][vc_column_text]<\/p>\n<p><a href=\"https:\/\/www.youtube.com\/watch?v=7GQ4AlA94Wo\">https:\/\/www.youtube.com\/watch?v=7GQ4AlA94Wo<\/a><\/p>\n<p>[\/vc_column_text][\/vc_column][\/vc_row][vc_row][vc_column width=&#8221;1\/2&#8243;][vc_single_image image=&#8221;1178&#8243; img_size=&#8221;full&#8221; alignment=&#8221;center&#8221;][\/vc_column][vc_column width=&#8221;1\/2&#8243;][vc_custom_heading text=&#8221;Ki\u1ec3m tra 3D ch\u00ednh x\u00e1c c\u00e1c b\u1ed9 ph\u1eadn nh\u1ecf, chi ti\u1ebft&#8221;][vc_column_text]<\/p>\n<p style=\"background: white;\"><span style=\"color: black;\">DSMax t\u1eadp trung 2.000 \u0111i\u1ec3m h\u1ed3 s\u01a1 trong ph\u1ea1m vi ch\u1ec9 31 mm (FOV).\u00a0S\u1ed1 l\u01b0\u1ee3ng \u0111i\u1ec3m h\u1ed3 s\u01a1 tr\u1ea3i r\u1ed9ng tr\u00ean m\u1ed9t tr\u01b0\u1eddng nh\u00ecn c\u00e0ng cao cho th\u1ea5y nhi\u1ec1u chi ti\u1ebft h\u01a1n v\u1ec1 ph\u1ea7n \u0111\u00f3 v\u00e0 t\u0103ng \u0111\u1ed9 ch\u00ednh x\u00e1c c\u1ee7a h\u00ecnh \u1ea3nh 3D cho ph\u00e9p ki\u1ec3m tra 3D ch\u00ednh x\u00e1c h\u01a1n.<\/span><\/p>\n<p>[\/vc_column_text][\/vc_column][\/vc_row][vc_row][vc_column width=&#8221;1\/2&#8243;][vc_custom_heading text=&#8221;Th\u1eddi gian chu k\u1ef3 ng\u1eafn&#8221; use_theme_fonts=&#8221;yes&#8221;][vc_column_text]<\/p>\n<p style=\"background: white;\"><span style=\"color: black;\">DSMax c\u00f3 \u0111\u01b0\u1ee3c h\u00ecnh \u1ea3nh 3D \u0111\u1ed9 ph\u00e2n gi\u1ea3i cao nhanh h\u01a1n 5 l\u1ea7n so v\u1edbi c\u00e1c c\u1ea3m bi\u1ebfn d\u1ecbch chuy\u1ec3n kh\u00e1c tr\u00ean th\u1ecb tr\u01b0\u1eddng. DSMax s\u1eed d\u1ee5ng c\u00f4ng ngh\u1ec7 c\u1ea3m bi\u1ebfn n\u00e9n t\u1ed1c \u0111\u1ed9 cao, t\u1ed1c \u0111\u1ed9 cao v\u00e0 giao th\u1ee9c CoaXPress \u0111\u1ec3 \u0111\u1ea1t t\u1ed1c \u0111\u1ed9 qu\u00e9t l\u00ean t\u1edbi 18 kHz (to\u00e0n tr\u01b0\u1eddng) \u1edf \u0111\u1ed9 ph\u00e2n gi\u1ea3i t\u1ed1i \u0111a gi\u00fap gi\u1ea3m th\u1eddi gian chu k\u1ef3 v\u00e0 t\u1ed1i \u0111a h\u00f3a th\u00f4ng l\u01b0\u1ee3ng.<\/span><\/p>\n<p>[\/vc_column_text][\/vc_column][vc_column width=&#8221;1\/2&#8243;][vc_single_image image=&#8221;1179&#8243; img_size=&#8221;full&#8221; alignment=&#8221;center&#8221;][\/vc_column][\/vc_row][vc_row][vc_column width=&#8221;1\/2&#8243;][vc_single_image image=&#8221;1177&#8243; img_size=&#8221;full&#8221; alignment=&#8221;center&#8221;][\/vc_column][vc_column width=&#8221;1\/2&#8243;][vc_custom_heading text=&#8221;T\u1ed1i \u01b0u h\u00f3a h\u00ecnh \u1ea3nh&#8221; use_theme_fonts=&#8221;yes&#8221;][vc_column_text]<\/p>\n<p style=\"background: white;\"><span style=\"color: black;\">DSMax \u0111\u01b0\u1ee3c trang b\u1ecb m\u1ed9t \u1ed1ng k\u00ednh vi\u1ec5n th\u00f4ng gi\u00fap gi\u1ea3m b\u00f3ng v\u00e0 mang l\u1ea1i h\u00ecnh \u1ea3nh c\u00f3 \u0111\u1ed9 t\u01b0\u01a1ng ph\u1ea3n cao. S\u1ea3n ph\u1ea9m \u0111\u1ea1t \u0111\u01b0\u1ee3c \u0111i\u1ec1u n\u00e0y b\u1eb1ng c\u00e1ch h\u01b0\u1edbng d\u00f2ng laser th\u1eb3ng xu\u1ed1ng v\u1eadt th\u1ec3 l\u00e0m gi\u1ea3m l\u01b0\u1ee3ng \u00e1nh s\u00e1ng ph\u1ea3n x\u1ea1 ra kh\u1ecfi \u1ed1ng k\u00ednh v\u00e0 t\u0103ng \u00e1nh s\u00e1ng ph\u1ea3n x\u1ea1 tr\u1edf l\u1ea1i h\u00ecnh \u1ea3nh. Quang h\u1ecdc vi\u1ec5n th\u00f4ng l\u00e0 l\u00fd t\u01b0\u1edfng cho c\u00e1c ph\u00e9p \u0111o ch\u00ednh x\u00e1c, trong \u0111\u00f3 \u0111\u1ed9 ch\u00ednh x\u00e1c, \u0111\u1ed9 l\u1eb7p l\u1ea1i v\u00e0 th\u00f4ng l\u01b0\u1ee3ng l\u00e0 c\u1ea7n thi\u1ebft \u0111\u1ec3 gi\u1ea3i quy\u1ebft \u1ee9ng d\u1ee5ng.<\/span><\/p>\n<p>[\/vc_column_text][\/vc_column][\/vc_row][vc_row][vc_column width=&#8221;1\/2&#8243;][vc_custom_heading text=&#8221;Fast High Dynamic Range (HDR) c\u1ea3i thi\u1ec7n kh\u1ea3 n\u0103ng thu nh\u1eadn h\u00ecnh \u1ea3nh&#8221;][vc_column_text]<\/p>\n<p style=\"background: white;\"><span style=\"color: black;\">DSMax c\u00f3 \u0111\u01b0\u1ee3c h\u00ecnh \u1ea3nh v\u1edbi HDR gi\u1ea3m nhi\u1ec5u nhanh trong \u1ea3nh v\u00e0 c\u1ea3i thi\u1ec7n \u0111\u1ed9 ch\u00ednh x\u00e1c.\u00a0HDR ng\u0103n DSMax b\u1ecb \u1ea3nh h\u01b0\u1edfng b\u1edfi c\u00e1c t\u00ednh n\u0103ng s\u00e1ng ho\u1eb7c ph\u1ea3n chi\u1ebfu cao tr\u00ean m\u1ed9t ph\u1ea7n, mang l\u1ea1i h\u00ecnh \u1ea3nh t\u1ed1i \u01b0u \u0111\u1ec3 ki\u1ec3m tra th\u1ecb l\u1ef1c c\u1ee7a m\u00e1y.<\/span><\/p>\n<p>[\/vc_column_text][\/vc_column][vc_column width=&#8221;1\/2&#8243;][vc_single_image image=&#8221;1176&#8243; img_size=&#8221;full&#8221; alignment=&#8221;center&#8221;][\/vc_column][\/vc_row]<\/p>\n<\/div>","protected":false},"excerpt":{"rendered":"<p>[vc_row][vc_column width=&#8221;1\/2&#8243;][vc_custom_heading text=&#8221;T\u00ednh n\u0103ng c\u1ee7a 3D Laser DSMax&#8221;][vc_column_text]DSMax l\u00e0 3D d\u00f2ng laser c\u00f3 \u0111\u1ed9 n\u00e9t cao nh\u1ea5t v\u00e0 nhanh nh\u1ea5t tr\u00ean th\u1ecb tr\u01b0\u1eddng \u0111\u1ec3 thu nh\u1eadn h\u00ecnh \u1ea3nh v\u00e0 ki\u1ec3m tra s\u1ea3n ph\u1ea9m \u1edf ch\u1ebf \u0111\u1ed9 3D. \u0110\u00e2y l\u00e0 c\u1ea3m bi\u1ebfn duy nh\u1ea5t cung c\u1ea5p: T\u1ed1c \u0111\u1ed9 qu\u00e9t cao (l\u00ean \u0111\u1ebfn 18 kHz) \u1edf ph\u1ea1m<\/p>\n","protected":false},"featured_media":382,"comment_status":"closed","ping_status":"closed","template":"","meta":[],"product_brand":[],"product_cat":[799,723],"product_tag":[],"class_list":{"0":"post-9667","1":"product","2":"type-product","3":"status-publish","4":"has-post-thumbnail","6":"product_cat-3d-laser-profilers","7":"product_cat-vision-sensor","9":"first","10":"instock","11":"product-type-simple"},"acf":[],"yoast_head":"<!-- This site is optimized with the Yoast SEO plugin v25.1 - https:\/\/yoast.com\/wordpress\/plugins\/seo\/ -->\n<title>Dsmax 3D Laser Displacement sensor - V\u0169 L\u00ea Tech<\/title>\n<meta name=\"robots\" content=\"index, follow, max-snippet:-1, max-image-preview:large, max-video-preview:-1\" \/>\n<link rel=\"canonical\" href=\"https:\/\/vuletech.com\/product\/dsmax-3d-laser-displacement-sensor\/\" \/>\n<meta property=\"og:locale\" content=\"en_US\" \/>\n<meta property=\"og:type\" content=\"article\" \/>\n<meta property=\"og:title\" content=\"Dsmax 3D Laser Displacement sensor - V\u0169 L\u00ea Tech\" \/>\n<meta property=\"og:description\" content=\"[vc_row][vc_column width=&#8221;1\/2&#8243;][vc_custom_heading text=&#8221;T\u00ednh n\u0103ng c\u1ee7a 3D Laser DSMax&#8221;][vc_column_text]DSMax l\u00e0 3D d\u00f2ng laser c\u00f3 \u0111\u1ed9 n\u00e9t cao nh\u1ea5t v\u00e0 nhanh nh\u1ea5t tr\u00ean th\u1ecb tr\u01b0\u1eddng \u0111\u1ec3 thu nh\u1eadn h\u00ecnh \u1ea3nh v\u00e0 ki\u1ec3m tra s\u1ea3n ph\u1ea9m \u1edf ch\u1ebf \u0111\u1ed9 3D. \u0110\u00e2y l\u00e0 c\u1ea3m bi\u1ebfn duy nh\u1ea5t cung c\u1ea5p: T\u1ed1c \u0111\u1ed9 qu\u00e9t cao (l\u00ean \u0111\u1ebfn 18 kHz) \u1edf ph\u1ea1m\" \/>\n<meta property=\"og:url\" content=\"https:\/\/vuletech.com\/product\/dsmax-3d-laser-displacement-sensor\/\" \/>\n<meta property=\"og:site_name\" content=\"V\u0169 L\u00ea Tech\" \/>\n<meta property=\"article:modified_time\" content=\"2025-05-13T09:01:49+00:00\" \/>\n<meta property=\"og:image\" content=\"https:\/\/vuletech.com\/wp-content\/uploads\/2020\/08\/dsmax-speed.jpg\" \/>\n\t<meta property=\"og:image:width\" content=\"750\" \/>\n\t<meta property=\"og:image:height\" content=\"462\" \/>\n\t<meta property=\"og:image:type\" content=\"image\/jpeg\" \/>\n<meta name=\"twitter:card\" content=\"summary_large_image\" \/>\n<meta name=\"twitter:label1\" content=\"Est. reading time\" \/>\n\t<meta name=\"twitter:data1\" content=\"4 minutes\" \/>\n<script type=\"application\/ld+json\" class=\"yoast-schema-graph\">{\"@context\":\"https:\/\/schema.org\",\"@graph\":[{\"@type\":\"WebPage\",\"@id\":\"https:\/\/vuletech.com\/product\/dsmax-3d-laser-displacement-sensor\/\",\"url\":\"https:\/\/vuletech.com\/product\/dsmax-3d-laser-displacement-sensor\/\",\"name\":\"Dsmax 3D Laser Displacement sensor - V\u0169 L\u00ea Tech\",\"isPartOf\":{\"@id\":\"http:\/\/vuletech.com\/#website\"},\"primaryImageOfPage\":{\"@id\":\"https:\/\/vuletech.com\/product\/dsmax-3d-laser-displacement-sensor\/#primaryimage\"},\"image\":{\"@id\":\"https:\/\/vuletech.com\/product\/dsmax-3d-laser-displacement-sensor\/#primaryimage\"},\"thumbnailUrl\":\"https:\/\/vuletech.com\/wp-content\/uploads\/2020\/08\/dsmax-speed.jpg\",\"datePublished\":\"2025-05-13T09:00:42+00:00\",\"dateModified\":\"2025-05-13T09:01:49+00:00\",\"breadcrumb\":{\"@id\":\"https:\/\/vuletech.com\/product\/dsmax-3d-laser-displacement-sensor\/#breadcrumb\"},\"inLanguage\":\"en-US\",\"potentialAction\":[{\"@type\":\"ReadAction\",\"target\":[\"https:\/\/vuletech.com\/product\/dsmax-3d-laser-displacement-sensor\/\"]}]},{\"@type\":\"ImageObject\",\"inLanguage\":\"en-US\",\"@id\":\"https:\/\/vuletech.com\/product\/dsmax-3d-laser-displacement-sensor\/#primaryimage\",\"url\":\"https:\/\/vuletech.com\/wp-content\/uploads\/2020\/08\/dsmax-speed.jpg\",\"contentUrl\":\"https:\/\/vuletech.com\/wp-content\/uploads\/2020\/08\/dsmax-speed.jpg\",\"width\":750,\"height\":462},{\"@type\":\"BreadcrumbList\",\"@id\":\"https:\/\/vuletech.com\/product\/dsmax-3d-laser-displacement-sensor\/#breadcrumb\",\"itemListElement\":[{\"@type\":\"ListItem\",\"position\":1,\"name\":\"Home\",\"item\":\"http:\/\/vuletech.com\/en\/\"},{\"@type\":\"ListItem\",\"position\":2,\"name\":\"Product\",\"item\":\"http:\/\/vuletech.com\/product\/\"},{\"@type\":\"ListItem\",\"position\":3,\"name\":\"Dsmax 3D Laser Displacement sensor\"}]},{\"@type\":\"WebSite\",\"@id\":\"http:\/\/vuletech.com\/#website\",\"url\":\"http:\/\/vuletech.com\/\",\"name\":\"V\u0169 L\u00ea Tech\",\"description\":\"Our Solution - Your Value\",\"potentialAction\":[{\"@type\":\"SearchAction\",\"target\":{\"@type\":\"EntryPoint\",\"urlTemplate\":\"http:\/\/vuletech.com\/?s={search_term_string}\"},\"query-input\":{\"@type\":\"PropertyValueSpecification\",\"valueRequired\":true,\"valueName\":\"search_term_string\"}}],\"inLanguage\":\"en-US\"}]}<\/script>\n<!-- \/ Yoast SEO plugin. -->","yoast_head_json":{"title":"Dsmax 3D Laser Displacement sensor - V\u0169 L\u00ea Tech","robots":{"index":"index","follow":"follow","max-snippet":"max-snippet:-1","max-image-preview":"max-image-preview:large","max-video-preview":"max-video-preview:-1"},"canonical":"https:\/\/vuletech.com\/product\/dsmax-3d-laser-displacement-sensor\/","og_locale":"en_US","og_type":"article","og_title":"Dsmax 3D Laser Displacement sensor - V\u0169 L\u00ea Tech","og_description":"[vc_row][vc_column width=&#8221;1\/2&#8243;][vc_custom_heading text=&#8221;T\u00ednh n\u0103ng c\u1ee7a 3D Laser DSMax&#8221;][vc_column_text]DSMax l\u00e0 3D d\u00f2ng laser c\u00f3 \u0111\u1ed9 n\u00e9t cao nh\u1ea5t v\u00e0 nhanh nh\u1ea5t tr\u00ean th\u1ecb tr\u01b0\u1eddng \u0111\u1ec3 thu nh\u1eadn h\u00ecnh \u1ea3nh v\u00e0 ki\u1ec3m tra s\u1ea3n ph\u1ea9m \u1edf ch\u1ebf \u0111\u1ed9 3D. \u0110\u00e2y l\u00e0 c\u1ea3m bi\u1ebfn duy nh\u1ea5t cung c\u1ea5p: T\u1ed1c \u0111\u1ed9 qu\u00e9t cao (l\u00ean \u0111\u1ebfn 18 kHz) \u1edf ph\u1ea1m","og_url":"https:\/\/vuletech.com\/product\/dsmax-3d-laser-displacement-sensor\/","og_site_name":"V\u0169 L\u00ea Tech","article_modified_time":"2025-05-13T09:01:49+00:00","og_image":[{"width":750,"height":462,"url":"https:\/\/vuletech.com\/wp-content\/uploads\/2020\/08\/dsmax-speed.jpg","type":"image\/jpeg"}],"twitter_card":"summary_large_image","twitter_misc":{"Est. reading time":"4 minutes"},"schema":{"@context":"https:\/\/schema.org","@graph":[{"@type":"WebPage","@id":"https:\/\/vuletech.com\/product\/dsmax-3d-laser-displacement-sensor\/","url":"https:\/\/vuletech.com\/product\/dsmax-3d-laser-displacement-sensor\/","name":"Dsmax 3D Laser Displacement sensor - V\u0169 L\u00ea Tech","isPartOf":{"@id":"http:\/\/vuletech.com\/#website"},"primaryImageOfPage":{"@id":"https:\/\/vuletech.com\/product\/dsmax-3d-laser-displacement-sensor\/#primaryimage"},"image":{"@id":"https:\/\/vuletech.com\/product\/dsmax-3d-laser-displacement-sensor\/#primaryimage"},"thumbnailUrl":"https:\/\/vuletech.com\/wp-content\/uploads\/2020\/08\/dsmax-speed.jpg","datePublished":"2025-05-13T09:00:42+00:00","dateModified":"2025-05-13T09:01:49+00:00","breadcrumb":{"@id":"https:\/\/vuletech.com\/product\/dsmax-3d-laser-displacement-sensor\/#breadcrumb"},"inLanguage":"en-US","potentialAction":[{"@type":"ReadAction","target":["https:\/\/vuletech.com\/product\/dsmax-3d-laser-displacement-sensor\/"]}]},{"@type":"ImageObject","inLanguage":"en-US","@id":"https:\/\/vuletech.com\/product\/dsmax-3d-laser-displacement-sensor\/#primaryimage","url":"https:\/\/vuletech.com\/wp-content\/uploads\/2020\/08\/dsmax-speed.jpg","contentUrl":"https:\/\/vuletech.com\/wp-content\/uploads\/2020\/08\/dsmax-speed.jpg","width":750,"height":462},{"@type":"BreadcrumbList","@id":"https:\/\/vuletech.com\/product\/dsmax-3d-laser-displacement-sensor\/#breadcrumb","itemListElement":[{"@type":"ListItem","position":1,"name":"Home","item":"http:\/\/vuletech.com\/en\/"},{"@type":"ListItem","position":2,"name":"Product","item":"http:\/\/vuletech.com\/product\/"},{"@type":"ListItem","position":3,"name":"Dsmax 3D Laser Displacement sensor"}]},{"@type":"WebSite","@id":"http:\/\/vuletech.com\/#website","url":"http:\/\/vuletech.com\/","name":"V\u0169 L\u00ea Tech","description":"Our Solution - Your Value","potentialAction":[{"@type":"SearchAction","target":{"@type":"EntryPoint","urlTemplate":"http:\/\/vuletech.com\/?s={search_term_string}"},"query-input":{"@type":"PropertyValueSpecification","valueRequired":true,"valueName":"search_term_string"}}],"inLanguage":"en-US"}]}},"_links":{"self":[{"href":"https:\/\/vuletech.com\/en\/wp-json\/wp\/v2\/product\/9667","targetHints":{"allow":["GET"]}}],"collection":[{"href":"https:\/\/vuletech.com\/en\/wp-json\/wp\/v2\/product"}],"about":[{"href":"https:\/\/vuletech.com\/en\/wp-json\/wp\/v2\/types\/product"}],"replies":[{"embeddable":true,"href":"https:\/\/vuletech.com\/en\/wp-json\/wp\/v2\/comments?post=9667"}],"wp:featuredmedia":[{"embeddable":true,"href":"https:\/\/vuletech.com\/en\/wp-json\/wp\/v2\/media\/382"}],"wp:attachment":[{"href":"https:\/\/vuletech.com\/en\/wp-json\/wp\/v2\/media?parent=9667"}],"wp:term":[{"taxonomy":"product_brand","embeddable":true,"href":"https:\/\/vuletech.com\/en\/wp-json\/wp\/v2\/product_brand?post=9667"},{"taxonomy":"product_cat","embeddable":true,"href":"https:\/\/vuletech.com\/en\/wp-json\/wp\/v2\/product_cat?post=9667"},{"taxonomy":"product_tag","embeddable":true,"href":"https:\/\/vuletech.com\/en\/wp-json\/wp\/v2\/product_tag?post=9667"}],"curies":[{"name":"wp","href":"https:\/\/api.w.org\/{rel}","templated":true}]}}