{"id":9668,"date":"2025-05-13T16:10:14","date_gmt":"2025-05-13T09:10:14","guid":{"rendered":"https:\/\/vuletech.com\/product\/in-sight-vision-5705\/"},"modified":"2025-05-13T16:10:50","modified_gmt":"2025-05-13T09:10:50","slug":"in-sight-vision-5705","status":"publish","type":"product","link":"https:\/\/vuletech.com\/en\/product\/in-sight-vision-5705\/","title":{"rendered":"In-sight Vision 5705"},"content":{"rendered":"<div class=\"wpb-content-wrapper\"><p>[vc_row css=&#8221;.vc_custom_1596784114672{padding-top: 50px !important;padding-bottom: 50px !important;}&#8221;][vc_column width=&#8221;1\/2&#8243;][vc_custom_heading text=&#8221;C\u00e1c t\u00ednh n\u0103ng trong t\u1ea7m nh\u00ecn 5600\/5705&#8243; use_theme_fonts=&#8221;yes&#8221;][vc_column_text]<\/p>\n<p style=\"background: white;\"><span style=\"color: black;\">S\u00ea-ri In-Sight 5705 cung c\u1ea5p hi\u1ec7u n\u0103ng cao v\u1edbi \u0111\u1ed9 ph\u00e2n gi\u1ea3i cao khi\u1ebfn n\u00f3 tr\u1edf th\u00e0nh h\u1ec7 th\u1ed1ng quan s\u00e1t \u0111\u1ed9c l\u1eadp 5MP nhanh nh\u1ea5t tr\u00ean th\u1ebf gi\u1edbi. M\u00e0u s\u1eafc trong Vision 5705\u00a0 khi\u1ebfn n\u00f3 tr\u1edf th\u00e0nh h\u1ec7 th\u1ed1ng nh\u00ecn m\u00e0u 5 MP \u0111\u1ed9c l\u1eadp duy nh\u1ea5t tr\u00ean th\u1ebf gi\u1edbi! C\u1ea3 hai h\u1ec7 th\u1ed1ng \u0111\u1ec1u h\u1ed7 tr\u1ee3 Gigabit Ethernet v\u00e0 c\u00f4ng c\u1ee5 Redline PatMax nhanh m\u1edbi.<\/span><\/p>\n<p>[\/vc_column_text][\/vc_column][vc_column width=&#8221;1\/2&#8243;][vc_single_image image=&#8221;514&#8243; img_size=&#8221;full&#8221; alignment=&#8221;center&#8221;][\/vc_column][\/vc_row][vc_row full_width=&#8221;stretch_row&#8221; css=&#8221;.vc_custom_1596784182292{padding-top: 50px !important;padding-bottom: 50px !important;background-color: #f9f9f9 !important;}&#8221;][vc_column width=&#8221;1\/2&#8243;][vc_single_image image=&#8221;511&#8243; img_size=&#8221;full&#8221; alignment=&#8221;center&#8221;][\/vc_column][vc_column width=&#8221;1\/2&#8243;][vc_custom_heading text=&#8221;In-Sight 5705C: X\u1eed l\u00fd m\u00e0u 24 bit th\u1ef1c&#8221; use_theme_fonts=&#8221;yes&#8221;][vc_column_text]<\/p>\n<p style=\"background: white;\"><span style=\"color: black;\">L\u1ecdc m\u00e0u th\u1eadt v\u00e0 c\u00e1c c\u00f4ng c\u1ee5 Color ID v\u00e0 tr\u00edch xu\u1ea5t m\u00e0u d\u1ec5 s\u1eed d\u1ee5ng gi\u00fap cho vi\u1ec7c ki\u1ec3m tra m\u00e0u d\u1ec5 d\u00e0ng h\u01a1n bao gi\u1edd h\u1ebft.\u00a0Thi\u1ebft l\u1eadp v\u00e0 th\u1ef1c hi\u1ec7n ki\u1ec3m tra m\u00e0u b\u1eb1ng c\u00e1c c\u00f4ng c\u1ee5 n\u00e0y y\u00eau c\u1ea7u l\u1ef1a ch\u1ecdn \u0111\u01a1n gi\u1ea3n m\u1ed9t v\u00f9ng m\u00e0u v\u00e0 sau \u0111\u00f3 \u0111\u00e0o t\u1ea1o m\u00e0u.<\/span><\/p>\n<p style=\"background: white;\"><span style=\"color: black;\">Kh\u00f4ng c\u1ea7n ph\u1ea3i hi\u1ec3u c\u00e1c gi\u00e1 tr\u1ecb RGB ho\u1eb7c c\u00e1c kh\u00e1i ni\u1ec7m th\u1ecb gi\u00e1c m\u00e1y ph\u1ee9c t\u1ea1p kh\u00e1c. In-Sight 5705 cung c\u1ea5p t\u00ednh n\u0103ng l\u1ecdc h\u00ecnh \u1ea3nh m\u00e0u ngo\u00e0i ch\u1ee9c n\u0103ng l\u1ecdc thang \u0111\u1ed9 x\u00e1m v\u00e0 cho ph\u00e9p b\u1ea1n hu\u1ea5n luy\u1ec7n nhi\u1ec1u m\u00f4 h\u00ecnh m\u00e0u b\u1eb1ng th\u01b0 vi\u1ec7n m\u00e0u \u0111\u1ec3 x\u00e1c \u0111\u1ecbnh ph\u1ea7n m\u00e0u c\u1ee7a ph\u1ea7n \u0111\u00edch.<\/span><\/p>\n<p>[\/vc_column_text][\/vc_column][\/vc_row][vc_row css=&#8221;.vc_custom_1596784114672{padding-top: 50px !important;padding-bottom: 50px !important;}&#8221;][vc_column width=&#8221;1\/2&#8243;][vc_custom_heading text=&#8221;B\u1ed9 l\u1ecdc h\u00ecnh \u1ea3nh nhanh h\u01a1n tr\u00ean t\u1ea7m nh\u00ecn 5705&#8243; use_theme_fonts=&#8221;yes&#8221;][vc_column_text]<\/p>\n<p style=\"background: white;\"><span style=\"color: black;\">T\u1ed1c \u0111\u1ed9 h\u00ecnh \u1ea3nh \u0111\u1ea7y \u0111\u1ee7 cao h\u01a1n \u0111\u00e1ng k\u1ec3 v\u1edbi s\u00ea-ri 5705 trong Vision &#8211; nhanh h\u01a1n b\u1ea3y l\u1ea7n khi ch\u1ea1y b\u1ed9 l\u1ecdc k\u00edn v\u00e0 b\u1ed9 l\u1ecdc c\u01b0\u1eddng \u0111\u1ed9 c\u1ea1nh so v\u1edbi h\u1ec7 th\u1ed1ng hai megapixel. Trong th\u1ef1c t\u1ebf, s\u1ea3n ph\u1ea9m nhanh h\u01a1n n\u1eeda gi\u00e2y. Vi\u1ec7c t\u0103ng t\u1ed1c \u0111\u1ed9 \u0111\u00e1ng k\u1ec3 n\u00e0y l\u00e0m gi\u1ea3m th\u1eddi gian chu k\u1ef3 ho\u1eb7c cho ph\u00e9p nhi\u1ec1u th\u1eddi gian h\u01a1n \u0111\u1ec3 ch\u1ea1y ki\u1ec3m tra chi ti\u1ebft h\u01a1n.<\/span><\/p>\n<p>[\/vc_column_text][\/vc_column][vc_column width=&#8221;1\/2&#8243;][vc_single_image image=&#8221;512&#8243; img_size=&#8221;full&#8221; alignment=&#8221;center&#8221;][\/vc_column][\/vc_row][vc_row full_width=&#8221;stretch_row&#8221; css=&#8221;.vc_custom_1596784182292{padding-top: 50px !important;padding-bottom: 50px !important;background-color: #f9f9f9 !important;}&#8221;][vc_column width=&#8221;1\/2&#8243;][vc_single_image image=&#8221;513&#8243; img_size=&#8221;full&#8221; alignment=&#8221;center&#8221;][\/vc_column][vc_column width=&#8221;1\/2&#8243;][vc_custom_heading text=&#8221;Hi\u1ec7u su\u1ea5t v\u00e0 \u0111\u1ed9 tin c\u1eady ch\u01b0a t\u1eebng c\u00f3&#8221; use_theme_fonts=&#8221;yes&#8221;][vc_column_text]<\/p>\n<p style=\"background: white;\"><span style=\"color: black;\">M\u1ed7i m\u00f4 h\u00ecnh h\u1ec7 th\u1ed1ng t\u1ea7m nh\u00ecn 5600 v\u00e0 5705 trong t\u1ea7m nh\u00ecn mang l\u1ea1i hi\u1ec7u su\u1ea5t t\u1ed1t nh\u1ea5t trong l\u1edbp. H\u1ea7u h\u1ebft c\u00e1c m\u00f4 h\u00ecnh \u0111\u1ec1u \u0111\u01b0\u1ee3c trang b\u1ecb m\u1ed9t th\u01b0 vi\u1ec7n \u0111\u1ea7y \u0111\u1ee7 c\u00e1c c\u00f4ng c\u1ee5 Vision <\/span><span style=\"color: black;\">\u0111\u00e3 \u0111\u01b0\u1ee3c ch\u1ee9ng minh th\u00f4ng qua ph\u1ea7n m\u1ec1m In-sight Explorer<\/span><span style=\"color: black;\">\u00a0d\u1ec5 s\u1eed d\u1ee5ng\u00a0.<\/span><\/p>\n<p>[\/vc_column_text][\/vc_column][\/vc_row][vc_row css=&#8221;.vc_custom_1596785789227{padding-top: 50px !important;padding-bottom: 50px !important;}&#8221;][vc_column][vc_custom_heading text=&#8221;D\u1ec5 d\u00e0ng tri\u1ec3n khai v\u00e0 b\u1ea3o tr\u00ec&#8221; use_theme_fonts=&#8221;yes&#8221;][vc_column_text]V\u1edbi\u00a0ph\u1ea7n m\u1ec1m c\u1ea5u h\u00ecnh\u00a0In-Sight EasyBuilder\u00a0, ngay c\u1ea3 nh\u1eefng c\u00f4ng c\u1ee5 th\u1ecb gi\u00e1c m\u1ea1nh nh\u1ea5t c\u0169ng c\u00f3 th\u1ec3 truy c\u1eadp \u0111\u01b0\u1ee3c \u0111\u1ed1i v\u1edbi ng\u01b0\u1eddi d\u00f9ng c\u00f3 \u00edt kinh nghi\u1ec7m v\u1ec1 t\u1ea7m nh\u00ecn.\u00a0V\u1edbi c\u00e1c h\u1ec7 th\u1ed1ng t\u1ea7m nh\u00ecn trong t\u1ea7m nh\u00ecn, b\u1ea1n c\u00f3 c\u00e1c c\u00f4ng c\u1ee5 c\u1ea7n thi\u1ebft \u0111\u1ec3 gi\u1eef cho d\u00e2y chuy\u1ec1n c\u1ee7a b\u1ea1n ho\u1ea1t \u0111\u1ed9ng \u0111\u00fang ti\u1ebfn \u0111\u1ed9 v\u00e0 th\u00f4ng l\u01b0\u1ee3ng \u0111\u1ea7y \u0111\u1ee7.<\/p>\n<ul>\n<li>Ch\u1ee9c n\u0103ng vi\u1ebft k\u1ecbch b\u1ea3n<\/li>\n<li>X\u00e1c nh\u1eadn h\u1ec7 th\u1ed1ng TestRun<\/li>\n<li>B\u1ed9 giao th\u1ee9c Cognex Connect<\/li>\n<\/ul>\n<p>[\/vc_column_text][\/vc_column][\/vc_row]<\/p>\n<\/div>","protected":false},"excerpt":{"rendered":"<p>[vc_row css=&#8221;.vc_custom_1596784114672{padding-top: 50px !important;padding-bottom: 50px !important;}&#8221;][vc_column width=&#8221;1\/2&#8243;][vc_custom_heading text=&#8221;C\u00e1c t\u00ednh n\u0103ng trong t\u1ea7m nh\u00ecn 5600\/5705&#8243; use_theme_fonts=&#8221;yes&#8221;][vc_column_text] S\u00ea-ri In-Sight 5705 cung c\u1ea5p hi\u1ec7u n\u0103ng cao v\u1edbi \u0111\u1ed9 ph\u00e2n gi\u1ea3i cao khi\u1ebfn n\u00f3 tr\u1edf th\u00e0nh h\u1ec7 th\u1ed1ng quan s\u00e1t \u0111\u1ed9c l\u1eadp 5MP nhanh nh\u1ea5t tr\u00ean th\u1ebf gi\u1edbi. M\u00e0u s\u1eafc trong Vision 5705\u00a0 khi\u1ebfn n\u00f3 tr\u1edf th\u00e0nh h\u1ec7 th\u1ed1ng<\/p>\n","protected":false},"featured_media":255,"comment_status":"closed","ping_status":"closed","template":"","meta":[],"product_brand":[],"product_cat":[723,801],"product_tag":[],"class_list":{"0":"post-9668","1":"product","2":"type-product","3":"status-publish","4":"has-post-thumbnail","6":"product_cat-vision-sensor","7":"product_cat-vision-system","9":"first","10":"instock","11":"product-type-simple"},"acf":[],"yoast_head":"<!-- This site is optimized with the Yoast SEO plugin v25.1 - https:\/\/yoast.com\/wordpress\/plugins\/seo\/ -->\n<title>In-sight Vision 5705 - V\u0169 L\u00ea Tech<\/title>\n<meta name=\"robots\" content=\"index, follow, max-snippet:-1, max-image-preview:large, max-video-preview:-1\" \/>\n<link rel=\"canonical\" href=\"https:\/\/vuletech.com\/en\/product\/in-sight-vision-5705\/\" \/>\n<meta property=\"og:locale\" content=\"en_US\" \/>\n<meta property=\"og:type\" content=\"article\" \/>\n<meta property=\"og:title\" content=\"In-sight Vision 5705 - V\u0169 L\u00ea Tech\" \/>\n<meta property=\"og:description\" content=\"[vc_row css=&#8221;.vc_custom_1596784114672{padding-top: 50px !important;padding-bottom: 50px !important;}&#8221;][vc_column width=&#8221;1\/2&#8243;][vc_custom_heading text=&#8221;C\u00e1c t\u00ednh n\u0103ng trong t\u1ea7m nh\u00ecn 5600\/5705&#8243; use_theme_fonts=&#8221;yes&#8221;][vc_column_text] S\u00ea-ri In-Sight 5705 cung c\u1ea5p hi\u1ec7u n\u0103ng cao v\u1edbi \u0111\u1ed9 ph\u00e2n gi\u1ea3i cao khi\u1ebfn n\u00f3 tr\u1edf th\u00e0nh h\u1ec7 th\u1ed1ng quan s\u00e1t \u0111\u1ed9c l\u1eadp 5MP nhanh nh\u1ea5t tr\u00ean th\u1ebf gi\u1edbi. M\u00e0u s\u1eafc trong Vision 5705\u00a0 khi\u1ebfn n\u00f3 tr\u1edf th\u00e0nh h\u1ec7 th\u1ed1ng\" \/>\n<meta property=\"og:url\" content=\"https:\/\/vuletech.com\/en\/product\/in-sight-vision-5705\/\" \/>\n<meta property=\"og:site_name\" content=\"V\u0169 L\u00ea Tech\" \/>\n<meta property=\"article:modified_time\" content=\"2025-05-13T09:10:50+00:00\" \/>\n<meta property=\"og:image\" content=\"https:\/\/vuletech.com\/wp-content\/uploads\/2020\/07\/insight5000_close.jpg\" \/>\n\t<meta property=\"og:image:width\" content=\"1000\" \/>\n\t<meta property=\"og:image:height\" content=\"562\" \/>\n\t<meta property=\"og:image:type\" content=\"image\/jpeg\" \/>\n<meta name=\"twitter:card\" content=\"summary_large_image\" \/>\n<meta name=\"twitter:label1\" content=\"Est. reading time\" \/>\n\t<meta name=\"twitter:data1\" content=\"4 minutes\" \/>\n<script type=\"application\/ld+json\" class=\"yoast-schema-graph\">{\"@context\":\"https:\/\/schema.org\",\"@graph\":[{\"@type\":\"WebPage\",\"@id\":\"https:\/\/vuletech.com\/en\/product\/in-sight-vision-5705\/\",\"url\":\"https:\/\/vuletech.com\/en\/product\/in-sight-vision-5705\/\",\"name\":\"In-sight Vision 5705 - V\u0169 L\u00ea Tech\",\"isPartOf\":{\"@id\":\"http:\/\/vuletech.com\/#website\"},\"primaryImageOfPage\":{\"@id\":\"https:\/\/vuletech.com\/en\/product\/in-sight-vision-5705\/#primaryimage\"},\"image\":{\"@id\":\"https:\/\/vuletech.com\/en\/product\/in-sight-vision-5705\/#primaryimage\"},\"thumbnailUrl\":\"https:\/\/vuletech.com\/wp-content\/uploads\/2020\/07\/insight5000_close.jpg\",\"datePublished\":\"2025-05-13T09:10:14+00:00\",\"dateModified\":\"2025-05-13T09:10:50+00:00\",\"breadcrumb\":{\"@id\":\"https:\/\/vuletech.com\/en\/product\/in-sight-vision-5705\/#breadcrumb\"},\"inLanguage\":\"en-US\",\"potentialAction\":[{\"@type\":\"ReadAction\",\"target\":[\"https:\/\/vuletech.com\/en\/product\/in-sight-vision-5705\/\"]}]},{\"@type\":\"ImageObject\",\"inLanguage\":\"en-US\",\"@id\":\"https:\/\/vuletech.com\/en\/product\/in-sight-vision-5705\/#primaryimage\",\"url\":\"https:\/\/vuletech.com\/wp-content\/uploads\/2020\/07\/insight5000_close.jpg\",\"contentUrl\":\"https:\/\/vuletech.com\/wp-content\/uploads\/2020\/07\/insight5000_close.jpg\",\"width\":1000,\"height\":562},{\"@type\":\"BreadcrumbList\",\"@id\":\"https:\/\/vuletech.com\/en\/product\/in-sight-vision-5705\/#breadcrumb\",\"itemListElement\":[{\"@type\":\"ListItem\",\"position\":1,\"name\":\"Home\",\"item\":\"http:\/\/vuletech.com\/en\/\"},{\"@type\":\"ListItem\",\"position\":2,\"name\":\"Product\",\"item\":\"http:\/\/vuletech.com\/product\/\"},{\"@type\":\"ListItem\",\"position\":3,\"name\":\"In-sight Vision 5705\"}]},{\"@type\":\"WebSite\",\"@id\":\"http:\/\/vuletech.com\/#website\",\"url\":\"http:\/\/vuletech.com\/\",\"name\":\"V\u0169 L\u00ea Tech\",\"description\":\"Our Solution - Your Value\",\"potentialAction\":[{\"@type\":\"SearchAction\",\"target\":{\"@type\":\"EntryPoint\",\"urlTemplate\":\"http:\/\/vuletech.com\/?s={search_term_string}\"},\"query-input\":{\"@type\":\"PropertyValueSpecification\",\"valueRequired\":true,\"valueName\":\"search_term_string\"}}],\"inLanguage\":\"en-US\"}]}<\/script>\n<!-- \/ Yoast SEO plugin. -->","yoast_head_json":{"title":"In-sight Vision 5705 - V\u0169 L\u00ea Tech","robots":{"index":"index","follow":"follow","max-snippet":"max-snippet:-1","max-image-preview":"max-image-preview:large","max-video-preview":"max-video-preview:-1"},"canonical":"https:\/\/vuletech.com\/en\/product\/in-sight-vision-5705\/","og_locale":"en_US","og_type":"article","og_title":"In-sight Vision 5705 - V\u0169 L\u00ea Tech","og_description":"[vc_row css=&#8221;.vc_custom_1596784114672{padding-top: 50px !important;padding-bottom: 50px !important;}&#8221;][vc_column width=&#8221;1\/2&#8243;][vc_custom_heading text=&#8221;C\u00e1c t\u00ednh n\u0103ng trong t\u1ea7m nh\u00ecn 5600\/5705&#8243; use_theme_fonts=&#8221;yes&#8221;][vc_column_text] S\u00ea-ri In-Sight 5705 cung c\u1ea5p hi\u1ec7u n\u0103ng cao v\u1edbi \u0111\u1ed9 ph\u00e2n gi\u1ea3i cao khi\u1ebfn n\u00f3 tr\u1edf th\u00e0nh h\u1ec7 th\u1ed1ng quan s\u00e1t \u0111\u1ed9c l\u1eadp 5MP nhanh nh\u1ea5t tr\u00ean th\u1ebf gi\u1edbi. M\u00e0u s\u1eafc trong Vision 5705\u00a0 khi\u1ebfn n\u00f3 tr\u1edf th\u00e0nh h\u1ec7 th\u1ed1ng","og_url":"https:\/\/vuletech.com\/en\/product\/in-sight-vision-5705\/","og_site_name":"V\u0169 L\u00ea Tech","article_modified_time":"2025-05-13T09:10:50+00:00","og_image":[{"width":1000,"height":562,"url":"https:\/\/vuletech.com\/wp-content\/uploads\/2020\/07\/insight5000_close.jpg","type":"image\/jpeg"}],"twitter_card":"summary_large_image","twitter_misc":{"Est. reading time":"4 minutes"},"schema":{"@context":"https:\/\/schema.org","@graph":[{"@type":"WebPage","@id":"https:\/\/vuletech.com\/en\/product\/in-sight-vision-5705\/","url":"https:\/\/vuletech.com\/en\/product\/in-sight-vision-5705\/","name":"In-sight Vision 5705 - V\u0169 L\u00ea Tech","isPartOf":{"@id":"http:\/\/vuletech.com\/#website"},"primaryImageOfPage":{"@id":"https:\/\/vuletech.com\/en\/product\/in-sight-vision-5705\/#primaryimage"},"image":{"@id":"https:\/\/vuletech.com\/en\/product\/in-sight-vision-5705\/#primaryimage"},"thumbnailUrl":"https:\/\/vuletech.com\/wp-content\/uploads\/2020\/07\/insight5000_close.jpg","datePublished":"2025-05-13T09:10:14+00:00","dateModified":"2025-05-13T09:10:50+00:00","breadcrumb":{"@id":"https:\/\/vuletech.com\/en\/product\/in-sight-vision-5705\/#breadcrumb"},"inLanguage":"en-US","potentialAction":[{"@type":"ReadAction","target":["https:\/\/vuletech.com\/en\/product\/in-sight-vision-5705\/"]}]},{"@type":"ImageObject","inLanguage":"en-US","@id":"https:\/\/vuletech.com\/en\/product\/in-sight-vision-5705\/#primaryimage","url":"https:\/\/vuletech.com\/wp-content\/uploads\/2020\/07\/insight5000_close.jpg","contentUrl":"https:\/\/vuletech.com\/wp-content\/uploads\/2020\/07\/insight5000_close.jpg","width":1000,"height":562},{"@type":"BreadcrumbList","@id":"https:\/\/vuletech.com\/en\/product\/in-sight-vision-5705\/#breadcrumb","itemListElement":[{"@type":"ListItem","position":1,"name":"Home","item":"http:\/\/vuletech.com\/en\/"},{"@type":"ListItem","position":2,"name":"Product","item":"http:\/\/vuletech.com\/product\/"},{"@type":"ListItem","position":3,"name":"In-sight Vision 5705"}]},{"@type":"WebSite","@id":"http:\/\/vuletech.com\/#website","url":"http:\/\/vuletech.com\/","name":"V\u0169 L\u00ea Tech","description":"Our Solution - Your Value","potentialAction":[{"@type":"SearchAction","target":{"@type":"EntryPoint","urlTemplate":"http:\/\/vuletech.com\/?s={search_term_string}"},"query-input":{"@type":"PropertyValueSpecification","valueRequired":true,"valueName":"search_term_string"}}],"inLanguage":"en-US"}]}},"_links":{"self":[{"href":"https:\/\/vuletech.com\/en\/wp-json\/wp\/v2\/product\/9668","targetHints":{"allow":["GET"]}}],"collection":[{"href":"https:\/\/vuletech.com\/en\/wp-json\/wp\/v2\/product"}],"about":[{"href":"https:\/\/vuletech.com\/en\/wp-json\/wp\/v2\/types\/product"}],"replies":[{"embeddable":true,"href":"https:\/\/vuletech.com\/en\/wp-json\/wp\/v2\/comments?post=9668"}],"wp:featuredmedia":[{"embeddable":true,"href":"https:\/\/vuletech.com\/en\/wp-json\/wp\/v2\/media\/255"}],"wp:attachment":[{"href":"https:\/\/vuletech.com\/en\/wp-json\/wp\/v2\/media?parent=9668"}],"wp:term":[{"taxonomy":"product_brand","embeddable":true,"href":"https:\/\/vuletech.com\/en\/wp-json\/wp\/v2\/product_brand?post=9668"},{"taxonomy":"product_cat","embeddable":true,"href":"https:\/\/vuletech.com\/en\/wp-json\/wp\/v2\/product_cat?post=9668"},{"taxonomy":"product_tag","embeddable":true,"href":"https:\/\/vuletech.com\/en\/wp-json\/wp\/v2\/product_tag?post=9668"}],"curies":[{"name":"wp","href":"https:\/\/api.w.org\/{rel}","templated":true}]}}