{"id":9669,"date":"2025-05-13T16:10:14","date_gmt":"2025-05-13T09:10:14","guid":{"rendered":"https:\/\/vuletech.com\/product\/in-sight-vision-7000\/"},"modified":"2025-05-13T16:12:18","modified_gmt":"2025-05-13T09:12:18","slug":"in-sight-vision-7000","status":"publish","type":"product","link":"https:\/\/vuletech.com\/en\/product\/in-sight-vision-7000\/","title":{"rendered":"In-sight Vision 7000"},"content":{"rendered":"<div class=\"wpb-content-wrapper\"><p>[vc_row css=&#8221;.vc_custom_1596784114672{padding-top: 50px !important;padding-bottom: 50px !important;}&#8221;][vc_column width=&#8221;1\/2&#8243;][vc_custom_heading text=&#8221;C\u00e1c t\u00ednh n\u0103ng trong t\u1ea7m nh\u00ecn 7000&#8243; use_theme_fonts=&#8221;yes&#8221;][vc_column_text]<\/p>\n<p style=\"background: white;\"><span style=\"color: black;\">S\u00ea-ri In-Sight 7000 l\u00e0 m\u1ed9t h\u1ec7 th\u1ed1ng t\u1ea7m nh\u00ecn v\u1edbi \u0111\u1ea7y \u0111\u1ee7 t\u00ednh n\u0103ng, th\u1ef1c hi\u1ec7n ki\u1ec3m tra nhanh, ch\u00ednh x\u00e1c m\u1ed9t lo\u1ea1t c\u00e1c b\u1ed9 ph\u1eadn tr\u00ean t\u1ea5t c\u1ea3 c\u00e1c ng\u00e0nh c\u00f4ng nghi\u1ec7p. S\u1ea3n ph\u1ea9m nh\u1ecf g\u1ecdn d\u1ec5 d\u00e0ng ph\u00f9 h\u1ee3p v\u1edbi c\u00e1c d\u00e2y chuy\u1ec1n s\u1ea3n xu\u1ea5t b\u1ecb gi\u1edbi h\u1ea1n v\u1ec1 kh\u00f4ng gian v\u00e0 thi\u1ebft k\u1ebf \u0111\u1ed9c \u0111\u00e1o c\u00f3 kh\u1ea3 n\u0103ng t\u00f9y bi\u1ebfn theo y\u00eau c\u1ea7u \u1ee9ng d\u1ee5ng c\u1ee7a doanh nghi\u1ec7p. C\u00f9ng v\u1edbi c\u00e1c t\u00f9y ch\u1ecdn \u0111i\u1ec1u khi\u1ec3n chi\u1ebfu s\u00e1ng, ngu\u1ed3n b\u00ean trong v\u00e0 b\u00ean ngo\u00e0i, s\u00ea-ri In-Sight 7000 c\u0169ng c\u00f3 v\u00f2ng \u0111\u00e8n ch\u1ec9 b\u00e1o LED pass \/ fail nh\u00ecn r\u00f5 xung quanh th\u00e2n m\u00e1y, gi\u00fap d\u1ec5 d\u00e0ng xem tr\u1ea1ng th\u00e1i ki\u1ec3m tra cho d\u00f9 h\u1ec7 th\u1ed1ng \u0111\u01b0\u1ee3c l\u1eafp \u0111\u1eb7t \u1edf \u0111\u00e2u .<\/span><\/p>\n<p style=\"background: white;\"><span style=\"color: black;\">S\u00ea-ri In-Sight 7000 c\u00f3 s\u1eb5n \u1edf c\u00e1c ki\u1ec3u \u0111\u01a1n s\u1eafc v\u00e0 m\u00e0u, \u1edf \u0111\u1ed9 ph\u00e2n gi\u1ea3i t\u1eeb VGA \u0111\u1ebfn 5MP.\u00a0C\u00e1c c\u1ea5u h\u00ecnh c\u00f4ng c\u1ee5 kh\u00e1c nhau c\u00f3 s\u1eb5n t\u1eeb b\u1ed9 c\u00f4ng c\u1ee5 c\u01a1 b\u1ea3n c\u1ee7a In-Sight 7500 \u0111\u1ebfn c\u00e1c ki\u1ec3u 7600, 7800 v\u00e0 7900 \u0111\u1ea7y \u0111\u1ee7 t\u00ednh n\u0103ng.<\/span><\/p>\n<p>[\/vc_column_text][\/vc_column][vc_column width=&#8221;1\/2&#8243;][vc_video link=&#8221;https:\/\/www.youtube.com\/watch?v=WqNVMojHZgc&#8221; align=&#8221;center&#8221;][\/vc_column][\/vc_row][vc_row full_width=&#8221;stretch_row&#8221; css=&#8221;.vc_custom_1596784182292{padding-top: 50px !important;padding-bottom: 50px !important;background-color: #f9f9f9 !important;}&#8221;][vc_column width=&#8221;1\/2&#8243;][vc_single_image image=&#8221;520&#8243; img_size=&#8221;full&#8221; alignment=&#8221;center&#8221;][\/vc_column][vc_column width=&#8221;1\/2&#8243;][vc_custom_heading text=&#8221;Hi\u1ec7u su\u1ea5t n\u00e2ng cao theo k\u1ecbp t\u1ed1c \u0111\u1ed9 t\u0103ng t\u1ed1c \u0111\u1ed9 \u0111\u01b0\u1eddng truy\u1ec1n&#8221; use_theme_fonts=&#8221;yes&#8221;][vc_column_text]B\u1ea1n kh\u00f4ng c\u00f2n ph\u1ea3i l\u1ef1a ch\u1ecdn gi\u1eefa hi\u1ec7u su\u1ea5t c\u00f4ng nghi\u1ec7p v\u00e0 t\u1ed1c \u0111\u1ed9 cao. V\u1edbi kh\u1ea3 n\u0103ng ti\u1ebfp thu nhanh v\u00e0 c\u00e1c In-sight Vision h\u00e0ng \u0111\u1ea7u trong ng\u00e0nh, bao g\u1ed3m PatMax RedLine, SurfaceFX, OCRMax v\u00e0 c\u00e1c c\u00f4ng c\u1ee5 m\u00e0u (ch\u1ec9 d\u00e0nh cho ki\u1ec3u m\u00e0u), h\u1ec7 th\u1ed1ng t\u1ea7m nh\u00ecn In-Sight 7000:<\/p>\n<ul>\n<li>Nhanh ch\u00f3ng x\u00e1c \u0111\u1ecbnh v\u1ecb tr\u00ed<\/li>\n<li>Th\u1ef1c hi\u1ec7n ch\u00ednh x\u00e1c c\u00e1c ki\u1ec3m tra c\u1ea7n thi\u1ebft<\/li>\n<\/ul>\n<p>Khi b\u1ea1n y\u00eau c\u1ea7u hi\u1ec7u n\u0103ng cao h\u01a1n n\u1eefa, s\u00ea-ri In-Vision 7900 k\u1ebft h\u1ee3p hi\u1ec7u n\u0103ng c\u1ef1c cao c\u1ee7a s\u00ea-ri 5600\/5705 trong t\u1ea7m nh\u00ecn v\u1edbi y\u1ebfu t\u1ed1 h\u00ecnh th\u1ee9c v\u00e0 m\u00f4-\u0111un c\u1ee7a In-Sight 7000.[\/vc_column_text][\/vc_column][\/vc_row][vc_row css=&#8221;.vc_custom_1596784114672{padding-top: 50px !important;padding-bottom: 50px !important;}&#8221;][vc_column width=&#8221;1\/2&#8243;][vc_custom_heading text=&#8221;Thi\u1ebft k\u1ebf linh ho\u1ea1t l\u00e0 l\u0129nh v\u1ef1c t\u00f9y bi\u1ebfn cho \u1ee9ng d\u1ee5ng c\u1ee7a b\u1ea1n&#8221; use_theme_fonts=&#8221;yes&#8221;][vc_column_text]Khi n\u00f3i \u0111\u1ebfn t\u1ef1 \u0111\u1ed9ng h\u00f3a nh\u00e0 m\u00e1y, m\u1ed9t k\u00edch th\u01b0\u1edbc hi\u1ebfm khi ph\u00f9 h\u1ee3p v\u1edbi t\u1ea5t c\u1ea3.\u00a0\u0110\u00f3 l\u00e0 l\u00fd do t\u1ea1i sao In-Sight 7000 \u0111\u01b0\u1ee3c thi\u1ebft k\u1ebf v\u1edbi C\u00f4ng ngh\u1ec7 h\u00ecnh \u1ea3nh linh ho\u1ea1t \u2122 (FIT \u2122), nhi\u1ec1u l\u1ef1a ch\u1ecdn \u00e1nh s\u00e1ng v\u00e0 quang h\u1ecdc c\u00f3 th\u1ec3 thay \u0111\u1ed5i theo tr\u01b0\u1eddng v\u00e0 c\u00f3 th\u1ec3 \u0111\u1ecbnh c\u1ea5u h\u00ecnh cho ph\u00e9p b\u1ea1n:<\/p>\n<ul>\n<li>T\u00f9y ch\u1ec9nh h\u1ec7 th\u1ed1ng cho c\u00e1c y\u00eau c\u1ea7u \u1ee9ng d\u1ee5ng ch\u00ednh x\u00e1c c\u1ee7a b\u1ea1n<\/li>\n<li>T\u1ed1i \u01b0u h\u00f3a h\u00ecnh \u1ea3nh<\/li>\n<li>Gi\u1ea3m thi\u1ec3u nhu c\u1ea7u chi\u1ebfu s\u00e1ng b\u00ean ngo\u00e0i \u0111\u1eaft ti\u1ec1n<\/li>\n<\/ul>\n<p>[\/vc_column_text][\/vc_column][vc_column width=&#8221;1\/2&#8243;][vc_single_image image=&#8221;517&#8243; img_size=&#8221;full&#8221; alignment=&#8221;center&#8221;][\/vc_column][\/vc_row][vc_row full_width=&#8221;stretch_row&#8221; css=&#8221;.vc_custom_1596784182292{padding-top: 50px !important;padding-bottom: 50px !important;background-color: #f9f9f9 !important;}&#8221;][vc_column width=&#8221;1\/2&#8243;][vc_single_image image=&#8221;519&#8243; img_size=&#8221;full&#8221; alignment=&#8221;center&#8221;][\/vc_column][vc_column width=&#8221;1\/2&#8243;][vc_custom_heading text=&#8221;H\u1ec7 th\u1ed1ng \u0111\u1ea7y \u0111\u1ee7 t\u00ednh n\u0103ng gi\u1ea3i quy\u1ebft m\u1ed9t lo\u1ea1t c\u00e1c \u1ee9ng d\u1ee5ng th\u1ecb gi\u00e1c&#8221; use_theme_fonts=&#8221;yes&#8221;][vc_column_text]H\u1ec7 th\u1ed1ng Vision In-Sight 7000 \u0111\u01b0\u1ee3c thi\u1ebft k\u1ebf chu \u0111\u00e1o v\u1edbi \u0111\u1ea7y \u0111\u1ee7 c\u00e1c thu\u1eadt to\u00e1n Vision v\u00e0 c\u00e1c t\u00ednh n\u0103ng ti\u1ec7n l\u1ee3i \u0111\u1ec3 gi\u00fap b\u1ea1n gi\u1ea3i quy\u1ebft c\u00e1c \u1ee9ng d\u1ee5ng c\u1ee7a m\u00ecnh m\u1ed9t c\u00e1ch d\u1ec5 d\u00e0ng v\u00e0 \u0111\u00e1ng tin c\u1eady. H\u1ec7 th\u1ed1ng \u0111a n\u0103ng n\u00e0y l\u00fd t\u01b0\u1edfng \u0111\u1ec3 ki\u1ec3m tra c\u00e1c b\u1ed9 ph\u1eadn \u00f4 t\u00f4, \u0111i\u1ec7n t\u1eed ti\u00eau d\u00f9ng v\u00e0 s\u1ea3n ph\u1ea9m ti\u00eau d\u00f9ng c\u0169ng nh\u01b0 c\u00e1c ho\u1ea1t \u0111\u1ed9ng s\u1ea3n xu\u1ea5t t\u1ef1 \u0111\u1ed9ng trong c\u00e1c ng\u00e0nh c\u00f4ng nghi\u1ec7p kh\u00e1c bao g\u1ed3m th\u1ef1c ph\u1ea9m v\u00e0 \u0111\u1ed3 u\u1ed1ng, d\u01b0\u1ee3c ph\u1ea9m, h\u00e0ng kh\u00f4ng v\u0169 tr\u1ee5, ch\u1ea5t b\u00e1n d\u1eabn v\u00e0 n\u0103ng l\u01b0\u1ee3ng m\u1eb7t tr\u1eddi.[\/vc_column_text][\/vc_column][\/vc_row][vc_row css=&#8221;.vc_custom_1596784114672{padding-top: 50px !important;padding-bottom: 50px !important;}&#8221;][vc_column width=&#8221;1\/2&#8243;][vc_custom_heading text=&#8221;\u0110\u1ed5i m\u1edbi li\u00ean t\u1ee5c&#8221; use_theme_fonts=&#8221;yes&#8221;][vc_column_text]<\/p>\n<p style=\"background: white;\"><span style=\"font-family: 'Arial','sans-serif'; color: black;\">C\u00e1c h\u1ec7 th\u1ed1ng t\u1ea7m nh\u00ecn In-Vision 7000 th\u1ebf h\u1ec7 2 n\u00e0y (s\u00ea-ri 7500\/7600\/7800\/7900) \u0111\u01b0\u1ee3c x\u00e2y d\u1ef1ng d\u1ef1a tr\u00ean th\u00e0nh c\u00f4ng c\u1ee7a s\u00ea-ri g\u1ed1c v\u1edbi c\u00f4ng ngh\u1ec7 m\u1edbi nh\u1ea5t v\u00e0 c\u00e1c thu\u1eadt to\u00e1n ti\u00ean ti\u1ebfn \u0111\u1ec3 ki\u1ec3m tra t\u1ea7m nh\u00ecn nhanh h\u01a1n v\u00e0 m\u1ea1nh h\u01a1n.<\/span><\/p>\n<p>[\/vc_column_text][\/vc_column][vc_column width=&#8221;1\/2&#8243;][vc_single_image image=&#8221;518&#8243; img_size=&#8221;full&#8221; alignment=&#8221;center&#8221;][\/vc_column][\/vc_row]<\/p>\n<\/div>","protected":false},"excerpt":{"rendered":"<p>[vc_row css=&#8221;.vc_custom_1596784114672{padding-top: 50px !important;padding-bottom: 50px !important;}&#8221;][vc_column width=&#8221;1\/2&#8243;][vc_custom_heading text=&#8221;C\u00e1c t\u00ednh n\u0103ng trong t\u1ea7m nh\u00ecn 7000&#8243; use_theme_fonts=&#8221;yes&#8221;][vc_column_text] S\u00ea-ri In-Sight 7000 l\u00e0 m\u1ed9t h\u1ec7 th\u1ed1ng t\u1ea7m nh\u00ecn v\u1edbi \u0111\u1ea7y \u0111\u1ee7 t\u00ednh n\u0103ng, th\u1ef1c hi\u1ec7n ki\u1ec3m tra nhanh, ch\u00ednh x\u00e1c m\u1ed9t lo\u1ea1t c\u00e1c b\u1ed9 ph\u1eadn tr\u00ean t\u1ea5t c\u1ea3 c\u00e1c ng\u00e0nh c\u00f4ng nghi\u1ec7p. S\u1ea3n ph\u1ea9m nh\u1ecf g\u1ecdn d\u1ec5 d\u00e0ng ph\u00f9<\/p>\n","protected":false},"featured_media":520,"comment_status":"closed","ping_status":"closed","template":"","meta":[],"product_brand":[],"product_cat":[723,801],"product_tag":[],"class_list":{"0":"post-9669","1":"product","2":"type-product","3":"status-publish","4":"has-post-thumbnail","6":"product_cat-vision-sensor","7":"product_cat-vision-system","9":"first","10":"instock","11":"product-type-simple"},"acf":[],"yoast_head":"<!-- This site is optimized with the Yoast SEO plugin v25.1 - https:\/\/yoast.com\/wordpress\/plugins\/seo\/ -->\n<title>In-sight Vision 7000 - V\u0169 L\u00ea Tech<\/title>\n<meta name=\"robots\" content=\"index, follow, max-snippet:-1, max-image-preview:large, max-video-preview:-1\" \/>\n<link rel=\"canonical\" href=\"https:\/\/vuletech.com\/en\/product\/in-sight-vision-7000\/\" \/>\n<meta property=\"og:locale\" content=\"en_US\" \/>\n<meta property=\"og:type\" content=\"article\" \/>\n<meta property=\"og:title\" content=\"In-sight Vision 7000 - V\u0169 L\u00ea Tech\" \/>\n<meta property=\"og:description\" content=\"[vc_row css=&#8221;.vc_custom_1596784114672{padding-top: 50px !important;padding-bottom: 50px !important;}&#8221;][vc_column width=&#8221;1\/2&#8243;][vc_custom_heading text=&#8221;C\u00e1c t\u00ednh n\u0103ng trong t\u1ea7m nh\u00ecn 7000&#8243; use_theme_fonts=&#8221;yes&#8221;][vc_column_text] S\u00ea-ri In-Sight 7000 l\u00e0 m\u1ed9t h\u1ec7 th\u1ed1ng t\u1ea7m nh\u00ecn v\u1edbi \u0111\u1ea7y \u0111\u1ee7 t\u00ednh n\u0103ng, th\u1ef1c hi\u1ec7n ki\u1ec3m tra nhanh, ch\u00ednh x\u00e1c m\u1ed9t lo\u1ea1t c\u00e1c b\u1ed9 ph\u1eadn tr\u00ean t\u1ea5t c\u1ea3 c\u00e1c ng\u00e0nh c\u00f4ng nghi\u1ec7p. S\u1ea3n ph\u1ea9m nh\u1ecf g\u1ecdn d\u1ec5 d\u00e0ng ph\u00f9\" \/>\n<meta property=\"og:url\" content=\"https:\/\/vuletech.com\/en\/product\/in-sight-vision-7000\/\" \/>\n<meta property=\"og:site_name\" content=\"V\u0169 L\u00ea Tech\" \/>\n<meta property=\"article:modified_time\" content=\"2025-05-13T09:12:18+00:00\" \/>\n<meta property=\"og:image\" content=\"https:\/\/vuletech.com\/wp-content\/uploads\/2020\/08\/hi\u1ec7u-su\u1ea5t-n\u00e2ng-cao.jpg\" \/>\n\t<meta property=\"og:image:width\" content=\"1000\" \/>\n\t<meta property=\"og:image:height\" content=\"562\" \/>\n\t<meta property=\"og:image:type\" content=\"image\/jpeg\" \/>\n<meta name=\"twitter:card\" content=\"summary_large_image\" \/>\n<meta name=\"twitter:label1\" content=\"Est. reading time\" \/>\n\t<meta name=\"twitter:data1\" content=\"6 minutes\" \/>\n<script type=\"application\/ld+json\" class=\"yoast-schema-graph\">{\"@context\":\"https:\/\/schema.org\",\"@graph\":[{\"@type\":\"WebPage\",\"@id\":\"https:\/\/vuletech.com\/en\/product\/in-sight-vision-7000\/\",\"url\":\"https:\/\/vuletech.com\/en\/product\/in-sight-vision-7000\/\",\"name\":\"In-sight Vision 7000 - V\u0169 L\u00ea Tech\",\"isPartOf\":{\"@id\":\"http:\/\/vuletech.com\/#website\"},\"primaryImageOfPage\":{\"@id\":\"https:\/\/vuletech.com\/en\/product\/in-sight-vision-7000\/#primaryimage\"},\"image\":{\"@id\":\"https:\/\/vuletech.com\/en\/product\/in-sight-vision-7000\/#primaryimage\"},\"thumbnailUrl\":\"https:\/\/vuletech.com\/wp-content\/uploads\/2020\/08\/hi\u1ec7u-su\u1ea5t-n\u00e2ng-cao.jpg\",\"datePublished\":\"2025-05-13T09:10:14+00:00\",\"dateModified\":\"2025-05-13T09:12:18+00:00\",\"breadcrumb\":{\"@id\":\"https:\/\/vuletech.com\/en\/product\/in-sight-vision-7000\/#breadcrumb\"},\"inLanguage\":\"en-US\",\"potentialAction\":[{\"@type\":\"ReadAction\",\"target\":[\"https:\/\/vuletech.com\/en\/product\/in-sight-vision-7000\/\"]}]},{\"@type\":\"ImageObject\",\"inLanguage\":\"en-US\",\"@id\":\"https:\/\/vuletech.com\/en\/product\/in-sight-vision-7000\/#primaryimage\",\"url\":\"https:\/\/vuletech.com\/wp-content\/uploads\/2020\/08\/hi\u1ec7u-su\u1ea5t-n\u00e2ng-cao.jpg\",\"contentUrl\":\"https:\/\/vuletech.com\/wp-content\/uploads\/2020\/08\/hi\u1ec7u-su\u1ea5t-n\u00e2ng-cao.jpg\",\"width\":1000,\"height\":562},{\"@type\":\"BreadcrumbList\",\"@id\":\"https:\/\/vuletech.com\/en\/product\/in-sight-vision-7000\/#breadcrumb\",\"itemListElement\":[{\"@type\":\"ListItem\",\"position\":1,\"name\":\"Home\",\"item\":\"http:\/\/vuletech.com\/en\/\"},{\"@type\":\"ListItem\",\"position\":2,\"name\":\"Product\",\"item\":\"http:\/\/vuletech.com\/product\/\"},{\"@type\":\"ListItem\",\"position\":3,\"name\":\"In-sight Vision 7000\"}]},{\"@type\":\"WebSite\",\"@id\":\"http:\/\/vuletech.com\/#website\",\"url\":\"http:\/\/vuletech.com\/\",\"name\":\"V\u0169 L\u00ea Tech\",\"description\":\"Our Solution - Your Value\",\"potentialAction\":[{\"@type\":\"SearchAction\",\"target\":{\"@type\":\"EntryPoint\",\"urlTemplate\":\"http:\/\/vuletech.com\/?s={search_term_string}\"},\"query-input\":{\"@type\":\"PropertyValueSpecification\",\"valueRequired\":true,\"valueName\":\"search_term_string\"}}],\"inLanguage\":\"en-US\"}]}<\/script>\n<!-- \/ Yoast SEO plugin. -->","yoast_head_json":{"title":"In-sight Vision 7000 - V\u0169 L\u00ea Tech","robots":{"index":"index","follow":"follow","max-snippet":"max-snippet:-1","max-image-preview":"max-image-preview:large","max-video-preview":"max-video-preview:-1"},"canonical":"https:\/\/vuletech.com\/en\/product\/in-sight-vision-7000\/","og_locale":"en_US","og_type":"article","og_title":"In-sight Vision 7000 - V\u0169 L\u00ea Tech","og_description":"[vc_row css=&#8221;.vc_custom_1596784114672{padding-top: 50px !important;padding-bottom: 50px !important;}&#8221;][vc_column width=&#8221;1\/2&#8243;][vc_custom_heading text=&#8221;C\u00e1c t\u00ednh n\u0103ng trong t\u1ea7m nh\u00ecn 7000&#8243; use_theme_fonts=&#8221;yes&#8221;][vc_column_text] S\u00ea-ri In-Sight 7000 l\u00e0 m\u1ed9t h\u1ec7 th\u1ed1ng t\u1ea7m nh\u00ecn v\u1edbi \u0111\u1ea7y \u0111\u1ee7 t\u00ednh n\u0103ng, th\u1ef1c hi\u1ec7n ki\u1ec3m tra nhanh, ch\u00ednh x\u00e1c m\u1ed9t lo\u1ea1t c\u00e1c b\u1ed9 ph\u1eadn tr\u00ean t\u1ea5t c\u1ea3 c\u00e1c ng\u00e0nh c\u00f4ng nghi\u1ec7p. S\u1ea3n ph\u1ea9m nh\u1ecf g\u1ecdn d\u1ec5 d\u00e0ng ph\u00f9","og_url":"https:\/\/vuletech.com\/en\/product\/in-sight-vision-7000\/","og_site_name":"V\u0169 L\u00ea Tech","article_modified_time":"2025-05-13T09:12:18+00:00","og_image":[{"width":1000,"height":562,"url":"https:\/\/vuletech.com\/wp-content\/uploads\/2020\/08\/hi\u1ec7u-su\u1ea5t-n\u00e2ng-cao.jpg","type":"image\/jpeg"}],"twitter_card":"summary_large_image","twitter_misc":{"Est. reading time":"6 minutes"},"schema":{"@context":"https:\/\/schema.org","@graph":[{"@type":"WebPage","@id":"https:\/\/vuletech.com\/en\/product\/in-sight-vision-7000\/","url":"https:\/\/vuletech.com\/en\/product\/in-sight-vision-7000\/","name":"In-sight Vision 7000 - V\u0169 L\u00ea Tech","isPartOf":{"@id":"http:\/\/vuletech.com\/#website"},"primaryImageOfPage":{"@id":"https:\/\/vuletech.com\/en\/product\/in-sight-vision-7000\/#primaryimage"},"image":{"@id":"https:\/\/vuletech.com\/en\/product\/in-sight-vision-7000\/#primaryimage"},"thumbnailUrl":"https:\/\/vuletech.com\/wp-content\/uploads\/2020\/08\/hi\u1ec7u-su\u1ea5t-n\u00e2ng-cao.jpg","datePublished":"2025-05-13T09:10:14+00:00","dateModified":"2025-05-13T09:12:18+00:00","breadcrumb":{"@id":"https:\/\/vuletech.com\/en\/product\/in-sight-vision-7000\/#breadcrumb"},"inLanguage":"en-US","potentialAction":[{"@type":"ReadAction","target":["https:\/\/vuletech.com\/en\/product\/in-sight-vision-7000\/"]}]},{"@type":"ImageObject","inLanguage":"en-US","@id":"https:\/\/vuletech.com\/en\/product\/in-sight-vision-7000\/#primaryimage","url":"https:\/\/vuletech.com\/wp-content\/uploads\/2020\/08\/hi\u1ec7u-su\u1ea5t-n\u00e2ng-cao.jpg","contentUrl":"https:\/\/vuletech.com\/wp-content\/uploads\/2020\/08\/hi\u1ec7u-su\u1ea5t-n\u00e2ng-cao.jpg","width":1000,"height":562},{"@type":"BreadcrumbList","@id":"https:\/\/vuletech.com\/en\/product\/in-sight-vision-7000\/#breadcrumb","itemListElement":[{"@type":"ListItem","position":1,"name":"Home","item":"http:\/\/vuletech.com\/en\/"},{"@type":"ListItem","position":2,"name":"Product","item":"http:\/\/vuletech.com\/product\/"},{"@type":"ListItem","position":3,"name":"In-sight Vision 7000"}]},{"@type":"WebSite","@id":"http:\/\/vuletech.com\/#website","url":"http:\/\/vuletech.com\/","name":"V\u0169 L\u00ea Tech","description":"Our Solution - Your Value","potentialAction":[{"@type":"SearchAction","target":{"@type":"EntryPoint","urlTemplate":"http:\/\/vuletech.com\/?s={search_term_string}"},"query-input":{"@type":"PropertyValueSpecification","valueRequired":true,"valueName":"search_term_string"}}],"inLanguage":"en-US"}]}},"_links":{"self":[{"href":"https:\/\/vuletech.com\/en\/wp-json\/wp\/v2\/product\/9669","targetHints":{"allow":["GET"]}}],"collection":[{"href":"https:\/\/vuletech.com\/en\/wp-json\/wp\/v2\/product"}],"about":[{"href":"https:\/\/vuletech.com\/en\/wp-json\/wp\/v2\/types\/product"}],"replies":[{"embeddable":true,"href":"https:\/\/vuletech.com\/en\/wp-json\/wp\/v2\/comments?post=9669"}],"wp:featuredmedia":[{"embeddable":true,"href":"https:\/\/vuletech.com\/en\/wp-json\/wp\/v2\/media\/520"}],"wp:attachment":[{"href":"https:\/\/vuletech.com\/en\/wp-json\/wp\/v2\/media?parent=9669"}],"wp:term":[{"taxonomy":"product_brand","embeddable":true,"href":"https:\/\/vuletech.com\/en\/wp-json\/wp\/v2\/product_brand?post=9669"},{"taxonomy":"product_cat","embeddable":true,"href":"https:\/\/vuletech.com\/en\/wp-json\/wp\/v2\/product_cat?post=9669"},{"taxonomy":"product_tag","embeddable":true,"href":"https:\/\/vuletech.com\/en\/wp-json\/wp\/v2\/product_tag?post=9669"}],"curies":[{"name":"wp","href":"https:\/\/api.w.org\/{rel}","templated":true}]}}