{"id":9670,"date":"2025-05-13T16:10:14","date_gmt":"2025-05-13T09:10:14","guid":{"rendered":"https:\/\/vuletech.com\/product\/in-sight-vision-8000\/"},"modified":"2025-05-13T16:12:31","modified_gmt":"2025-05-13T09:12:31","slug":"in-sight-vision-8000","status":"publish","type":"product","link":"https:\/\/vuletech.com\/en\/product\/in-sight-vision-8000\/","title":{"rendered":"In-sight Vision 8000"},"content":{"rendered":"<div class=\"wpb-content-wrapper\"><p>[vc_row][vc_column width=&#8221;1\/2&#8243;][vc_custom_heading text=&#8221;C\u00e1c t\u00ednh n\u0103ng c\u1ee7a H\u1ec7 th\u1ed1ng T\u1ea7m nh\u00ecn 8000&#8243; use_theme_fonts=&#8221;yes&#8221;][vc_column_text]D\u00f2ng h\u1ec7 th\u1ed1ng t\u1ea7m nh\u00ecn \u0111\u1ed9c l\u1eadp, si\u00eau nh\u1ecf g\u1ecdn n\u00e0y mang \u0111\u1ebfn hi\u1ec7u su\u1ea5t h\u00e0ng \u0111\u1ea7u trong ng\u00e0nh, d\u01b0\u1edbi h\u00ecnh th\u1ee9c l\u00e0 m\u1ed9t m\u00e1y \u1ea3nh GigE Vision truy\u1ec1n th\u1ed1ng. V\u1edbi k\u00edch th\u01b0\u1edbc ch\u1ec9 35mm x 32mm x 76mm, t\u1ea5t c\u1ea3 c\u00e1c d\u00f2ng m\u00e1y In-Vision 8000 \u0111\u1ec1u c\u00f3 kh\u1ea3 n\u0103ng cung c\u1ea5p n\u0103ng l\u01b0\u1ee3ng qua Ethernet (POE) v\u00e0 cung c\u1ea5p t\u00f9y ch\u1ecdn h\u1ec7 th\u1ed1ng t\u1ea7m nh\u00ecn \u0111\u1ed9c l\u1eadp t\u1ed1t nh\u1ea5t \u0111\u1ec3 t\u00edch h\u1ee3p v\u00e0o c\u00e1c kh\u00f4ng gian nh\u1ecf.<\/p>\n<p>L\u00e0 h\u1ec7 th\u1ed1ng t\u1ea7m nh\u00ecn \u0111\u1ed9c l\u1eadp, nh\u1ecf nh\u1ea5t tr\u00ean th\u1ebf gi\u1edbi, d\u00f2ng In-Sight 8000 cung c\u1ea5p m\u1ed9t lo\u1ea1t c\u00e1c h\u1ec7 th\u1ed1ng nh\u00ecn \u0111\u01a1n s\u1eafc v\u00e0 m\u00e0u s\u1eafc \u1edf \u0111\u1ed9 ph\u00e2n gi\u1ea3i t\u1eeb 0,3MP \u0111\u1ebfn 5MP.\u00a0H\u1ed7 tr\u1ee3 Gigabit Ethernet cho truy\u1ec1n th\u00f4ng t\u1ed1c \u0111\u1ed9 cao, c\u00e1c h\u1ec7 th\u1ed1ng t\u1ea7m nh\u00ecn n\u00e0y cung c\u1ea5p kh\u1ea3 n\u0103ng thu nh\u1eadn r\u1ea5t nhanh v\u00e0 hai m\u1ee9c hi\u1ec7u su\u1ea5t \u0111\u1ec3 \u0111\u00e1p \u1ee9ng m\u1ed9t lo\u1ea1t c\u00e1c nhu c\u1ea7u v\u1ec1 th\u1ecb gi\u00e1c m\u00e1y[\/vc_column_text][\/vc_column][vc_column width=&#8221;1\/2&#8243;][vc_single_image image=&#8221;1146&#8243; img_size=&#8221;full&#8221; alignment=&#8221;center&#8221;][\/vc_column][\/vc_row][vc_row][vc_column width=&#8221;1\/2&#8243;][vc_single_image image=&#8221;1148&#8243; img_size=&#8221;full&#8221; alignment=&#8221;center&#8221;][\/vc_column][vc_column width=&#8221;1\/2&#8243;][vc_custom_heading text=&#8221;H\u1ec7 th\u1ed1ng t\u1ea7m nh\u00ecn nh\u1ecf nh\u1ea5t&#8221; use_theme_fonts=&#8221;yes&#8221;][vc_column_text]<\/p>\n<p style=\"background: white;\"><span style=\"color: black;\">In-Sight 8000 n\u00e9n to\u00e0n b\u1ed9 h\u1ec7 th\u1ed1ng t\u1ea7m nh\u00ecn kh\u00e9p k\u00edn th\u00e0nh m\u1ed9t s\u1ea3n ph\u1ea9m nh\u1ecf \u0111\u00e1ng kinh ng\u1ea1c c\u00f3 k\u00edch th\u01b0\u1edbc t\u01b0\u01a1ng \u0111\u01b0\u01a1ng v\u1edbi m\u1ed9t m\u00e1y \u1ea3nh truy\u1ec1n th\u1ed1ng. T\u1ea5t c\u1ea3 c\u00e1c m\u1eabu In-Vision 8000 c\u00f3 th\u1ec3 \u0111\u01b0\u1ee3c g\u1eafn \u1edf c\u00e1c g\u00f3c t\u1edbi 45 \u0111\u1ed9 b\u1eb1ng c\u00f4ng c\u1ee5 hi\u1ec7u ch\u1ec9nh phi tuy\u1ebfn t\u00ednh trong t\u1ea7m nh\u00ecn. Nh\u1eefng h\u1ec7 th\u1ed1ng t\u1ea7m nh\u00ecn n\u00e0y r\u1ea5t l\u00fd t\u01b0\u1edfng \u0111\u1ec3 t\u00edch h\u1ee3p v\u00e0o kh\u00f4ng gian ch\u1eadt h\u1eb9p tr\u00ean robot v\u00e0 m\u00e1y m\u00f3c kh\u00f3 ti\u1ebfp c\u1eadn \u1edf b\u1ea5t c\u1ee9 \u0111\u00e2u tr\u00ean d\u00e2y chuy\u1ec1n s\u1ea3n xu\u1ea5t.<\/span><\/p>\n<p style=\"background: white;\"><span style=\"color: black;\">C\u00e1c m\u00f4 h\u00ecnh In-Sight 8000 cung c\u1ea5p c\u00e1c c\u00f4ng c\u1ee5 t\u1ea7m nh\u00ecn hi\u1ec7u su\u1ea5t cao, t\u1ed1c \u0111\u1ed9 li\u00ean l\u1ea1c nhanh h\u01a1n v\u00e0 \u0111\u1ed9 ph\u00e2n gi\u1ea3i cao trong m\u1ed9t g\u00f3i nh\u1ecf l\u00fd t\u01b0\u1edfng \u0111\u1ec3 t\u00edch h\u1ee3p v\u00e0o c\u00e1c kh\u00f4ng gian nh\u1ecf trong \u0111\u00f3 kh\u00f4ng gian m\u00e1y l\u00e0 cao c\u1ea5p.<\/span><\/p>\n<p>[\/vc_column_text][\/vc_column][\/vc_row][vc_row][vc_column width=&#8221;1\/2&#8243;][vc_custom_heading text=&#8221;M\u1ed9t m\u00f4 h\u00ecnh \u0111\u1ed9t ph\u00e1&#8221; use_theme_fonts=&#8221;yes&#8221;][vc_column_text]<\/p>\n<p style=\"background: white;\"><span style=\"color: black;\">RedLine \u0111\u01b0\u1ee3c thi\u1ebft k\u1ebf v\u1edbi m\u1ed9t m\u1ee5c ti\u00eau trong \u0111\u1ea7u: ph\u00f9 h\u1ee3p v\u1edbi m\u00f4 h\u00ecnh tr\u00ean t\u1ea5t c\u1ea3 c\u00e1c h\u1ec7 th\u1ed1ng t\u1ea7m nh\u00ecn 8000 trong t\u1ea7m nh\u00ecn. Trong c\u00e1c \u1ee9ng d\u1ee5ng th\u00f4ng th\u01b0\u1eddng, PatMax RedLine ch\u1ea1y nhanh h\u01a1n 4 \u0111\u1ebfn 7 l\u1ea7n so v\u1edbi PatMax &#8211; ho\u1eb7c nhanh h\u01a1n &#8211; kh\u00f4ng m\u1ea5t \u0111\u1ed9 ch\u00ednh x\u00e1c ho\u1eb7c \u0111\u1ed9 m\u1ea1nh c\u1ee7a t\u00ecm ki\u1ebfm. C\u00f9ng v\u1edbi PatMax RedLine, d\u00f2ng In-Sight 8000 c\u00f3 th\u1ec3 gi\u1ea3m th\u1eddi gian chu k\u1ef3 v\u00e0 t\u0103ng th\u00f4ng l\u01b0\u1ee3ng m\u00e0 kh\u00f4ng \u1ea3nh h\u01b0\u1edfng \u0111\u1ebfn \u0111\u1ed9 ch\u00ednh x\u00e1c ki\u1ec3m tra.<\/span><\/p>\n<p>[\/vc_column_text][\/vc_column][vc_column width=&#8221;1\/2&#8243;][vc_single_image image=&#8221;1147&#8243; img_size=&#8221;full&#8221; alignment=&#8221;center&#8221;][\/vc_column][\/vc_row][vc_row][vc_column width=&#8221;1\/2&#8243;][vc_single_image image=&#8221;1144&#8243; img_size=&#8221;full&#8221; alignment=&#8221;center&#8221;][\/vc_column][vc_column width=&#8221;1\/2&#8243;][vc_custom_heading text=&#8221;Hi\u1ec7u su\u1ea5t v\u00e0 \u0111\u1ed9 tin c\u1eady cao&#8221; use_theme_fonts=&#8221;yes&#8221;][vc_column_text]<\/p>\n<p style=\"background: white;\"><span style=\"color: black;\">M\u1ed7i m\u00f4 h\u00ecnh h\u1ec7 th\u1ed1ng t\u1ea7m nh\u00ecn 8000 mang l\u1ea1i hi\u1ec7u su\u1ea5t c\u1ef1c k\u00ec t\u1ed1t. H\u1ea7u h\u1ebft c\u00e1c m\u00f4 h\u00ecnh \u0111\u1ec1u \u0111\u01b0\u1ee3c trang b\u1ecb m\u1ed9t th\u01b0 vi\u1ec7n \u0111\u1ea7y \u0111\u1ee7 c\u00e1c c\u00f4ng c\u1ee5 th\u1ecb gi\u00e1c Cognex \u0111\u00e3 \u0111\u01b0\u1ee3c ch\u1ee9ng minh th\u00f4ng qua ph\u1ea7n m\u1ec1m In-Sight Explorer d\u1ec5 s\u1eed d\u1ee5ng. Ch\u00fang bao g\u1ed3m K\u1ebft h\u1ee3p m\u1eabu (PatMax Redline, PatMax v\u00e0 PatFind), L\u1ecdc (Grayscale v\u00e0 Color), C\u00f4ng c\u1ee5 m\u00e0u (ID m\u00e0u, Tr\u00edch xu\u1ea5t m\u00e0u th\u1eadt, Bi\u1ec3u \u0111\u1ed3 m\u00e0u), Ki\u1ec3m tra khuy\u1ebft t\u1eadt (Surface Flaw, Flex Flaw, Inspect Edge) v\u00e0 ID (1D \/ 2D, OCR).<\/span><\/p>\n<p>[\/vc_column_text][\/vc_column][\/vc_row][vc_row][vc_column width=&#8221;1\/2&#8243;][vc_custom_heading text=&#8221;D\u1ec5 d\u00e0ng tri\u1ec3n khai v\u00e0 b\u1ea3o tr\u00ec&#8221; use_theme_fonts=&#8221;yes&#8221;][vc_column_text]<\/p>\n<p style=\"background: white;\"><span style=\"color: black;\">C\u00e1c h\u1ec7 th\u1ed1ng In-sight Vision 8000 \u0111\u01b0\u1ee3c thi\u1ebft l\u1eadp thu\u1eadn ti\u1ec7n v\u1edbi ph\u1ea7n m\u1ec1m In-Sight Explorer. In-Sight Explorer k\u1ebft h\u1ee3p h\u01b0\u1edbng d\u1eabn t\u1eebng b\u01b0\u1edbc thi\u1ebft l\u1eadp EasyBuilder v\u1edbi s\u1ee9c m\u1ea1nh v\u00e0 t\u00ednh linh ho\u1ea1t b\u1ed5 sung c\u1ee7a b\u1ea3ng t\u00ednh \u0111\u1ec3 ki\u1ec3m so\u00e1t t\u1ed1t h\u01a1n v\u00e0 t\u00f9y ch\u1ec9nh d\u1eef li\u1ec7u \u1ee9ng d\u1ee5ng. C\u0169ng bao g\u1ed3m ch\u1ee9c n\u0103ng t\u1eadp l\u1ec7nh m\u1edbi s\u1eed d\u1ee5ng JavaScript ti\u00eau chu\u1ea9n \u0111\u1ec3 \u0111\u01a1n gi\u1ea3n h\u00f3a c\u00e1c t\u00e1c v\u1ee5 c\u1ea7n nhi\u1ec1u d\u1eef li\u1ec7u nh\u01b0 ph\u00e2n t\u00edch h\u00ecnh h\u1ecdc h\u00e0ng tr\u0103m \u0111i\u1ec3m, ph\u00e2n t\u00edch c\u00fa ph\u00e1p v\u00e0 so s\u00e1nh k\u1ebft qu\u1ea3 m\u00e3 v\u0103n b\u1ea3n ho\u1eb7c m\u00e3 ID ho\u1eb7c logic k\u1ebft qu\u1ea3 cu\u1ed1i c\u00f9ng ph\u1ee9c t\u1ea1p. X\u00e1c th\u1ef1c h\u1ec7 th\u1ed1ng TestRun<\/span><span style=\"color: black;\">, ph\u1ea7n m\u1ec1m\u00a0 Cognex Connect<\/span><span style=\"color: black;\"> v\u00e0 trung t\u00e2m \u0111i\u1ec1u khi\u1ec3n Cognex Explorer<\/span><span style=\"color: black;\">\u00a0cung c\u1ea5p cho b\u1ea1n c\u00e1c c\u00f4ng c\u1ee5 b\u1ea1n c\u1ea7n \u0111\u1ec3 gi\u1eef cho d\u00f2ng c\u1ee7a b\u1ea1n ho\u1ea1t \u0111\u1ed9ng \u0111\u00fang ti\u1ebfn \u0111\u1ed9 v\u00e0 th\u00f4ng l\u01b0\u1ee3ng \u0111\u1ea7y \u0111\u1ee7.<\/span><\/p>\n<p>[\/vc_column_text][\/vc_column][vc_column width=&#8221;1\/2&#8243;][vc_single_image image=&#8221;1143&#8243; img_size=&#8221;full&#8221; alignment=&#8221;center&#8221;][\/vc_column][\/vc_row]<\/p>\n<\/div>","protected":false},"excerpt":{"rendered":"<p>[vc_row][vc_column width=&#8221;1\/2&#8243;][vc_custom_heading text=&#8221;C\u00e1c t\u00ednh n\u0103ng c\u1ee7a H\u1ec7 th\u1ed1ng T\u1ea7m nh\u00ecn 8000&#8243; use_theme_fonts=&#8221;yes&#8221;][vc_column_text]D\u00f2ng h\u1ec7 th\u1ed1ng t\u1ea7m nh\u00ecn \u0111\u1ed9c l\u1eadp, si\u00eau nh\u1ecf g\u1ecdn n\u00e0y mang \u0111\u1ebfn hi\u1ec7u su\u1ea5t h\u00e0ng \u0111\u1ea7u trong ng\u00e0nh, d\u01b0\u1edbi h\u00ecnh th\u1ee9c l\u00e0 m\u1ed9t m\u00e1y \u1ea3nh GigE Vision truy\u1ec1n th\u1ed1ng. V\u1edbi k\u00edch th\u01b0\u1edbc ch\u1ec9 35mm x 32mm x 76mm, t\u1ea5t c\u1ea3 c\u00e1c d\u00f2ng m\u00e1y<\/p>\n","protected":false},"featured_media":244,"comment_status":"closed","ping_status":"closed","template":"","meta":[],"product_brand":[],"product_cat":[723,801],"product_tag":[],"class_list":{"0":"post-9670","1":"product","2":"type-product","3":"status-publish","4":"has-post-thumbnail","6":"product_cat-vision-sensor","7":"product_cat-vision-system","9":"first","10":"instock","11":"product-type-simple"},"acf":[],"yoast_head":"<!-- This site is optimized with the Yoast SEO plugin v25.1 - https:\/\/yoast.com\/wordpress\/plugins\/seo\/ -->\n<title>In-sight Vision 8000 - V\u0169 L\u00ea Tech<\/title>\n<meta name=\"robots\" content=\"index, follow, max-snippet:-1, max-image-preview:large, max-video-preview:-1\" \/>\n<link rel=\"canonical\" href=\"http:\/\/vuletech.com\/product\/in-sight-vision-8000\/\" \/>\n<meta property=\"og:locale\" content=\"en_US\" \/>\n<meta property=\"og:type\" content=\"article\" \/>\n<meta property=\"og:title\" content=\"In-sight Vision 8000 - V\u0169 L\u00ea Tech\" \/>\n<meta property=\"og:description\" content=\"[vc_row][vc_column width=&#8221;1\/2&#8243;][vc_custom_heading text=&#8221;C\u00e1c t\u00ednh n\u0103ng c\u1ee7a H\u1ec7 th\u1ed1ng T\u1ea7m nh\u00ecn 8000&#8243; use_theme_fonts=&#8221;yes&#8221;][vc_column_text]D\u00f2ng h\u1ec7 th\u1ed1ng t\u1ea7m nh\u00ecn \u0111\u1ed9c l\u1eadp, si\u00eau nh\u1ecf g\u1ecdn n\u00e0y mang \u0111\u1ebfn hi\u1ec7u su\u1ea5t h\u00e0ng \u0111\u1ea7u trong ng\u00e0nh, d\u01b0\u1edbi h\u00ecnh th\u1ee9c l\u00e0 m\u1ed9t m\u00e1y \u1ea3nh GigE Vision truy\u1ec1n th\u1ed1ng. V\u1edbi k\u00edch th\u01b0\u1edbc ch\u1ec9 35mm x 32mm x 76mm, t\u1ea5t c\u1ea3 c\u00e1c d\u00f2ng m\u00e1y\" \/>\n<meta property=\"og:url\" content=\"http:\/\/vuletech.com\/product\/in-sight-vision-8000\/\" \/>\n<meta property=\"og:site_name\" content=\"V\u0169 L\u00ea Tech\" \/>\n<meta property=\"article:modified_time\" content=\"2025-05-13T09:12:31+00:00\" \/>\n<meta property=\"og:image\" content=\"http:\/\/vuletech.com\/wp-content\/uploads\/2020\/07\/s\u1ea3n-ph\u1ea9m-nh\u1ecf-nh\u1ea5t.jpg\" \/>\n\t<meta property=\"og:image:width\" content=\"750\" \/>\n\t<meta property=\"og:image:height\" content=\"427\" \/>\n\t<meta property=\"og:image:type\" content=\"image\/jpeg\" \/>\n<meta name=\"twitter:card\" content=\"summary_large_image\" \/>\n<meta name=\"twitter:label1\" content=\"Est. reading time\" \/>\n\t<meta name=\"twitter:data1\" content=\"6 minutes\" \/>\n<script type=\"application\/ld+json\" class=\"yoast-schema-graph\">{\"@context\":\"https:\/\/schema.org\",\"@graph\":[{\"@type\":\"WebPage\",\"@id\":\"http:\/\/vuletech.com\/product\/in-sight-vision-8000\/\",\"url\":\"http:\/\/vuletech.com\/product\/in-sight-vision-8000\/\",\"name\":\"In-sight Vision 8000 - V\u0169 L\u00ea Tech\",\"isPartOf\":{\"@id\":\"http:\/\/vuletech.com\/#website\"},\"primaryImageOfPage\":{\"@id\":\"http:\/\/vuletech.com\/product\/in-sight-vision-8000\/#primaryimage\"},\"image\":{\"@id\":\"http:\/\/vuletech.com\/product\/in-sight-vision-8000\/#primaryimage\"},\"thumbnailUrl\":\"https:\/\/vuletech.com\/wp-content\/uploads\/2020\/07\/s\u1ea3n-ph\u1ea9m-nh\u1ecf-nh\u1ea5t.jpg\",\"datePublished\":\"2025-05-13T09:10:14+00:00\",\"dateModified\":\"2025-05-13T09:12:31+00:00\",\"breadcrumb\":{\"@id\":\"http:\/\/vuletech.com\/product\/in-sight-vision-8000\/#breadcrumb\"},\"inLanguage\":\"en-US\",\"potentialAction\":[{\"@type\":\"ReadAction\",\"target\":[\"http:\/\/vuletech.com\/product\/in-sight-vision-8000\/\"]}]},{\"@type\":\"ImageObject\",\"inLanguage\":\"en-US\",\"@id\":\"http:\/\/vuletech.com\/product\/in-sight-vision-8000\/#primaryimage\",\"url\":\"https:\/\/vuletech.com\/wp-content\/uploads\/2020\/07\/s\u1ea3n-ph\u1ea9m-nh\u1ecf-nh\u1ea5t.jpg\",\"contentUrl\":\"https:\/\/vuletech.com\/wp-content\/uploads\/2020\/07\/s\u1ea3n-ph\u1ea9m-nh\u1ecf-nh\u1ea5t.jpg\",\"width\":750,\"height\":427},{\"@type\":\"BreadcrumbList\",\"@id\":\"http:\/\/vuletech.com\/product\/in-sight-vision-8000\/#breadcrumb\",\"itemListElement\":[{\"@type\":\"ListItem\",\"position\":1,\"name\":\"Home\",\"item\":\"http:\/\/vuletech.com\/en\/\"},{\"@type\":\"ListItem\",\"position\":2,\"name\":\"Product\",\"item\":\"http:\/\/vuletech.com\/product\/\"},{\"@type\":\"ListItem\",\"position\":3,\"name\":\"In-sight Vision 8000\"}]},{\"@type\":\"WebSite\",\"@id\":\"http:\/\/vuletech.com\/#website\",\"url\":\"http:\/\/vuletech.com\/\",\"name\":\"V\u0169 L\u00ea Tech\",\"description\":\"Our Solution - Your Value\",\"potentialAction\":[{\"@type\":\"SearchAction\",\"target\":{\"@type\":\"EntryPoint\",\"urlTemplate\":\"http:\/\/vuletech.com\/?s={search_term_string}\"},\"query-input\":{\"@type\":\"PropertyValueSpecification\",\"valueRequired\":true,\"valueName\":\"search_term_string\"}}],\"inLanguage\":\"en-US\"}]}<\/script>\n<!-- \/ Yoast SEO plugin. -->","yoast_head_json":{"title":"In-sight Vision 8000 - V\u0169 L\u00ea Tech","robots":{"index":"index","follow":"follow","max-snippet":"max-snippet:-1","max-image-preview":"max-image-preview:large","max-video-preview":"max-video-preview:-1"},"canonical":"http:\/\/vuletech.com\/product\/in-sight-vision-8000\/","og_locale":"en_US","og_type":"article","og_title":"In-sight Vision 8000 - V\u0169 L\u00ea Tech","og_description":"[vc_row][vc_column width=&#8221;1\/2&#8243;][vc_custom_heading text=&#8221;C\u00e1c t\u00ednh n\u0103ng c\u1ee7a H\u1ec7 th\u1ed1ng T\u1ea7m nh\u00ecn 8000&#8243; use_theme_fonts=&#8221;yes&#8221;][vc_column_text]D\u00f2ng h\u1ec7 th\u1ed1ng t\u1ea7m nh\u00ecn \u0111\u1ed9c l\u1eadp, si\u00eau nh\u1ecf g\u1ecdn n\u00e0y mang \u0111\u1ebfn hi\u1ec7u su\u1ea5t h\u00e0ng \u0111\u1ea7u trong ng\u00e0nh, d\u01b0\u1edbi h\u00ecnh th\u1ee9c l\u00e0 m\u1ed9t m\u00e1y \u1ea3nh GigE Vision truy\u1ec1n th\u1ed1ng. V\u1edbi k\u00edch th\u01b0\u1edbc ch\u1ec9 35mm x 32mm x 76mm, t\u1ea5t c\u1ea3 c\u00e1c d\u00f2ng m\u00e1y","og_url":"http:\/\/vuletech.com\/product\/in-sight-vision-8000\/","og_site_name":"V\u0169 L\u00ea Tech","article_modified_time":"2025-05-13T09:12:31+00:00","og_image":[{"width":750,"height":427,"url":"http:\/\/vuletech.com\/wp-content\/uploads\/2020\/07\/s\u1ea3n-ph\u1ea9m-nh\u1ecf-nh\u1ea5t.jpg","type":"image\/jpeg"}],"twitter_card":"summary_large_image","twitter_misc":{"Est. reading time":"6 minutes"},"schema":{"@context":"https:\/\/schema.org","@graph":[{"@type":"WebPage","@id":"http:\/\/vuletech.com\/product\/in-sight-vision-8000\/","url":"http:\/\/vuletech.com\/product\/in-sight-vision-8000\/","name":"In-sight Vision 8000 - V\u0169 L\u00ea Tech","isPartOf":{"@id":"http:\/\/vuletech.com\/#website"},"primaryImageOfPage":{"@id":"http:\/\/vuletech.com\/product\/in-sight-vision-8000\/#primaryimage"},"image":{"@id":"http:\/\/vuletech.com\/product\/in-sight-vision-8000\/#primaryimage"},"thumbnailUrl":"https:\/\/vuletech.com\/wp-content\/uploads\/2020\/07\/s\u1ea3n-ph\u1ea9m-nh\u1ecf-nh\u1ea5t.jpg","datePublished":"2025-05-13T09:10:14+00:00","dateModified":"2025-05-13T09:12:31+00:00","breadcrumb":{"@id":"http:\/\/vuletech.com\/product\/in-sight-vision-8000\/#breadcrumb"},"inLanguage":"en-US","potentialAction":[{"@type":"ReadAction","target":["http:\/\/vuletech.com\/product\/in-sight-vision-8000\/"]}]},{"@type":"ImageObject","inLanguage":"en-US","@id":"http:\/\/vuletech.com\/product\/in-sight-vision-8000\/#primaryimage","url":"https:\/\/vuletech.com\/wp-content\/uploads\/2020\/07\/s\u1ea3n-ph\u1ea9m-nh\u1ecf-nh\u1ea5t.jpg","contentUrl":"https:\/\/vuletech.com\/wp-content\/uploads\/2020\/07\/s\u1ea3n-ph\u1ea9m-nh\u1ecf-nh\u1ea5t.jpg","width":750,"height":427},{"@type":"BreadcrumbList","@id":"http:\/\/vuletech.com\/product\/in-sight-vision-8000\/#breadcrumb","itemListElement":[{"@type":"ListItem","position":1,"name":"Home","item":"http:\/\/vuletech.com\/en\/"},{"@type":"ListItem","position":2,"name":"Product","item":"http:\/\/vuletech.com\/product\/"},{"@type":"ListItem","position":3,"name":"In-sight Vision 8000"}]},{"@type":"WebSite","@id":"http:\/\/vuletech.com\/#website","url":"http:\/\/vuletech.com\/","name":"V\u0169 L\u00ea Tech","description":"Our Solution - Your Value","potentialAction":[{"@type":"SearchAction","target":{"@type":"EntryPoint","urlTemplate":"http:\/\/vuletech.com\/?s={search_term_string}"},"query-input":{"@type":"PropertyValueSpecification","valueRequired":true,"valueName":"search_term_string"}}],"inLanguage":"en-US"}]}},"_links":{"self":[{"href":"https:\/\/vuletech.com\/en\/wp-json\/wp\/v2\/product\/9670","targetHints":{"allow":["GET"]}}],"collection":[{"href":"https:\/\/vuletech.com\/en\/wp-json\/wp\/v2\/product"}],"about":[{"href":"https:\/\/vuletech.com\/en\/wp-json\/wp\/v2\/types\/product"}],"replies":[{"embeddable":true,"href":"https:\/\/vuletech.com\/en\/wp-json\/wp\/v2\/comments?post=9670"}],"wp:featuredmedia":[{"embeddable":true,"href":"https:\/\/vuletech.com\/en\/wp-json\/wp\/v2\/media\/244"}],"wp:attachment":[{"href":"https:\/\/vuletech.com\/en\/wp-json\/wp\/v2\/media?parent=9670"}],"wp:term":[{"taxonomy":"product_brand","embeddable":true,"href":"https:\/\/vuletech.com\/en\/wp-json\/wp\/v2\/product_brand?post=9670"},{"taxonomy":"product_cat","embeddable":true,"href":"https:\/\/vuletech.com\/en\/wp-json\/wp\/v2\/product_cat?post=9670"},{"taxonomy":"product_tag","embeddable":true,"href":"https:\/\/vuletech.com\/en\/wp-json\/wp\/v2\/product_tag?post=9670"}],"curies":[{"name":"wp","href":"https:\/\/api.w.org\/{rel}","templated":true}]}}