{"id":9671,"date":"2025-05-13T16:10:14","date_gmt":"2025-05-13T09:10:14","guid":{"rendered":"https:\/\/vuletech.com\/product\/in-sight-vision-9000\/"},"modified":"2025-05-13T16:12:02","modified_gmt":"2025-05-13T09:12:02","slug":"in-sight-vision-9000","status":"publish","type":"product","link":"https:\/\/vuletech.com\/en\/product\/in-sight-vision-9000\/","title":{"rendered":"In-sight Vision 9000"},"content":{"rendered":"<div class=\"wpb-content-wrapper\"><p>[vc_row][vc_column width=&#8221;1\/2&#8243;][vc_custom_heading text=&#8221;T\u00ednh n\u0103ng c\u1ee7a Insight Vision 9000&#8243; use_theme_fonts=&#8221;yes&#8221;][vc_column_text]<\/p>\n<p style=\"background: white;\"><span style=\"color: black;\">In-Sight 9000 l\u00e0 m\u1ed9t h\u1ec7 th\u1ed1ng t\u1ea7m nh\u00ecn \u0111\u1ed9c l\u1eadp, \u0111\u1ed9 ph\u00e2n gi\u1ea3i c\u1ef1c cao. V\u1edbi kh\u1ea3 n\u0103ng thu nh\u1eadn v\u00e0 x\u1eed l\u00fd h\u00ecnh \u1ea3nh chi ti\u1ebft \u0111\u1eb7c bi\u1ec7t, In-Sight 9000 c\u00f3 th\u1ec3 x\u00e1c \u0111\u1ecbnh v\u1ecb tr\u00ed, \u0111o l\u01b0\u1eddng v\u00e0 ki\u1ec3m tra ph\u1ea7n ch\u00ednh x\u00e1c cao tr\u00ean m\u1ed9t khu v\u1ef1c r\u1ed9ng l\u1edbn ngay c\u1ea3 khi \u0111\u01b0\u1ee3c g\u1eafn \u1edf kho\u1ea3ng c\u00e1ch xa h\u01a1n.\u00a0 In-sight Vision 9000 c\u00f3 th\u1ec3 qu\u00e9t khu v\u1ef1c c\u00f3 s\u1eb5n \u0111\u1ec3 ch\u1ee5p \u1ea3nh c\u00e1c \u0111\u1ed1i t\u01b0\u1ee3ng di chuy\u1ec3n li\u00ean t\u1ee5c ho\u1eb7c \u0111\u1ee9ng y\u00ean. Th\u00eam v\u00e0o \u0111\u00f3, s\u1ea3n ph\u1ea9m c\u00f3 th\u1ec3 k\u1ebft n\u1ed1i th\u00f4ng qua giao di\u1ec7n In-Vision EasyBuilder gi\u1ea3i quy\u1ebft m\u1ed9t lo\u1ea1t c\u00e1c \u1ee9ng d\u1ee5ng trong c\u00e1c ng\u00e0nh c\u00f4ng nghi\u1ec7p.<\/span><\/p>\n<p>[\/vc_column_text][\/vc_column][vc_column width=&#8221;1\/2&#8243;][vc_single_image image=&#8221;1154&#8243; img_size=&#8221;full&#8221; alignment=&#8221;center&#8221;][\/vc_column][\/vc_row][vc_row][vc_column width=&#8221;1\/2&#8243;][vc_single_image image=&#8221;1156&#8243; img_size=&#8221;full&#8221; alignment=&#8221;center&#8221;][\/vc_column][vc_column width=&#8221;1\/2&#8243;][vc_custom_heading text=&#8221;H\u00ecnh \u1ea3nh \u0111\u01b0\u1ee3c ph\u00f3ng l\u1edbn m\u00e0 kh\u00f4ng b\u1ecb m\u1ea5t \u0111\u1ed9 ph\u00e2n gi\u1ea3i&#8221; use_theme_fonts=&#8221;yes&#8221;][vc_column_text]<\/p>\n<p style=\"background: white;\"><span style=\"color: black;\">In-sight 9000 ch\u1ee5p m\u1ed9t h\u00ecnh \u1ea3nh l\u1edbn cho ph\u00e9p ng\u01b0\u1eddi d\u00f9ng ki\u1ec3m tra c\u00e1c v\u1eadt th\u1ec3 l\u1edbn trong khi \u0111\u1ed9 ph\u00e2n gi\u1ea3i v\u1eabn cao. \u0110i\u1ec1u n\u00e0y c\u0169ng cho ph\u00e9p kh\u00e1ch h\u00e0ng g\u1eafn h\u1ec7 th\u1ed1ng quan s\u00e1t ra kh\u1ecfi b\u0103ng t\u1ea3i v\u00e0 duy tr\u00ec kho\u1ea3ng c\u00e1ch an to\u00e0n v\u1edbi c\u00e1c thi\u1ebft b\u1ecb nguy hi\u1ec3m.<\/span><\/p>\n<p>[\/vc_column_text][\/vc_column][\/vc_row][vc_row][vc_column width=&#8221;1\/2&#8243;][vc_custom_heading text=&#8221;M\u1ed9t gi\u1ea3i ph\u00e1p camera \u0111\u01a1n cho c\u00e1c \u1ee9ng d\u1ee5ng \u0111a camera&#8221; use_theme_fonts=&#8221;yes&#8221;][vc_column_text]<\/p>\n<p style=\"background: white;\"><span style=\"color: black;\">In-sight 9000 l\u00e0 gi\u1ea3i ph\u00e1p camera \u0111\u01a1n, gi\u1ea3m \u0111\u1ed9 ph\u1ee9c t\u1ea1p, y\u00eau c\u1ea7u hi\u1ec7u chu\u1ea9n v\u00e0 chi ph\u00ed th\u1ea5p so v\u1edbi h\u1ec7 th\u1ed1ng camera. Thi\u1ebft b\u1ecb \u0111\u1ed9c l\u1eadp l\u00e0m gi\u1ea3m l\u01b0\u1ee3ng thi\u1ebft b\u1ecb \u0111\u01b0\u1ee3c l\u1eafp \u0111\u1eb7t tr\u00ean d\u00e2y chuy\u1ec1n s\u1ea3n xu\u1ea5t b\u1ecb gi\u1edbi h\u1ea1n kh\u00f4ng gian. Ngo\u00e0i ra, ch\u1ec9 s\u1ed1 b\u1ea3o v\u1ec7 IP c\u1ee7a In-sight 9000 l\u00e0 IP67 gi\u00fap b\u1ea3o v\u1ec7 h\u1ec7 th\u1ed1ng kh\u1ecfi ch\u1ea5t l\u1ecfng v\u00e0 b\u1ee5i m\u00e0 kh\u00f4ng c\u1ea7n v\u1ecf b\u1ecdc b\u00ean ngo\u00e0i.\u00a0<\/span><\/p>\n<p>[\/vc_column_text][\/vc_column][vc_column width=&#8221;1\/2&#8243;][vc_single_image image=&#8221;1152&#8243; img_size=&#8221;full&#8221; alignment=&#8221;center&#8221;][\/vc_column][\/vc_row][vc_row][vc_column width=&#8221;1\/2&#8243;][vc_single_image image=&#8221;1155&#8243; img_size=&#8221;full&#8221; alignment=&#8221;center&#8221;][\/vc_column][vc_column width=&#8221;1\/2&#8243;][vc_custom_heading text=&#8221;Kh\u00f4ng c\u1ea7n l\u1eadp tr\u00ecnh &#8211; \u0111\u1ea7y \u0111\u1ee7 t\u00ednh n\u0103ng&#8221; use_theme_fonts=&#8221;yes&#8221;][vc_column_text]<\/p>\n<p style=\"background: white;\"><span style=\"color: black;\">In-Sight 9000 gi\u1ea3i quy\u1ebft c\u00e1c \u1ee9ng d\u1ee5ng tr\u01b0\u1edbc \u0111\u00e2y y\u00eau c\u1ea7u l\u1eadp tr\u00ecnh tr\u00ean c\u00e1c h\u1ec7 th\u1ed1ng d\u1ef1a tr\u00ean PC ho\u1eb7c b\u1ed9 \u0111i\u1ec1u khi\u1ec3n. Giao di\u1ec7n EasyBuilder h\u01b0\u1edbng d\u1eabn ng\u01b0\u1eddi v\u1eadn h\u00e0nh th\u00f4ng qua quy tr\u00ecnh thi\u1ebft l\u1eadp t\u1eebng b\u01b0\u1edbc, trong khi ch\u1ebf \u0111\u1ed9 xem b\u1ea3ng t\u00ednh n\u00e2ng cao cung c\u1ea5p quy\u1ec1n truy c\u1eadp tr\u1ef1c ti\u1ebfp. \u1ee8ng d\u1ee5ng cho ph\u00e9p kh\u00e1ch h\u00e0ng l\u00e0m vi\u1ec7c trong c\u00f9ng m\u1ed9t giao di\u1ec7n ng\u01b0\u1eddi d\u00f9ng, b\u1ea5t k\u1ec3 nhu c\u1ea7u \u0111\u1ed9 ph\u00e2n gi\u1ea3i h\u00ecnh \u1ea3nh ho\u1eb7c \u0111\u1ed9 ph\u1ee9c t\u1ea1p c\u1ee7a \u1ee9ng d\u1ee5ng.<\/span><\/p>\n<p>[\/vc_column_text][\/vc_column][\/vc_row][vc_row][vc_column width=&#8221;1\/2&#8243;][vc_custom_heading text=&#8221;C\u00f4ng c\u1ee5 th\u1ecb gi\u00e1c h\u00e0ng \u0111\u1ea7u v\u00e0 c\u00f4ng ngh\u1ec7 x\u1eed l\u00fd h\u00ecnh \u1ea3nh&#8221; use_theme_fonts=&#8221;yes&#8221;][vc_column_text]<\/p>\n<p style=\"background: white;\"><span style=\"color: black;\">In-Sight 9000 \u0111\u01b0\u1ee3c trang b\u1ecb c\u00e1c c\u00f4ng c\u1ee5 x\u1eed l\u00fd h\u00ecnh \u1ea3nh v\u00e0 c\u00f4ng ngh\u1ec7 x\u1eed l\u00fd h\u00ecnh \u1ea3nh h\u00e0ng \u0111\u1ea7u c\u1ee7a Cognex, bao g\u1ed3m PatMax RedLine &#8211; ti\u00eau chu\u1ea9n v\u00e0ng cho k\u1ebft h\u1ee3p m\u1eabu 2D nhanh, m\u1ea1nh m\u1ebd v\u00e0 \u0111\u1ed9 ch\u00ednh x\u00e1c cao.\u00a0Model In-Sight 9912 c\u0169ng c\u00f3 HDR +, gi\u00fap m\u1edf r\u1ed9ng ranh gi\u1edbi c\u1ee7a c\u00f4ng ngh\u1ec7 d\u1ea3i \u0111\u1ed9ng cao (HDR) \u0111\u1ec3 t\u0103ng c\u01b0\u1eddng \u0111\u1ed9 t\u01b0\u01a1ng ph\u1ea3n h\u00ecnh \u1ea3nh tr\u00ean to\u00e0n b\u1ed9 h\u00ecnh \u1ea3nh m\u00e0 kh\u00f4ng l\u00e0m gi\u1ea3m t\u1ed1c \u0111\u1ed9 thu \u0111\u01b0\u1ee3c.<\/span><\/p>\n<p>[\/vc_column_text][\/vc_column][vc_column width=&#8221;1\/2&#8243;][vc_single_image image=&#8221;1151&#8243; img_size=&#8221;full&#8221; alignment=&#8221;center&#8221;][\/vc_column][\/vc_row][vc_row][vc_column][vc_custom_heading text=&#8221;T\u00ednh n\u0103ng thu th\u1eadp \u1ea3nh qu\u00e9t v\u00e0 v\u00f9ng \u0111\u01b0\u1ee3c ch\u1ecdn&#8221; use_theme_fonts=&#8221;yes&#8221;][vc_column_text]<\/p>\n<p style=\"background: white;\"><span style=\"color: black;\">In-Sight 9000 cung c\u1ea5p c\u1ea3 ph\u01b0\u01a1ng ph\u00e1p thu th\u1eadp \u1ea3nh qu\u00e9t v\u00e0 qu\u00e9t v\u00f9ng.<\/span><\/p>\n<p>[\/vc_column_text][vc_row_inner][vc_column_inner width=&#8221;1\/2&#8243;][vc_column_text]<img loading=\"lazy\" decoding=\"async\" class=\"alignnone size-full wp-image-1150\" src=\"http:\/\/vuletech.southteam.vn\/wp-content\/uploads\/2020\/09\/cognex_insight9902L.gif\" alt=\"in-sight9000\" width=\"600\" height=\"337\" \/><\/p>\n<p><strong>+ <\/strong><strong>Qu\u00e9t trong t\u1ea7m nh\u00ecn 9902L<\/strong><\/p>\n<p>H\u1ec7 th\u1ed1ng quan s\u00e1t qu\u00e9t \u0111\u01b0\u1eddng trong t\u1ea7m nh\u00ecn 9902L \u0111\u01b0\u1ee3c thi\u1ebft k\u1ebf \u0111\u1ec3 ki\u1ec3m tra c\u00e1c v\u1eadt th\u1ec3 l\u1edbn, h\u00ecnh tr\u1ee5 v\u00e0 di chuy\u1ec3n li\u00ean t\u1ee5c. S\u1ea3n ph\u1ea9m ch\u1ee5p 2.000 pixel v\u1edbi m\u1ed7i d\u00f2ng, cung c\u1ea5p h\u00ecnh \u1ea3nh 32MP (16.000 d\u00f2ng) cho ph\u00e9p c\u00e1c c\u00f4ng c\u1ee5 th\u1ecb gi\u00e1c th\u1ef1c hi\u1ec7n ki\u1ec3m tra r\u1ea5t chi ti\u1ebft. M\u1ed7i d\u00f2ng pixel \u0111\u01b0\u1ee3c thu nh\u1eadn \u1edf m\u1ee9c 67.000 d\u00f2ng m\u1ed7i gi\u00e2y (t\u1ed1c \u0111\u1ed9 qu\u00e9t 15us) \u0111\u1ec3 theo k\u1ecbp c\u00e1c d\u00e2y chuy\u1ec1n s\u1ea3n xu\u1ea5t nhanh nh\u1ea5t. 9902L ch\u1ec9 y\u00eau c\u1ea7u m\u1ed9t ch\u1ebf \u0111\u1ed9 xem nh\u1ecf c\u1ee7a b\u1ed9 ph\u1eadn m\u1ee5c ti\u00eau. S\u1ea3n ph\u1ea9m ph\u00f9 h\u1ee3p cho vi\u1ec7c c\u00e0i \u0111\u1eb7t v\u1edbi tr\u01b0\u1eddng nh\u00ecn h\u1ea1n ch\u1ebf ho\u1eb7c kh\u00f4ng gian l\u1eafp \u0111\u1eb7t.[\/vc_column_text][\/vc_column_inner][vc_column_inner width=&#8221;1\/2&#8243;][vc_column_text]<img loading=\"lazy\" decoding=\"async\" class=\"alignnone size-full wp-image-1157\" src=\"http:\/\/vuletech.southteam.vn\/wp-content\/uploads\/2020\/09\/tuy-chinh-vung-quet-hinh-anh.jpg\" alt=\"in-sight9000\" width=\"1000\" height=\"562\" srcset=\"https:\/\/vuletech.com\/wp-content\/uploads\/2020\/09\/tuy-chinh-vung-quet-hinh-anh.jpg 1000w, https:\/\/vuletech.com\/wp-content\/uploads\/2020\/09\/tuy-chinh-vung-quet-hinh-anh-600x337.jpg 600w, https:\/\/vuletech.com\/wp-content\/uploads\/2020\/09\/tuy-chinh-vung-quet-hinh-anh-300x169.jpg 300w, https:\/\/vuletech.com\/wp-content\/uploads\/2020\/09\/tuy-chinh-vung-quet-hinh-anh-768x432.jpg 768w\" sizes=\"auto, (max-width: 1000px) 100vw, 1000px\" \/><\/p>\n<p><strong>+ <\/strong><strong>Qu\u00e9t trong khu v\u1ef1c 9912<\/strong><\/p>\n<p>C\u00f3 s\u1eb5n trong c\u00e1c m\u00f4 h\u00ecnh \u0111\u01a1n s\u1eafc v\u00e0 m\u00e0u s\u1eafc, h\u1ec7 th\u1ed1ng quan s\u00e1t qu\u00e9t khu v\u1ef1c In-Vision 9912 l\u00e0 l\u00fd t\u01b0\u1edfng \u0111\u1ec3 ki\u1ec3m tra c\u00e1c b\u1ed9 ph\u1eadn l\u1edbn, \u0111\u1ee9ng y\u00ean. C\u00f3 \u0111\u01b0\u1ee3c h\u00ecnh \u1ea3nh 12MP (4096 x 3000 pixel), 9912 ch\u1ee5p h\u00ecnh \u1ea3nh chi ti\u1ebft \u0111\u1ec3 \u0111o v\u00e0 ki\u1ec3m tra \u0111\u1ed9 ch\u00ednh x\u00e1c cao m\u00e0 kh\u00f4ng l\u00e0m m\u1ea5t ph\u1ea1m vi quan s\u00e1t.[\/vc_column_text][\/vc_column_inner][\/vc_row_inner][\/vc_column][\/vc_row]<\/p>\n<\/div>","protected":false},"excerpt":{"rendered":"<p>[vc_row][vc_column width=&#8221;1\/2&#8243;][vc_custom_heading text=&#8221;T\u00ednh n\u0103ng c\u1ee7a Insight Vision 9000&#8243; use_theme_fonts=&#8221;yes&#8221;][vc_column_text] In-Sight 9000 l\u00e0 m\u1ed9t h\u1ec7 th\u1ed1ng t\u1ea7m nh\u00ecn \u0111\u1ed9c l\u1eadp, \u0111\u1ed9 ph\u00e2n gi\u1ea3i c\u1ef1c cao. V\u1edbi kh\u1ea3 n\u0103ng thu nh\u1eadn v\u00e0 x\u1eed l\u00fd h\u00ecnh \u1ea3nh chi ti\u1ebft \u0111\u1eb7c bi\u1ec7t, In-Sight 9000 c\u00f3 th\u1ec3 x\u00e1c \u0111\u1ecbnh v\u1ecb tr\u00ed, \u0111o l\u01b0\u1eddng v\u00e0 ki\u1ec3m tra ph\u1ea7n ch\u00ednh x\u00e1c cao<\/p>\n","protected":false},"featured_media":243,"comment_status":"closed","ping_status":"closed","template":"","meta":[],"product_brand":[],"product_cat":[723,801],"product_tag":[],"class_list":{"0":"post-9671","1":"product","2":"type-product","3":"status-publish","4":"has-post-thumbnail","6":"product_cat-vision-sensor","7":"product_cat-vision-system","9":"first","10":"instock","11":"product-type-simple"},"acf":[],"yoast_head":"<!-- This site is optimized with the Yoast SEO plugin v25.1 - https:\/\/yoast.com\/wordpress\/plugins\/seo\/ -->\n<title>In-sight Vision 9000 - V\u0169 L\u00ea Tech<\/title>\n<meta name=\"robots\" content=\"index, follow, max-snippet:-1, max-image-preview:large, max-video-preview:-1\" \/>\n<link rel=\"canonical\" href=\"https:\/\/vuletech.com\/product\/in-sight-vision-9000\/\" \/>\n<meta property=\"og:locale\" content=\"en_US\" \/>\n<meta property=\"og:type\" content=\"article\" \/>\n<meta property=\"og:title\" content=\"In-sight Vision 9000 - V\u0169 L\u00ea Tech\" \/>\n<meta property=\"og:description\" content=\"[vc_row][vc_column width=&#8221;1\/2&#8243;][vc_custom_heading text=&#8221;T\u00ednh n\u0103ng c\u1ee7a Insight Vision 9000&#8243; use_theme_fonts=&#8221;yes&#8221;][vc_column_text] In-Sight 9000 l\u00e0 m\u1ed9t h\u1ec7 th\u1ed1ng t\u1ea7m nh\u00ecn \u0111\u1ed9c l\u1eadp, \u0111\u1ed9 ph\u00e2n gi\u1ea3i c\u1ef1c cao. V\u1edbi kh\u1ea3 n\u0103ng thu nh\u1eadn v\u00e0 x\u1eed l\u00fd h\u00ecnh \u1ea3nh chi ti\u1ebft \u0111\u1eb7c bi\u1ec7t, In-Sight 9000 c\u00f3 th\u1ec3 x\u00e1c \u0111\u1ecbnh v\u1ecb tr\u00ed, \u0111o l\u01b0\u1eddng v\u00e0 ki\u1ec3m tra ph\u1ea7n ch\u00ednh x\u00e1c cao\" \/>\n<meta property=\"og:url\" content=\"https:\/\/vuletech.com\/product\/in-sight-vision-9000\/\" \/>\n<meta property=\"og:site_name\" content=\"V\u0169 L\u00ea Tech\" \/>\n<meta property=\"article:modified_time\" content=\"2025-05-13T09:12:02+00:00\" \/>\n<meta property=\"og:image\" content=\"https:\/\/vuletech.com\/wp-content\/uploads\/2020\/07\/t\u00f9y-ch\u1ec9nh-v\u00f9ng-qu\u00e9t-h\u00ecnh-\u1ea3nh.jpg\" \/>\n\t<meta property=\"og:image:width\" content=\"1000\" \/>\n\t<meta property=\"og:image:height\" content=\"562\" \/>\n\t<meta property=\"og:image:type\" content=\"image\/jpeg\" \/>\n<meta name=\"twitter:card\" content=\"summary_large_image\" \/>\n<meta name=\"twitter:label1\" content=\"Est. reading time\" \/>\n\t<meta name=\"twitter:data1\" content=\"6 minutes\" \/>\n<script type=\"application\/ld+json\" class=\"yoast-schema-graph\">{\"@context\":\"https:\/\/schema.org\",\"@graph\":[{\"@type\":\"WebPage\",\"@id\":\"https:\/\/vuletech.com\/product\/in-sight-vision-9000\/\",\"url\":\"https:\/\/vuletech.com\/product\/in-sight-vision-9000\/\",\"name\":\"In-sight Vision 9000 - V\u0169 L\u00ea Tech\",\"isPartOf\":{\"@id\":\"http:\/\/vuletech.com\/#website\"},\"primaryImageOfPage\":{\"@id\":\"https:\/\/vuletech.com\/product\/in-sight-vision-9000\/#primaryimage\"},\"image\":{\"@id\":\"https:\/\/vuletech.com\/product\/in-sight-vision-9000\/#primaryimage\"},\"thumbnailUrl\":\"https:\/\/vuletech.com\/wp-content\/uploads\/2020\/07\/t\u00f9y-ch\u1ec9nh-v\u00f9ng-qu\u00e9t-h\u00ecnh-\u1ea3nh.jpg\",\"datePublished\":\"2025-05-13T09:10:14+00:00\",\"dateModified\":\"2025-05-13T09:12:02+00:00\",\"breadcrumb\":{\"@id\":\"https:\/\/vuletech.com\/product\/in-sight-vision-9000\/#breadcrumb\"},\"inLanguage\":\"en-US\",\"potentialAction\":[{\"@type\":\"ReadAction\",\"target\":[\"https:\/\/vuletech.com\/product\/in-sight-vision-9000\/\"]}]},{\"@type\":\"ImageObject\",\"inLanguage\":\"en-US\",\"@id\":\"https:\/\/vuletech.com\/product\/in-sight-vision-9000\/#primaryimage\",\"url\":\"https:\/\/vuletech.com\/wp-content\/uploads\/2020\/07\/t\u00f9y-ch\u1ec9nh-v\u00f9ng-qu\u00e9t-h\u00ecnh-\u1ea3nh.jpg\",\"contentUrl\":\"https:\/\/vuletech.com\/wp-content\/uploads\/2020\/07\/t\u00f9y-ch\u1ec9nh-v\u00f9ng-qu\u00e9t-h\u00ecnh-\u1ea3nh.jpg\",\"width\":1000,\"height\":562},{\"@type\":\"BreadcrumbList\",\"@id\":\"https:\/\/vuletech.com\/product\/in-sight-vision-9000\/#breadcrumb\",\"itemListElement\":[{\"@type\":\"ListItem\",\"position\":1,\"name\":\"Home\",\"item\":\"http:\/\/vuletech.com\/en\/\"},{\"@type\":\"ListItem\",\"position\":2,\"name\":\"Product\",\"item\":\"http:\/\/vuletech.com\/product\/\"},{\"@type\":\"ListItem\",\"position\":3,\"name\":\"In-sight Vision 9000\"}]},{\"@type\":\"WebSite\",\"@id\":\"http:\/\/vuletech.com\/#website\",\"url\":\"http:\/\/vuletech.com\/\",\"name\":\"V\u0169 L\u00ea Tech\",\"description\":\"Our Solution - Your Value\",\"potentialAction\":[{\"@type\":\"SearchAction\",\"target\":{\"@type\":\"EntryPoint\",\"urlTemplate\":\"http:\/\/vuletech.com\/?s={search_term_string}\"},\"query-input\":{\"@type\":\"PropertyValueSpecification\",\"valueRequired\":true,\"valueName\":\"search_term_string\"}}],\"inLanguage\":\"en-US\"}]}<\/script>\n<!-- \/ Yoast SEO plugin. -->","yoast_head_json":{"title":"In-sight Vision 9000 - V\u0169 L\u00ea Tech","robots":{"index":"index","follow":"follow","max-snippet":"max-snippet:-1","max-image-preview":"max-image-preview:large","max-video-preview":"max-video-preview:-1"},"canonical":"https:\/\/vuletech.com\/product\/in-sight-vision-9000\/","og_locale":"en_US","og_type":"article","og_title":"In-sight Vision 9000 - V\u0169 L\u00ea Tech","og_description":"[vc_row][vc_column width=&#8221;1\/2&#8243;][vc_custom_heading text=&#8221;T\u00ednh n\u0103ng c\u1ee7a Insight Vision 9000&#8243; use_theme_fonts=&#8221;yes&#8221;][vc_column_text] In-Sight 9000 l\u00e0 m\u1ed9t h\u1ec7 th\u1ed1ng t\u1ea7m nh\u00ecn \u0111\u1ed9c l\u1eadp, \u0111\u1ed9 ph\u00e2n gi\u1ea3i c\u1ef1c cao. V\u1edbi kh\u1ea3 n\u0103ng thu nh\u1eadn v\u00e0 x\u1eed l\u00fd h\u00ecnh \u1ea3nh chi ti\u1ebft \u0111\u1eb7c bi\u1ec7t, In-Sight 9000 c\u00f3 th\u1ec3 x\u00e1c \u0111\u1ecbnh v\u1ecb tr\u00ed, \u0111o l\u01b0\u1eddng v\u00e0 ki\u1ec3m tra ph\u1ea7n ch\u00ednh x\u00e1c cao","og_url":"https:\/\/vuletech.com\/product\/in-sight-vision-9000\/","og_site_name":"V\u0169 L\u00ea Tech","article_modified_time":"2025-05-13T09:12:02+00:00","og_image":[{"width":1000,"height":562,"url":"https:\/\/vuletech.com\/wp-content\/uploads\/2020\/07\/t\u00f9y-ch\u1ec9nh-v\u00f9ng-qu\u00e9t-h\u00ecnh-\u1ea3nh.jpg","type":"image\/jpeg"}],"twitter_card":"summary_large_image","twitter_misc":{"Est. reading time":"6 minutes"},"schema":{"@context":"https:\/\/schema.org","@graph":[{"@type":"WebPage","@id":"https:\/\/vuletech.com\/product\/in-sight-vision-9000\/","url":"https:\/\/vuletech.com\/product\/in-sight-vision-9000\/","name":"In-sight Vision 9000 - V\u0169 L\u00ea Tech","isPartOf":{"@id":"http:\/\/vuletech.com\/#website"},"primaryImageOfPage":{"@id":"https:\/\/vuletech.com\/product\/in-sight-vision-9000\/#primaryimage"},"image":{"@id":"https:\/\/vuletech.com\/product\/in-sight-vision-9000\/#primaryimage"},"thumbnailUrl":"https:\/\/vuletech.com\/wp-content\/uploads\/2020\/07\/t\u00f9y-ch\u1ec9nh-v\u00f9ng-qu\u00e9t-h\u00ecnh-\u1ea3nh.jpg","datePublished":"2025-05-13T09:10:14+00:00","dateModified":"2025-05-13T09:12:02+00:00","breadcrumb":{"@id":"https:\/\/vuletech.com\/product\/in-sight-vision-9000\/#breadcrumb"},"inLanguage":"en-US","potentialAction":[{"@type":"ReadAction","target":["https:\/\/vuletech.com\/product\/in-sight-vision-9000\/"]}]},{"@type":"ImageObject","inLanguage":"en-US","@id":"https:\/\/vuletech.com\/product\/in-sight-vision-9000\/#primaryimage","url":"https:\/\/vuletech.com\/wp-content\/uploads\/2020\/07\/t\u00f9y-ch\u1ec9nh-v\u00f9ng-qu\u00e9t-h\u00ecnh-\u1ea3nh.jpg","contentUrl":"https:\/\/vuletech.com\/wp-content\/uploads\/2020\/07\/t\u00f9y-ch\u1ec9nh-v\u00f9ng-qu\u00e9t-h\u00ecnh-\u1ea3nh.jpg","width":1000,"height":562},{"@type":"BreadcrumbList","@id":"https:\/\/vuletech.com\/product\/in-sight-vision-9000\/#breadcrumb","itemListElement":[{"@type":"ListItem","position":1,"name":"Home","item":"http:\/\/vuletech.com\/en\/"},{"@type":"ListItem","position":2,"name":"Product","item":"http:\/\/vuletech.com\/product\/"},{"@type":"ListItem","position":3,"name":"In-sight Vision 9000"}]},{"@type":"WebSite","@id":"http:\/\/vuletech.com\/#website","url":"http:\/\/vuletech.com\/","name":"V\u0169 L\u00ea Tech","description":"Our Solution - Your Value","potentialAction":[{"@type":"SearchAction","target":{"@type":"EntryPoint","urlTemplate":"http:\/\/vuletech.com\/?s={search_term_string}"},"query-input":{"@type":"PropertyValueSpecification","valueRequired":true,"valueName":"search_term_string"}}],"inLanguage":"en-US"}]}},"_links":{"self":[{"href":"https:\/\/vuletech.com\/en\/wp-json\/wp\/v2\/product\/9671","targetHints":{"allow":["GET"]}}],"collection":[{"href":"https:\/\/vuletech.com\/en\/wp-json\/wp\/v2\/product"}],"about":[{"href":"https:\/\/vuletech.com\/en\/wp-json\/wp\/v2\/types\/product"}],"replies":[{"embeddable":true,"href":"https:\/\/vuletech.com\/en\/wp-json\/wp\/v2\/comments?post=9671"}],"wp:featuredmedia":[{"embeddable":true,"href":"https:\/\/vuletech.com\/en\/wp-json\/wp\/v2\/media\/243"}],"wp:attachment":[{"href":"https:\/\/vuletech.com\/en\/wp-json\/wp\/v2\/media?parent=9671"}],"wp:term":[{"taxonomy":"product_brand","embeddable":true,"href":"https:\/\/vuletech.com\/en\/wp-json\/wp\/v2\/product_brand?post=9671"},{"taxonomy":"product_cat","embeddable":true,"href":"https:\/\/vuletech.com\/en\/wp-json\/wp\/v2\/product_cat?post=9671"},{"taxonomy":"product_tag","embeddable":true,"href":"https:\/\/vuletech.com\/en\/wp-json\/wp\/v2\/product_tag?post=9671"}],"curies":[{"name":"wp","href":"https:\/\/api.w.org\/{rel}","templated":true}]}}