{"id":9672,"date":"2025-05-13T16:10:14","date_gmt":"2025-05-13T09:10:14","guid":{"rendered":"https:\/\/vuletech.com\/product\/in-sight-9902l-2\/"},"modified":"2025-05-13T16:12:45","modified_gmt":"2025-05-13T09:12:45","slug":"in-sight-9902l-2","status":"publish","type":"product","link":"https:\/\/vuletech.com\/en\/product\/in-sight-9902l-2\/","title":{"rendered":"In-sight 9902L"},"content":{"rendered":"<div class=\"wpb-content-wrapper\"><p>[vc_row][vc_column width=&#8221;1\/2&#8243;][vc_custom_heading text=&#8221;C\u00e1c t\u00ednh n\u0103ng c\u1ee7a s\u00ea-ri In-sight 9902L&#8221; use_theme_fonts=&#8221;yes&#8221;][vc_column_text]<\/p>\n<p style=\"background: white;\"><span style=\"color: black;\">Camera th\u00f4ng minh qu\u00e9t In-sight 9902L 2K l\u00e0 m\u1ed9t h\u1ec7 th\u1ed1ng quan s\u00e1t kh\u00e9p k\u00edn c\u00f3 \u0111\u1ed9 ph\u00e2n gi\u1ea3i cao l\u00fd t\u01b0\u1edfng \u0111\u1ec3 ki\u1ec3m tra chi ti\u1ebft c\u00e1c v\u1eadt th\u1ec3 l\u1edbn, h\u00ecnh tr\u1ee5 ho\u1eb7c di chuy\u1ec3n li\u00ean t\u1ee5c. 9902L thu \u0111\u01b0\u1ee3c t\u1edbi 16.000 d\u00f2ng 2.000 pixel m\u1ed7i d\u00f2ng \u0111\u1ec3 t\u1ea1o ra h\u00ecnh \u1ea3nh 32MP c\u00f3 th\u1ec3 \u0111\u01b0\u1ee3c s\u1eed d\u1ee5ng \u0111\u1ec3 ph\u00e1t hi\u1ec7n c\u00e1c t\u00ednh n\u0103ng v\u00e0 khi\u1ebfm khuy\u1ebft nh\u1ecf nh\u1ea5t. M\u1ed7i d\u00f2ng pixel \u0111\u01b0\u1ee3c thu nh\u1eadn \u1edf m\u1ee9c 67.000 d\u00f2ng m\u1ed7i gi\u00e2y \u0111\u1ec3 theo k\u1ecbp c\u00e1c d\u00e2y chuy\u1ec1n s\u1ea3n xu\u1ea5t nhanh nh\u1ea5t. H\u1ec7 th\u1ed1ng t\u1ea7m nh\u00ecn \u0111\u1ed9c l\u1eadp n\u00e0y ch\u1ec9 y\u00eau c\u1ea7u m\u1ed9t c\u00e1i nh\u00ecn nh\u1ecf v\u1ec1 ph\u1ea7n m\u1ee5c ti\u00eau, l\u00e0m cho n\u00f3 tr\u1edf th\u00e0nh m\u1ed9t l\u1ef1a ch\u1ecdn l\u00fd t\u01b0\u1edfng cho vi\u1ec7c c\u00e0i \u0111\u1eb7t v\u1edbi tr\u01b0\u1eddng nh\u00ecn h\u1ea1n ch\u1ebf ho\u1eb7c y\u00eau c\u1ea7u kh\u00f4ng gian l\u1eafp \u0111\u1eb7t.<\/span><\/p>\n<p>[\/vc_column_text][\/vc_column][vc_column width=&#8221;1\/2&#8243;][vc_single_image image=&#8221;1161&#8243; img_size=&#8221;full&#8221; alignment=&#8221;center&#8221;][\/vc_column][\/vc_row][vc_row][vc_column width=&#8221;1\/2&#8243;][vc_single_image image=&#8221;1163&#8243; img_size=&#8221;full&#8221; alignment=&#8221;center&#8221;][\/vc_column][vc_column width=&#8221;1\/2&#8243;][vc_custom_heading text=&#8221;H\u1ec7 th\u1ed1ng qu\u00e9t \u0111\u1ed9c l\u1eadp&#8221; use_theme_fonts=&#8221;yes&#8221;][vc_column_text]In-Sight 9902L l\u00e0 h\u1ec7 th\u1ed1ng qu\u00e9t c\u00f4ng nghi\u1ec7p nh\u00fang duy nh\u1ea5t x\u1eed l\u00fd h\u00ecnh \u1ea3nh tr\u1ef1c ti\u1ebfp tr\u00ean m\u00e1y \u1ea3nh. X\u1eed l\u00fd gi\u00fap lo\u1ea1i b\u1ecf s\u1ef1 b\u1ea5t ti\u1ec7n khi ph\u1ea3i c\u00e0i \u0111\u1eb7t m\u1ed9t b\u1ed9 \u0111i\u1ec1u khi\u1ec3n ri\u00eang. Th\u00eam v\u00e0o \u0111\u00f3, ch\u1ec9 s\u1ed1 b\u1ea3o v\u1ec7 IP l\u00e0 IP67 gi\u00fap b\u1ea3o v\u1ec7 h\u1ec7 th\u1ed1ng kh\u1ecfi ch\u1ea5t l\u1ecfng v\u00e0 b\u1ee5i m\u00e0 kh\u00f4ng c\u1ea7n v\u1ecf b\u1ecdc b\u00ean ngo\u00e0i[\/vc_column_text][\/vc_column][\/vc_row][vc_row][vc_column width=&#8221;1\/2&#8243;][vc_custom_heading text=&#8221;Ki\u1ec3m tra c\u00e1c b\u1ed9 ph\u1eadn d\u00e0i, h\u00ecnh tr\u1ee5 v\u00e0 li\u00ean t\u1ee5c di chuy\u1ec3n&#8221; use_theme_fonts=&#8221;yes&#8221;][vc_column_text]Camera qu\u00e9t l\u00e0 m\u1ed9t l\u1ef1a ch\u1ecdn l\u00fd t\u01b0\u1edfng \u0111\u1ec3 ki\u1ec3m tra c\u00e1c v\u1eadt th\u1ec3 qu\u00e1 kh\u1ed5 ho\u1eb7c h\u00ecnh tr\u1ee5 tr\u00ean d\u00e2y chuy\u1ec1n s\u1ea3n xu\u1ea5t chuy\u1ec3n \u0111\u1ed9ng nhanh. C\u00f3 nhi\u1ec1u \u1ee9ng d\u1ee5ng \u0111\u1ec3 qu\u00e9t, ph\u1ed5 bi\u1ebfn nh\u1ea5t bao g\u1ed3m:<\/p>\n<ul>\n<li>C\u00e1c v\u1eadt th\u1ec3 h\u00ecnh tr\u1ee5, nh\u01b0 b\u1ed9 l\u1ecdc \u00f4 t\u00f4 v\u00e0 pin, trong \u0111\u00f3 100% n\u1ebfu b\u1ec1 m\u1eb7t c\u1ee7a s\u1ea3n ph\u1ea9m c\u00f3 th\u1ec3 \u0111\u01b0\u1ee3c ki\u1ec3m tra khi n\u00f3 xoay d\u1ecdc theo d\u00e2y chuy\u1ec1n s\u1ea3n xu\u1ea5t<\/li>\n<li>Ki\u1ec3m tra nh\u00e3n tr\u00ean c\u00e1c b\u1ec1 m\u1eb7t cong, ch\u1eb3ng h\u1ea1n nh\u01b0 h\u1ed9p \u0111\u1ef1ng s\u00fap ho\u1eb7c gi\u1ea5y g\u00f3i chai, c\u00f3 th\u1ec3 \u0111\u01b0\u1ee3c \u0111i\u1ec1u khi\u1ec3n b\u1edfi v\u00ec kh\u00f4ng th\u1ec3 ki\u1ec3m so\u00e1t \u0111\u01b0\u1ee3c th\u00e0nh m\u1ed9t b\u1ec1 m\u1eb7t ph\u1eb3ng 2D \u0111\u1ec3 ki\u1ec3m tra<\/li>\n<li>C\u00e1c v\u1eadt th\u1ec3 l\u1edbn, nh\u01b0 pin m\u1eb7t tr\u1eddi v\u00e0 t\u1ea5m c\u1eeda xe c\u00f3 th\u1ec3 \u0111\u01b0\u1ee3c ch\u1ee5p v\u00e0 ki\u1ec3m tra to\u00e0n b\u1ed9<\/li>\n<\/ul>\n<p>[\/vc_column_text][\/vc_column][vc_column width=&#8221;1\/2&#8243;][vc_single_image image=&#8221;1160&#8243; img_size=&#8221;full&#8221; alignment=&#8221;center&#8221;][\/vc_column][\/vc_row][vc_row][vc_column width=&#8221;1\/2&#8243;][vc_single_image image=&#8221;1159&#8243; img_size=&#8221;full&#8221; alignment=&#8221;center&#8221;][\/vc_column][vc_column width=&#8221;1\/2&#8243;][vc_custom_heading text=&#8221;Thu th\u1eadp h\u00ecnh \u1ea3nh nhanh, \u0111\u1ed9 ph\u00e2n gi\u1ea3i cao&#8221; use_theme_fonts=&#8221;yes&#8221;][vc_column_text]<\/p>\n<p style=\"background: white;\"><span style=\"color: black;\">In-Sight 9902L c\u00f3 t\u1ed1c \u0111\u1ed9 \u0111\u01b0\u1eddng truy\u1ec1n 67 kHz c\u1ef1c nhanh, c\u00f3 \u0111\u01b0\u1ee3c t\u1eebng d\u00f2ng d\u1eef li\u1ec7u ch\u1ec9 trong 15 micro gi\u00e2y.\u00a0Ch\u1ee5p 2.000 pixel v\u1edbi m\u1ed7i d\u00f2ng, m\u00e1y \u1ea3nh cung c\u1ea5p h\u00ecnh \u1ea3nh 32MP (16.000 d\u00f2ng) cho ph\u00e9p c\u00e1c c\u00f4ng c\u1ee5 th\u1ecb gi\u00e1c th\u1ef1c hi\u1ec7n ki\u1ec3m tra r\u1ea5t chi ti\u1ebft.<\/span><\/p>\n<p>[\/vc_column_text][\/vc_column][\/vc_row]<\/p>\n<\/div>","protected":false},"excerpt":{"rendered":"<p>[vc_row][vc_column width=&#8221;1\/2&#8243;][vc_custom_heading text=&#8221;C\u00e1c t\u00ednh n\u0103ng c\u1ee7a s\u00ea-ri In-sight 9902L&#8221; use_theme_fonts=&#8221;yes&#8221;][vc_column_text] Camera th\u00f4ng minh qu\u00e9t In-sight 9902L 2K l\u00e0 m\u1ed9t h\u1ec7 th\u1ed1ng quan s\u00e1t kh\u00e9p k\u00edn c\u00f3 \u0111\u1ed9 ph\u00e2n gi\u1ea3i cao l\u00fd t\u01b0\u1edfng \u0111\u1ec3 ki\u1ec3m tra chi ti\u1ebft c\u00e1c v\u1eadt th\u1ec3 l\u1edbn, h\u00ecnh tr\u1ee5 ho\u1eb7c di chuy\u1ec3n li\u00ean t\u1ee5c. 9902L thu \u0111\u01b0\u1ee3c t\u1edbi 16.000 d\u00f2ng 2.000<\/p>\n","protected":false},"featured_media":256,"comment_status":"closed","ping_status":"closed","template":"","meta":[],"product_brand":[],"product_cat":[723,801],"product_tag":[],"class_list":{"0":"post-9672","1":"product","2":"type-product","3":"status-publish","4":"has-post-thumbnail","6":"product_cat-vision-sensor","7":"product_cat-vision-system","9":"first","10":"instock","11":"product-type-simple"},"acf":[],"yoast_head":"<!-- This site is optimized with the Yoast SEO plugin v25.1 - https:\/\/yoast.com\/wordpress\/plugins\/seo\/ -->\n<title>In-sight 9902L - V\u0169 L\u00ea Tech<\/title>\n<meta name=\"robots\" content=\"index, follow, max-snippet:-1, max-image-preview:large, max-video-preview:-1\" \/>\n<link rel=\"canonical\" href=\"https:\/\/vuletech.com\/en\/product\/in-sight-9902l-2\/\" \/>\n<meta property=\"og:locale\" content=\"en_US\" \/>\n<meta property=\"og:type\" content=\"article\" \/>\n<meta property=\"og:title\" content=\"In-sight 9902L - V\u0169 L\u00ea Tech\" \/>\n<meta property=\"og:description\" content=\"[vc_row][vc_column width=&#8221;1\/2&#8243;][vc_custom_heading text=&#8221;C\u00e1c t\u00ednh n\u0103ng c\u1ee7a s\u00ea-ri In-sight 9902L&#8221; use_theme_fonts=&#8221;yes&#8221;][vc_column_text] Camera th\u00f4ng minh qu\u00e9t In-sight 9902L 2K l\u00e0 m\u1ed9t h\u1ec7 th\u1ed1ng quan s\u00e1t kh\u00e9p k\u00edn c\u00f3 \u0111\u1ed9 ph\u00e2n gi\u1ea3i cao l\u00fd t\u01b0\u1edfng \u0111\u1ec3 ki\u1ec3m tra chi ti\u1ebft c\u00e1c v\u1eadt th\u1ec3 l\u1edbn, h\u00ecnh tr\u1ee5 ho\u1eb7c di chuy\u1ec3n li\u00ean t\u1ee5c. 9902L thu \u0111\u01b0\u1ee3c t\u1edbi 16.000 d\u00f2ng 2.000\" \/>\n<meta property=\"og:url\" content=\"https:\/\/vuletech.com\/en\/product\/in-sight-9902l-2\/\" \/>\n<meta property=\"og:site_name\" content=\"V\u0169 L\u00ea Tech\" \/>\n<meta property=\"article:modified_time\" content=\"2025-05-13T09:12:45+00:00\" \/>\n<meta property=\"og:image\" content=\"https:\/\/vuletech.com\/wp-content\/uploads\/2020\/07\/self-contained-line-system.jpg\" \/>\n\t<meta property=\"og:image:width\" content=\"750\" \/>\n\t<meta property=\"og:image:height\" content=\"440\" \/>\n\t<meta property=\"og:image:type\" content=\"image\/jpeg\" \/>\n<meta name=\"twitter:card\" content=\"summary_large_image\" \/>\n<meta name=\"twitter:label1\" content=\"Est. reading time\" \/>\n\t<meta name=\"twitter:data1\" content=\"4 minutes\" \/>\n<script type=\"application\/ld+json\" class=\"yoast-schema-graph\">{\"@context\":\"https:\/\/schema.org\",\"@graph\":[{\"@type\":\"WebPage\",\"@id\":\"https:\/\/vuletech.com\/en\/product\/in-sight-9902l-2\/\",\"url\":\"https:\/\/vuletech.com\/en\/product\/in-sight-9902l-2\/\",\"name\":\"In-sight 9902L - V\u0169 L\u00ea Tech\",\"isPartOf\":{\"@id\":\"http:\/\/vuletech.com\/#website\"},\"primaryImageOfPage\":{\"@id\":\"https:\/\/vuletech.com\/en\/product\/in-sight-9902l-2\/#primaryimage\"},\"image\":{\"@id\":\"https:\/\/vuletech.com\/en\/product\/in-sight-9902l-2\/#primaryimage\"},\"thumbnailUrl\":\"https:\/\/vuletech.com\/wp-content\/uploads\/2020\/07\/self-contained-line-system.jpg\",\"datePublished\":\"2025-05-13T09:10:14+00:00\",\"dateModified\":\"2025-05-13T09:12:45+00:00\",\"breadcrumb\":{\"@id\":\"https:\/\/vuletech.com\/en\/product\/in-sight-9902l-2\/#breadcrumb\"},\"inLanguage\":\"en-US\",\"potentialAction\":[{\"@type\":\"ReadAction\",\"target\":[\"https:\/\/vuletech.com\/en\/product\/in-sight-9902l-2\/\"]}]},{\"@type\":\"ImageObject\",\"inLanguage\":\"en-US\",\"@id\":\"https:\/\/vuletech.com\/en\/product\/in-sight-9902l-2\/#primaryimage\",\"url\":\"https:\/\/vuletech.com\/wp-content\/uploads\/2020\/07\/self-contained-line-system.jpg\",\"contentUrl\":\"https:\/\/vuletech.com\/wp-content\/uploads\/2020\/07\/self-contained-line-system.jpg\",\"width\":750,\"height\":440},{\"@type\":\"BreadcrumbList\",\"@id\":\"https:\/\/vuletech.com\/en\/product\/in-sight-9902l-2\/#breadcrumb\",\"itemListElement\":[{\"@type\":\"ListItem\",\"position\":1,\"name\":\"Home\",\"item\":\"http:\/\/vuletech.com\/en\/\"},{\"@type\":\"ListItem\",\"position\":2,\"name\":\"Product\",\"item\":\"http:\/\/vuletech.com\/product\/\"},{\"@type\":\"ListItem\",\"position\":3,\"name\":\"In-sight 9902L\"}]},{\"@type\":\"WebSite\",\"@id\":\"http:\/\/vuletech.com\/#website\",\"url\":\"http:\/\/vuletech.com\/\",\"name\":\"V\u0169 L\u00ea Tech\",\"description\":\"Our Solution - Your Value\",\"potentialAction\":[{\"@type\":\"SearchAction\",\"target\":{\"@type\":\"EntryPoint\",\"urlTemplate\":\"http:\/\/vuletech.com\/?s={search_term_string}\"},\"query-input\":{\"@type\":\"PropertyValueSpecification\",\"valueRequired\":true,\"valueName\":\"search_term_string\"}}],\"inLanguage\":\"en-US\"}]}<\/script>\n<!-- \/ Yoast SEO plugin. -->","yoast_head_json":{"title":"In-sight 9902L - V\u0169 L\u00ea Tech","robots":{"index":"index","follow":"follow","max-snippet":"max-snippet:-1","max-image-preview":"max-image-preview:large","max-video-preview":"max-video-preview:-1"},"canonical":"https:\/\/vuletech.com\/en\/product\/in-sight-9902l-2\/","og_locale":"en_US","og_type":"article","og_title":"In-sight 9902L - V\u0169 L\u00ea Tech","og_description":"[vc_row][vc_column width=&#8221;1\/2&#8243;][vc_custom_heading text=&#8221;C\u00e1c t\u00ednh n\u0103ng c\u1ee7a s\u00ea-ri In-sight 9902L&#8221; use_theme_fonts=&#8221;yes&#8221;][vc_column_text] Camera th\u00f4ng minh qu\u00e9t In-sight 9902L 2K l\u00e0 m\u1ed9t h\u1ec7 th\u1ed1ng quan s\u00e1t kh\u00e9p k\u00edn c\u00f3 \u0111\u1ed9 ph\u00e2n gi\u1ea3i cao l\u00fd t\u01b0\u1edfng \u0111\u1ec3 ki\u1ec3m tra chi ti\u1ebft c\u00e1c v\u1eadt th\u1ec3 l\u1edbn, h\u00ecnh tr\u1ee5 ho\u1eb7c di chuy\u1ec3n li\u00ean t\u1ee5c. 9902L thu \u0111\u01b0\u1ee3c t\u1edbi 16.000 d\u00f2ng 2.000","og_url":"https:\/\/vuletech.com\/en\/product\/in-sight-9902l-2\/","og_site_name":"V\u0169 L\u00ea Tech","article_modified_time":"2025-05-13T09:12:45+00:00","og_image":[{"width":750,"height":440,"url":"https:\/\/vuletech.com\/wp-content\/uploads\/2020\/07\/self-contained-line-system.jpg","type":"image\/jpeg"}],"twitter_card":"summary_large_image","twitter_misc":{"Est. reading time":"4 minutes"},"schema":{"@context":"https:\/\/schema.org","@graph":[{"@type":"WebPage","@id":"https:\/\/vuletech.com\/en\/product\/in-sight-9902l-2\/","url":"https:\/\/vuletech.com\/en\/product\/in-sight-9902l-2\/","name":"In-sight 9902L - V\u0169 L\u00ea Tech","isPartOf":{"@id":"http:\/\/vuletech.com\/#website"},"primaryImageOfPage":{"@id":"https:\/\/vuletech.com\/en\/product\/in-sight-9902l-2\/#primaryimage"},"image":{"@id":"https:\/\/vuletech.com\/en\/product\/in-sight-9902l-2\/#primaryimage"},"thumbnailUrl":"https:\/\/vuletech.com\/wp-content\/uploads\/2020\/07\/self-contained-line-system.jpg","datePublished":"2025-05-13T09:10:14+00:00","dateModified":"2025-05-13T09:12:45+00:00","breadcrumb":{"@id":"https:\/\/vuletech.com\/en\/product\/in-sight-9902l-2\/#breadcrumb"},"inLanguage":"en-US","potentialAction":[{"@type":"ReadAction","target":["https:\/\/vuletech.com\/en\/product\/in-sight-9902l-2\/"]}]},{"@type":"ImageObject","inLanguage":"en-US","@id":"https:\/\/vuletech.com\/en\/product\/in-sight-9902l-2\/#primaryimage","url":"https:\/\/vuletech.com\/wp-content\/uploads\/2020\/07\/self-contained-line-system.jpg","contentUrl":"https:\/\/vuletech.com\/wp-content\/uploads\/2020\/07\/self-contained-line-system.jpg","width":750,"height":440},{"@type":"BreadcrumbList","@id":"https:\/\/vuletech.com\/en\/product\/in-sight-9902l-2\/#breadcrumb","itemListElement":[{"@type":"ListItem","position":1,"name":"Home","item":"http:\/\/vuletech.com\/en\/"},{"@type":"ListItem","position":2,"name":"Product","item":"http:\/\/vuletech.com\/product\/"},{"@type":"ListItem","position":3,"name":"In-sight 9902L"}]},{"@type":"WebSite","@id":"http:\/\/vuletech.com\/#website","url":"http:\/\/vuletech.com\/","name":"V\u0169 L\u00ea Tech","description":"Our Solution - Your Value","potentialAction":[{"@type":"SearchAction","target":{"@type":"EntryPoint","urlTemplate":"http:\/\/vuletech.com\/?s={search_term_string}"},"query-input":{"@type":"PropertyValueSpecification","valueRequired":true,"valueName":"search_term_string"}}],"inLanguage":"en-US"}]}},"_links":{"self":[{"href":"https:\/\/vuletech.com\/en\/wp-json\/wp\/v2\/product\/9672","targetHints":{"allow":["GET"]}}],"collection":[{"href":"https:\/\/vuletech.com\/en\/wp-json\/wp\/v2\/product"}],"about":[{"href":"https:\/\/vuletech.com\/en\/wp-json\/wp\/v2\/types\/product"}],"replies":[{"embeddable":true,"href":"https:\/\/vuletech.com\/en\/wp-json\/wp\/v2\/comments?post=9672"}],"wp:featuredmedia":[{"embeddable":true,"href":"https:\/\/vuletech.com\/en\/wp-json\/wp\/v2\/media\/256"}],"wp:attachment":[{"href":"https:\/\/vuletech.com\/en\/wp-json\/wp\/v2\/media?parent=9672"}],"wp:term":[{"taxonomy":"product_brand","embeddable":true,"href":"https:\/\/vuletech.com\/en\/wp-json\/wp\/v2\/product_brand?post=9672"},{"taxonomy":"product_cat","embeddable":true,"href":"https:\/\/vuletech.com\/en\/wp-json\/wp\/v2\/product_cat?post=9672"},{"taxonomy":"product_tag","embeddable":true,"href":"https:\/\/vuletech.com\/en\/wp-json\/wp\/v2\/product_tag?post=9672"}],"curies":[{"name":"wp","href":"https:\/\/api.w.org\/{rel}","templated":true}]}}