{"id":9674,"date":"2025-05-13T16:26:50","date_gmt":"2025-05-13T09:26:50","guid":{"rendered":"https:\/\/vuletech.com\/product\/a5-16\/"},"modified":"2025-05-13T16:27:20","modified_gmt":"2025-05-13T09:27:20","slug":"a5-16","status":"publish","type":"product","link":"https:\/\/vuletech.com\/en\/product\/a5-16\/","title":{"rendered":"A5===-16"},"content":{"rendered":"<div class=\"wpb-content-wrapper\"><p>[vc_row][vc_column width=&#8221;1\/4&#8243;][vc_single_image image=&#8221;2290&#8243; img_size=&#8221;full&#8221;][\/vc_column][vc_column width=&#8221;3\/4&#8243;][vc_column_text]<strong>M\u00e1y \u0111o t\u1ea7n s\u1ed1 1\/8 DIN<br \/>\nXung \u0111i\u1ec7n \u00e1p<\/strong><\/p>\n<p><strong>T\u00ednh n\u0103ng<\/strong><\/p>\n<p><strong>\u30fb<\/strong> C\u00f3 th\u1ec3 l\u1ef1a ch\u1ecdn m\u1ed9t m\u00e0n h\u00ecnh \/ nhi\u1ec1u m\u00e0n h\u00ecnh<br \/>\n\u30fb C\u00f3 th\u1ec3 thay \u0111\u1ed5i ph\u1ea1m vi \u0111o b\u1eb1ng c\u00e1ch l\u1ef1a ch\u1ecdn ph\u1ea1m vi \u0111\u1ea7u v\u00e0o<br \/>\n\u30fb C\u00f3 th\u1ec3\u00a0l\u1ef1a ch\u1ecdn\u00a0nhi\u1ec1u ph\u1ea1m vi \u0111\u1ea7u ra v\u00e0 \u0111i\u1ec7n \u00e1p ngu\u1ed3n cung c\u1ea5p kh\u00e1c nhau \u0111\u1ec3 ph\u00f9 h\u1ee3p v\u1edbi \u1ee9ng d\u1ee5ng c\u1ee7a b\u1ea1n[\/vc_column_text][\/vc_column][\/vc_row][vc_row][vc_column][vc_tta_tabs][vc_tta_section title=&#8221;Tab 1&#8243; tab_id=&#8221;1604392429310-10d767eb-5ea6&#8243;][\/vc_tta_section][vc_tta_section title=&#8221;Tab 2&#8243; tab_id=&#8221;1604392429335-2538b55e-eff0&#8243;][\/vc_tta_section][\/vc_tta_tabs][\/vc_column][\/vc_row]<\/p>\n<\/div>","protected":false},"excerpt":{"rendered":"<p>[vc_row][vc_column width=&#8221;1\/4&#8243;][vc_single_image image=&#8221;2290&#8243; img_size=&#8221;full&#8221;][\/vc_column][vc_column width=&#8221;3\/4&#8243;][vc_column_text]M\u00e1y \u0111o t\u1ea7n s\u1ed1 1\/8 DIN Xung \u0111i\u1ec7n \u00e1p T\u00ednh n\u0103ng \u30fb C\u00f3 th\u1ec3 l\u1ef1a ch\u1ecdn m\u1ed9t m\u00e0n h\u00ecnh \/ nhi\u1ec1u m\u00e0n h\u00ecnh \u30fb C\u00f3 th\u1ec3 thay \u0111\u1ed5i ph\u1ea1m vi \u0111o b\u1eb1ng c\u00e1ch l\u1ef1a ch\u1ecdn ph\u1ea1m vi \u0111\u1ea7u v\u00e0o \u30fb C\u00f3 th\u1ec3\u00a0l\u1ef1a ch\u1ecdn\u00a0nhi\u1ec1u ph\u1ea1m vi \u0111\u1ea7u ra v\u00e0 \u0111i\u1ec7n \u00e1p ngu\u1ed3n<\/p>\n","protected":false},"featured_media":2290,"comment_status":"closed","ping_status":"closed","template":"","meta":[],"product_brand":[],"product_cat":[804,808,806,803],"product_tag":[],"class_list":{"0":"post-9674","1":"product","2":"type-product","3":"status-publish","4":"has-post-thumbnail","6":"product_cat-dong-ho-do-ky-thuat-so","7":"product_cat-may-do-bo-dem-tan-so","8":"product_cat-se-ri-a5000","9":"product_cat-thiet-bi-dien-watanabe","11":"first","12":"instock","13":"product-type-simple"},"acf":[],"yoast_head":"<!-- This site is optimized with the Yoast SEO plugin v25.1 - https:\/\/yoast.com\/wordpress\/plugins\/seo\/ -->\n<title>A5===-16 - V\u0169 L\u00ea Tech<\/title>\n<meta name=\"robots\" content=\"index, follow, max-snippet:-1, max-image-preview:large, max-video-preview:-1\" \/>\n<link rel=\"canonical\" href=\"https:\/\/vuletech.com\/product\/a5-16\/\" \/>\n<meta property=\"og:locale\" content=\"en_US\" \/>\n<meta property=\"og:type\" content=\"article\" \/>\n<meta property=\"og:title\" content=\"A5===-16 - V\u0169 L\u00ea Tech\" \/>\n<meta property=\"og:description\" content=\"[vc_row][vc_column width=&#8221;1\/4&#8243;][vc_single_image image=&#8221;2290&#8243; img_size=&#8221;full&#8221;][\/vc_column][vc_column width=&#8221;3\/4&#8243;][vc_column_text]M\u00e1y \u0111o t\u1ea7n s\u1ed1 1\/8 DIN Xung \u0111i\u1ec7n \u00e1p T\u00ednh n\u0103ng \u30fb C\u00f3 th\u1ec3 l\u1ef1a ch\u1ecdn m\u1ed9t m\u00e0n h\u00ecnh \/ nhi\u1ec1u m\u00e0n h\u00ecnh \u30fb C\u00f3 th\u1ec3 thay \u0111\u1ed5i ph\u1ea1m vi \u0111o b\u1eb1ng c\u00e1ch l\u1ef1a ch\u1ecdn ph\u1ea1m vi \u0111\u1ea7u v\u00e0o \u30fb C\u00f3 th\u1ec3\u00a0l\u1ef1a ch\u1ecdn\u00a0nhi\u1ec1u ph\u1ea1m vi \u0111\u1ea7u ra v\u00e0 \u0111i\u1ec7n \u00e1p ngu\u1ed3n\" \/>\n<meta property=\"og:url\" content=\"https:\/\/vuletech.com\/product\/a5-16\/\" \/>\n<meta property=\"og:site_name\" content=\"V\u0169 L\u00ea Tech\" \/>\n<meta property=\"article:modified_time\" content=\"2025-05-13T09:27:20+00:00\" \/>\n<meta property=\"og:image\" content=\"https:\/\/vuletech.com\/wp-content\/uploads\/2020\/11\/A5\u25a1\u25a1\u25a1-16.jpeg\" \/>\n\t<meta property=\"og:image:width\" content=\"200\" \/>\n\t<meta property=\"og:image:height\" content=\"200\" \/>\n\t<meta property=\"og:image:type\" content=\"image\/jpeg\" \/>\n<meta name=\"twitter:card\" content=\"summary_large_image\" \/>\n<meta name=\"twitter:label1\" content=\"Est. reading time\" \/>\n\t<meta name=\"twitter:data1\" content=\"1 minute\" \/>\n<script type=\"application\/ld+json\" class=\"yoast-schema-graph\">{\"@context\":\"https:\/\/schema.org\",\"@graph\":[{\"@type\":\"WebPage\",\"@id\":\"https:\/\/vuletech.com\/product\/a5-16\/\",\"url\":\"https:\/\/vuletech.com\/product\/a5-16\/\",\"name\":\"A5===-16 - V\u0169 L\u00ea Tech\",\"isPartOf\":{\"@id\":\"https:\/\/vuletech.com\/en\/#website\"},\"primaryImageOfPage\":{\"@id\":\"https:\/\/vuletech.com\/product\/a5-16\/#primaryimage\"},\"image\":{\"@id\":\"https:\/\/vuletech.com\/product\/a5-16\/#primaryimage\"},\"thumbnailUrl\":\"https:\/\/vuletech.com\/wp-content\/uploads\/2020\/11\/A5\u25a1\u25a1\u25a1-16.jpeg\",\"datePublished\":\"2025-05-13T09:26:50+00:00\",\"dateModified\":\"2025-05-13T09:27:20+00:00\",\"breadcrumb\":{\"@id\":\"https:\/\/vuletech.com\/product\/a5-16\/#breadcrumb\"},\"inLanguage\":\"en-US\",\"potentialAction\":[{\"@type\":\"ReadAction\",\"target\":[\"https:\/\/vuletech.com\/product\/a5-16\/\"]}]},{\"@type\":\"ImageObject\",\"inLanguage\":\"en-US\",\"@id\":\"https:\/\/vuletech.com\/product\/a5-16\/#primaryimage\",\"url\":\"https:\/\/vuletech.com\/wp-content\/uploads\/2020\/11\/A5\u25a1\u25a1\u25a1-16.jpeg\",\"contentUrl\":\"https:\/\/vuletech.com\/wp-content\/uploads\/2020\/11\/A5\u25a1\u25a1\u25a1-16.jpeg\",\"width\":200,\"height\":200,\"caption\":\"M\u00e1y \u0111o t\u1ea7n s\u1ed1\"},{\"@type\":\"BreadcrumbList\",\"@id\":\"https:\/\/vuletech.com\/product\/a5-16\/#breadcrumb\",\"itemListElement\":[{\"@type\":\"ListItem\",\"position\":1,\"name\":\"Home\",\"item\":\"https:\/\/vuletech.com\/en\/\"},{\"@type\":\"ListItem\",\"position\":2,\"name\":\"Product\",\"item\":\"http:\/\/vuletech.com\/product\/\"},{\"@type\":\"ListItem\",\"position\":3,\"name\":\"A5===-16\"}]},{\"@type\":\"WebSite\",\"@id\":\"https:\/\/vuletech.com\/en\/#website\",\"url\":\"https:\/\/vuletech.com\/en\/\",\"name\":\"V\u0169 L\u00ea Tech\",\"description\":\"Our Solution - Your Value\",\"potentialAction\":[{\"@type\":\"SearchAction\",\"target\":{\"@type\":\"EntryPoint\",\"urlTemplate\":\"https:\/\/vuletech.com\/en\/?s={search_term_string}\"},\"query-input\":{\"@type\":\"PropertyValueSpecification\",\"valueRequired\":true,\"valueName\":\"search_term_string\"}}],\"inLanguage\":\"en-US\"}]}<\/script>\n<!-- \/ Yoast SEO plugin. -->","yoast_head_json":{"title":"A5===-16 - V\u0169 L\u00ea Tech","robots":{"index":"index","follow":"follow","max-snippet":"max-snippet:-1","max-image-preview":"max-image-preview:large","max-video-preview":"max-video-preview:-1"},"canonical":"https:\/\/vuletech.com\/product\/a5-16\/","og_locale":"en_US","og_type":"article","og_title":"A5===-16 - V\u0169 L\u00ea Tech","og_description":"[vc_row][vc_column width=&#8221;1\/4&#8243;][vc_single_image image=&#8221;2290&#8243; img_size=&#8221;full&#8221;][\/vc_column][vc_column width=&#8221;3\/4&#8243;][vc_column_text]M\u00e1y \u0111o t\u1ea7n s\u1ed1 1\/8 DIN Xung \u0111i\u1ec7n \u00e1p T\u00ednh n\u0103ng \u30fb C\u00f3 th\u1ec3 l\u1ef1a ch\u1ecdn m\u1ed9t m\u00e0n h\u00ecnh \/ nhi\u1ec1u m\u00e0n h\u00ecnh \u30fb C\u00f3 th\u1ec3 thay \u0111\u1ed5i ph\u1ea1m vi \u0111o b\u1eb1ng c\u00e1ch l\u1ef1a ch\u1ecdn ph\u1ea1m vi \u0111\u1ea7u v\u00e0o \u30fb C\u00f3 th\u1ec3\u00a0l\u1ef1a ch\u1ecdn\u00a0nhi\u1ec1u ph\u1ea1m vi \u0111\u1ea7u ra v\u00e0 \u0111i\u1ec7n \u00e1p ngu\u1ed3n","og_url":"https:\/\/vuletech.com\/product\/a5-16\/","og_site_name":"V\u0169 L\u00ea Tech","article_modified_time":"2025-05-13T09:27:20+00:00","og_image":[{"width":200,"height":200,"url":"https:\/\/vuletech.com\/wp-content\/uploads\/2020\/11\/A5\u25a1\u25a1\u25a1-16.jpeg","type":"image\/jpeg"}],"twitter_card":"summary_large_image","twitter_misc":{"Est. reading time":"1 minute"},"schema":{"@context":"https:\/\/schema.org","@graph":[{"@type":"WebPage","@id":"https:\/\/vuletech.com\/product\/a5-16\/","url":"https:\/\/vuletech.com\/product\/a5-16\/","name":"A5===-16 - V\u0169 L\u00ea Tech","isPartOf":{"@id":"https:\/\/vuletech.com\/en\/#website"},"primaryImageOfPage":{"@id":"https:\/\/vuletech.com\/product\/a5-16\/#primaryimage"},"image":{"@id":"https:\/\/vuletech.com\/product\/a5-16\/#primaryimage"},"thumbnailUrl":"https:\/\/vuletech.com\/wp-content\/uploads\/2020\/11\/A5\u25a1\u25a1\u25a1-16.jpeg","datePublished":"2025-05-13T09:26:50+00:00","dateModified":"2025-05-13T09:27:20+00:00","breadcrumb":{"@id":"https:\/\/vuletech.com\/product\/a5-16\/#breadcrumb"},"inLanguage":"en-US","potentialAction":[{"@type":"ReadAction","target":["https:\/\/vuletech.com\/product\/a5-16\/"]}]},{"@type":"ImageObject","inLanguage":"en-US","@id":"https:\/\/vuletech.com\/product\/a5-16\/#primaryimage","url":"https:\/\/vuletech.com\/wp-content\/uploads\/2020\/11\/A5\u25a1\u25a1\u25a1-16.jpeg","contentUrl":"https:\/\/vuletech.com\/wp-content\/uploads\/2020\/11\/A5\u25a1\u25a1\u25a1-16.jpeg","width":200,"height":200,"caption":"M\u00e1y \u0111o t\u1ea7n s\u1ed1"},{"@type":"BreadcrumbList","@id":"https:\/\/vuletech.com\/product\/a5-16\/#breadcrumb","itemListElement":[{"@type":"ListItem","position":1,"name":"Home","item":"https:\/\/vuletech.com\/en\/"},{"@type":"ListItem","position":2,"name":"Product","item":"http:\/\/vuletech.com\/product\/"},{"@type":"ListItem","position":3,"name":"A5===-16"}]},{"@type":"WebSite","@id":"https:\/\/vuletech.com\/en\/#website","url":"https:\/\/vuletech.com\/en\/","name":"V\u0169 L\u00ea Tech","description":"Our Solution - Your Value","potentialAction":[{"@type":"SearchAction","target":{"@type":"EntryPoint","urlTemplate":"https:\/\/vuletech.com\/en\/?s={search_term_string}"},"query-input":{"@type":"PropertyValueSpecification","valueRequired":true,"valueName":"search_term_string"}}],"inLanguage":"en-US"}]}},"_links":{"self":[{"href":"https:\/\/vuletech.com\/en\/wp-json\/wp\/v2\/product\/9674","targetHints":{"allow":["GET"]}}],"collection":[{"href":"https:\/\/vuletech.com\/en\/wp-json\/wp\/v2\/product"}],"about":[{"href":"https:\/\/vuletech.com\/en\/wp-json\/wp\/v2\/types\/product"}],"replies":[{"embeddable":true,"href":"https:\/\/vuletech.com\/en\/wp-json\/wp\/v2\/comments?post=9674"}],"wp:featuredmedia":[{"embeddable":true,"href":"https:\/\/vuletech.com\/en\/wp-json\/wp\/v2\/media\/2290"}],"wp:attachment":[{"href":"https:\/\/vuletech.com\/en\/wp-json\/wp\/v2\/media?parent=9674"}],"wp:term":[{"taxonomy":"product_brand","embeddable":true,"href":"https:\/\/vuletech.com\/en\/wp-json\/wp\/v2\/product_brand?post=9674"},{"taxonomy":"product_cat","embeddable":true,"href":"https:\/\/vuletech.com\/en\/wp-json\/wp\/v2\/product_cat?post=9674"},{"taxonomy":"product_tag","embeddable":true,"href":"https:\/\/vuletech.com\/en\/wp-json\/wp\/v2\/product_tag?post=9674"}],"curies":[{"name":"wp","href":"https:\/\/api.w.org\/{rel}","templated":true}]}}