{"id":9678,"date":"2025-05-13T16:35:40","date_gmt":"2025-05-13T09:35:40","guid":{"rendered":"https:\/\/vuletech.com\/product\/a6b\/"},"modified":"2025-05-13T16:37:13","modified_gmt":"2025-05-13T09:37:13","slug":"a6b","status":"publish","type":"product","link":"https:\/\/vuletech.com\/en\/product\/a6b\/","title":{"rendered":"A6==B"},"content":{"rendered":"<div class=\"wpb-content-wrapper\"><p>[vc_row][vc_column width=&#8221;1\/4&#8243;][vc_single_image image=&#8221;2310&#8243; img_size=&#8221;full&#8221;][\/vc_column][vc_column width=&#8221;3\/4&#8243;][vc_column_text]<strong>B\u1ea3ng \u0111\u1ed3ng h\u1ed3 k\u1ef9 thu\u1eadt s\u1ed1 1\/8 DIN cho t\u00edn hi\u1ec7u c\u1ee7a qu\u00e1 tr\u00ecnh<\/strong><\/p>\n<p><strong>T\u00ednh n\u0103ng<\/strong><\/p>\n<p><strong>\u30fb <\/strong>Kh\u1ea3 n\u0103ng ho\u1ea1t \u0111\u1ed9ng tuy\u1ec7t v\u1eddi nh\u1edd c\u00f4ng t\u1eafc Jog<br \/>\n\u30fb Tr\u1ef1c quan h\u00f3a t\u00ecnh tr\u1ea1ng c\u1ea3nh b\u00e1o b\u1eb1ng \u0111\u00e8n LED 2 m\u00e0u<br \/>\n\u30fb C\u00f3 th\u1ec3 thay \u0111\u1ed5i ph\u1ea1m vi \u0111o b\u1eb1ng c\u00e1ch l\u1ef1a ch\u1ecdn ph\u1ea1m vi \u0111\u1ea7u v\u00e0o<br \/>\n\u30fb C\u00f3 th\u1ec3 l\u1ef1a ch\u1ecdn nhi\u1ec1u ph\u1ea1m vi \u0111\u1ea7u ra kh\u00e1c nhau\u00a0v\u00e0 \u0111i\u1ec7n \u00e1p ngu\u1ed3n \u0111\u1ec3 ph\u00f9 h\u1ee3p v\u1edbi \u1ee9ng d\u1ee5ng c\u1ee7a b\u1ea1n[\/vc_column_text][\/vc_column][\/vc_row][vc_row][vc_column][vc_tta_tabs][vc_tta_section title=&#8221;Th\u00f4ng s\u1ed1 k\u0129 thu\u1eadt&#8221; tab_id=&#8221;1604551000600-562a3ec9-4047&#8243;][vc_column_text]<\/p>\n<table width=\"350\">\n<tbody>\n<tr>\n<td width=\"130\">\u0110\u1ea7u v\u00e0o<\/td>\n<td width=\"220\">X\u1eed l\u00fd t\u00edn hi\u1ec7u<\/td>\n<\/tr>\n<tr>\n<td width=\"130\">\u0110\u1ea7u ra<\/td>\n<td width=\"220\">\u203b \u0110\u1eb7c \u0111i\u1ec3m k\u1ef9 thu\u1eadt ph\u1ee5 thu\u1ed9c v\u00e0o m\u00e3 ki\u1ec3u m\u00e1y.<br \/>\n\u0110\u1ea7u ra so s\u00e1nh \u00d7 3 (HI \/ GO \/ LO)<br \/>\n\u0110\u1ea7u ra r\u01a1 le \uff65 \uff65 \uff65 AC250V 2A \/ DC30V 2A B\u1ed9<br \/>\ngh\u00e9p \u1ea3nh \uff65 \uff65 \uff65 DC30V 20mA<br \/>\n\u0110\u1ea7u ra t\u01b0\u01a1ng t\u1ef1 \u00d7 1<br \/>\n\u0110i\u1ec7n \u00e1p DC \/<br \/>\n\u0110\u1ea7u ra BCD\u00a0d\u00f2ng DC\u00a0\u00d7 1 B\u1ed9\u00a0\u00a0\u00a0\u00a0thu m\u1edf<br \/>\nTTL<br \/>\n\uff65 \uff65 \uff65 DC30V 10mA<br \/>\nGiao ti\u1ebfp \u0111\u1ea7u ra \u00d7 1<br \/>\nRS-232C \/ RS-485<\/td>\n<\/tr>\n<tr>\n<td width=\"130\">M\u1ea1ng l\u01b0\u1edbi<\/td>\n<td width=\"220\">RS-232C<br \/>\nRS-485<\/td>\n<\/tr>\n<tr>\n<td width=\"130\">Power<\/td>\n<td width=\"220\">AC100 ~ 240V<br \/>\nDC12 ~ 48V<\/td>\n<\/tr>\n<tr>\n<td width=\"130\">S\u1ef1 ch\u00ednh x\u00e1c<\/td>\n<td width=\"220\">\u00b1 0,03% rdg + 2 ch\u1eef s\u1ed1 ~ 0,1% rdg + 3 ch\u1eef s\u1ed1<\/td>\n<\/tr>\n<tr>\n<td width=\"130\">\u0110\u1ed9 b\u1ec1n \u0111i\u1ec7n m\u00f4i<\/td>\n<td width=\"220\">Ngu\u1ed3n \u0111i\u1ec7n AC: AC2000V<br \/>\nNgu\u1ed3n \u0111i\u1ec7n DC: DC500V<\/td>\n<\/tr>\n<tr>\n<td width=\"130\">C\u00e2n n\u1eb7ng<\/td>\n<td width=\"220\">X\u1ea5p x\u1ec9 450g<\/td>\n<\/tr>\n<tr>\n<td width=\"130\">K\u00edch th\u01b0\u1edbc (HWD)<\/td>\n<td width=\"220\">48 \u00d7 96 \u00d7 97,5mm<\/td>\n<\/tr>\n<tr>\n<td width=\"130\">Nhi\u1ec7t \u0111\u1ed9 \/ \u0111\u1ed9 \u1ea9m ho\u1ea1t \u0111\u1ed9ng<\/td>\n<td width=\"220\">0 ~ + 50 \u2103<br \/>\n35 ~ 85% RH<\/td>\n<\/tr>\n<tr>\n<td width=\"130\">K\u00edch th\u01b0\u1edbc b\u1ea3ng \u0111i\u1ec1u khi\u1ec3n (HW)<\/td>\n<td width=\"220\">48\u00d796mm<\/td>\n<\/tr>\n<tr>\n<td width=\"130\">Hi\u1ec3n th\u1ecb ch\u1eef s\u1ed1<\/td>\n<td width=\"220\">4 ch\u1eef s\u1ed1<\/td>\n<\/tr>\n<\/tbody>\n<\/table>\n<p>[\/vc_column_text][\/vc_tta_section][vc_tta_section title=&#8221;T\u00e0i li\u1ec7u&#8221; tab_id=&#8221;1604551000625-9dfe6437-0efa&#8221;][vc_column_text]<\/p>\n<table style=\"height: 145px;\" width=\"352\">\n<tbody>\n<tr>\n<td width=\"124\">Th\u00f4ng s\u1ed1 k\u0129 thu\u1eadt<\/td>\n<td width=\"136\"><a href=\"https:\/\/vuletech.com\/wp-content\/uploads\/2020\/11\/Thong-so-ki-thuat_A61.pdf\">Th\u00f4ng s\u1ed1 k\u0129 thu\u1eadt_A6<\/a><\/td>\n<\/tr>\n<tr>\n<td>S\u00e1ch h\u01b0\u1edbng d\u1eabn<\/td>\n<td><a href=\"https:\/\/vuletech.com\/wp-content\/uploads\/2020\/11\/Huong-dan-su-dung_A61.pdf\">H\u01b0\u1edbng d\u1eabn s\u1eed d\u1ee5ng_A6<\/a><\/td>\n<\/tr>\n<tr>\n<td>B\u1ea3n v\u1ebd<\/td>\n<td>Kh\u00f4ng c\u00f3 s\u1eb5n<\/td>\n<\/tr>\n<\/tbody>\n<\/table>\n<p>[\/vc_column_text][\/vc_tta_section][\/vc_tta_tabs][\/vc_column][\/vc_row]<\/p>\n<\/div>","protected":false},"excerpt":{"rendered":"<p>[vc_row][vc_column width=&#8221;1\/4&#8243;][vc_single_image image=&#8221;2310&#8243; img_size=&#8221;full&#8221;][\/vc_column][vc_column width=&#8221;3\/4&#8243;][vc_column_text]B\u1ea3ng \u0111\u1ed3ng h\u1ed3 k\u1ef9 thu\u1eadt s\u1ed1 1\/8 DIN cho t\u00edn hi\u1ec7u c\u1ee7a qu\u00e1 tr\u00ecnh T\u00ednh n\u0103ng \u30fb Kh\u1ea3 n\u0103ng ho\u1ea1t \u0111\u1ed9ng tuy\u1ec7t v\u1eddi nh\u1edd c\u00f4ng t\u1eafc Jog \u30fb Tr\u1ef1c quan h\u00f3a t\u00ecnh tr\u1ea1ng c\u1ea3nh b\u00e1o b\u1eb1ng \u0111\u00e8n LED 2 m\u00e0u \u30fb C\u00f3 th\u1ec3 thay \u0111\u1ed5i ph\u1ea1m vi \u0111o b\u1eb1ng c\u00e1ch l\u1ef1a<\/p>\n","protected":false},"featured_media":2310,"comment_status":"closed","ping_status":"closed","template":"","meta":[],"product_brand":[],"product_cat":[804,805,803,810],"product_tag":[],"class_list":{"0":"post-9678","1":"product","2":"type-product","3":"status-publish","4":"has-post-thumbnail","6":"product_cat-dong-ho-do-ky-thuat-so","7":"product_cat-se-ri-a6000","8":"product_cat-thiet-bi-dien-watanabe","9":"product_cat-von-ke-ampe-ke-dc","11":"first","12":"instock","13":"product-type-simple"},"acf":[],"yoast_head":"<!-- This site is optimized with the Yoast SEO plugin v25.1 - https:\/\/yoast.com\/wordpress\/plugins\/seo\/ -->\n<title>A6==B - V\u0169 L\u00ea Tech<\/title>\n<meta name=\"robots\" content=\"index, follow, max-snippet:-1, max-image-preview:large, max-video-preview:-1\" \/>\n<link rel=\"canonical\" href=\"https:\/\/vuletech.com\/product\/a6b\/\" \/>\n<meta property=\"og:locale\" content=\"en_US\" \/>\n<meta property=\"og:type\" content=\"article\" \/>\n<meta property=\"og:title\" content=\"A6==B - V\u0169 L\u00ea Tech\" \/>\n<meta property=\"og:description\" content=\"[vc_row][vc_column width=&#8221;1\/4&#8243;][vc_single_image image=&#8221;2310&#8243; img_size=&#8221;full&#8221;][\/vc_column][vc_column width=&#8221;3\/4&#8243;][vc_column_text]B\u1ea3ng \u0111\u1ed3ng h\u1ed3 k\u1ef9 thu\u1eadt s\u1ed1 1\/8 DIN cho t\u00edn hi\u1ec7u c\u1ee7a qu\u00e1 tr\u00ecnh T\u00ednh n\u0103ng \u30fb Kh\u1ea3 n\u0103ng ho\u1ea1t \u0111\u1ed9ng tuy\u1ec7t v\u1eddi nh\u1edd c\u00f4ng t\u1eafc Jog \u30fb Tr\u1ef1c quan h\u00f3a t\u00ecnh tr\u1ea1ng c\u1ea3nh b\u00e1o b\u1eb1ng \u0111\u00e8n LED 2 m\u00e0u \u30fb C\u00f3 th\u1ec3 thay \u0111\u1ed5i ph\u1ea1m vi \u0111o b\u1eb1ng c\u00e1ch l\u1ef1a\" \/>\n<meta property=\"og:url\" content=\"https:\/\/vuletech.com\/product\/a6b\/\" \/>\n<meta property=\"og:site_name\" content=\"V\u0169 L\u00ea Tech\" \/>\n<meta property=\"article:modified_time\" content=\"2025-05-13T09:37:13+00:00\" \/>\n<meta property=\"og:image\" content=\"https:\/\/vuletech.com\/wp-content\/uploads\/2020\/11\/A6\u25a1\u25a11.jpg\" \/>\n\t<meta property=\"og:image:width\" content=\"200\" \/>\n\t<meta property=\"og:image:height\" content=\"200\" \/>\n\t<meta property=\"og:image:type\" content=\"image\/jpeg\" \/>\n<meta name=\"twitter:card\" content=\"summary_large_image\" \/>\n<meta name=\"twitter:label1\" content=\"Est. reading time\" \/>\n\t<meta name=\"twitter:data1\" content=\"2 minutes\" \/>\n<script type=\"application\/ld+json\" class=\"yoast-schema-graph\">{\"@context\":\"https:\/\/schema.org\",\"@graph\":[{\"@type\":\"WebPage\",\"@id\":\"https:\/\/vuletech.com\/product\/a6b\/\",\"url\":\"https:\/\/vuletech.com\/product\/a6b\/\",\"name\":\"A6==B - V\u0169 L\u00ea Tech\",\"isPartOf\":{\"@id\":\"https:\/\/vuletech.com\/en\/#website\"},\"primaryImageOfPage\":{\"@id\":\"https:\/\/vuletech.com\/product\/a6b\/#primaryimage\"},\"image\":{\"@id\":\"https:\/\/vuletech.com\/product\/a6b\/#primaryimage\"},\"thumbnailUrl\":\"https:\/\/vuletech.com\/wp-content\/uploads\/2020\/11\/A6\u25a1\u25a11.jpg\",\"datePublished\":\"2025-05-13T09:35:40+00:00\",\"dateModified\":\"2025-05-13T09:37:13+00:00\",\"breadcrumb\":{\"@id\":\"https:\/\/vuletech.com\/product\/a6b\/#breadcrumb\"},\"inLanguage\":\"en-US\",\"potentialAction\":[{\"@type\":\"ReadAction\",\"target\":[\"https:\/\/vuletech.com\/product\/a6b\/\"]}]},{\"@type\":\"ImageObject\",\"inLanguage\":\"en-US\",\"@id\":\"https:\/\/vuletech.com\/product\/a6b\/#primaryimage\",\"url\":\"https:\/\/vuletech.com\/wp-content\/uploads\/2020\/11\/A6\u25a1\u25a11.jpg\",\"contentUrl\":\"https:\/\/vuletech.com\/wp-content\/uploads\/2020\/11\/A6\u25a1\u25a11.jpg\",\"width\":200,\"height\":200,\"caption\":\"\uff1a V\u00f4n k\u1ebf DC\"},{\"@type\":\"BreadcrumbList\",\"@id\":\"https:\/\/vuletech.com\/product\/a6b\/#breadcrumb\",\"itemListElement\":[{\"@type\":\"ListItem\",\"position\":1,\"name\":\"Home\",\"item\":\"https:\/\/vuletech.com\/en\/\"},{\"@type\":\"ListItem\",\"position\":2,\"name\":\"Product\",\"item\":\"http:\/\/vuletech.com\/product\/\"},{\"@type\":\"ListItem\",\"position\":3,\"name\":\"A6==B\"}]},{\"@type\":\"WebSite\",\"@id\":\"https:\/\/vuletech.com\/en\/#website\",\"url\":\"https:\/\/vuletech.com\/en\/\",\"name\":\"V\u0169 L\u00ea Tech\",\"description\":\"Our Solution - Your Value\",\"potentialAction\":[{\"@type\":\"SearchAction\",\"target\":{\"@type\":\"EntryPoint\",\"urlTemplate\":\"https:\/\/vuletech.com\/en\/?s={search_term_string}\"},\"query-input\":{\"@type\":\"PropertyValueSpecification\",\"valueRequired\":true,\"valueName\":\"search_term_string\"}}],\"inLanguage\":\"en-US\"}]}<\/script>\n<!-- \/ Yoast SEO plugin. -->","yoast_head_json":{"title":"A6==B - V\u0169 L\u00ea Tech","robots":{"index":"index","follow":"follow","max-snippet":"max-snippet:-1","max-image-preview":"max-image-preview:large","max-video-preview":"max-video-preview:-1"},"canonical":"https:\/\/vuletech.com\/product\/a6b\/","og_locale":"en_US","og_type":"article","og_title":"A6==B - V\u0169 L\u00ea Tech","og_description":"[vc_row][vc_column width=&#8221;1\/4&#8243;][vc_single_image image=&#8221;2310&#8243; img_size=&#8221;full&#8221;][\/vc_column][vc_column width=&#8221;3\/4&#8243;][vc_column_text]B\u1ea3ng \u0111\u1ed3ng h\u1ed3 k\u1ef9 thu\u1eadt s\u1ed1 1\/8 DIN cho t\u00edn hi\u1ec7u c\u1ee7a qu\u00e1 tr\u00ecnh T\u00ednh n\u0103ng \u30fb Kh\u1ea3 n\u0103ng ho\u1ea1t \u0111\u1ed9ng tuy\u1ec7t v\u1eddi nh\u1edd c\u00f4ng t\u1eafc Jog \u30fb Tr\u1ef1c quan h\u00f3a t\u00ecnh tr\u1ea1ng c\u1ea3nh b\u00e1o b\u1eb1ng \u0111\u00e8n LED 2 m\u00e0u \u30fb C\u00f3 th\u1ec3 thay \u0111\u1ed5i ph\u1ea1m vi \u0111o b\u1eb1ng c\u00e1ch l\u1ef1a","og_url":"https:\/\/vuletech.com\/product\/a6b\/","og_site_name":"V\u0169 L\u00ea Tech","article_modified_time":"2025-05-13T09:37:13+00:00","og_image":[{"width":200,"height":200,"url":"https:\/\/vuletech.com\/wp-content\/uploads\/2020\/11\/A6\u25a1\u25a11.jpg","type":"image\/jpeg"}],"twitter_card":"summary_large_image","twitter_misc":{"Est. reading time":"2 minutes"},"schema":{"@context":"https:\/\/schema.org","@graph":[{"@type":"WebPage","@id":"https:\/\/vuletech.com\/product\/a6b\/","url":"https:\/\/vuletech.com\/product\/a6b\/","name":"A6==B - V\u0169 L\u00ea Tech","isPartOf":{"@id":"https:\/\/vuletech.com\/en\/#website"},"primaryImageOfPage":{"@id":"https:\/\/vuletech.com\/product\/a6b\/#primaryimage"},"image":{"@id":"https:\/\/vuletech.com\/product\/a6b\/#primaryimage"},"thumbnailUrl":"https:\/\/vuletech.com\/wp-content\/uploads\/2020\/11\/A6\u25a1\u25a11.jpg","datePublished":"2025-05-13T09:35:40+00:00","dateModified":"2025-05-13T09:37:13+00:00","breadcrumb":{"@id":"https:\/\/vuletech.com\/product\/a6b\/#breadcrumb"},"inLanguage":"en-US","potentialAction":[{"@type":"ReadAction","target":["https:\/\/vuletech.com\/product\/a6b\/"]}]},{"@type":"ImageObject","inLanguage":"en-US","@id":"https:\/\/vuletech.com\/product\/a6b\/#primaryimage","url":"https:\/\/vuletech.com\/wp-content\/uploads\/2020\/11\/A6\u25a1\u25a11.jpg","contentUrl":"https:\/\/vuletech.com\/wp-content\/uploads\/2020\/11\/A6\u25a1\u25a11.jpg","width":200,"height":200,"caption":"\uff1a V\u00f4n k\u1ebf DC"},{"@type":"BreadcrumbList","@id":"https:\/\/vuletech.com\/product\/a6b\/#breadcrumb","itemListElement":[{"@type":"ListItem","position":1,"name":"Home","item":"https:\/\/vuletech.com\/en\/"},{"@type":"ListItem","position":2,"name":"Product","item":"http:\/\/vuletech.com\/product\/"},{"@type":"ListItem","position":3,"name":"A6==B"}]},{"@type":"WebSite","@id":"https:\/\/vuletech.com\/en\/#website","url":"https:\/\/vuletech.com\/en\/","name":"V\u0169 L\u00ea Tech","description":"Our Solution - Your Value","potentialAction":[{"@type":"SearchAction","target":{"@type":"EntryPoint","urlTemplate":"https:\/\/vuletech.com\/en\/?s={search_term_string}"},"query-input":{"@type":"PropertyValueSpecification","valueRequired":true,"valueName":"search_term_string"}}],"inLanguage":"en-US"}]}},"_links":{"self":[{"href":"https:\/\/vuletech.com\/en\/wp-json\/wp\/v2\/product\/9678","targetHints":{"allow":["GET"]}}],"collection":[{"href":"https:\/\/vuletech.com\/en\/wp-json\/wp\/v2\/product"}],"about":[{"href":"https:\/\/vuletech.com\/en\/wp-json\/wp\/v2\/types\/product"}],"replies":[{"embeddable":true,"href":"https:\/\/vuletech.com\/en\/wp-json\/wp\/v2\/comments?post=9678"}],"wp:featuredmedia":[{"embeddable":true,"href":"https:\/\/vuletech.com\/en\/wp-json\/wp\/v2\/media\/2310"}],"wp:attachment":[{"href":"https:\/\/vuletech.com\/en\/wp-json\/wp\/v2\/media?parent=9678"}],"wp:term":[{"taxonomy":"product_brand","embeddable":true,"href":"https:\/\/vuletech.com\/en\/wp-json\/wp\/v2\/product_brand?post=9678"},{"taxonomy":"product_cat","embeddable":true,"href":"https:\/\/vuletech.com\/en\/wp-json\/wp\/v2\/product_cat?post=9678"},{"taxonomy":"product_tag","embeddable":true,"href":"https:\/\/vuletech.com\/en\/wp-json\/wp\/v2\/product_tag?post=9678"}],"curies":[{"name":"wp","href":"https:\/\/api.w.org\/{rel}","templated":true}]}}