{"id":9679,"date":"2025-05-13T16:49:42","date_gmt":"2025-05-13T09:49:42","guid":{"rendered":"https:\/\/vuletech.com\/product\/a711\/"},"modified":"2025-05-13T16:50:52","modified_gmt":"2025-05-13T09:50:52","slug":"a711","status":"publish","type":"product","link":"https:\/\/vuletech.com\/en\/product\/a711\/","title":{"rendered":"A7=11"},"content":{"rendered":"<div class=\"wpb-content-wrapper\"><p>[vc_row][vc_column width=&#8221;1\/4&#8243;][vc_single_image image=&#8221;2326&#8243; img_size=&#8221;full&#8221;][\/vc_column][vc_column width=&#8221;3\/4&#8243;][vc_column_text]<strong>V\u00f4n k\u1ebf DC 36mm x 72mm<\/strong><\/p>\n<p><strong>T\u00ednh n\u0103ng<\/strong><\/p>\n<p><strong>\u30fb<\/strong> H\u00ecnh \u1ea3nh h\u00f3a t\u00ecnh tr\u1ea1ng c\u1ea3nh b\u00e1o b\u1eb1ng \u0111\u00e8n LED 2 m\u00e0u<br \/>\n\u30fb C\u00f3 th\u1ec3 thay \u0111\u1ed5i ph\u1ea1m vi \u0111o b\u1eb1ng c\u00e1ch l\u1ef1a ch\u1ecdn ph\u1ea1m vi \u0111\u1ea7u v\u00e0o<br \/>\n\u30fb C\u00f3 th\u1ec3\u00a0l\u1ef1a ch\u1ecdn\u00a0nhi\u1ec1u ph\u1ea1m vi \u0111\u1ea7u ra kh\u00e1c nhau v\u00e0 \u0111i\u1ec7n \u00e1p ngu\u1ed3n cung c\u1ea5p cho ph\u00f9 h\u1ee3p v\u1edbi \u1ee9ng d\u1ee5ng c\u1ee7a b\u1ea1n<\/p>\n<p>[\/vc_column_text][\/vc_column][\/vc_row][vc_row][vc_column][vc_tta_tabs][vc_tta_section title=&#8221;Th\u00f4ng s\u1ed1 k\u0129 thu\u1eadt&#8221; tab_id=&#8221;1604562788884-229913a0-a2f6&#8243;][vc_column_text]<\/p>\n<table width=\"350\">\n<tbody>\n<tr>\n<td width=\"142\">\u0110\u1ea7u v\u00e0o<\/td>\n<td width=\"208\">\u0111i\u1ec7n \u00e1p DC<\/td>\n<\/tr>\n<tr>\n<td width=\"142\">\u0110\u1ea7u ra<\/td>\n<td width=\"208\">\u203b \u0110\u1eb7c \u0111i\u1ec3m k\u1ef9 thu\u1eadt ph\u1ee5 thu\u1ed9c v\u00e0o m\u00e3 ki\u1ec3u m\u00e1y.<br \/>\n\u30fb \u0110\u1ea7u ra so s\u00e1nh \u00d7 5 (HH \/ HI \/ GO \/ LO \/ LL)<br \/>\n\u0110\u1ea7u ra r\u01a1 le \uff65 \uff65 \uff65 AC125V 0.3A \/ DC30V 1A B\u1ed9<br \/>\ngh\u00e9p \u1ea3nh \uff65 \uff65 \uff65 DC30V 50mA<br \/>\n\u30fb \u0110\u1ea7u ra t\u01b0\u01a1ng t\u1ef1 \u00d7 1<br \/>\n\u0111i\u1ec7n \u00e1p DC \/ DC d\u00f2ng \u0111i\u1ec7n<br \/>\n\u30fb \u0110\u1ea7u ra BCD \u00d7 1 B\u1ed9\u00a0\u00a0\u00a0\u00a0\u00a0thu m\u1edf<br \/>\nTTL<br \/>\n\uff65 \uff65 \uff65 DC30V 10mA<br \/>\n\u30fb \u0110\u1ea7u ra giao ti\u1ebfp \u00d7 1<br \/>\nRS-232C \/ RS-485<\/td>\n<\/tr>\n<tr>\n<td width=\"142\">M\u1ea1ng l\u01b0\u1edbi<\/td>\n<td width=\"208\">RS-232C<br \/>\nRS-485<\/td>\n<\/tr>\n<tr>\n<td width=\"142\">Power<\/td>\n<td width=\"208\">AC100 ~ 240V<br \/>\nDC12 ~ 48V<\/td>\n<\/tr>\n<tr>\n<td width=\"142\">S\u1ef1 ch\u00ednh x\u00e1c<\/td>\n<td width=\"208\">\u00b1 0,03% rdg + 1 ch\u1eef s\u1ed1 ~ 0,1% rdg + 2 ch\u1eef s\u1ed1<\/td>\n<\/tr>\n<tr>\n<td width=\"142\">\u0110\u1ed9 b\u1ec1n \u0111i\u1ec7n m\u00f4i<\/td>\n<td width=\"208\">Ngu\u1ed3n \u0111i\u1ec7n AC: AC2000V<br \/>\nNgu\u1ed3n \u0111i\u1ec7n DC: DC500V<\/td>\n<\/tr>\n<tr>\n<td width=\"142\">C\u00e2n n\u1eb7ng<\/td>\n<td width=\"208\">X\u1ea5p x\u1ec9 160g<\/td>\n<\/tr>\n<tr>\n<td width=\"142\">K\u00edch th\u01b0\u1edbc (HWD)<\/td>\n<td width=\"208\">36\u00d772\u00d7118mm<\/td>\n<\/tr>\n<tr>\n<td width=\"142\">Nhi\u1ec7t \u0111\u1ed9 \/ \u0111\u1ed9 \u1ea9m ho\u1ea1t \u0111\u1ed9ng<\/td>\n<td width=\"208\">0 ~ + 50 \u2103<br \/>\n35 ~ 85% RH<\/td>\n<\/tr>\n<tr>\n<td width=\"142\">K\u00edch th\u01b0\u1edbc b\u1ea3ng \u0111i\u1ec1u khi\u1ec3n (HW)<\/td>\n<td width=\"208\">36\u00d772mm<\/td>\n<\/tr>\n<tr>\n<td width=\"142\">Hi\u1ec3n th\u1ecb ch\u1eef s\u1ed1<\/td>\n<td width=\"208\">4 ch\u1eef s\u1ed1<\/td>\n<\/tr>\n<\/tbody>\n<\/table>\n<p>[\/vc_column_text][\/vc_tta_section][vc_tta_section title=&#8221;T\u00e0i li\u1ec7u&#8221; tab_id=&#8221;1604562788961-50797cd0-4c03&#8243;][vc_column_text]<\/p>\n<table width=\"260\">\n<tbody>\n<tr>\n<td width=\"124\">Th\u00f4ng s\u1ed1 k\u0129 thu\u1eadt<\/td>\n<td width=\"136\"><a href=\"https:\/\/vuletech.com\/wp-content\/uploads\/2020\/11\/Thong-so-ki-thuat_A7.pdf\">Th\u00f4ng s\u1ed1 k\u0129 thu\u1eadt_A7<\/a><\/td>\n<\/tr>\n<tr>\n<td>S\u00e1ch h\u01b0\u1edbng d\u1eabn<\/td>\n<td><a href=\"https:\/\/vuletech.com\/wp-content\/uploads\/2020\/11\/Quy-trinh-huong-dan_A7000.pdf\">Quy tr\u00ecnh h\u01b0\u1edbng d\u1eabn_A7000<\/a><\/p>\n<p><a href=\"https:\/\/vuletech.com\/wp-content\/uploads\/2020\/11\/Huong-dan-van-hanh_A7.pdf\">H\u01b0\u1edbng d\u1eabn v\u1eadn h\u00e0nh_A7<\/a><\/td>\n<\/tr>\n<tr>\n<td>B\u1ea3n v\u1ebd<\/td>\n<td>Kh\u00f4ng c\u00f3 s\u1eb5n<\/td>\n<\/tr>\n<\/tbody>\n<\/table>\n<p>[\/vc_column_text][\/vc_tta_section][\/vc_tta_tabs][\/vc_column][\/vc_row]<\/p>\n<\/div>","protected":false},"excerpt":{"rendered":"<p>[vc_row][vc_column width=&#8221;1\/4&#8243;][vc_single_image image=&#8221;2326&#8243; img_size=&#8221;full&#8221;][\/vc_column][vc_column width=&#8221;3\/4&#8243;][vc_column_text]V\u00f4n k\u1ebf DC 36mm x 72mm T\u00ednh n\u0103ng \u30fb H\u00ecnh \u1ea3nh h\u00f3a t\u00ecnh tr\u1ea1ng c\u1ea3nh b\u00e1o b\u1eb1ng \u0111\u00e8n LED 2 m\u00e0u \u30fb C\u00f3 th\u1ec3 thay \u0111\u1ed5i ph\u1ea1m vi \u0111o b\u1eb1ng c\u00e1ch l\u1ef1a ch\u1ecdn ph\u1ea1m vi \u0111\u1ea7u v\u00e0o \u30fb C\u00f3 th\u1ec3\u00a0l\u1ef1a ch\u1ecdn\u00a0nhi\u1ec1u ph\u1ea1m vi \u0111\u1ea7u ra kh\u00e1c nhau v\u00e0 \u0111i\u1ec7n \u00e1p ngu\u1ed3n<\/p>\n","protected":false},"featured_media":1331,"comment_status":"closed","ping_status":"closed","template":"","meta":[],"product_brand":[],"product_cat":[804,807,803,812],"product_tag":[],"class_list":{"0":"post-9679","1":"product","2":"type-product","3":"status-publish","4":"has-post-thumbnail","6":"product_cat-dong-ho-do-ky-thuat-so","7":"product_cat-se-ri-a7000","8":"product_cat-thiet-bi-dien-watanabe","9":"product_cat-von-ke-ampe-ke-dc-2","11":"first","12":"instock","13":"product-type-simple"},"acf":[],"yoast_head":"<!-- This site is optimized with the Yoast SEO plugin v25.1 - https:\/\/yoast.com\/wordpress\/plugins\/seo\/ -->\n<title>A7=11 - V\u0169 L\u00ea Tech<\/title>\n<meta name=\"robots\" content=\"index, follow, max-snippet:-1, max-image-preview:large, max-video-preview:-1\" \/>\n<link rel=\"canonical\" href=\"https:\/\/vuletech.com\/en\/product\/a711\/\" \/>\n<meta property=\"og:locale\" content=\"en_US\" \/>\n<meta property=\"og:type\" content=\"article\" \/>\n<meta property=\"og:title\" content=\"A7=11 - V\u0169 L\u00ea Tech\" \/>\n<meta property=\"og:description\" content=\"[vc_row][vc_column width=&#8221;1\/4&#8243;][vc_single_image image=&#8221;2326&#8243; img_size=&#8221;full&#8221;][\/vc_column][vc_column width=&#8221;3\/4&#8243;][vc_column_text]V\u00f4n k\u1ebf DC 36mm x 72mm T\u00ednh n\u0103ng \u30fb H\u00ecnh \u1ea3nh h\u00f3a t\u00ecnh tr\u1ea1ng c\u1ea3nh b\u00e1o b\u1eb1ng \u0111\u00e8n LED 2 m\u00e0u \u30fb C\u00f3 th\u1ec3 thay \u0111\u1ed5i ph\u1ea1m vi \u0111o b\u1eb1ng c\u00e1ch l\u1ef1a ch\u1ecdn ph\u1ea1m vi \u0111\u1ea7u v\u00e0o \u30fb C\u00f3 th\u1ec3\u00a0l\u1ef1a ch\u1ecdn\u00a0nhi\u1ec1u ph\u1ea1m vi \u0111\u1ea7u ra kh\u00e1c nhau v\u00e0 \u0111i\u1ec7n \u00e1p ngu\u1ed3n\" \/>\n<meta property=\"og:url\" content=\"https:\/\/vuletech.com\/en\/product\/a711\/\" \/>\n<meta property=\"og:site_name\" content=\"V\u0169 L\u00ea Tech\" \/>\n<meta property=\"article:modified_time\" content=\"2025-05-13T09:50:52+00:00\" \/>\n<meta property=\"og:image\" content=\"https:\/\/vuletech.com\/wp-content\/uploads\/2020\/09\/Image-profile-2.jpg\" \/>\n\t<meta property=\"og:image:width\" content=\"360\" \/>\n\t<meta property=\"og:image:height\" content=\"360\" \/>\n\t<meta property=\"og:image:type\" content=\"image\/jpeg\" \/>\n<meta name=\"twitter:card\" content=\"summary_large_image\" \/>\n<meta name=\"twitter:label1\" content=\"Est. reading time\" \/>\n\t<meta name=\"twitter:data1\" content=\"2 minutes\" \/>\n<script type=\"application\/ld+json\" class=\"yoast-schema-graph\">{\"@context\":\"https:\/\/schema.org\",\"@graph\":[{\"@type\":\"WebPage\",\"@id\":\"https:\/\/vuletech.com\/en\/product\/a711\/\",\"url\":\"https:\/\/vuletech.com\/en\/product\/a711\/\",\"name\":\"A7=11 - V\u0169 L\u00ea Tech\",\"isPartOf\":{\"@id\":\"https:\/\/vuletech.com\/en\/#website\"},\"primaryImageOfPage\":{\"@id\":\"https:\/\/vuletech.com\/en\/product\/a711\/#primaryimage\"},\"image\":{\"@id\":\"https:\/\/vuletech.com\/en\/product\/a711\/#primaryimage\"},\"thumbnailUrl\":\"https:\/\/vuletech.com\/wp-content\/uploads\/2020\/09\/Image-profile-2.jpg\",\"datePublished\":\"2025-05-13T09:49:42+00:00\",\"dateModified\":\"2025-05-13T09:50:52+00:00\",\"breadcrumb\":{\"@id\":\"https:\/\/vuletech.com\/en\/product\/a711\/#breadcrumb\"},\"inLanguage\":\"en-US\",\"potentialAction\":[{\"@type\":\"ReadAction\",\"target\":[\"https:\/\/vuletech.com\/en\/product\/a711\/\"]}]},{\"@type\":\"ImageObject\",\"inLanguage\":\"en-US\",\"@id\":\"https:\/\/vuletech.com\/en\/product\/a711\/#primaryimage\",\"url\":\"https:\/\/vuletech.com\/wp-content\/uploads\/2020\/09\/Image-profile-2.jpg\",\"contentUrl\":\"https:\/\/vuletech.com\/wp-content\/uploads\/2020\/09\/Image-profile-2.jpg\",\"width\":360,\"height\":360,\"caption\":\"lift devices\"},{\"@type\":\"BreadcrumbList\",\"@id\":\"https:\/\/vuletech.com\/en\/product\/a711\/#breadcrumb\",\"itemListElement\":[{\"@type\":\"ListItem\",\"position\":1,\"name\":\"Home\",\"item\":\"https:\/\/vuletech.com\/en\/\"},{\"@type\":\"ListItem\",\"position\":2,\"name\":\"Product\",\"item\":\"http:\/\/vuletech.com\/product\/\"},{\"@type\":\"ListItem\",\"position\":3,\"name\":\"A7=11\"}]},{\"@type\":\"WebSite\",\"@id\":\"https:\/\/vuletech.com\/en\/#website\",\"url\":\"https:\/\/vuletech.com\/en\/\",\"name\":\"V\u0169 L\u00ea Tech\",\"description\":\"Our Solution - Your Value\",\"potentialAction\":[{\"@type\":\"SearchAction\",\"target\":{\"@type\":\"EntryPoint\",\"urlTemplate\":\"https:\/\/vuletech.com\/en\/?s={search_term_string}\"},\"query-input\":{\"@type\":\"PropertyValueSpecification\",\"valueRequired\":true,\"valueName\":\"search_term_string\"}}],\"inLanguage\":\"en-US\"}]}<\/script>\n<!-- \/ Yoast SEO plugin. -->","yoast_head_json":{"title":"A7=11 - V\u0169 L\u00ea Tech","robots":{"index":"index","follow":"follow","max-snippet":"max-snippet:-1","max-image-preview":"max-image-preview:large","max-video-preview":"max-video-preview:-1"},"canonical":"https:\/\/vuletech.com\/en\/product\/a711\/","og_locale":"en_US","og_type":"article","og_title":"A7=11 - V\u0169 L\u00ea Tech","og_description":"[vc_row][vc_column width=&#8221;1\/4&#8243;][vc_single_image image=&#8221;2326&#8243; img_size=&#8221;full&#8221;][\/vc_column][vc_column width=&#8221;3\/4&#8243;][vc_column_text]V\u00f4n k\u1ebf DC 36mm x 72mm T\u00ednh n\u0103ng \u30fb H\u00ecnh \u1ea3nh h\u00f3a t\u00ecnh tr\u1ea1ng c\u1ea3nh b\u00e1o b\u1eb1ng \u0111\u00e8n LED 2 m\u00e0u \u30fb C\u00f3 th\u1ec3 thay \u0111\u1ed5i ph\u1ea1m vi \u0111o b\u1eb1ng c\u00e1ch l\u1ef1a ch\u1ecdn ph\u1ea1m vi \u0111\u1ea7u v\u00e0o \u30fb C\u00f3 th\u1ec3\u00a0l\u1ef1a ch\u1ecdn\u00a0nhi\u1ec1u ph\u1ea1m vi \u0111\u1ea7u ra kh\u00e1c nhau v\u00e0 \u0111i\u1ec7n \u00e1p ngu\u1ed3n","og_url":"https:\/\/vuletech.com\/en\/product\/a711\/","og_site_name":"V\u0169 L\u00ea Tech","article_modified_time":"2025-05-13T09:50:52+00:00","og_image":[{"width":360,"height":360,"url":"https:\/\/vuletech.com\/wp-content\/uploads\/2020\/09\/Image-profile-2.jpg","type":"image\/jpeg"}],"twitter_card":"summary_large_image","twitter_misc":{"Est. reading time":"2 minutes"},"schema":{"@context":"https:\/\/schema.org","@graph":[{"@type":"WebPage","@id":"https:\/\/vuletech.com\/en\/product\/a711\/","url":"https:\/\/vuletech.com\/en\/product\/a711\/","name":"A7=11 - V\u0169 L\u00ea Tech","isPartOf":{"@id":"https:\/\/vuletech.com\/en\/#website"},"primaryImageOfPage":{"@id":"https:\/\/vuletech.com\/en\/product\/a711\/#primaryimage"},"image":{"@id":"https:\/\/vuletech.com\/en\/product\/a711\/#primaryimage"},"thumbnailUrl":"https:\/\/vuletech.com\/wp-content\/uploads\/2020\/09\/Image-profile-2.jpg","datePublished":"2025-05-13T09:49:42+00:00","dateModified":"2025-05-13T09:50:52+00:00","breadcrumb":{"@id":"https:\/\/vuletech.com\/en\/product\/a711\/#breadcrumb"},"inLanguage":"en-US","potentialAction":[{"@type":"ReadAction","target":["https:\/\/vuletech.com\/en\/product\/a711\/"]}]},{"@type":"ImageObject","inLanguage":"en-US","@id":"https:\/\/vuletech.com\/en\/product\/a711\/#primaryimage","url":"https:\/\/vuletech.com\/wp-content\/uploads\/2020\/09\/Image-profile-2.jpg","contentUrl":"https:\/\/vuletech.com\/wp-content\/uploads\/2020\/09\/Image-profile-2.jpg","width":360,"height":360,"caption":"lift devices"},{"@type":"BreadcrumbList","@id":"https:\/\/vuletech.com\/en\/product\/a711\/#breadcrumb","itemListElement":[{"@type":"ListItem","position":1,"name":"Home","item":"https:\/\/vuletech.com\/en\/"},{"@type":"ListItem","position":2,"name":"Product","item":"http:\/\/vuletech.com\/product\/"},{"@type":"ListItem","position":3,"name":"A7=11"}]},{"@type":"WebSite","@id":"https:\/\/vuletech.com\/en\/#website","url":"https:\/\/vuletech.com\/en\/","name":"V\u0169 L\u00ea Tech","description":"Our Solution - Your Value","potentialAction":[{"@type":"SearchAction","target":{"@type":"EntryPoint","urlTemplate":"https:\/\/vuletech.com\/en\/?s={search_term_string}"},"query-input":{"@type":"PropertyValueSpecification","valueRequired":true,"valueName":"search_term_string"}}],"inLanguage":"en-US"}]}},"_links":{"self":[{"href":"https:\/\/vuletech.com\/en\/wp-json\/wp\/v2\/product\/9679","targetHints":{"allow":["GET"]}}],"collection":[{"href":"https:\/\/vuletech.com\/en\/wp-json\/wp\/v2\/product"}],"about":[{"href":"https:\/\/vuletech.com\/en\/wp-json\/wp\/v2\/types\/product"}],"replies":[{"embeddable":true,"href":"https:\/\/vuletech.com\/en\/wp-json\/wp\/v2\/comments?post=9679"}],"wp:featuredmedia":[{"embeddable":true,"href":"https:\/\/vuletech.com\/en\/wp-json\/wp\/v2\/media\/1331"}],"wp:attachment":[{"href":"https:\/\/vuletech.com\/en\/wp-json\/wp\/v2\/media?parent=9679"}],"wp:term":[{"taxonomy":"product_brand","embeddable":true,"href":"https:\/\/vuletech.com\/en\/wp-json\/wp\/v2\/product_brand?post=9679"},{"taxonomy":"product_cat","embeddable":true,"href":"https:\/\/vuletech.com\/en\/wp-json\/wp\/v2\/product_cat?post=9679"},{"taxonomy":"product_tag","embeddable":true,"href":"https:\/\/vuletech.com\/en\/wp-json\/wp\/v2\/product_tag?post=9679"}],"curies":[{"name":"wp","href":"https:\/\/api.w.org\/{rel}","templated":true}]}}