{"id":9694,"date":"2025-05-13T17:26:59","date_gmt":"2025-05-13T10:26:59","guid":{"rendered":"https:\/\/vuletech.com\/product\/ap-301\/"},"modified":"2025-05-13T17:30:03","modified_gmt":"2025-05-13T10:30:03","slug":"ap-301","status":"publish","type":"product","link":"https:\/\/vuletech.com\/en\/product\/ap-301\/","title":{"rendered":"AP-301"},"content":{"rendered":"<div class=\"wpb-content-wrapper\"><p>[vc_row][vc_column width=&#8221;1\/4&#8243;][vc_single_image image=&#8221;2928&#8243; img_size=&#8221;full&#8221; alignment=&#8221;center&#8221;][\/vc_column][vc_column width=&#8221;3\/4&#8243;][vc_column_text]<strong>V\u00f4n k\u1ebf DC 36mm x 72mm<\/strong><\/p>\n<p><strong>T\u00ednh n\u0103ng<\/strong><\/p>\n<ul>\n<li>C\u00f3 th\u1ec3 th\u00eam ch\u1ee9c n\u0103ng theo b\u1ea3ng t\u00f9y ch\u1ecdn<\/li>\n<\/ul>\n<p>[\/vc_column_text][\/vc_column][\/vc_row][vc_row][vc_column][vc_tta_tabs][vc_tta_section title=&#8221;Th\u00f4ng s\u1ed1 k\u0129 thu\u1eadt&#8221; tab_id=&#8221;1606893847253-a0cb271e-e054&#8243;][vc_column_text]<\/p>\n<table width=\"350\">\n<tbody>\n<tr>\n<td width=\"130\"><strong>\u0110\u1ea7u v\u00e0o<\/strong><\/td>\n<td width=\"220\">\u0111i\u1ec7n \u00e1p DC<\/td>\n<\/tr>\n<tr>\n<td width=\"130\"><strong>\u0110\u1ea7u ra<\/strong><\/td>\n<td width=\"220\">kh\u00f4ng ph\u1ea3i<\/td>\n<\/tr>\n<tr>\n<td width=\"130\"><strong>Power<\/strong><\/td>\n<td width=\"220\">DC5V<\/td>\n<\/tr>\n<tr>\n<td width=\"130\"><strong>S\u1ef1 ch\u00ednh x\u00e1c<\/strong><\/td>\n<td width=\"220\">\u00b1 0,1% rdg + 1digit<\/td>\n<\/tr>\n<tr>\n<td width=\"130\"><strong>\u0110\u1ed9 b\u1ec1n \u0111i\u1ec7n m\u00f4i<\/strong><\/td>\n<td width=\"220\">AC1500V<\/td>\n<\/tr>\n<tr>\n<td width=\"130\"><strong>C\u00e2n n\u1eb7ng<\/strong><\/td>\n<td width=\"220\">X\u1ea5p x\u1ec9 35g<\/td>\n<\/tr>\n<tr>\n<td width=\"130\"><strong>K\u00edch th\u01b0\u1edbc (HWD)<\/strong><\/td>\n<td width=\"220\">36\u00d772\u00d729mm<\/td>\n<\/tr>\n<tr>\n<td width=\"130\"><strong>Nhi\u1ec7t \u0111\u1ed9 \/ \u0111\u1ed9 \u1ea9m ho\u1ea1t \u0111\u1ed9ng<\/strong><\/td>\n<td width=\"220\">0 ~ + 50 \u2103<br \/>\n35 ~ 85% RH<\/td>\n<\/tr>\n<tr>\n<td width=\"130\"><strong>K\u00edch th\u01b0\u1edbc b\u1ea3ng \u0111i\u1ec1u khi\u1ec3n (HW)<\/strong><\/td>\n<td width=\"220\">36\u00d772mm<\/td>\n<\/tr>\n<tr>\n<td width=\"130\"><strong>Hi\u1ec3n th\u1ecb ch\u1eef s\u1ed1<\/strong><\/td>\n<td width=\"220\">3 + 1\/2 ch\u1eef s\u1ed1<\/td>\n<\/tr>\n<\/tbody>\n<\/table>\n<p>[\/vc_column_text][\/vc_tta_section][vc_tta_section title=&#8221;T\u00e0i li\u1ec7u&#8221; tab_id=&#8221;1606893847283-4259e14f-4f1a&#8221;][vc_column_text]<\/p>\n<table width=\"359\">\n<tbody>\n<tr>\n<td width=\"135\">Th\u00f4ng s\u1ed1 k\u0129 thu\u1eadt<\/td>\n<td width=\"224\"><a href=\"https:\/\/vuletech.com\/wp-content\/uploads\/2020\/12\/Thong-so-ki-thuat_AP-301.pdf\">Th\u00f4ng s\u1ed1 k\u0129 thu\u1eadt_AP-301<\/a><\/td>\n<\/tr>\n<tr>\n<td width=\"135\">S\u00e1ch h\u01b0\u1edbng d\u1eabn<\/td>\n<td width=\"224\"><a href=\"https:\/\/vuletech.com\/wp-content\/uploads\/2020\/12\/Huong-dan_AP-301.pdf\">H\u01b0\u1edbng d\u1eabn_AP-301<\/a><\/td>\n<\/tr>\n<tr>\n<td width=\"135\">B\u1ea3n v\u1ebd<\/td>\n<td width=\"224\">Kh\u00f4ng c\u00f3 s\u1eb5n<\/td>\n<\/tr>\n<\/tbody>\n<\/table>\n<p>[\/vc_column_text][\/vc_tta_section][\/vc_tta_tabs][\/vc_column][\/vc_row]<\/p>\n<\/div>","protected":false},"excerpt":{"rendered":"<p>[vc_row][vc_column width=&#8221;1\/4&#8243;][vc_single_image image=&#8221;2928&#8243; img_size=&#8221;full&#8221; alignment=&#8221;center&#8221;][\/vc_column][vc_column width=&#8221;3\/4&#8243;][vc_column_text]V\u00f4n k\u1ebf DC 36mm x 72mm T\u00ednh n\u0103ng C\u00f3 th\u1ec3 th\u00eam ch\u1ee9c n\u0103ng theo b\u1ea3ng t\u00f9y ch\u1ecdn [\/vc_column_text][\/vc_column][\/vc_row][vc_row][vc_column][vc_tta_tabs][vc_tta_section title=&#8221;Th\u00f4ng s\u1ed1 k\u0129 thu\u1eadt&#8221; tab_id=&#8221;1606893847253-a0cb271e-e054&#8243;][vc_column_text] \u0110\u1ea7u v\u00e0o \u0111i\u1ec7n \u00e1p DC \u0110\u1ea7u ra kh\u00f4ng ph\u1ea3i Power DC5V S\u1ef1 ch\u00ednh x\u00e1c \u00b1 0,1% rdg + 1digit \u0110\u1ed9 b\u1ec1n \u0111i\u1ec7n m\u00f4i AC1500V C\u00e2n n\u1eb7ng X\u1ea5p<\/p>\n","protected":false},"featured_media":2928,"comment_status":"closed","ping_status":"closed","template":"","meta":[],"product_brand":[],"product_cat":[804,819,803,820],"product_tag":[],"class_list":{"0":"post-9694","1":"product","2":"type-product","3":"status-publish","4":"has-post-thumbnail","6":"product_cat-dong-ho-do-ky-thuat-so","7":"product_cat-se-ri-ap-as","8":"product_cat-thiet-bi-dien-watanabe","9":"product_cat-von-ke-ampe-ke-dc-4","11":"first","12":"instock","13":"product-type-simple"},"acf":[],"yoast_head":"<!-- This site is optimized with the Yoast SEO plugin v25.1 - https:\/\/yoast.com\/wordpress\/plugins\/seo\/ -->\n<title>AP-301 - V\u0169 L\u00ea Tech<\/title>\n<meta name=\"robots\" content=\"index, follow, max-snippet:-1, max-image-preview:large, max-video-preview:-1\" \/>\n<link rel=\"canonical\" href=\"https:\/\/vuletech.com\/en\/product\/ap-301\/\" \/>\n<meta property=\"og:locale\" content=\"en_US\" \/>\n<meta property=\"og:type\" content=\"article\" \/>\n<meta property=\"og:title\" content=\"AP-301 - V\u0169 L\u00ea Tech\" \/>\n<meta property=\"og:description\" content=\"[vc_row][vc_column width=&#8221;1\/4&#8243;][vc_single_image image=&#8221;2928&#8243; img_size=&#8221;full&#8221; alignment=&#8221;center&#8221;][\/vc_column][vc_column width=&#8221;3\/4&#8243;][vc_column_text]V\u00f4n k\u1ebf DC 36mm x 72mm T\u00ednh n\u0103ng C\u00f3 th\u1ec3 th\u00eam ch\u1ee9c n\u0103ng theo b\u1ea3ng t\u00f9y ch\u1ecdn [\/vc_column_text][\/vc_column][\/vc_row][vc_row][vc_column][vc_tta_tabs][vc_tta_section title=&#8221;Th\u00f4ng s\u1ed1 k\u0129 thu\u1eadt&#8221; tab_id=&#8221;1606893847253-a0cb271e-e054&#8243;][vc_column_text] \u0110\u1ea7u v\u00e0o \u0111i\u1ec7n \u00e1p DC \u0110\u1ea7u ra kh\u00f4ng ph\u1ea3i Power DC5V S\u1ef1 ch\u00ednh x\u00e1c \u00b1 0,1% rdg + 1digit \u0110\u1ed9 b\u1ec1n \u0111i\u1ec7n m\u00f4i AC1500V C\u00e2n n\u1eb7ng X\u1ea5p\" \/>\n<meta property=\"og:url\" content=\"https:\/\/vuletech.com\/en\/product\/ap-301\/\" \/>\n<meta property=\"og:site_name\" content=\"V\u0169 L\u00ea Tech\" \/>\n<meta property=\"article:modified_time\" content=\"2025-05-13T10:30:03+00:00\" \/>\n<meta property=\"og:image\" content=\"https:\/\/vuletech.com\/wp-content\/uploads\/2020\/12\/AP-301.jpeg\" \/>\n\t<meta property=\"og:image:width\" content=\"200\" \/>\n\t<meta property=\"og:image:height\" content=\"200\" \/>\n\t<meta property=\"og:image:type\" content=\"image\/jpeg\" \/>\n<meta name=\"twitter:card\" content=\"summary_large_image\" \/>\n<meta name=\"twitter:label1\" content=\"Est. reading time\" \/>\n\t<meta name=\"twitter:data1\" content=\"1 minute\" \/>\n<script type=\"application\/ld+json\" class=\"yoast-schema-graph\">{\"@context\":\"https:\/\/schema.org\",\"@graph\":[{\"@type\":\"WebPage\",\"@id\":\"https:\/\/vuletech.com\/en\/product\/ap-301\/\",\"url\":\"https:\/\/vuletech.com\/en\/product\/ap-301\/\",\"name\":\"AP-301 - V\u0169 L\u00ea Tech\",\"isPartOf\":{\"@id\":\"https:\/\/vuletech.com\/en\/#website\"},\"primaryImageOfPage\":{\"@id\":\"https:\/\/vuletech.com\/en\/product\/ap-301\/#primaryimage\"},\"image\":{\"@id\":\"https:\/\/vuletech.com\/en\/product\/ap-301\/#primaryimage\"},\"thumbnailUrl\":\"https:\/\/vuletech.com\/wp-content\/uploads\/2020\/12\/AP-301.jpeg\",\"datePublished\":\"2025-05-13T10:26:59+00:00\",\"dateModified\":\"2025-05-13T10:30:03+00:00\",\"breadcrumb\":{\"@id\":\"https:\/\/vuletech.com\/en\/product\/ap-301\/#breadcrumb\"},\"inLanguage\":\"en-US\",\"potentialAction\":[{\"@type\":\"ReadAction\",\"target\":[\"https:\/\/vuletech.com\/en\/product\/ap-301\/\"]}]},{\"@type\":\"ImageObject\",\"inLanguage\":\"en-US\",\"@id\":\"https:\/\/vuletech.com\/en\/product\/ap-301\/#primaryimage\",\"url\":\"https:\/\/vuletech.com\/wp-content\/uploads\/2020\/12\/AP-301.jpeg\",\"contentUrl\":\"https:\/\/vuletech.com\/wp-content\/uploads\/2020\/12\/AP-301.jpeg\",\"width\":200,\"height\":200},{\"@type\":\"BreadcrumbList\",\"@id\":\"https:\/\/vuletech.com\/en\/product\/ap-301\/#breadcrumb\",\"itemListElement\":[{\"@type\":\"ListItem\",\"position\":1,\"name\":\"Home\",\"item\":\"https:\/\/vuletech.com\/en\/\"},{\"@type\":\"ListItem\",\"position\":2,\"name\":\"Product\",\"item\":\"http:\/\/vuletech.com\/product\/\"},{\"@type\":\"ListItem\",\"position\":3,\"name\":\"AP-301\"}]},{\"@type\":\"WebSite\",\"@id\":\"https:\/\/vuletech.com\/en\/#website\",\"url\":\"https:\/\/vuletech.com\/en\/\",\"name\":\"V\u0169 L\u00ea Tech\",\"description\":\"Our Solution - Your Value\",\"potentialAction\":[{\"@type\":\"SearchAction\",\"target\":{\"@type\":\"EntryPoint\",\"urlTemplate\":\"https:\/\/vuletech.com\/en\/?s={search_term_string}\"},\"query-input\":{\"@type\":\"PropertyValueSpecification\",\"valueRequired\":true,\"valueName\":\"search_term_string\"}}],\"inLanguage\":\"en-US\"}]}<\/script>\n<!-- \/ Yoast SEO plugin. -->","yoast_head_json":{"title":"AP-301 - V\u0169 L\u00ea Tech","robots":{"index":"index","follow":"follow","max-snippet":"max-snippet:-1","max-image-preview":"max-image-preview:large","max-video-preview":"max-video-preview:-1"},"canonical":"https:\/\/vuletech.com\/en\/product\/ap-301\/","og_locale":"en_US","og_type":"article","og_title":"AP-301 - V\u0169 L\u00ea Tech","og_description":"[vc_row][vc_column width=&#8221;1\/4&#8243;][vc_single_image image=&#8221;2928&#8243; img_size=&#8221;full&#8221; alignment=&#8221;center&#8221;][\/vc_column][vc_column width=&#8221;3\/4&#8243;][vc_column_text]V\u00f4n k\u1ebf DC 36mm x 72mm T\u00ednh n\u0103ng C\u00f3 th\u1ec3 th\u00eam ch\u1ee9c n\u0103ng theo b\u1ea3ng t\u00f9y ch\u1ecdn [\/vc_column_text][\/vc_column][\/vc_row][vc_row][vc_column][vc_tta_tabs][vc_tta_section title=&#8221;Th\u00f4ng s\u1ed1 k\u0129 thu\u1eadt&#8221; tab_id=&#8221;1606893847253-a0cb271e-e054&#8243;][vc_column_text] \u0110\u1ea7u v\u00e0o \u0111i\u1ec7n \u00e1p DC \u0110\u1ea7u ra kh\u00f4ng ph\u1ea3i Power DC5V S\u1ef1 ch\u00ednh x\u00e1c \u00b1 0,1% rdg + 1digit \u0110\u1ed9 b\u1ec1n \u0111i\u1ec7n m\u00f4i AC1500V C\u00e2n n\u1eb7ng X\u1ea5p","og_url":"https:\/\/vuletech.com\/en\/product\/ap-301\/","og_site_name":"V\u0169 L\u00ea Tech","article_modified_time":"2025-05-13T10:30:03+00:00","og_image":[{"width":200,"height":200,"url":"https:\/\/vuletech.com\/wp-content\/uploads\/2020\/12\/AP-301.jpeg","type":"image\/jpeg"}],"twitter_card":"summary_large_image","twitter_misc":{"Est. reading time":"1 minute"},"schema":{"@context":"https:\/\/schema.org","@graph":[{"@type":"WebPage","@id":"https:\/\/vuletech.com\/en\/product\/ap-301\/","url":"https:\/\/vuletech.com\/en\/product\/ap-301\/","name":"AP-301 - V\u0169 L\u00ea Tech","isPartOf":{"@id":"https:\/\/vuletech.com\/en\/#website"},"primaryImageOfPage":{"@id":"https:\/\/vuletech.com\/en\/product\/ap-301\/#primaryimage"},"image":{"@id":"https:\/\/vuletech.com\/en\/product\/ap-301\/#primaryimage"},"thumbnailUrl":"https:\/\/vuletech.com\/wp-content\/uploads\/2020\/12\/AP-301.jpeg","datePublished":"2025-05-13T10:26:59+00:00","dateModified":"2025-05-13T10:30:03+00:00","breadcrumb":{"@id":"https:\/\/vuletech.com\/en\/product\/ap-301\/#breadcrumb"},"inLanguage":"en-US","potentialAction":[{"@type":"ReadAction","target":["https:\/\/vuletech.com\/en\/product\/ap-301\/"]}]},{"@type":"ImageObject","inLanguage":"en-US","@id":"https:\/\/vuletech.com\/en\/product\/ap-301\/#primaryimage","url":"https:\/\/vuletech.com\/wp-content\/uploads\/2020\/12\/AP-301.jpeg","contentUrl":"https:\/\/vuletech.com\/wp-content\/uploads\/2020\/12\/AP-301.jpeg","width":200,"height":200},{"@type":"BreadcrumbList","@id":"https:\/\/vuletech.com\/en\/product\/ap-301\/#breadcrumb","itemListElement":[{"@type":"ListItem","position":1,"name":"Home","item":"https:\/\/vuletech.com\/en\/"},{"@type":"ListItem","position":2,"name":"Product","item":"http:\/\/vuletech.com\/product\/"},{"@type":"ListItem","position":3,"name":"AP-301"}]},{"@type":"WebSite","@id":"https:\/\/vuletech.com\/en\/#website","url":"https:\/\/vuletech.com\/en\/","name":"V\u0169 L\u00ea Tech","description":"Our Solution - Your Value","potentialAction":[{"@type":"SearchAction","target":{"@type":"EntryPoint","urlTemplate":"https:\/\/vuletech.com\/en\/?s={search_term_string}"},"query-input":{"@type":"PropertyValueSpecification","valueRequired":true,"valueName":"search_term_string"}}],"inLanguage":"en-US"}]}},"_links":{"self":[{"href":"https:\/\/vuletech.com\/en\/wp-json\/wp\/v2\/product\/9694","targetHints":{"allow":["GET"]}}],"collection":[{"href":"https:\/\/vuletech.com\/en\/wp-json\/wp\/v2\/product"}],"about":[{"href":"https:\/\/vuletech.com\/en\/wp-json\/wp\/v2\/types\/product"}],"replies":[{"embeddable":true,"href":"https:\/\/vuletech.com\/en\/wp-json\/wp\/v2\/comments?post=9694"}],"wp:featuredmedia":[{"embeddable":true,"href":"https:\/\/vuletech.com\/en\/wp-json\/wp\/v2\/media\/2928"}],"wp:attachment":[{"href":"https:\/\/vuletech.com\/en\/wp-json\/wp\/v2\/media?parent=9694"}],"wp:term":[{"taxonomy":"product_brand","embeddable":true,"href":"https:\/\/vuletech.com\/en\/wp-json\/wp\/v2\/product_brand?post=9694"},{"taxonomy":"product_cat","embeddable":true,"href":"https:\/\/vuletech.com\/en\/wp-json\/wp\/v2\/product_cat?post=9694"},{"taxonomy":"product_tag","embeddable":true,"href":"https:\/\/vuletech.com\/en\/wp-json\/wp\/v2\/product_tag?post=9694"}],"curies":[{"name":"wp","href":"https:\/\/api.w.org\/{rel}","templated":true}]}}